{"id":23541,"date":"2024-11-23T12:00:54","date_gmt":"2024-11-23T10:00:54","guid":{"rendered":"https:\/\/vinilozona.lt\/?post_type=product&#038;p=23541"},"modified":"2025-02-28T12:45:27","modified_gmt":"2025-02-28T10:45:27","slug":"lana-del-rey-born-to-die-2lp","status":"publish","type":"product","link":"https:\/\/vinilozona.lt\/en\/parduotuve\/naujos-lp\/lana-del-rey-born-to-die-2lp\/","title":{"rendered":"Lana Del Rey \u200e\u2013 Born To Die 2LP"},"content":{"rendered":"<p>A1\t\tBorn To Die 4:46<br \/>\nA2\t\tOff To The Races 5:01<br \/>\nA3\t\tBlue Jeans 3:29<br \/>\nA4\t\tVideo Games 4:42<br \/>\nB1\t\tDiet Mountain Dew 3:43<br \/>\nB2\t\tNational Anthem 3:49<br \/>\nB3\t\tDark Paradise 4:04<br \/>\nB4\t\tRadio 3:35<br \/>\nC1\t\tCarmen 4:09<br \/>\nC2\t\tMillion Dollar Man 3:50<br \/>\nC3\t\tSummertime Sadness 4:25<br \/>\nC4\t\tThis Is What Makes Us Girls 4:00<br \/>\nBonus Tracks<br \/>\nD1\t\tWithout You 3:51<br \/>\nD2\t\tLolita 3:41<br \/>\nD3\t\tLucky Ones 3:45<\/p>","protected":false},"excerpt":{"rendered":"<p>Label:\tPolydor \u2013 2793424, Interscope Records \u2013 00602527934242<br \/>\nFormat:\t 2 x Vinyl, LP, Album, Reissue<br \/>\nCountry:\tUSA, Canada &#038; Europe<br \/>\nReleased:\t2015<\/p>","protected":false},"featured_media":23542,"template":"","meta":[],"product_cat":[23],"product_tag":[55],"yoast_head":"<!-- This site is optimized with the Yoast SEO plugin v23.5 - https:\/\/yoast.com\/wordpress\/plugins\/seo\/ -->\n<title>Lana Del Rey \u200e\u2013 Born To Die 2LP Vinilin\u0117 Plok\u0161tel\u0117 | Vinilozona.lt<\/title>\n<meta name=\"robots\" content=\"index, follow, max-snippet:-1, max-image-preview:large, max-video-preview:-1\" \/>\n<link rel=\"canonical\" href=\"https:\/\/vinilozona.lt\/en\/parduotuve\/naujos-lp\/lana-del-rey-born-to-die-2lp\/\" \/>\n<meta property=\"og:locale\" content=\"en_GB\" \/>\n<meta property=\"og:type\" content=\"article\" \/>\n<meta property=\"og:title\" content=\"Lana Del Rey \u200e\u2013 Born To Die 2LP Vinilin\u0117 Plok\u0161tel\u0117 | Vinilozona.lt\" \/>\n<meta property=\"og:description\" content=\"Label: Polydor \u2013 2793424, Interscope Records \u2013 00602527934242 Format: 2 x Vinyl, LP, Album, Reissue Country: USA, Canada &amp; Europe Released: 2015\" \/>\n<meta property=\"og:url\" content=\"https:\/\/vinilozona.lt\/en\/parduotuve\/naujos-lp\/lana-del-rey-born-to-die-2lp\/\" \/>\n<meta property=\"og:site_name\" content=\"Vinilo Zona\" \/>\n<meta property=\"article:modified_time\" content=\"2025-02-28T10:45:27+00:00\" \/>\n<meta property=\"og:image\" content=\"https:\/\/vinilozona.lt\/wp-content\/uploads\/2023\/11\/R-24556220-1663527454-3215.jpg\" \/>\n\t<meta property=\"og:image:width\" content=\"600\" \/>\n\t<meta property=\"og:image:height\" content=\"544\" \/>\n\t<meta property=\"og:image:type\" content=\"image\/jpeg\" \/>\n<meta name=\"twitter:card\" content=\"summary_large_image\" \/>\n<script type=\"application\/ld+json\" class=\"yoast-schema-graph\">{\"@context\":\"https:\/\/schema.org\",\"@graph\":[{\"@type\":\"WebPage\",\"@id\":\"https:\/\/vinilozona.lt\/parduotuve\/naujos-lp\/lana-del-rey-born-to-die-2lp\/\",\"url\":\"https:\/\/vinilozona.lt\/parduotuve\/naujos-lp\/lana-del-rey-born-to-die-2lp\/\",\"name\":\"Lana Del Rey \u200e\u2013 Born To Die 2LP Vinilin\u0117 Plok\u0161tel\u0117 | Vinilozona.lt\",\"isPartOf\":{\"@id\":\"https:\/\/vinilozona.lt\/#website\"},\"primaryImageOfPage\":{\"@id\":\"https:\/\/vinilozona.lt\/parduotuve\/naujos-lp\/lana-del-rey-born-to-die-2lp\/#primaryimage\"},\"image\":{\"@id\":\"https:\/\/vinilozona.lt\/parduotuve\/naujos-lp\/lana-del-rey-born-to-die-2lp\/#primaryimage\"},\"thumbnailUrl\":\"https:\/\/vinilozona.lt\/wp-content\/uploads\/2023\/11\/R-24556220-1663527454-3215.jpg\",\"datePublished\":\"2024-11-23T10:00:54+00:00\",\"dateModified\":\"2025-02-28T10:45:27+00:00\",\"breadcrumb\":{\"@id\":\"https:\/\/vinilozona.lt\/parduotuve\/naujos-lp\/lana-del-rey-born-to-die-2lp\/#breadcrumb\"},\"inLanguage\":\"en-GB\",\"potentialAction\":[{\"@type\":\"ReadAction\",\"target\":[\"https:\/\/vinilozona.lt\/parduotuve\/naujos-lp\/lana-del-rey-born-to-die-2lp\/\"]}]},{\"@type\":\"ImageObject\",\"inLanguage\":\"en-GB\",\"@id\":\"https:\/\/vinilozona.lt\/parduotuve\/naujos-lp\/lana-del-rey-born-to-die-2lp\/#primaryimage\",\"url\":\"https:\/\/vinilozona.lt\/wp-content\/uploads\/2023\/11\/R-24556220-1663527454-3215.jpg\",\"contentUrl\":\"https:\/\/vinilozona.lt\/wp-content\/uploads\/2023\/11\/R-24556220-1663527454-3215.jpg\",\"width\":600,\"height\":544},{\"@type\":\"BreadcrumbList\",\"@id\":\"https:\/\/vinilozona.lt\/parduotuve\/naujos-lp\/lana-del-rey-born-to-die-2lp\/#breadcrumb\",\"itemListElement\":[{\"@type\":\"ListItem\",\"position\":1,\"name\":\"Home\",\"item\":\"https:\/\/vinilozona.lt\/\"},{\"@type\":\"ListItem\",\"position\":2,\"name\":\"Parduotuv\u0117\",\"item\":\"https:\/\/vinilozona.lt\/parduotuve\/\"},{\"@type\":\"ListItem\",\"position\":3,\"name\":\"Lana Del Rey \u200e\u2013 Born To Die 2LP\"}]},{\"@type\":\"WebSite\",\"@id\":\"https:\/\/vinilozona.lt\/#website\",\"url\":\"https:\/\/vinilozona.lt\/\",\"name\":\"Vinilo Zona\",\"description\":\"Nup\u016bsk dulkes ir klausyk LP\",\"potentialAction\":[{\"@type\":\"SearchAction\",\"target\":{\"@type\":\"EntryPoint\",\"urlTemplate\":\"https:\/\/vinilozona.lt\/?s={search_term_string}\"},\"query-input\":{\"@type\":\"PropertyValueSpecification\",\"valueRequired\":true,\"valueName\":\"search_term_string\"}}],\"inLanguage\":\"en-GB\"}]}<\/script>\n<!-- \/ Yoast SEO plugin. -->","yoast_head_json":{"title":"Lana Del Rey \u200e\u2013 Born To Die 2LP Vinilin\u0117 Plok\u0161tel\u0117 | Vinilozona.lt","robots":{"index":"index","follow":"follow","max-snippet":"max-snippet:-1","max-image-preview":"max-image-preview:large","max-video-preview":"max-video-preview:-1"},"canonical":"https:\/\/vinilozona.lt\/en\/parduotuve\/naujos-lp\/lana-del-rey-born-to-die-2lp\/","og_locale":"en_GB","og_type":"article","og_title":"Lana Del Rey \u200e\u2013 Born To Die 2LP Vinilin\u0117 Plok\u0161tel\u0117 | Vinilozona.lt","og_description":"Label: Polydor \u2013 2793424, Interscope Records \u2013 00602527934242 Format: 2 x Vinyl, LP, Album, Reissue Country: USA, Canada & Europe Released: 2015","og_url":"https:\/\/vinilozona.lt\/en\/parduotuve\/naujos-lp\/lana-del-rey-born-to-die-2lp\/","og_site_name":"Vinilo Zona","article_modified_time":"2025-02-28T10:45:27+00:00","og_image":[{"width":600,"height":544,"url":"https:\/\/vinilozona.lt\/wp-content\/uploads\/2023\/11\/R-24556220-1663527454-3215.jpg","type":"image\/jpeg"}],"twitter_card":"summary_large_image","schema":{"@context":"https:\/\/schema.org","@graph":[{"@type":"WebPage","@id":"https:\/\/vinilozona.lt\/parduotuve\/naujos-lp\/lana-del-rey-born-to-die-2lp\/","url":"https:\/\/vinilozona.lt\/parduotuve\/naujos-lp\/lana-del-rey-born-to-die-2lp\/","name":"Lana Del Rey \u200e\u2013 Born To Die 2LP Vinilin\u0117 Plok\u0161tel\u0117 | Vinilozona.lt","isPartOf":{"@id":"https:\/\/vinilozona.lt\/#website"},"primaryImageOfPage":{"@id":"https:\/\/vinilozona.lt\/parduotuve\/naujos-lp\/lana-del-rey-born-to-die-2lp\/#primaryimage"},"image":{"@id":"https:\/\/vinilozona.lt\/parduotuve\/naujos-lp\/lana-del-rey-born-to-die-2lp\/#primaryimage"},"thumbnailUrl":"https:\/\/vinilozona.lt\/wp-content\/uploads\/2023\/11\/R-24556220-1663527454-3215.jpg","datePublished":"2024-11-23T10:00:54+00:00","dateModified":"2025-02-28T10:45:27+00:00","breadcrumb":{"@id":"https:\/\/vinilozona.lt\/parduotuve\/naujos-lp\/lana-del-rey-born-to-die-2lp\/#breadcrumb"},"inLanguage":"en-GB","potentialAction":[{"@type":"ReadAction","target":["https:\/\/vinilozona.lt\/parduotuve\/naujos-lp\/lana-del-rey-born-to-die-2lp\/"]}]},{"@type":"ImageObject","inLanguage":"en-GB","@id":"https:\/\/vinilozona.lt\/parduotuve\/naujos-lp\/lana-del-rey-born-to-die-2lp\/#primaryimage","url":"https:\/\/vinilozona.lt\/wp-content\/uploads\/2023\/11\/R-24556220-1663527454-3215.jpg","contentUrl":"https:\/\/vinilozona.lt\/wp-content\/uploads\/2023\/11\/R-24556220-1663527454-3215.jpg","width":600,"height":544},{"@type":"BreadcrumbList","@id":"https:\/\/vinilozona.lt\/parduotuve\/naujos-lp\/lana-del-rey-born-to-die-2lp\/#breadcrumb","itemListElement":[{"@type":"ListItem","position":1,"name":"Home","item":"https:\/\/vinilozona.lt\/"},{"@type":"ListItem","position":2,"name":"Parduotuv\u0117","item":"https:\/\/vinilozona.lt\/parduotuve\/"},{"@type":"ListItem","position":3,"name":"Lana Del Rey \u200e\u2013 Born To Die 2LP"}]},{"@type":"WebSite","@id":"https:\/\/vinilozona.lt\/#website","url":"https:\/\/vinilozona.lt\/","name":"Vinilo Zona","description":"Nup\u016bsk dulkes ir klausyk LP","potentialAction":[{"@type":"SearchAction","target":{"@type":"EntryPoint","urlTemplate":"https:\/\/vinilozona.lt\/?s={search_term_string}"},"query-input":{"@type":"PropertyValueSpecification","valueRequired":true,"valueName":"search_term_string"}}],"inLanguage":"en-GB"}]}},"_links":{"self":[{"href":"https:\/\/vinilozona.lt\/en\/wp-json\/wp\/v2\/product\/23541"}],"collection":[{"href":"https:\/\/vinilozona.lt\/en\/wp-json\/wp\/v2\/product"}],"about":[{"href":"https:\/\/vinilozona.lt\/en\/wp-json\/wp\/v2\/types\/product"}],"wp:featuredmedia":[{"embeddable":true,"href":"https:\/\/vinilozona.lt\/en\/wp-json\/wp\/v2\/media\/23542"}],"wp:attachment":[{"href":"https:\/\/vinilozona.lt\/en\/wp-json\/wp\/v2\/media?parent=23541"}],"wp:term":[{"taxonomy":"product_cat","embeddable":true,"href":"https:\/\/vinilozona.lt\/en\/wp-json\/wp\/v2\/product_cat?post=23541"},{"taxonomy":"product_tag","embeddable":true,"href":"https:\/\/vinilozona.lt\/en\/wp-json\/wp\/v2\/product_tag?post=23541"}],"curies":[{"name":"wp","href":"https:\/\/api.w.org\/{rel}","templated":true}]}}