{"id":23463,"date":"2024-05-24T05:28:59","date_gmt":"2024-05-24T02:28:59","guid":{"rendered":"https:\/\/vinilozona.lt\/?post_type=product&#038;p=23463"},"modified":"2024-05-24T06:52:15","modified_gmt":"2024-05-24T03:52:15","slug":"hooters-the-hooters-live-cd","status":"publish","type":"product","link":"https:\/\/vinilozona.lt\/en\/parduotuve\/cd\/lietuviski-cd\/hooters-the-hooters-live-cd\/","title":{"rendered":"Mer\u016bnas, Eduardas Kaniava Ir Deivis \u200e\u2013 Mer\u016bnas, Eduardas Kaniava Ir Deivis  4CD"},"content":{"rendered":"<p>Position\tArtists\tTitle\/Credits\tDuration<br \/>\nMer\u016bnas \u200e\u2013 O, Saule Mano<br \/>\n1-1\t\u2013Mer\u016bnas*\tMeil\u0117 Ner\u016bdija<br \/>\n1-2\t\u2013Mer\u016bnas*\tSu Tavim<br \/>\n1-3\t\u2013Mer\u016bnas*\tSvajone, Lik Sveika<br \/>\n1-4\t\u2013Mer\u016bnas*\t\u017diem\u0105 Vasar\u0105<br \/>\n1-5\t\u2013Mer\u016bnas*\tSudie, Mylimoji<br \/>\n1-6\t\u2013Mer\u016bnas*\tDav\u0117 Dievas Man<br \/>\n1-7\t\u2013Mer\u016bnas*\tI\u0161vaduok I\u0161 Praeities<br \/>\n1-8\t\u2013Mer\u016bnas*\tO, Saule Mano<br \/>\n1-9\t\u2013Mer\u016bnas*\tGranada<br \/>\n1-10\t\u2013Mer\u016bnas*\tRosa<br \/>\nMer\u016bnas \u200e\u2013 Duetai<br \/>\n2-1\t\u2013Mer\u016bnas* Su Vilija\tMano Meilei Reikia Tavo \u0160ilumos<br \/>\n2-2\t\u2013Mer\u016bnas* Su Deiviu* Ir Rafailu Karpiu*\tFuniculi Funicula<br \/>\n2-3\t\u2013Mer\u016bnas* Su Asmik Grigorian\tYou Raise Me Up<br \/>\n2-4\t\u2013Mer\u016bnas* Su Linu Adomai\u010diu*\tStipriausias Vardas<br \/>\n2-5\t\u2013Mer\u016bnas* Su Ilja*\tReik\u0117jo Berniukams<br \/>\n2-6\t\u2013Mer\u016bnas* Su Aiste Pilvelyte*\tA\u0161 Tavo, Tu Mano<br \/>\n2-7\t\u2013Mer\u016bnas* Su Greta \u0160apkaite*\tTau<br \/>\n2-8\t\u2013Mer\u016bnas* Su Ovidijumi Vy\u0161niausku*\tPjoviau Lankoj \u0160ien\u0105<br \/>\n2-9\t\u2013Mer\u016bnas* Su R\u016bta Pentiokinaite*\tTav\u0119s Man Niekas Nepakeis<br \/>\n2-10\t\u2013Mer\u016bnas* Su R\u016bta Pentiokinaite*\tMed\u017eiai Be Lap\u0173<br \/>\nDeivis Ir Eduardas Kaniava \u200e\u2013 Tu, Kuris Auk\u0161tai<br \/>\n3-1\t\u2013Deivis Ir Eduardas Kaniava\tMalda (Pagal Operos \u201ePerl\u0173 \u017dvejai\u201c \u201eNadyro Romanso\u201c Motyvus)<br \/>\n3-2\t\u2013Deivis Ir Eduardas Kaniava\tAm\u017eina Meil\u0117 (Pagal Operos \u201eTurandot\u201c \u201eKalafo Arijos\u201c Motyvus)<br \/>\n3-3\t\u2013Deivis Ir Eduardas Kaniava\t\u016adrio Daina (I\u0161 Operos \u201ePl\u0117nai\u201c)<br \/>\n3-4\t\u2013Deivis Ir Eduardas Kaniava\tKvazimodo Arija (I\u0161 Operos \u201ePary\u017eiaus Katedra\u201c)<br \/>\n3-5\t\u2013Deivis Ir Eduardas Kaniava\tO, Mano Saule (\u201eO Sole Mio\u201c)<br \/>\n3-6\t\u2013Deivis Ir Eduardas Kaniava\tGimin\u0117s<br \/>\n3-7\t\u2013Deivis Ir Eduardas Kaniava\tAtsiliepki Dainoj<br \/>\n3-8\t\u2013Deivis Ir Eduardas Kaniava\tLaum\u0117s Juosta<br \/>\n3-9\t\u2013Deivis Ir Eduardas Kaniava\tBonio Dainel\u0117 (I\u0161 Operet\u0117s \u201e\u010carda\u0161o Karalien\u0117\u201c)<br \/>\n3-10\t\u2013Deivis Ir Eduardas Kaniava\tFilipo Ir Fom\u00e1 (I\u0161 Operet\u0117s \u201eLaisvasis V\u0117jas\u201c)<br \/>\n3-11\t\u2013Deivis Ir Eduardas Kaniava\tFunicul\u00ec, Funicul\u00e0<br \/>\n3-12\t\u2013Deivis Ir Eduardas Kaniava\tDilaila (\u201eDelilah\u201c)<br \/>\n3-13\t\u2013Deivis Ir Eduardas Kaniava\tOi, U\u017ekilokit Vartelius<br \/>\n3-14\t\u2013Deivis Ir Eduardas Kaniava\tPanis Angelicus<br \/>\nDeivis Ir Eduardas Kaniava \u200e\u2013 Ave Maria<br \/>\n4-1\t\u2013Deivis Ir Eduardas Kaniava\tAve Maria<br \/>\n4-2\t\u2013Deivis Ir Eduardas Kaniava\tSanta Lucia<br \/>\n4-3\t\u2013Deivis Ir Eduardas Kaniava\tU\u017estal\u0117s Daina<br \/>\n4-4\t\u2013Deivis Ir Eduardas Kaniava\tVerg\u0173 Choras (I\u0161 Operos \u201eNabukas\u201c)<br \/>\n4-5\t\u2013Deivis Ir Eduardas Kaniava\tTau, Mama<br \/>\n4-6\t\u2013Deivis Ir Eduardas Kaniava\tMama, Esi Tu Moteris<br \/>\n4-7\t\u2013Deivis Ir Eduardas Kaniava\tTina Marie<br \/>\n4-8\t\u2013Deivis Ir Eduardas Kaniava\tGranada<br \/>\n4-9\t\u2013Deivis Ir Eduardas Kaniava\tJei Gyvenime Pavyks (I\u0161 Miuziklo \u201eMano Puikioji Ledi\u201c)<br \/>\n4-10\t\u2013Deivis Ir Eduardas Kaniava\tEsam Teatralai (I\u0161 Operet\u0117s \u201e\u010carda\u0161o Karalien\u0117\u201c)<br \/>\n4-11\t\u2013Deivis Ir Eduardas Kaniava\tMisterio X Arija (I\u0161 Operet\u0117s \u201eCirko Princes\u0117\u201c)<\/p>","protected":false},"excerpt":{"rendered":"<p>Reader&#8217;s Digest \u200e\u2013 L13001LT<br \/>\nFormat:<br \/>\n4 \u00d7 CD, Compilation<br \/>\nCountry:<br \/>\nLithuania<\/p>","protected":false},"featured_media":25022,"template":"","meta":[],"product_cat":[24,56],"product_tag":[44],"yoast_head":"<!-- This site is optimized with the Yoast SEO plugin v23.5 - https:\/\/yoast.com\/wordpress\/plugins\/seo\/ -->\n<title>Mer\u016bnas, Eduardas Kaniava Ir Deivis \u200e\u2013 Mer\u016bnas, Eduardas Kaniava Ir Deivis 4CD Vinilin\u0117 Plok\u0161tel\u0117 | Vinilozona.lt<\/title>\n<meta name=\"robots\" content=\"index, follow, max-snippet:-1, max-image-preview:large, max-video-preview:-1\" \/>\n<link rel=\"canonical\" href=\"https:\/\/vinilozona.lt\/en\/parduotuve\/cd\/lietuviski-cd\/hooters-the-hooters-live-cd\/\" \/>\n<meta property=\"og:locale\" content=\"en_GB\" \/>\n<meta property=\"og:type\" content=\"article\" \/>\n<meta property=\"og:title\" content=\"Mer\u016bnas, Eduardas Kaniava Ir Deivis \u200e\u2013 Mer\u016bnas, Eduardas Kaniava Ir Deivis 4CD Vinilin\u0117 Plok\u0161tel\u0117 | Vinilozona.lt\" \/>\n<meta property=\"og:description\" content=\"Reader&#039;s Digest \u200e\u2013 L13001LT Format: 4 \u00d7 CD, Compilation Country: Lithuania\" \/>\n<meta property=\"og:url\" content=\"https:\/\/vinilozona.lt\/en\/parduotuve\/cd\/lietuviski-cd\/hooters-the-hooters-live-cd\/\" \/>\n<meta property=\"og:site_name\" content=\"Vinilo Zona\" \/>\n<meta property=\"article:modified_time\" content=\"2024-05-24T03:52:15+00:00\" \/>\n<meta property=\"og:image\" content=\"https:\/\/vinilozona.lt\/wp-content\/uploads\/2023\/11\/R-14884488-1583535457-6880.jpg\" \/>\n\t<meta property=\"og:image:width\" content=\"600\" \/>\n\t<meta property=\"og:image:height\" content=\"537\" \/>\n\t<meta property=\"og:image:type\" content=\"image\/jpeg\" \/>\n<meta name=\"twitter:card\" content=\"summary_large_image\" \/>\n<meta name=\"twitter:label1\" content=\"Estimated reading time\" \/>\n\t<meta name=\"twitter:data1\" content=\"2 minutes\" \/>\n<script type=\"application\/ld+json\" class=\"yoast-schema-graph\">{\"@context\":\"https:\/\/schema.org\",\"@graph\":[{\"@type\":\"WebPage\",\"@id\":\"https:\/\/vinilozona.lt\/parduotuve\/cd\/lietuviski-cd\/hooters-the-hooters-live-cd\/\",\"url\":\"https:\/\/vinilozona.lt\/parduotuve\/cd\/lietuviski-cd\/hooters-the-hooters-live-cd\/\",\"name\":\"Mer\u016bnas, Eduardas Kaniava Ir Deivis \u200e\u2013 Mer\u016bnas, Eduardas Kaniava Ir Deivis 4CD Vinilin\u0117 Plok\u0161tel\u0117 | Vinilozona.lt\",\"isPartOf\":{\"@id\":\"https:\/\/vinilozona.lt\/#website\"},\"primaryImageOfPage\":{\"@id\":\"https:\/\/vinilozona.lt\/parduotuve\/cd\/lietuviski-cd\/hooters-the-hooters-live-cd\/#primaryimage\"},\"image\":{\"@id\":\"https:\/\/vinilozona.lt\/parduotuve\/cd\/lietuviski-cd\/hooters-the-hooters-live-cd\/#primaryimage\"},\"thumbnailUrl\":\"https:\/\/vinilozona.lt\/wp-content\/uploads\/2023\/11\/R-14884488-1583535457-6880.jpg\",\"datePublished\":\"2024-05-24T02:28:59+00:00\",\"dateModified\":\"2024-05-24T03:52:15+00:00\",\"breadcrumb\":{\"@id\":\"https:\/\/vinilozona.lt\/parduotuve\/cd\/lietuviski-cd\/hooters-the-hooters-live-cd\/#breadcrumb\"},\"inLanguage\":\"en-GB\",\"potentialAction\":[{\"@type\":\"ReadAction\",\"target\":[\"https:\/\/vinilozona.lt\/parduotuve\/cd\/lietuviski-cd\/hooters-the-hooters-live-cd\/\"]}]},{\"@type\":\"ImageObject\",\"inLanguage\":\"en-GB\",\"@id\":\"https:\/\/vinilozona.lt\/parduotuve\/cd\/lietuviski-cd\/hooters-the-hooters-live-cd\/#primaryimage\",\"url\":\"https:\/\/vinilozona.lt\/wp-content\/uploads\/2023\/11\/R-14884488-1583535457-6880.jpg\",\"contentUrl\":\"https:\/\/vinilozona.lt\/wp-content\/uploads\/2023\/11\/R-14884488-1583535457-6880.jpg\",\"width\":600,\"height\":537},{\"@type\":\"BreadcrumbList\",\"@id\":\"https:\/\/vinilozona.lt\/parduotuve\/cd\/lietuviski-cd\/hooters-the-hooters-live-cd\/#breadcrumb\",\"itemListElement\":[{\"@type\":\"ListItem\",\"position\":1,\"name\":\"Home\",\"item\":\"https:\/\/vinilozona.lt\/\"},{\"@type\":\"ListItem\",\"position\":2,\"name\":\"Parduotuv\u0117\",\"item\":\"https:\/\/vinilozona.lt\/parduotuve\/\"},{\"@type\":\"ListItem\",\"position\":3,\"name\":\"Mer\u016bnas, Eduardas Kaniava Ir Deivis \u200e\u2013 Mer\u016bnas, Eduardas Kaniava Ir Deivis 4CD\"}]},{\"@type\":\"WebSite\",\"@id\":\"https:\/\/vinilozona.lt\/#website\",\"url\":\"https:\/\/vinilozona.lt\/\",\"name\":\"Vinilo Zona\",\"description\":\"Nup\u016bsk dulkes ir klausyk LP\",\"potentialAction\":[{\"@type\":\"SearchAction\",\"target\":{\"@type\":\"EntryPoint\",\"urlTemplate\":\"https:\/\/vinilozona.lt\/?s={search_term_string}\"},\"query-input\":{\"@type\":\"PropertyValueSpecification\",\"valueRequired\":true,\"valueName\":\"search_term_string\"}}],\"inLanguage\":\"en-GB\"}]}<\/script>\n<!-- \/ Yoast SEO plugin. -->","yoast_head_json":{"title":"Mer\u016bnas, Eduardas Kaniava Ir Deivis \u200e\u2013 Mer\u016bnas, Eduardas Kaniava Ir Deivis 4CD Vinilin\u0117 Plok\u0161tel\u0117 | Vinilozona.lt","robots":{"index":"index","follow":"follow","max-snippet":"max-snippet:-1","max-image-preview":"max-image-preview:large","max-video-preview":"max-video-preview:-1"},"canonical":"https:\/\/vinilozona.lt\/en\/parduotuve\/cd\/lietuviski-cd\/hooters-the-hooters-live-cd\/","og_locale":"en_GB","og_type":"article","og_title":"Mer\u016bnas, Eduardas Kaniava Ir Deivis \u200e\u2013 Mer\u016bnas, Eduardas Kaniava Ir Deivis 4CD Vinilin\u0117 Plok\u0161tel\u0117 | Vinilozona.lt","og_description":"Reader's Digest \u200e\u2013 L13001LT Format: 4 \u00d7 CD, Compilation Country: Lithuania","og_url":"https:\/\/vinilozona.lt\/en\/parduotuve\/cd\/lietuviski-cd\/hooters-the-hooters-live-cd\/","og_site_name":"Vinilo Zona","article_modified_time":"2024-05-24T03:52:15+00:00","og_image":[{"width":600,"height":537,"url":"https:\/\/vinilozona.lt\/wp-content\/uploads\/2023\/11\/R-14884488-1583535457-6880.jpg","type":"image\/jpeg"}],"twitter_card":"summary_large_image","twitter_misc":{"Estimated reading time":"2 minutes"},"schema":{"@context":"https:\/\/schema.org","@graph":[{"@type":"WebPage","@id":"https:\/\/vinilozona.lt\/parduotuve\/cd\/lietuviski-cd\/hooters-the-hooters-live-cd\/","url":"https:\/\/vinilozona.lt\/parduotuve\/cd\/lietuviski-cd\/hooters-the-hooters-live-cd\/","name":"Mer\u016bnas, Eduardas Kaniava Ir Deivis \u200e\u2013 Mer\u016bnas, Eduardas Kaniava Ir Deivis 4CD Vinilin\u0117 Plok\u0161tel\u0117 | Vinilozona.lt","isPartOf":{"@id":"https:\/\/vinilozona.lt\/#website"},"primaryImageOfPage":{"@id":"https:\/\/vinilozona.lt\/parduotuve\/cd\/lietuviski-cd\/hooters-the-hooters-live-cd\/#primaryimage"},"image":{"@id":"https:\/\/vinilozona.lt\/parduotuve\/cd\/lietuviski-cd\/hooters-the-hooters-live-cd\/#primaryimage"},"thumbnailUrl":"https:\/\/vinilozona.lt\/wp-content\/uploads\/2023\/11\/R-14884488-1583535457-6880.jpg","datePublished":"2024-05-24T02:28:59+00:00","dateModified":"2024-05-24T03:52:15+00:00","breadcrumb":{"@id":"https:\/\/vinilozona.lt\/parduotuve\/cd\/lietuviski-cd\/hooters-the-hooters-live-cd\/#breadcrumb"},"inLanguage":"en-GB","potentialAction":[{"@type":"ReadAction","target":["https:\/\/vinilozona.lt\/parduotuve\/cd\/lietuviski-cd\/hooters-the-hooters-live-cd\/"]}]},{"@type":"ImageObject","inLanguage":"en-GB","@id":"https:\/\/vinilozona.lt\/parduotuve\/cd\/lietuviski-cd\/hooters-the-hooters-live-cd\/#primaryimage","url":"https:\/\/vinilozona.lt\/wp-content\/uploads\/2023\/11\/R-14884488-1583535457-6880.jpg","contentUrl":"https:\/\/vinilozona.lt\/wp-content\/uploads\/2023\/11\/R-14884488-1583535457-6880.jpg","width":600,"height":537},{"@type":"BreadcrumbList","@id":"https:\/\/vinilozona.lt\/parduotuve\/cd\/lietuviski-cd\/hooters-the-hooters-live-cd\/#breadcrumb","itemListElement":[{"@type":"ListItem","position":1,"name":"Home","item":"https:\/\/vinilozona.lt\/"},{"@type":"ListItem","position":2,"name":"Parduotuv\u0117","item":"https:\/\/vinilozona.lt\/parduotuve\/"},{"@type":"ListItem","position":3,"name":"Mer\u016bnas, Eduardas Kaniava Ir Deivis \u200e\u2013 Mer\u016bnas, Eduardas Kaniava Ir Deivis 4CD"}]},{"@type":"WebSite","@id":"https:\/\/vinilozona.lt\/#website","url":"https:\/\/vinilozona.lt\/","name":"Vinilo Zona","description":"Nup\u016bsk dulkes ir klausyk LP","potentialAction":[{"@type":"SearchAction","target":{"@type":"EntryPoint","urlTemplate":"https:\/\/vinilozona.lt\/?s={search_term_string}"},"query-input":{"@type":"PropertyValueSpecification","valueRequired":true,"valueName":"search_term_string"}}],"inLanguage":"en-GB"}]}},"_links":{"self":[{"href":"https:\/\/vinilozona.lt\/en\/wp-json\/wp\/v2\/product\/23463"}],"collection":[{"href":"https:\/\/vinilozona.lt\/en\/wp-json\/wp\/v2\/product"}],"about":[{"href":"https:\/\/vinilozona.lt\/en\/wp-json\/wp\/v2\/types\/product"}],"wp:featuredmedia":[{"embeddable":true,"href":"https:\/\/vinilozona.lt\/en\/wp-json\/wp\/v2\/media\/25022"}],"wp:attachment":[{"href":"https:\/\/vinilozona.lt\/en\/wp-json\/wp\/v2\/media?parent=23463"}],"wp:term":[{"taxonomy":"product_cat","embeddable":true,"href":"https:\/\/vinilozona.lt\/en\/wp-json\/wp\/v2\/product_cat?post=23463"},{"taxonomy":"product_tag","embeddable":true,"href":"https:\/\/vinilozona.lt\/en\/wp-json\/wp\/v2\/product_tag?post=23463"}],"curies":[{"name":"wp","href":"https:\/\/api.w.org\/{rel}","templated":true}]}}