{"id":23445,"date":"2024-06-05T05:12:28","date_gmt":"2024-06-05T02:12:28","guid":{"rendered":"https:\/\/vinilozona.lt\/?post_type=product&#038;p=23445"},"modified":"2025-06-18T12:35:15","modified_gmt":"2025-06-18T09:35:15","slug":"various-woodstock-music-from-the-original-soundtrack-and-more-2cd","status":"publish","type":"product","link":"https:\/\/vinilozona.lt\/en\/parduotuve\/cd\/naudoti-cd\/various-woodstock-music-from-the-original-soundtrack-and-more-2cd\/","title":{"rendered":"Eagles \u2013 Eagles  CD"},"content":{"rendered":"<p>1\t\tTake It Easy  3:29<br \/>\n2\t\tWitchy Woman  4:10<br \/>\n3\t\tChug All Night  3:13<br \/>\n4\t\tMost Of Us Are Sad  3:33<br \/>\n5\t\tNightingale  4:05<br \/>\n6\t\tTrain Leaves Here This Morning  4:07<br \/>\n7\t\tTake The Devil  4:00<br \/>\n8\t\tEarlybird  3:00<br \/>\n9\t\tPeaceful Easy Feeling  4:16<br \/>\n10\t\tTryin&#8217;  2:50<\/p>","protected":false},"excerpt":{"rendered":"<p>Asylum Records \u2013 7559-60623-2<br \/>\nFormat:<br \/>\nCD, Album, Reissue,<br \/>\nCountry:\tEurope<\/p>","protected":false},"featured_media":25087,"template":"","meta":[],"product_cat":[24,946],"product_tag":[44],"yoast_head":"<!-- This site is optimized with the Yoast SEO plugin v23.5 - https:\/\/yoast.com\/wordpress\/plugins\/seo\/ -->\n<title>Eagles \u2013 Eagles CD Vinilin\u0117 Plok\u0161tel\u0117 | Vinilozona.lt<\/title>\n<meta name=\"robots\" content=\"index, follow, max-snippet:-1, max-image-preview:large, max-video-preview:-1\" \/>\n<link rel=\"canonical\" href=\"https:\/\/vinilozona.lt\/en\/parduotuve\/cd\/naudoti-cd\/various-woodstock-music-from-the-original-soundtrack-and-more-2cd\/\" \/>\n<meta property=\"og:locale\" content=\"en_GB\" \/>\n<meta property=\"og:type\" content=\"article\" \/>\n<meta property=\"og:title\" content=\"Eagles \u2013 Eagles CD Vinilin\u0117 Plok\u0161tel\u0117 | Vinilozona.lt\" \/>\n<meta property=\"og:description\" content=\"Asylum Records \u2013 7559-60623-2 Format:  CD, Album, Reissue,  Country: Europe\" \/>\n<meta property=\"og:url\" content=\"https:\/\/vinilozona.lt\/en\/parduotuve\/cd\/naudoti-cd\/various-woodstock-music-from-the-original-soundtrack-and-more-2cd\/\" \/>\n<meta property=\"og:site_name\" content=\"Vinilo Zona\" \/>\n<meta property=\"article:modified_time\" content=\"2025-06-18T09:35:15+00:00\" \/>\n<meta property=\"og:image\" content=\"https:\/\/vinilozona.lt\/wp-content\/uploads\/2023\/11\/R-8981438-1492610118-1289.jpg\" \/>\n\t<meta property=\"og:image:width\" content=\"599\" \/>\n\t<meta property=\"og:image:height\" content=\"594\" \/>\n\t<meta property=\"og:image:type\" content=\"image\/jpeg\" \/>\n<meta name=\"twitter:card\" content=\"summary_large_image\" \/>\n<script type=\"application\/ld+json\" class=\"yoast-schema-graph\">{\"@context\":\"https:\/\/schema.org\",\"@graph\":[{\"@type\":\"WebPage\",\"@id\":\"https:\/\/vinilozona.lt\/parduotuve\/cd\/naudoti-cd\/various-woodstock-music-from-the-original-soundtrack-and-more-2cd\/\",\"url\":\"https:\/\/vinilozona.lt\/parduotuve\/cd\/naudoti-cd\/various-woodstock-music-from-the-original-soundtrack-and-more-2cd\/\",\"name\":\"Eagles \u2013 Eagles CD Vinilin\u0117 Plok\u0161tel\u0117 | Vinilozona.lt\",\"isPartOf\":{\"@id\":\"https:\/\/vinilozona.lt\/#website\"},\"primaryImageOfPage\":{\"@id\":\"https:\/\/vinilozona.lt\/parduotuve\/cd\/naudoti-cd\/various-woodstock-music-from-the-original-soundtrack-and-more-2cd\/#primaryimage\"},\"image\":{\"@id\":\"https:\/\/vinilozona.lt\/parduotuve\/cd\/naudoti-cd\/various-woodstock-music-from-the-original-soundtrack-and-more-2cd\/#primaryimage\"},\"thumbnailUrl\":\"https:\/\/vinilozona.lt\/wp-content\/uploads\/2023\/11\/R-8981438-1492610118-1289.jpg\",\"datePublished\":\"2024-06-05T02:12:28+00:00\",\"dateModified\":\"2025-06-18T09:35:15+00:00\",\"breadcrumb\":{\"@id\":\"https:\/\/vinilozona.lt\/parduotuve\/cd\/naudoti-cd\/various-woodstock-music-from-the-original-soundtrack-and-more-2cd\/#breadcrumb\"},\"inLanguage\":\"en-GB\",\"potentialAction\":[{\"@type\":\"ReadAction\",\"target\":[\"https:\/\/vinilozona.lt\/parduotuve\/cd\/naudoti-cd\/various-woodstock-music-from-the-original-soundtrack-and-more-2cd\/\"]}]},{\"@type\":\"ImageObject\",\"inLanguage\":\"en-GB\",\"@id\":\"https:\/\/vinilozona.lt\/parduotuve\/cd\/naudoti-cd\/various-woodstock-music-from-the-original-soundtrack-and-more-2cd\/#primaryimage\",\"url\":\"https:\/\/vinilozona.lt\/wp-content\/uploads\/2023\/11\/R-8981438-1492610118-1289.jpg\",\"contentUrl\":\"https:\/\/vinilozona.lt\/wp-content\/uploads\/2023\/11\/R-8981438-1492610118-1289.jpg\",\"width\":599,\"height\":594},{\"@type\":\"BreadcrumbList\",\"@id\":\"https:\/\/vinilozona.lt\/parduotuve\/cd\/naudoti-cd\/various-woodstock-music-from-the-original-soundtrack-and-more-2cd\/#breadcrumb\",\"itemListElement\":[{\"@type\":\"ListItem\",\"position\":1,\"name\":\"Home\",\"item\":\"https:\/\/vinilozona.lt\/\"},{\"@type\":\"ListItem\",\"position\":2,\"name\":\"Parduotuv\u0117\",\"item\":\"https:\/\/vinilozona.lt\/parduotuve\/\"},{\"@type\":\"ListItem\",\"position\":3,\"name\":\"Eagles \u2013 Eagles CD\"}]},{\"@type\":\"WebSite\",\"@id\":\"https:\/\/vinilozona.lt\/#website\",\"url\":\"https:\/\/vinilozona.lt\/\",\"name\":\"Vinilo Zona\",\"description\":\"Nup\u016bsk dulkes ir klausyk LP\",\"potentialAction\":[{\"@type\":\"SearchAction\",\"target\":{\"@type\":\"EntryPoint\",\"urlTemplate\":\"https:\/\/vinilozona.lt\/?s={search_term_string}\"},\"query-input\":{\"@type\":\"PropertyValueSpecification\",\"valueRequired\":true,\"valueName\":\"search_term_string\"}}],\"inLanguage\":\"en-GB\"}]}<\/script>\n<!-- \/ Yoast SEO plugin. -->","yoast_head_json":{"title":"Eagles \u2013 Eagles CD Vinilin\u0117 Plok\u0161tel\u0117 | Vinilozona.lt","robots":{"index":"index","follow":"follow","max-snippet":"max-snippet:-1","max-image-preview":"max-image-preview:large","max-video-preview":"max-video-preview:-1"},"canonical":"https:\/\/vinilozona.lt\/en\/parduotuve\/cd\/naudoti-cd\/various-woodstock-music-from-the-original-soundtrack-and-more-2cd\/","og_locale":"en_GB","og_type":"article","og_title":"Eagles \u2013 Eagles CD Vinilin\u0117 Plok\u0161tel\u0117 | Vinilozona.lt","og_description":"Asylum Records \u2013 7559-60623-2 Format:  CD, Album, Reissue,  Country: Europe","og_url":"https:\/\/vinilozona.lt\/en\/parduotuve\/cd\/naudoti-cd\/various-woodstock-music-from-the-original-soundtrack-and-more-2cd\/","og_site_name":"Vinilo Zona","article_modified_time":"2025-06-18T09:35:15+00:00","og_image":[{"width":599,"height":594,"url":"https:\/\/vinilozona.lt\/wp-content\/uploads\/2023\/11\/R-8981438-1492610118-1289.jpg","type":"image\/jpeg"}],"twitter_card":"summary_large_image","schema":{"@context":"https:\/\/schema.org","@graph":[{"@type":"WebPage","@id":"https:\/\/vinilozona.lt\/parduotuve\/cd\/naudoti-cd\/various-woodstock-music-from-the-original-soundtrack-and-more-2cd\/","url":"https:\/\/vinilozona.lt\/parduotuve\/cd\/naudoti-cd\/various-woodstock-music-from-the-original-soundtrack-and-more-2cd\/","name":"Eagles \u2013 Eagles CD Vinilin\u0117 Plok\u0161tel\u0117 | Vinilozona.lt","isPartOf":{"@id":"https:\/\/vinilozona.lt\/#website"},"primaryImageOfPage":{"@id":"https:\/\/vinilozona.lt\/parduotuve\/cd\/naudoti-cd\/various-woodstock-music-from-the-original-soundtrack-and-more-2cd\/#primaryimage"},"image":{"@id":"https:\/\/vinilozona.lt\/parduotuve\/cd\/naudoti-cd\/various-woodstock-music-from-the-original-soundtrack-and-more-2cd\/#primaryimage"},"thumbnailUrl":"https:\/\/vinilozona.lt\/wp-content\/uploads\/2023\/11\/R-8981438-1492610118-1289.jpg","datePublished":"2024-06-05T02:12:28+00:00","dateModified":"2025-06-18T09:35:15+00:00","breadcrumb":{"@id":"https:\/\/vinilozona.lt\/parduotuve\/cd\/naudoti-cd\/various-woodstock-music-from-the-original-soundtrack-and-more-2cd\/#breadcrumb"},"inLanguage":"en-GB","potentialAction":[{"@type":"ReadAction","target":["https:\/\/vinilozona.lt\/parduotuve\/cd\/naudoti-cd\/various-woodstock-music-from-the-original-soundtrack-and-more-2cd\/"]}]},{"@type":"ImageObject","inLanguage":"en-GB","@id":"https:\/\/vinilozona.lt\/parduotuve\/cd\/naudoti-cd\/various-woodstock-music-from-the-original-soundtrack-and-more-2cd\/#primaryimage","url":"https:\/\/vinilozona.lt\/wp-content\/uploads\/2023\/11\/R-8981438-1492610118-1289.jpg","contentUrl":"https:\/\/vinilozona.lt\/wp-content\/uploads\/2023\/11\/R-8981438-1492610118-1289.jpg","width":599,"height":594},{"@type":"BreadcrumbList","@id":"https:\/\/vinilozona.lt\/parduotuve\/cd\/naudoti-cd\/various-woodstock-music-from-the-original-soundtrack-and-more-2cd\/#breadcrumb","itemListElement":[{"@type":"ListItem","position":1,"name":"Home","item":"https:\/\/vinilozona.lt\/"},{"@type":"ListItem","position":2,"name":"Parduotuv\u0117","item":"https:\/\/vinilozona.lt\/parduotuve\/"},{"@type":"ListItem","position":3,"name":"Eagles \u2013 Eagles CD"}]},{"@type":"WebSite","@id":"https:\/\/vinilozona.lt\/#website","url":"https:\/\/vinilozona.lt\/","name":"Vinilo Zona","description":"Nup\u016bsk dulkes ir klausyk LP","potentialAction":[{"@type":"SearchAction","target":{"@type":"EntryPoint","urlTemplate":"https:\/\/vinilozona.lt\/?s={search_term_string}"},"query-input":{"@type":"PropertyValueSpecification","valueRequired":true,"valueName":"search_term_string"}}],"inLanguage":"en-GB"}]}},"_links":{"self":[{"href":"https:\/\/vinilozona.lt\/en\/wp-json\/wp\/v2\/product\/23445"}],"collection":[{"href":"https:\/\/vinilozona.lt\/en\/wp-json\/wp\/v2\/product"}],"about":[{"href":"https:\/\/vinilozona.lt\/en\/wp-json\/wp\/v2\/types\/product"}],"wp:featuredmedia":[{"embeddable":true,"href":"https:\/\/vinilozona.lt\/en\/wp-json\/wp\/v2\/media\/25087"}],"wp:attachment":[{"href":"https:\/\/vinilozona.lt\/en\/wp-json\/wp\/v2\/media?parent=23445"}],"wp:term":[{"taxonomy":"product_cat","embeddable":true,"href":"https:\/\/vinilozona.lt\/en\/wp-json\/wp\/v2\/product_cat?post=23445"},{"taxonomy":"product_tag","embeddable":true,"href":"https:\/\/vinilozona.lt\/en\/wp-json\/wp\/v2\/product_tag?post=23445"}],"curies":[{"name":"wp","href":"https:\/\/api.w.org\/{rel}","templated":true}]}}