{"id":23393,"date":"2023-11-03T14:45:30","date_gmt":"2023-11-03T12:45:30","guid":{"rendered":"https:\/\/vinilozona.lt\/?post_type=product&#038;p=23393"},"modified":"2025-02-21T06:54:59","modified_gmt":"2025-02-21T04:54:59","slug":"queen-complete-studio-album-collection-box-set-18lp","status":"publish","type":"product","link":"https:\/\/vinilozona.lt\/en\/parduotuve\/naujos-lp\/queen-complete-studio-album-collection-box-set-18lp\/","title":{"rendered":"Queen \u200e\u2013 Complete Studio Album Collection Box Set 18LP"},"content":{"rendered":"<p>Queen<br \/>\nA1\t\tKeep Yourself Alive<br \/>\nA2\t\tDoing All Right<br \/>\nA3\t\tGreat King Rat<br \/>\nA4\t\tMy Fairy King<br \/>\nB1\t\tLiar<br \/>\nB2\t\tThe Night Comes Down<br \/>\nB3\t\tModern Times Rock&#8217;n&#8217;Roll<br \/>\nB4\t\tSon And Daughter<br \/>\nB5\t\tJesus<br \/>\nB6\t\tSeven Seas Of Rhye&#8230;<br \/>\nQueen II<br \/>\nC1\t\tProcession<br \/>\nC2\t\tFather To Son<br \/>\nC3\t\tWhite Queen (As It Began)<br \/>\nC4\t\tSome Day One Day<br \/>\nC5\t\tThe Loser In The End<br \/>\nD1\t\tOgre Battle<br \/>\nD2\t\tThe Fairy Feller&#8217;s Master Stroke<br \/>\nD3\t\tNevermore<br \/>\nD4\t\tThe March Of The Black Queen<br \/>\nD5\t\tFunny How Love Is<br \/>\nD6\t\tSeven Seas Of Rhye<br \/>\nSheer Heart Attack<br \/>\nE1\t\tBrighton Rock<br \/>\nE2\t\tKiller Queen<br \/>\nE3\t\tTenement Funster<br \/>\nE4\t\tFlick Of The Wrist<br \/>\nE5\t\tLily Of The Valley<br \/>\nE6\t\tNow I&#8217;m Here<br \/>\nF1\t\tIn The Lap Of The Gods<br \/>\nF2\t\tStone Cold Crazy<br \/>\nF3\t\tDear Friends<br \/>\nF4\t\tMisfire<br \/>\nF5\t\tBring Back That Leroy Brown<br \/>\nF6\t\tShe Makes Me (Stormtrooper In Stilettos)<br \/>\nF7\t\tIn The Lap Of The Gods&#8230;Revisited<br \/>\nA Night At The Opera<br \/>\nG1\t\tDeath On Two Legs (Dedicated To&#8230;<br \/>\nG2\t\tLazing On A Sunday Afternoon<br \/>\nG3\t\tI&#8217;m In Love With My Car<br \/>\nG4\t\tYou&#8217;re My Best Friend<br \/>\nG5\t\t&#8217;39<br \/>\nG6\t\tSweet Lady<br \/>\nG7\t\tSeaside Rendezvous<br \/>\nH1\t\tThe Prophet&#8217;s Song<br \/>\nH2\t\tLove Of My Life<br \/>\nH3\t\tGood Company<br \/>\nH4\t\tBohemian Rhapsody<br \/>\nH5\t\tGod Save The Queen<br \/>\nA Day At The Races<br \/>\nI1\t\tTie Your Mother Down<br \/>\nI2\t\tYou Take My Breath Away<br \/>\nI3\t\tLong Away<br \/>\nI4\t\tThe Millionaire Waltz<br \/>\nI5\t\tYou And I<br \/>\nJ1\t\tSomebody To Love<br \/>\nJ2\t\tWhite Man<br \/>\nJ3\t\tGood Old-Fashioned Lover Boy<br \/>\nJ4\t\tDrowse<br \/>\nJ5\t\tTeo Torriatte (Let Us Cling Together)<br \/>\nNews Of The World<br \/>\nK1\t\tWe Will Rock You<br \/>\nK2\t\tWe Are The Champions<br \/>\nK3\t\tSheer Heart Attack<br \/>\nK4\t\tAll Dead, All Dead<br \/>\nK5\t\tSpread Your Wings<br \/>\nK6\t\tFight From The Inside<br \/>\nL1\t\tGet Down Make Love<br \/>\nL2\t\tSleeping On The Sidewalk<br \/>\nL3\t\tWho Needs You<br \/>\nL4\t\tIt&#8217;s Late<br \/>\nL5\t\tMy Melancholy Blues<br \/>\nJazz<br \/>\nM1\t\tMustapha<br \/>\nM2\t\tFat Bottomed Girls<br \/>\nM3\t\tJealousy<br \/>\nM4\t\tBicycle Race<br \/>\nM5\t\tIf You Can&#8217;t Beat Them<br \/>\nM6\t\tLet Me Entertain You<br \/>\nN1\t\tDead On Time<br \/>\nN2\t\tIn Only Seven Days<br \/>\nN3\t\tDreamers Ball<br \/>\nN4\t\tFun It<br \/>\nN5\t\tLeaving Home Ain&#8217;t Easy<br \/>\nN6\t\tDon&#8217;t Stop Me Now<br \/>\nN7\t\tMore Of That Jazz<br \/>\nThe Game<br \/>\nO1\t\tPlay The Game<br \/>\nO2\t\tDragon Attack<br \/>\nO3\t\tAnother One Bites The Dust<br \/>\nO4\t\tNeed Your Loving Tonight<br \/>\nO5\t\tCrazy Little Thing Called Love<br \/>\nP1\t\tRock It (Prime Jive)<br \/>\nP2\t\tDon&#8217;t Try Suicide<br \/>\nP3\t\tSail Away Sweet Sister<br \/>\nP4\t\tComing Soon<br \/>\nP5\t\tSave Me<br \/>\nFlash Gordon<br \/>\nQ1\t\tFlash&#8217;s Theme<br \/>\nQ2\t\tIn The Space Capsule (The Love Theme)<br \/>\nQ3\t\tMing&#8217;s Theme (In The Court Of Ming The Merciless)<br \/>\nQ4\t\tThe Ring (Hypnotic Seduction Of Dale)<br \/>\nQ5\t\tFootball Fight<br \/>\nQ6\t\tIn The Death Cell (Love Theme Reprise)<br \/>\nQ7\t\tExecution Of Flash<br \/>\nQ8\t\tThe Kiss (Aura Resurrects Flash)<br \/>\nR1\t\tArboria (Planet Of The Tree Men)<br \/>\nR2\t\tEscape From The Swamp<br \/>\nR3\t\tFlash To The Rescue<br \/>\nR4\t\tVultan&#8217;s Theme (Attack Of The Hawk Men)<br \/>\nR5\t\tBattle Theme<br \/>\nR6\t\tThe Wedding March<br \/>\nR7\t\tMarriage Of Dale And Ming (And Flash Approaching)<br \/>\nR8\t\tCrash Dive On Mingo City<br \/>\nR9\t\tFlash&#8217;s Theme Reprise (Victory Celebrations)<br \/>\nR10\t\tThe Hero<br \/>\nHot Space<br \/>\nS1\t\tStaying Power<br \/>\nS2\t\tDancer<br \/>\nS3\t\tBack Chat<br \/>\nS4\t\tBody Language<br \/>\nS5\t\tAction This Day<br \/>\nT1\t\tPut Out The Fire<br \/>\nT2\t\tLife Is Real (Song For Lennon)<br \/>\nT3\t\tCalling All Girls<br \/>\nT4\t\tLas Palabras De Amor (The Words Of Love)<br \/>\nT5\t\tCool Cat<br \/>\nT6\t\tUnder Pressure<br \/>\nThe Works<br \/>\nU1\t\tRadio Ga Ga<br \/>\nU2\t\tTear It Up<br \/>\nU3\t\tIt&#8217;s A Hard Life<br \/>\nU4\t\tMan On The Prowl<br \/>\nV1\t\tMachines (Or &#8216;Back To Humans&#8217;)<br \/>\nV2\t\tI Want To Break Free<br \/>\nV3\t\tKeep Passing The Open Windows<br \/>\nV4\t\tHammer To Fall<br \/>\nV5\t\tIs This The World We Created&#8230;?<br \/>\nA Kind Of Magic<br \/>\nW1\t\tOne Vision<br \/>\nW2\t\tA Kind Of Magic<br \/>\nW3\t\tOne Year Of Love<br \/>\nW4\t\tPain Is So Close To Pleasure<br \/>\nW5\t\tFriends Will Be Friends<br \/>\nX1\t\tWho Wants To Live Forever<br \/>\nX2\t\tGimme The Prize (Kurgan&#8217;s Theme)<br \/>\nX3\t\tDon&#8217;t Lose Your Head<br \/>\nX4\t\tPrinces Of The Universe<br \/>\nThe Miracle<br \/>\nY1\t\tParty<br \/>\nY2\t\tKhashoggi&#8217;s Ship<br \/>\nY3\t\tThe Miracle<br \/>\nY4\t\tI Want It All<br \/>\nY5\t\tThe Invisible Man<br \/>\nZ1\t\tBreakthru<br \/>\nZ2\t\tRain Must Fall<br \/>\nZ3\t\tScandal<br \/>\nZ4\t\tMy Baby Does Me<br \/>\nZ5\t\tWas It All Worth It<br \/>\nInnuendo<br \/>\nAA1\t\tInnuendo<br \/>\nAA2\t\tI&#8217;m Going Slightly Mad<br \/>\nAA3\t\tHeadlong<br \/>\nBB1\t\tThese Are The Days Of Our Lives<br \/>\nBB2\t\tDon&#8217;t Try So Hard<br \/>\nBB3\t\tRide The Wild Wind<br \/>\nCC1\t\tAll God&#8217;s People<br \/>\nCC2\t\tI Can&#8217;t Live With You<br \/>\nCC3\t\tDelilah<br \/>\nDD1\t\tThe Hitman<br \/>\nDD2\t\tBijou<br \/>\nDD3\t\tThe Show Must Go On<br \/>\nMade In Heaven<br \/>\nEE1\t\tIt&#8217;s A Beautiful Day<br \/>\nEE2\t\tMade In Heaven<br \/>\nEE3\t\tLet Me Live<br \/>\nEE4\t\tMother Love<br \/>\nFF1\t\tMy Life Has Been Saved<br \/>\nFF2\t\tI Was Born To Love You<br \/>\nFF3\t\tHeaven For Everyone<br \/>\nGG1\t\tToo Much Love Will Kill You<br \/>\nGG2\t\tYou Don&#8217;t Fool Me<br \/>\nGG3\t\tA Winter&#8217;s Tale<br \/>\nGG4\t\tIt&#8217;s A Beautiful Day (Reprise)<br \/>\nHH1\t\t&#8222;13&#8221; Long<\/p>","protected":false},"excerpt":{"rendered":"<p>Label:\tVirgin EMI Records \u2013 00602547202888<br \/>\nFormat:\tBox Set, Compilation, 180 Gram<br \/>\nVinyl, LP, Album, Reissue, Remastered, Stereo, Purple<br \/>\n2 x Vinyl, LP, Single Sided, Album, Etched, Reissue, Remastered, Stereo, Disc 1 White, Disc 2 Black<br \/>\nVinyl, LP, Album, Reissue, Remastered, Stereo, Red<br \/>\nVinyl, LP, Album, Reissue, Remastered, Stereo, White<br \/>\nVinyl, LP, Album, Reissue, Remastered, Stereo, Black<br \/>\nVinyl, LP, Album, Reissue, Remastered, Stereo, Green<br \/>\nVinyl, LP, Album, Reissue, Remastered, Stereo, Pink<br \/>\nVinyl, LP, Album, Reissue, Remastered, Stereo, Silver<br \/>\nVinyl, LP, Album, Reissue, Remastered, Stereo, Yellow<br \/>\nVinyl, LP, Album, Reissue, Remastered, Stereo, Blue<br \/>\nVinyl, LP, Album, Reissue, Remastered, Stereo, Red<br \/>\nVinyl, LP, Album, Reissue, Remastered, Stereo, Orange<br \/>\nVinyl, LP, Album, Reissue, Remastered, Stereo, Blue-Green<br \/>\n2 x Vinyl, LP, Album, Reissue, Remastered, Stereo, Disc 1 Blue, Disc 2 Purple<br \/>\n2 x Vinyl, LP, Album, Reissue, Remastered, Stereo, Disc 1 Blue, Disc 2 Clear<br \/>\nCountry:\tEurope<br \/>\nReleased:\tSep 25, 2015<\/p>","protected":false},"featured_media":23394,"template":"","meta":[],"product_cat":[23,54],"product_tag":[55],"yoast_head":"<!-- This site is optimized with the Yoast SEO plugin v23.5 - https:\/\/yoast.com\/wordpress\/plugins\/seo\/ -->\n<title>Queen \u200e\u2013 Complete Studio Album Collection Box Set 18LP Vinilin\u0117 Plok\u0161tel\u0117 | Vinilozona.lt<\/title>\n<meta name=\"robots\" content=\"index, follow, max-snippet:-1, max-image-preview:large, max-video-preview:-1\" \/>\n<link rel=\"canonical\" href=\"https:\/\/vinilozona.lt\/en\/parduotuve\/naujos-lp\/queen-complete-studio-album-collection-box-set-18lp\/\" \/>\n<meta property=\"og:locale\" content=\"en_GB\" \/>\n<meta property=\"og:type\" content=\"article\" \/>\n<meta property=\"og:title\" content=\"Queen \u200e\u2013 Complete Studio Album Collection Box Set 18LP Vinilin\u0117 Plok\u0161tel\u0117 | Vinilozona.lt\" \/>\n<meta property=\"og:description\" content=\"Label: Virgin EMI Records \u2013 00602547202888 Format: Box Set, Compilation, 180 Gram Vinyl, LP, Album, Reissue, Remastered, Stereo, Purple 2 x Vinyl, LP, Single Sided, Album, Etched, Reissue, Remastered, Stereo, Disc 1 White, Disc 2 Black Vinyl, LP, Album, Reissue, Remastered, Stereo, Red Vinyl, LP, Album, Reissue, Remastered, Stereo, White Vinyl, LP, Album, Reissue, Remastered, Stereo, Black Vinyl, LP, Album, Reissue, Remastered, Stereo, Green Vinyl, LP, Album, Reissue, Remastered, Stereo, Pink Vinyl, LP, Album, Reissue, Remastered, Stereo, Silver Vinyl, LP, Album, Reissue, Remastered, Stereo, Yellow Vinyl, LP, Album, Reissue, Remastered, Stereo, Blue Vinyl, LP, Album, Reissue, Remastered, Stereo, Red Vinyl, LP, Album, Reissue, Remastered, Stereo, Orange Vinyl, LP, Album, Reissue, Remastered, Stereo, Blue-Green 2 x Vinyl, LP, Album, Reissue, Remastered, Stereo, Disc 1 Blue, Disc 2 Purple 2 x Vinyl, LP, Album, Reissue, Remastered, Stereo, Disc 1 Blue, Disc 2 Clear Country: Europe Released: Sep 25, 2015\" \/>\n<meta property=\"og:url\" content=\"https:\/\/vinilozona.lt\/en\/parduotuve\/naujos-lp\/queen-complete-studio-album-collection-box-set-18lp\/\" \/>\n<meta property=\"og:site_name\" content=\"Vinilo Zona\" \/>\n<meta property=\"article:modified_time\" content=\"2025-02-21T04:54:59+00:00\" \/>\n<meta property=\"og:image\" content=\"https:\/\/vinilozona.lt\/wp-content\/uploads\/2023\/11\/619ShBZJ2fL._AC_SL1200_.jpg\" \/>\n\t<meta property=\"og:image:width\" content=\"1079\" \/>\n\t<meta property=\"og:image:height\" content=\"666\" \/>\n\t<meta property=\"og:image:type\" content=\"image\/jpeg\" \/>\n<meta name=\"twitter:card\" content=\"summary_large_image\" \/>\n<meta name=\"twitter:label1\" content=\"Estimated reading time\" \/>\n\t<meta name=\"twitter:data1\" content=\"4 minutes\" \/>\n<script type=\"application\/ld+json\" class=\"yoast-schema-graph\">{\"@context\":\"https:\/\/schema.org\",\"@graph\":[{\"@type\":\"WebPage\",\"@id\":\"https:\/\/vinilozona.lt\/parduotuve\/naujos-lp\/queen-complete-studio-album-collection-box-set-18lp\/\",\"url\":\"https:\/\/vinilozona.lt\/parduotuve\/naujos-lp\/queen-complete-studio-album-collection-box-set-18lp\/\",\"name\":\"Queen \u200e\u2013 Complete Studio Album Collection Box Set 18LP Vinilin\u0117 Plok\u0161tel\u0117 | Vinilozona.lt\",\"isPartOf\":{\"@id\":\"https:\/\/vinilozona.lt\/#website\"},\"primaryImageOfPage\":{\"@id\":\"https:\/\/vinilozona.lt\/parduotuve\/naujos-lp\/queen-complete-studio-album-collection-box-set-18lp\/#primaryimage\"},\"image\":{\"@id\":\"https:\/\/vinilozona.lt\/parduotuve\/naujos-lp\/queen-complete-studio-album-collection-box-set-18lp\/#primaryimage\"},\"thumbnailUrl\":\"https:\/\/vinilozona.lt\/wp-content\/uploads\/2023\/11\/619ShBZJ2fL._AC_SL1200_.jpg\",\"datePublished\":\"2023-11-03T12:45:30+00:00\",\"dateModified\":\"2025-02-21T04:54:59+00:00\",\"breadcrumb\":{\"@id\":\"https:\/\/vinilozona.lt\/parduotuve\/naujos-lp\/queen-complete-studio-album-collection-box-set-18lp\/#breadcrumb\"},\"inLanguage\":\"en-GB\",\"potentialAction\":[{\"@type\":\"ReadAction\",\"target\":[\"https:\/\/vinilozona.lt\/parduotuve\/naujos-lp\/queen-complete-studio-album-collection-box-set-18lp\/\"]}]},{\"@type\":\"ImageObject\",\"inLanguage\":\"en-GB\",\"@id\":\"https:\/\/vinilozona.lt\/parduotuve\/naujos-lp\/queen-complete-studio-album-collection-box-set-18lp\/#primaryimage\",\"url\":\"https:\/\/vinilozona.lt\/wp-content\/uploads\/2023\/11\/619ShBZJ2fL._AC_SL1200_.jpg\",\"contentUrl\":\"https:\/\/vinilozona.lt\/wp-content\/uploads\/2023\/11\/619ShBZJ2fL._AC_SL1200_.jpg\",\"width\":1079,\"height\":666},{\"@type\":\"BreadcrumbList\",\"@id\":\"https:\/\/vinilozona.lt\/parduotuve\/naujos-lp\/queen-complete-studio-album-collection-box-set-18lp\/#breadcrumb\",\"itemListElement\":[{\"@type\":\"ListItem\",\"position\":1,\"name\":\"Home\",\"item\":\"https:\/\/vinilozona.lt\/\"},{\"@type\":\"ListItem\",\"position\":2,\"name\":\"Parduotuv\u0117\",\"item\":\"https:\/\/vinilozona.lt\/parduotuve\/\"},{\"@type\":\"ListItem\",\"position\":3,\"name\":\"Queen \u200e\u2013 Complete Studio Album Collection Box Set 18LP\"}]},{\"@type\":\"WebSite\",\"@id\":\"https:\/\/vinilozona.lt\/#website\",\"url\":\"https:\/\/vinilozona.lt\/\",\"name\":\"Vinilo Zona\",\"description\":\"Nup\u016bsk dulkes ir klausyk LP\",\"potentialAction\":[{\"@type\":\"SearchAction\",\"target\":{\"@type\":\"EntryPoint\",\"urlTemplate\":\"https:\/\/vinilozona.lt\/?s={search_term_string}\"},\"query-input\":{\"@type\":\"PropertyValueSpecification\",\"valueRequired\":true,\"valueName\":\"search_term_string\"}}],\"inLanguage\":\"en-GB\"}]}<\/script>\n<!-- \/ Yoast SEO plugin. -->","yoast_head_json":{"title":"Queen \u200e\u2013 Complete Studio Album Collection Box Set 18LP Vinilin\u0117 Plok\u0161tel\u0117 | Vinilozona.lt","robots":{"index":"index","follow":"follow","max-snippet":"max-snippet:-1","max-image-preview":"max-image-preview:large","max-video-preview":"max-video-preview:-1"},"canonical":"https:\/\/vinilozona.lt\/en\/parduotuve\/naujos-lp\/queen-complete-studio-album-collection-box-set-18lp\/","og_locale":"en_GB","og_type":"article","og_title":"Queen \u200e\u2013 Complete Studio Album Collection Box Set 18LP Vinilin\u0117 Plok\u0161tel\u0117 | Vinilozona.lt","og_description":"Label: Virgin EMI Records \u2013 00602547202888 Format: Box Set, Compilation, 180 Gram Vinyl, LP, Album, Reissue, Remastered, Stereo, Purple 2 x Vinyl, LP, Single Sided, Album, Etched, Reissue, Remastered, Stereo, Disc 1 White, Disc 2 Black Vinyl, LP, Album, Reissue, Remastered, Stereo, Red Vinyl, LP, Album, Reissue, Remastered, Stereo, White Vinyl, LP, Album, Reissue, Remastered, Stereo, Black Vinyl, LP, Album, Reissue, Remastered, Stereo, Green Vinyl, LP, Album, Reissue, Remastered, Stereo, Pink Vinyl, LP, Album, Reissue, Remastered, Stereo, Silver Vinyl, LP, Album, Reissue, Remastered, Stereo, Yellow Vinyl, LP, Album, Reissue, Remastered, Stereo, Blue Vinyl, LP, Album, Reissue, Remastered, Stereo, Red Vinyl, LP, Album, Reissue, Remastered, Stereo, Orange Vinyl, LP, Album, Reissue, Remastered, Stereo, Blue-Green 2 x Vinyl, LP, Album, Reissue, Remastered, Stereo, Disc 1 Blue, Disc 2 Purple 2 x Vinyl, LP, Album, Reissue, Remastered, Stereo, Disc 1 Blue, Disc 2 Clear Country: Europe Released: Sep 25, 2015","og_url":"https:\/\/vinilozona.lt\/en\/parduotuve\/naujos-lp\/queen-complete-studio-album-collection-box-set-18lp\/","og_site_name":"Vinilo Zona","article_modified_time":"2025-02-21T04:54:59+00:00","og_image":[{"width":1079,"height":666,"url":"https:\/\/vinilozona.lt\/wp-content\/uploads\/2023\/11\/619ShBZJ2fL._AC_SL1200_.jpg","type":"image\/jpeg"}],"twitter_card":"summary_large_image","twitter_misc":{"Estimated reading time":"4 minutes"},"schema":{"@context":"https:\/\/schema.org","@graph":[{"@type":"WebPage","@id":"https:\/\/vinilozona.lt\/parduotuve\/naujos-lp\/queen-complete-studio-album-collection-box-set-18lp\/","url":"https:\/\/vinilozona.lt\/parduotuve\/naujos-lp\/queen-complete-studio-album-collection-box-set-18lp\/","name":"Queen \u200e\u2013 Complete Studio Album Collection Box Set 18LP Vinilin\u0117 Plok\u0161tel\u0117 | Vinilozona.lt","isPartOf":{"@id":"https:\/\/vinilozona.lt\/#website"},"primaryImageOfPage":{"@id":"https:\/\/vinilozona.lt\/parduotuve\/naujos-lp\/queen-complete-studio-album-collection-box-set-18lp\/#primaryimage"},"image":{"@id":"https:\/\/vinilozona.lt\/parduotuve\/naujos-lp\/queen-complete-studio-album-collection-box-set-18lp\/#primaryimage"},"thumbnailUrl":"https:\/\/vinilozona.lt\/wp-content\/uploads\/2023\/11\/619ShBZJ2fL._AC_SL1200_.jpg","datePublished":"2023-11-03T12:45:30+00:00","dateModified":"2025-02-21T04:54:59+00:00","breadcrumb":{"@id":"https:\/\/vinilozona.lt\/parduotuve\/naujos-lp\/queen-complete-studio-album-collection-box-set-18lp\/#breadcrumb"},"inLanguage":"en-GB","potentialAction":[{"@type":"ReadAction","target":["https:\/\/vinilozona.lt\/parduotuve\/naujos-lp\/queen-complete-studio-album-collection-box-set-18lp\/"]}]},{"@type":"ImageObject","inLanguage":"en-GB","@id":"https:\/\/vinilozona.lt\/parduotuve\/naujos-lp\/queen-complete-studio-album-collection-box-set-18lp\/#primaryimage","url":"https:\/\/vinilozona.lt\/wp-content\/uploads\/2023\/11\/619ShBZJ2fL._AC_SL1200_.jpg","contentUrl":"https:\/\/vinilozona.lt\/wp-content\/uploads\/2023\/11\/619ShBZJ2fL._AC_SL1200_.jpg","width":1079,"height":666},{"@type":"BreadcrumbList","@id":"https:\/\/vinilozona.lt\/parduotuve\/naujos-lp\/queen-complete-studio-album-collection-box-set-18lp\/#breadcrumb","itemListElement":[{"@type":"ListItem","position":1,"name":"Home","item":"https:\/\/vinilozona.lt\/"},{"@type":"ListItem","position":2,"name":"Parduotuv\u0117","item":"https:\/\/vinilozona.lt\/parduotuve\/"},{"@type":"ListItem","position":3,"name":"Queen \u200e\u2013 Complete Studio Album Collection Box Set 18LP"}]},{"@type":"WebSite","@id":"https:\/\/vinilozona.lt\/#website","url":"https:\/\/vinilozona.lt\/","name":"Vinilo Zona","description":"Nup\u016bsk dulkes ir klausyk LP","potentialAction":[{"@type":"SearchAction","target":{"@type":"EntryPoint","urlTemplate":"https:\/\/vinilozona.lt\/?s={search_term_string}"},"query-input":{"@type":"PropertyValueSpecification","valueRequired":true,"valueName":"search_term_string"}}],"inLanguage":"en-GB"}]}},"_links":{"self":[{"href":"https:\/\/vinilozona.lt\/en\/wp-json\/wp\/v2\/product\/23393"}],"collection":[{"href":"https:\/\/vinilozona.lt\/en\/wp-json\/wp\/v2\/product"}],"about":[{"href":"https:\/\/vinilozona.lt\/en\/wp-json\/wp\/v2\/types\/product"}],"wp:featuredmedia":[{"embeddable":true,"href":"https:\/\/vinilozona.lt\/en\/wp-json\/wp\/v2\/media\/23394"}],"wp:attachment":[{"href":"https:\/\/vinilozona.lt\/en\/wp-json\/wp\/v2\/media?parent=23393"}],"wp:term":[{"taxonomy":"product_cat","embeddable":true,"href":"https:\/\/vinilozona.lt\/en\/wp-json\/wp\/v2\/product_cat?post=23393"},{"taxonomy":"product_tag","embeddable":true,"href":"https:\/\/vinilozona.lt\/en\/wp-json\/wp\/v2\/product_tag?post=23393"}],"curies":[{"name":"wp","href":"https:\/\/api.w.org\/{rel}","templated":true}]}}