{"id":23389,"date":"2023-11-03T14:06:01","date_gmt":"2023-11-03T12:06:01","guid":{"rendered":"https:\/\/vinilozona.lt\/?post_type=product&#038;p=23389"},"modified":"2026-01-10T23:20:38","modified_gmt":"2026-01-10T21:20:38","slug":"rolling-stones-studio-albums-vinyl-collection-1971-2016-box-set-20lp","status":"publish","type":"product","link":"https:\/\/vinilozona.lt\/en\/parduotuve\/naujos-lp\/rolling-stones-studio-albums-vinyl-collection-1971-2016-box-set-20lp\/","title":{"rendered":"Rolling Stones \u2013 Studio Albums Vinyl Collection 1971-2016 &#8211; Box Set 20LP"},"content":{"rendered":"<p>Sticky Fingers<br \/>\nA1\t\tBrown Sugar 3:50<br \/>\nA2\t\tSway 3:45<br \/>\nA3\t\tWild Horses 5:41<br \/>\nA4\t\tCan&#8217;t You Hear Me Knocking 7:17<br \/>\nA5\t\tYou Gotta Move 2:32<br \/>\nB1\t\tBitch 3:42<br \/>\nB2\t\tI Got The Blues 4:00<br \/>\nB3\t\tSister Morphine 5:34<br \/>\nB4\t\tDead Flowers 4:05<br \/>\nB5\t\tMoonlight Mile 5:56<br \/>\nExile On Main St<br \/>\nC1\t\tRocks Off 4:33<br \/>\nC2\t\tRip This Joint 2:24<br \/>\nC3\t\tShake Your Hips 2:58<br \/>\nC4\t\tCasino Boogie 3:30<br \/>\nC5\t\tTumbling Dice 3:30<br \/>\nD1\t\tSweet Virginia 4:25<br \/>\nD2\t\tTorn And Frayed 3:40<br \/>\nD3\t\tSweet Black Angel 3:05<br \/>\nD4\t\tLoving Cup 4:22<br \/>\nE1\t\tHappy 3:00<br \/>\nE2\t\tTurd On The Run 2:33<br \/>\nE3\t\tVentilator Blues 3:20<br \/>\nE4\t\tI Just Want To See His Face 3:15<br \/>\nE5\t\tLet It Loose 5:17<br \/>\nF1\t\tAll Down The Line 3:50<br \/>\nF2\t\tStop Breaking Down 4:34<br \/>\nF3\t\tShine A Light 4:15<br \/>\nF4\t\tSoul Survivor 3:50<br \/>\nGoats Head Soup<br \/>\nG1\t\tDancing With Mr. D 4:52<br \/>\nG2\t\t100 Years Ago 4:00<br \/>\nG3\t\tComing Down Again 5:55<br \/>\nG4\t\tDoo Doo Doo Doo Doo (Heartbreaker) 3:27<br \/>\nG5\t\tAngie 4:31<br \/>\nH1\t\tSilver Train 4:25<br \/>\nH2\t\tHide Your Love 4:10<br \/>\nH3\t\tWinter 5:30<br \/>\nH4\t\tCan You Hear The Music 5:32<br \/>\nH5\t\tStar Star 4:25<br \/>\nIt&#8217;s Only Rock &#8216;N Roll<br \/>\nI1\t\tIf You Can&#8217;t Rock Me 3:47<br \/>\nI2\t\tAin&#8217;t Too Proud To Beg 3:32<br \/>\nI3\t\tIt&#8217;s Only Rock &#8216;N Roll (But I Like It) 5:08<br \/>\nI4\t\tTill The Next Goodbye 4:39<br \/>\nI5\t\tTime Waits For No One 6:40<br \/>\nJ1\t\tLuxury 5:03<br \/>\nJ2\t\tDance Little Sister 4:12<br \/>\nJ3\t\tIf You Really Want To Be My Friend 6:17<br \/>\nJ4\t\tShort And Curlies 2:44<br \/>\nJ5\t\tFingerprint File 6:41<br \/>\nBlack And Blue<br \/>\nK1\t\tHot Stuff 5:21<br \/>\nK2\t\tHand Of Fate 4:28<br \/>\nK3\t\tCherry Oh Baby 3:54<br \/>\nK4\t\tMemory Motel 7:06<br \/>\nL1\t\tHey Negrita 4:58<br \/>\nL2\t\tMelody 5:48<br \/>\nL3\t\tFool To Cry 5:02<br \/>\nL4\t\tCrazy Mama 4:32<br \/>\nSome Girls<br \/>\nM1\t\tMiss You 4:50<br \/>\nM2\t\tWhen The Whip Comes Down 4:18<br \/>\nM3\t\tJust My Imagination (Running Away With Me) 4:25<br \/>\nM4\t\tSome Girls 4:40<br \/>\nM5\t\tLies 3:12<br \/>\nN1\t\tFar Away Eyes 4:24<br \/>\nN2\t\tRespectable 3:05<br \/>\nN3\t\tBefore They Make Me Run 3:26<br \/>\nN4\t\tBeast Of Burden 4:24<br \/>\nN5\t\tShattered 3:43<br \/>\nEmotional Rescue<br \/>\nO1\t\tDance 4:22<br \/>\nO2\t\tSummer Romance 3:14<br \/>\nO3\t\tSend It To Me 3:44<br \/>\nO4\t\tLet Me Go 3:49<br \/>\nO5\t\tIndian Girl 4:21<br \/>\nP1\t\tWhere The Boys Go 3:28<br \/>\nP2\t\tDown In The Hole 3:55<br \/>\nP3\t\tEmotional Rescue 5:38<br \/>\nP4\t\tShe&#8217;s So Cold 4:10<br \/>\nP5\t\tAll About You 4:17<br \/>\nTattoo You<br \/>\nQ1\t\tStart Me Up 3:31<br \/>\nQ2\t\tHang Fire 2:20<br \/>\nQ3\t\tSlave 4:59<br \/>\nQ4\t\tLittle T &#038; A 3:23<br \/>\nQ5\t\tBlack Limousine 3:31<br \/>\nQ6\t\tNeighbours 3:30<br \/>\nR1\t\tWorried About You 5:16<br \/>\nR2\t\tTops 3:45<br \/>\nR3\t\tHeaven 4:21<br \/>\nR4\t\tNo Use In Crying 3:24<br \/>\nR5\t\tWaiting On A Friend 4:34<br \/>\nUndercover<br \/>\nS1\t\tUndercover Of The Night 4:31<br \/>\nS2\t\tShe Was Hot 4:40<br \/>\nS3\t\tTie You Up (The Pain Of Love) 4:12<br \/>\nS4\t\tWanna Hold You 3:52<br \/>\nS5\t\tFeel On Baby 5:03<br \/>\nT1\t\tToo Much Blood 5:46<br \/>\nT2\t\tPretty Beat Up 4:03<br \/>\nT3\t\tToo Tough 3:46<br \/>\nT4\t\tAll The Way Down 3:40<br \/>\nT5\t\tIt Must Be Hell 5:03<br \/>\nDirty Work<br \/>\nU1\t\tOne Hit (To The Body) 4:43<br \/>\nU2\t\tFight 3:08<br \/>\nU3\t\tHarlem Shuffle 3:24<br \/>\nU4\t\tHold Back 3:55<br \/>\nU5\t\tToo Rude 3:18<br \/>\nV1\t\tWinning Ugly 4:30<br \/>\nV2\t\tBack To Zero 4:12<br \/>\nV3\t\tDirty Work 3:53<br \/>\nV4\t\tHad It With You 3:18<br \/>\nV5\t\tSleep Tonight 5:09<br \/>\nV6\t\tKey To The Highway 0:33<br \/>\nSteel Wheels<br \/>\nW1\t\tSad Sad Sad 3:35<br \/>\nW2\t\tMixed Emotions 4:37<br \/>\nW3\t\tTerrifying 4:50<br \/>\nW4\t\tHold On To Your Hat 3:32<br \/>\nW5\t\tHearts For Sale 4:38<br \/>\nW6\t\tBlinded By Love 4:37<br \/>\nX1\t\tRock And A Hard Place 5:25<br \/>\nX2\t\tCan&#8217;t Be Seen 4:08<br \/>\nX3\t\tAlmost Hear You Sigh 4:33<br \/>\nX4\t\tContinental Drift 5:13<br \/>\nX5\t\tBreak The Spell 3:06<br \/>\nX6\t\tSlipping Away 4:28<br \/>\nVoodoo Lounge<br \/>\nY1\t\tLove Is Strong 3:48<br \/>\nY2\t\tYou Got Me Rocking 3:35<br \/>\nY3\t\tSparks Will Fly 3:15<br \/>\nZ1\t\tThe Worst 2:24<br \/>\nZ2\t\tNew Faces 2:50<br \/>\nZ3\t\tMoon Is Up 3:41<br \/>\nZ4\t\tOut Of Tears 5:27<br \/>\nAA1\t\tI Go Wild 4:23<br \/>\nAA2\t\tBrand New Car 4:13<br \/>\nAA3\t\tSweethearts Together 4:46<br \/>\nAA4\t\tSuck On The Jugular 4:26<br \/>\nAB1\t\tBlinded By Rainbows 4:32<br \/>\nAB2\t\tBaby Break It Down 4:07<br \/>\nAB3\t\tThru And Thru 4:07<br \/>\nBridges To Babylon<br \/>\nAC1\t\tFlip The Switch 3:28<br \/>\nAC2\t\tAnybody Seen My Baby? 4:31<br \/>\nAC3\t\tLow Down 4:28<br \/>\nAC4\t\tAlready Over Me 5:24<br \/>\nAD1\t\tGunface 5:02<br \/>\nAD2\t\tYou Don&#8217;t Have To Mean It 3:44<br \/>\nAD3\t\tOut Of Control 4:43<br \/>\nAE1\t\tSaint Of Me 5:15<br \/>\nAE2\t\tMight As Well Get Juiced 4:43<br \/>\nAE3\t\tAlways Suffering 5:23<br \/>\nAF1\t\tToo Tight 3:33<br \/>\nAF2\t\tThief In The Night 5:25<br \/>\nAF3\t\tHow Can I Stop 5:53<br \/>\nA Bigger Bang<br \/>\nAG1\t\tRough Justice 3:12<br \/>\nAG2\t\tLet Me Down Slow 4:16<br \/>\nAG3\t\tIt Won&#8217;t Take Long 3:55<br \/>\nAG4\t\tRain Fall Down 4:54<br \/>\nAH1\t\tStreets Of Love 5:10<br \/>\nAH2\t\tBack Of My Hand 3:33<br \/>\nAH3\t\tShe Saw Me Coming 3:12<br \/>\nAH4\t\tBiggest Mistake 4:06<br \/>\nAI1\t\tThis Place Is Empty 3:17<br \/>\nAI2\t\tOh No Not You Again 3:47<br \/>\nAI3\t\tDangerous Beauty 3:48<br \/>\nAI4\t\tLaugh, I Nearly Died 4:54<br \/>\nAJ1\t\tSweet Neo Con 4:34<br \/>\nAJ2\t\tLook What The Cat Dragged In 3:57<br \/>\nAJ3\t\tDriving Too Fast 3:57<br \/>\nAJ4\t\tInfamy 3:50<br \/>\nBlue &#038; Lonesome<br \/>\nAK1\t\tJust Your Fool 2:19<br \/>\nAK2\t\tCommit A Crime 3:41<br \/>\nAK3\t\tBlue And Lonesome 3:10<br \/>\nAL1\t\tAll Of Your Love 4:49<br \/>\nAL2\t\tI Gotta Go 3:28<br \/>\nAL3\t\tEverybody Knows About My Good Thing 4:31<br \/>\nAM1\t\tRide &#8216;Em On Down 2:52<br \/>\nAM2\t\tHate To See You Go 3:23<br \/>\nAM3\t\tHoo Doo Blues 2:38<br \/>\nAN1\t\tLittle Rain 3:33<br \/>\nAN2\t\tJust Like I Treat You 3:26<br \/>\nAN3\t\tI Can&#8217;t Quit You Baby 5:13<\/p>","protected":false},"excerpt":{"rendered":"<p>Label:\tPolydor \u2013 602557974867, Universal Music Group International \u2013 602557974867, Rolling Stones Records \u2013 602557974867<br \/>\nFormat:<br \/>\nBox Set 20 LP, Compilation, Limited Edition, Numbered, Remastered<br \/>\nCountry:\tEurope<br \/>\nReleased:\tJun 15, 2018<\/p>","protected":false},"featured_media":23390,"template":"","meta":[],"product_cat":[23,54],"product_tag":[55],"yoast_head":"<!-- This site is optimized with the Yoast SEO plugin v23.5 - https:\/\/yoast.com\/wordpress\/plugins\/seo\/ -->\n<title>Rolling Stones \u2013 Studio Albums Vinyl Collection 1971-2016 - Box Set 20LP Vinilin\u0117 Plok\u0161tel\u0117 | Vinilozona.lt<\/title>\n<meta name=\"robots\" content=\"index, follow, max-snippet:-1, max-image-preview:large, max-video-preview:-1\" \/>\n<link rel=\"canonical\" href=\"https:\/\/vinilozona.lt\/en\/parduotuve\/naujos-lp\/rolling-stones-studio-albums-vinyl-collection-1971-2016-box-set-20lp\/\" \/>\n<meta property=\"og:locale\" content=\"en_GB\" \/>\n<meta property=\"og:type\" content=\"article\" \/>\n<meta property=\"og:title\" content=\"Rolling Stones \u2013 Studio Albums Vinyl Collection 1971-2016 - Box Set 20LP Vinilin\u0117 Plok\u0161tel\u0117 | Vinilozona.lt\" \/>\n<meta property=\"og:description\" content=\"Label: Polydor \u2013 602557974867, Universal Music Group International \u2013 602557974867, Rolling Stones Records \u2013 602557974867 Format:  Box Set 20 LP, Compilation, Limited Edition, Numbered, Remastered Country: Europe Released: Jun 15, 2018\" \/>\n<meta property=\"og:url\" content=\"https:\/\/vinilozona.lt\/en\/parduotuve\/naujos-lp\/rolling-stones-studio-albums-vinyl-collection-1971-2016-box-set-20lp\/\" \/>\n<meta property=\"og:site_name\" content=\"Vinilo Zona\" \/>\n<meta property=\"article:modified_time\" content=\"2026-01-10T21:20:38+00:00\" \/>\n<meta property=\"og:image\" content=\"https:\/\/vinilozona.lt\/wp-content\/uploads\/2023\/11\/81DN8d68MFL._SL1485_.jpg\" \/>\n\t<meta property=\"og:image:width\" content=\"1485\" \/>\n\t<meta property=\"og:image:height\" content=\"1338\" \/>\n\t<meta property=\"og:image:type\" content=\"image\/jpeg\" \/>\n<meta name=\"twitter:card\" content=\"summary_large_image\" \/>\n<meta name=\"twitter:label1\" content=\"Estimated reading time\" \/>\n\t<meta name=\"twitter:data1\" content=\"4 minutes\" \/>\n<script type=\"application\/ld+json\" class=\"yoast-schema-graph\">{\"@context\":\"https:\/\/schema.org\",\"@graph\":[{\"@type\":\"WebPage\",\"@id\":\"https:\/\/vinilozona.lt\/parduotuve\/naujos-lp\/rolling-stones-studio-albums-vinyl-collection-1971-2016-box-set-20lp\/\",\"url\":\"https:\/\/vinilozona.lt\/parduotuve\/naujos-lp\/rolling-stones-studio-albums-vinyl-collection-1971-2016-box-set-20lp\/\",\"name\":\"Rolling Stones \u2013 Studio Albums Vinyl Collection 1971-2016 - Box Set 20LP Vinilin\u0117 Plok\u0161tel\u0117 | Vinilozona.lt\",\"isPartOf\":{\"@id\":\"https:\/\/vinilozona.lt\/#website\"},\"primaryImageOfPage\":{\"@id\":\"https:\/\/vinilozona.lt\/parduotuve\/naujos-lp\/rolling-stones-studio-albums-vinyl-collection-1971-2016-box-set-20lp\/#primaryimage\"},\"image\":{\"@id\":\"https:\/\/vinilozona.lt\/parduotuve\/naujos-lp\/rolling-stones-studio-albums-vinyl-collection-1971-2016-box-set-20lp\/#primaryimage\"},\"thumbnailUrl\":\"https:\/\/vinilozona.lt\/wp-content\/uploads\/2023\/11\/81DN8d68MFL._SL1485_.jpg\",\"datePublished\":\"2023-11-03T12:06:01+00:00\",\"dateModified\":\"2026-01-10T21:20:38+00:00\",\"breadcrumb\":{\"@id\":\"https:\/\/vinilozona.lt\/parduotuve\/naujos-lp\/rolling-stones-studio-albums-vinyl-collection-1971-2016-box-set-20lp\/#breadcrumb\"},\"inLanguage\":\"en-GB\",\"potentialAction\":[{\"@type\":\"ReadAction\",\"target\":[\"https:\/\/vinilozona.lt\/parduotuve\/naujos-lp\/rolling-stones-studio-albums-vinyl-collection-1971-2016-box-set-20lp\/\"]}]},{\"@type\":\"ImageObject\",\"inLanguage\":\"en-GB\",\"@id\":\"https:\/\/vinilozona.lt\/parduotuve\/naujos-lp\/rolling-stones-studio-albums-vinyl-collection-1971-2016-box-set-20lp\/#primaryimage\",\"url\":\"https:\/\/vinilozona.lt\/wp-content\/uploads\/2023\/11\/81DN8d68MFL._SL1485_.jpg\",\"contentUrl\":\"https:\/\/vinilozona.lt\/wp-content\/uploads\/2023\/11\/81DN8d68MFL._SL1485_.jpg\",\"width\":1485,\"height\":1338},{\"@type\":\"BreadcrumbList\",\"@id\":\"https:\/\/vinilozona.lt\/parduotuve\/naujos-lp\/rolling-stones-studio-albums-vinyl-collection-1971-2016-box-set-20lp\/#breadcrumb\",\"itemListElement\":[{\"@type\":\"ListItem\",\"position\":1,\"name\":\"Home\",\"item\":\"https:\/\/vinilozona.lt\/\"},{\"@type\":\"ListItem\",\"position\":2,\"name\":\"Parduotuv\u0117\",\"item\":\"https:\/\/vinilozona.lt\/parduotuve\/\"},{\"@type\":\"ListItem\",\"position\":3,\"name\":\"Rolling Stones \u2013 Studio Albums Vinyl Collection 1971-2016 &#8211; Box Set 20LP\"}]},{\"@type\":\"WebSite\",\"@id\":\"https:\/\/vinilozona.lt\/#website\",\"url\":\"https:\/\/vinilozona.lt\/\",\"name\":\"Vinilo Zona\",\"description\":\"Nup\u016bsk dulkes ir klausyk LP\",\"potentialAction\":[{\"@type\":\"SearchAction\",\"target\":{\"@type\":\"EntryPoint\",\"urlTemplate\":\"https:\/\/vinilozona.lt\/?s={search_term_string}\"},\"query-input\":{\"@type\":\"PropertyValueSpecification\",\"valueRequired\":true,\"valueName\":\"search_term_string\"}}],\"inLanguage\":\"en-GB\"}]}<\/script>\n<!-- \/ Yoast SEO plugin. -->","yoast_head_json":{"title":"Rolling Stones \u2013 Studio Albums Vinyl Collection 1971-2016 - Box Set 20LP Vinilin\u0117 Plok\u0161tel\u0117 | Vinilozona.lt","robots":{"index":"index","follow":"follow","max-snippet":"max-snippet:-1","max-image-preview":"max-image-preview:large","max-video-preview":"max-video-preview:-1"},"canonical":"https:\/\/vinilozona.lt\/en\/parduotuve\/naujos-lp\/rolling-stones-studio-albums-vinyl-collection-1971-2016-box-set-20lp\/","og_locale":"en_GB","og_type":"article","og_title":"Rolling Stones \u2013 Studio Albums Vinyl Collection 1971-2016 - Box Set 20LP Vinilin\u0117 Plok\u0161tel\u0117 | Vinilozona.lt","og_description":"Label: Polydor \u2013 602557974867, Universal Music Group International \u2013 602557974867, Rolling Stones Records \u2013 602557974867 Format:  Box Set 20 LP, Compilation, Limited Edition, Numbered, Remastered Country: Europe Released: Jun 15, 2018","og_url":"https:\/\/vinilozona.lt\/en\/parduotuve\/naujos-lp\/rolling-stones-studio-albums-vinyl-collection-1971-2016-box-set-20lp\/","og_site_name":"Vinilo Zona","article_modified_time":"2026-01-10T21:20:38+00:00","og_image":[{"width":1485,"height":1338,"url":"https:\/\/vinilozona.lt\/wp-content\/uploads\/2023\/11\/81DN8d68MFL._SL1485_.jpg","type":"image\/jpeg"}],"twitter_card":"summary_large_image","twitter_misc":{"Estimated reading time":"4 minutes"},"schema":{"@context":"https:\/\/schema.org","@graph":[{"@type":"WebPage","@id":"https:\/\/vinilozona.lt\/parduotuve\/naujos-lp\/rolling-stones-studio-albums-vinyl-collection-1971-2016-box-set-20lp\/","url":"https:\/\/vinilozona.lt\/parduotuve\/naujos-lp\/rolling-stones-studio-albums-vinyl-collection-1971-2016-box-set-20lp\/","name":"Rolling Stones \u2013 Studio Albums Vinyl Collection 1971-2016 - Box Set 20LP Vinilin\u0117 Plok\u0161tel\u0117 | Vinilozona.lt","isPartOf":{"@id":"https:\/\/vinilozona.lt\/#website"},"primaryImageOfPage":{"@id":"https:\/\/vinilozona.lt\/parduotuve\/naujos-lp\/rolling-stones-studio-albums-vinyl-collection-1971-2016-box-set-20lp\/#primaryimage"},"image":{"@id":"https:\/\/vinilozona.lt\/parduotuve\/naujos-lp\/rolling-stones-studio-albums-vinyl-collection-1971-2016-box-set-20lp\/#primaryimage"},"thumbnailUrl":"https:\/\/vinilozona.lt\/wp-content\/uploads\/2023\/11\/81DN8d68MFL._SL1485_.jpg","datePublished":"2023-11-03T12:06:01+00:00","dateModified":"2026-01-10T21:20:38+00:00","breadcrumb":{"@id":"https:\/\/vinilozona.lt\/parduotuve\/naujos-lp\/rolling-stones-studio-albums-vinyl-collection-1971-2016-box-set-20lp\/#breadcrumb"},"inLanguage":"en-GB","potentialAction":[{"@type":"ReadAction","target":["https:\/\/vinilozona.lt\/parduotuve\/naujos-lp\/rolling-stones-studio-albums-vinyl-collection-1971-2016-box-set-20lp\/"]}]},{"@type":"ImageObject","inLanguage":"en-GB","@id":"https:\/\/vinilozona.lt\/parduotuve\/naujos-lp\/rolling-stones-studio-albums-vinyl-collection-1971-2016-box-set-20lp\/#primaryimage","url":"https:\/\/vinilozona.lt\/wp-content\/uploads\/2023\/11\/81DN8d68MFL._SL1485_.jpg","contentUrl":"https:\/\/vinilozona.lt\/wp-content\/uploads\/2023\/11\/81DN8d68MFL._SL1485_.jpg","width":1485,"height":1338},{"@type":"BreadcrumbList","@id":"https:\/\/vinilozona.lt\/parduotuve\/naujos-lp\/rolling-stones-studio-albums-vinyl-collection-1971-2016-box-set-20lp\/#breadcrumb","itemListElement":[{"@type":"ListItem","position":1,"name":"Home","item":"https:\/\/vinilozona.lt\/"},{"@type":"ListItem","position":2,"name":"Parduotuv\u0117","item":"https:\/\/vinilozona.lt\/parduotuve\/"},{"@type":"ListItem","position":3,"name":"Rolling Stones \u2013 Studio Albums Vinyl Collection 1971-2016 &#8211; Box Set 20LP"}]},{"@type":"WebSite","@id":"https:\/\/vinilozona.lt\/#website","url":"https:\/\/vinilozona.lt\/","name":"Vinilo Zona","description":"Nup\u016bsk dulkes ir klausyk LP","potentialAction":[{"@type":"SearchAction","target":{"@type":"EntryPoint","urlTemplate":"https:\/\/vinilozona.lt\/?s={search_term_string}"},"query-input":{"@type":"PropertyValueSpecification","valueRequired":true,"valueName":"search_term_string"}}],"inLanguage":"en-GB"}]}},"_links":{"self":[{"href":"https:\/\/vinilozona.lt\/en\/wp-json\/wp\/v2\/product\/23389"}],"collection":[{"href":"https:\/\/vinilozona.lt\/en\/wp-json\/wp\/v2\/product"}],"about":[{"href":"https:\/\/vinilozona.lt\/en\/wp-json\/wp\/v2\/types\/product"}],"wp:featuredmedia":[{"embeddable":true,"href":"https:\/\/vinilozona.lt\/en\/wp-json\/wp\/v2\/media\/23390"}],"wp:attachment":[{"href":"https:\/\/vinilozona.lt\/en\/wp-json\/wp\/v2\/media?parent=23389"}],"wp:term":[{"taxonomy":"product_cat","embeddable":true,"href":"https:\/\/vinilozona.lt\/en\/wp-json\/wp\/v2\/product_cat?post=23389"},{"taxonomy":"product_tag","embeddable":true,"href":"https:\/\/vinilozona.lt\/en\/wp-json\/wp\/v2\/product_tag?post=23389"}],"curies":[{"name":"wp","href":"https:\/\/api.w.org\/{rel}","templated":true}]}}