{"id":23387,"date":"2023-11-03T14:40:04","date_gmt":"2023-11-03T12:40:04","guid":{"rendered":"https:\/\/vinilozona.lt\/?post_type=product&#038;p=23387"},"modified":"2024-08-06T15:48:35","modified_gmt":"2024-08-06T12:48:35","slug":"queen-the-platinum-collection-box-set-6lp","status":"publish","type":"product","link":"https:\/\/vinilozona.lt\/en\/parduotuve\/naujos-lp\/queen-the-platinum-collection-box-set-6lp\/","title":{"rendered":"Queen \u2013 The Platinum Collection &#8211; Box Set 6LP"},"content":{"rendered":"<p>A1\tQueen\u2013\tBohemian Rhapsody 5:54<br \/>\nA2\tQueen\u2013\tAnother One Bites The Dust 3:36<br \/>\nA3\tQueen\u2013\tKiller Queen 2:59<br \/>\nA4\tQueen\u2013\tFat Bottomed Girls 3:21<br \/>\nB1\tQueen\u2013\tBicycle Race 3:02<br \/>\nB2\tQueen\u2013\tYou&#8217;re My Best Friend 2:51<br \/>\nB3\tQueen\u2013\tDon&#8217;t Stop Me Now 3:29<br \/>\nB4\tQueen\u2013\tSave Me 3:48<br \/>\nC1\tQueen\u2013\tCrazy Little Thing Called Love 2:43<br \/>\nC2\tQueen\u2013\tSomebody To Love 4:55<br \/>\nC3\tQueen\u2013\tNow I&#8217;m Here 4:13<br \/>\nC4\tQueen\u2013\tGood Old-Fashioned Lover Boy 2:54<br \/>\nD1\tQueen\u2013\tPlay The Game 3:31<br \/>\nD2\tQueen\u2013\tFlash 2:47<br \/>\nD3\tQueen\u2013\tSeven Seas Of Rhye 2:48<br \/>\nD4\tQueen\u2013\tWe Will Rock You 2:01<br \/>\nD5\tQueen\u2013\tWe Are The Champions 2:59<br \/>\nE1\tQueen\u2013\tA Kind Of Magic 4:24<br \/>\nE2\tQueen + David Bowie\u2013\tUnder Pressure 3:56<br \/>\nE3\tQueen\u2013\tRadio Ga Ga 5:48<br \/>\nE4\tQueen\u2013\tI Want It All 4:01<br \/>\nE5\tQueen\u2013\tI Want To Break Free 4:18<br \/>\nF1\tQueen\u2013\tInnuendo 6:31<br \/>\nF2\tQueen\u2013\tIt&#8217;s A Hard Life 4:09<br \/>\nF3\tQueen\u2013\tBreakthru 4:08<br \/>\nF4\tQueen\u2013\tWho Wants To Live Forever 4:56<br \/>\nG1\tQueen\u2013\tHeadlong 4:33<br \/>\nG2\tQueen\u2013\tThe Miracle 5:01<br \/>\nG3\tQueen\u2013\tI&#8217;m Going Slightly Mad 4:07<br \/>\nG4\tQueen\u2013\tThe Invisible Man 3:55<br \/>\nH1\tQueen\u2013\tHammer To Fall 3:40<br \/>\nH2\tQueen\u2013\tFriends Will Be Friends 4:07<br \/>\nH3\tQueen\u2013\tThe Show Must Go On 4:35<br \/>\nH4\tQueen\u2013\tOne Vision 4:02<br \/>\nI1\tQueen + Elton John\u2013\tThe Show Must Go On 4:35<br \/>\nI2\tQueen + David Bowie\u2013\tUnder Pressure (Rah Mix) 4:08<br \/>\nI3\tFreddie Mercury + Montserrat Caball\u00e9\u2013\tBarcelona 4:26<br \/>\nI4\tQueen\u2013\tToo Much Love Will Kill You 4:20<br \/>\nJ1\tGeorge Michael + Queen\u2013\tSomebody To Love 5:17<br \/>\nJ2\tQueen\u2013\tYou Don&#8217;t Fool Me 5:24<br \/>\nJ3\tQueen\u2013\tHeaven For Everyone 4:43<br \/>\nJ4\tQueen\u2013\tLas Palabras De Amor 4:31<br \/>\nK1\tBrian May\u2013\tDriven By You 4:11<br \/>\nK2\tFreddie Mercury\u2013\tLiving On My Own 3:38<br \/>\nK3\tQueen\u2013\tLet Me Live 4:45<br \/>\nK4\tFreddie Mercury\u2013\tThe Great Pretender 3:28<br \/>\nK5\tQueen\u2013\tPrinces Of The Universe 3:32<br \/>\nL1\tQueen + Wyclef Jean\u2013\tAnother One Bites The Dust 4:20<br \/>\nL2\tQueen\u2013\tNo-One But You (Only The Good Die Young) 4:13<br \/>\nL3\tQueen\u2013\tThese Are The Days Of Our Lives 4:15<br \/>\nL4\tQueen\u2013\tThank God It&#8217;s Christmas 4:19<\/p>","protected":false},"excerpt":{"rendered":"<p>Label:\tEMI \u2013 0602435877518<br \/>\nFormat:\tBox Set, Limited Edition<br \/>\nCountry:\tEurope<br \/>\nReleased:\tJun 17, 2022<\/p>","protected":false},"featured_media":23388,"template":"","meta":[],"product_cat":[23,54],"product_tag":[55],"yoast_head":"<!-- This site is optimized with the Yoast SEO plugin v23.5 - https:\/\/yoast.com\/wordpress\/plugins\/seo\/ -->\n<title>Queen \u2013 The Platinum Collection - Box Set 6LP Vinilin\u0117 Plok\u0161tel\u0117 | Vinilozona.lt<\/title>\n<meta name=\"robots\" content=\"index, follow, max-snippet:-1, max-image-preview:large, max-video-preview:-1\" \/>\n<link rel=\"canonical\" href=\"https:\/\/vinilozona.lt\/en\/parduotuve\/naujos-lp\/queen-the-platinum-collection-box-set-6lp\/\" \/>\n<meta property=\"og:locale\" content=\"en_GB\" \/>\n<meta property=\"og:type\" content=\"article\" \/>\n<meta property=\"og:title\" content=\"Queen \u2013 The Platinum Collection - Box Set 6LP Vinilin\u0117 Plok\u0161tel\u0117 | Vinilozona.lt\" \/>\n<meta property=\"og:description\" content=\"Label: EMI \u2013 0602435877518 Format: Box Set, Limited Edition Country: Europe Released: Jun 17, 2022\" \/>\n<meta property=\"og:url\" content=\"https:\/\/vinilozona.lt\/en\/parduotuve\/naujos-lp\/queen-the-platinum-collection-box-set-6lp\/\" \/>\n<meta property=\"og:site_name\" content=\"Vinilo Zona\" \/>\n<meta property=\"article:modified_time\" content=\"2024-08-06T12:48:35+00:00\" \/>\n<meta property=\"og:image\" content=\"https:\/\/vinilozona.lt\/wp-content\/uploads\/2023\/11\/1-1024x767.png\" \/>\n\t<meta property=\"og:image:width\" content=\"1024\" \/>\n\t<meta property=\"og:image:height\" content=\"767\" \/>\n\t<meta property=\"og:image:type\" content=\"image\/png\" \/>\n<meta name=\"twitter:card\" content=\"summary_large_image\" \/>\n<meta name=\"twitter:label1\" content=\"Estimated reading time\" \/>\n\t<meta name=\"twitter:data1\" content=\"1 minute\" \/>\n<script type=\"application\/ld+json\" class=\"yoast-schema-graph\">{\"@context\":\"https:\/\/schema.org\",\"@graph\":[{\"@type\":\"WebPage\",\"@id\":\"https:\/\/vinilozona.lt\/parduotuve\/naujos-lp\/queen-the-platinum-collection-box-set-6lp\/\",\"url\":\"https:\/\/vinilozona.lt\/parduotuve\/naujos-lp\/queen-the-platinum-collection-box-set-6lp\/\",\"name\":\"Queen \u2013 The Platinum Collection - Box Set 6LP Vinilin\u0117 Plok\u0161tel\u0117 | Vinilozona.lt\",\"isPartOf\":{\"@id\":\"https:\/\/vinilozona.lt\/#website\"},\"primaryImageOfPage\":{\"@id\":\"https:\/\/vinilozona.lt\/parduotuve\/naujos-lp\/queen-the-platinum-collection-box-set-6lp\/#primaryimage\"},\"image\":{\"@id\":\"https:\/\/vinilozona.lt\/parduotuve\/naujos-lp\/queen-the-platinum-collection-box-set-6lp\/#primaryimage\"},\"thumbnailUrl\":\"https:\/\/vinilozona.lt\/wp-content\/uploads\/2023\/11\/1.png\",\"datePublished\":\"2023-11-03T12:40:04+00:00\",\"dateModified\":\"2024-08-06T12:48:35+00:00\",\"breadcrumb\":{\"@id\":\"https:\/\/vinilozona.lt\/parduotuve\/naujos-lp\/queen-the-platinum-collection-box-set-6lp\/#breadcrumb\"},\"inLanguage\":\"en-GB\",\"potentialAction\":[{\"@type\":\"ReadAction\",\"target\":[\"https:\/\/vinilozona.lt\/parduotuve\/naujos-lp\/queen-the-platinum-collection-box-set-6lp\/\"]}]},{\"@type\":\"ImageObject\",\"inLanguage\":\"en-GB\",\"@id\":\"https:\/\/vinilozona.lt\/parduotuve\/naujos-lp\/queen-the-platinum-collection-box-set-6lp\/#primaryimage\",\"url\":\"https:\/\/vinilozona.lt\/wp-content\/uploads\/2023\/11\/1.png\",\"contentUrl\":\"https:\/\/vinilozona.lt\/wp-content\/uploads\/2023\/11\/1.png\",\"width\":3153,\"height\":2362},{\"@type\":\"BreadcrumbList\",\"@id\":\"https:\/\/vinilozona.lt\/parduotuve\/naujos-lp\/queen-the-platinum-collection-box-set-6lp\/#breadcrumb\",\"itemListElement\":[{\"@type\":\"ListItem\",\"position\":1,\"name\":\"Home\",\"item\":\"https:\/\/vinilozona.lt\/\"},{\"@type\":\"ListItem\",\"position\":2,\"name\":\"Parduotuv\u0117\",\"item\":\"https:\/\/vinilozona.lt\/parduotuve\/\"},{\"@type\":\"ListItem\",\"position\":3,\"name\":\"Queen \u2013 The Platinum Collection &#8211; Box Set 6LP\"}]},{\"@type\":\"WebSite\",\"@id\":\"https:\/\/vinilozona.lt\/#website\",\"url\":\"https:\/\/vinilozona.lt\/\",\"name\":\"Vinilo Zona\",\"description\":\"Nup\u016bsk dulkes ir klausyk LP\",\"potentialAction\":[{\"@type\":\"SearchAction\",\"target\":{\"@type\":\"EntryPoint\",\"urlTemplate\":\"https:\/\/vinilozona.lt\/?s={search_term_string}\"},\"query-input\":{\"@type\":\"PropertyValueSpecification\",\"valueRequired\":true,\"valueName\":\"search_term_string\"}}],\"inLanguage\":\"en-GB\"}]}<\/script>\n<!-- \/ Yoast SEO plugin. -->","yoast_head_json":{"title":"Queen \u2013 The Platinum Collection - Box Set 6LP Vinilin\u0117 Plok\u0161tel\u0117 | Vinilozona.lt","robots":{"index":"index","follow":"follow","max-snippet":"max-snippet:-1","max-image-preview":"max-image-preview:large","max-video-preview":"max-video-preview:-1"},"canonical":"https:\/\/vinilozona.lt\/en\/parduotuve\/naujos-lp\/queen-the-platinum-collection-box-set-6lp\/","og_locale":"en_GB","og_type":"article","og_title":"Queen \u2013 The Platinum Collection - Box Set 6LP Vinilin\u0117 Plok\u0161tel\u0117 | Vinilozona.lt","og_description":"Label: EMI \u2013 0602435877518 Format: Box Set, Limited Edition Country: Europe Released: Jun 17, 2022","og_url":"https:\/\/vinilozona.lt\/en\/parduotuve\/naujos-lp\/queen-the-platinum-collection-box-set-6lp\/","og_site_name":"Vinilo Zona","article_modified_time":"2024-08-06T12:48:35+00:00","og_image":[{"width":1024,"height":767,"url":"https:\/\/vinilozona.lt\/wp-content\/uploads\/2023\/11\/1-1024x767.png","type":"image\/png"}],"twitter_card":"summary_large_image","twitter_misc":{"Estimated reading time":"1 minute"},"schema":{"@context":"https:\/\/schema.org","@graph":[{"@type":"WebPage","@id":"https:\/\/vinilozona.lt\/parduotuve\/naujos-lp\/queen-the-platinum-collection-box-set-6lp\/","url":"https:\/\/vinilozona.lt\/parduotuve\/naujos-lp\/queen-the-platinum-collection-box-set-6lp\/","name":"Queen \u2013 The Platinum Collection - Box Set 6LP Vinilin\u0117 Plok\u0161tel\u0117 | Vinilozona.lt","isPartOf":{"@id":"https:\/\/vinilozona.lt\/#website"},"primaryImageOfPage":{"@id":"https:\/\/vinilozona.lt\/parduotuve\/naujos-lp\/queen-the-platinum-collection-box-set-6lp\/#primaryimage"},"image":{"@id":"https:\/\/vinilozona.lt\/parduotuve\/naujos-lp\/queen-the-platinum-collection-box-set-6lp\/#primaryimage"},"thumbnailUrl":"https:\/\/vinilozona.lt\/wp-content\/uploads\/2023\/11\/1.png","datePublished":"2023-11-03T12:40:04+00:00","dateModified":"2024-08-06T12:48:35+00:00","breadcrumb":{"@id":"https:\/\/vinilozona.lt\/parduotuve\/naujos-lp\/queen-the-platinum-collection-box-set-6lp\/#breadcrumb"},"inLanguage":"en-GB","potentialAction":[{"@type":"ReadAction","target":["https:\/\/vinilozona.lt\/parduotuve\/naujos-lp\/queen-the-platinum-collection-box-set-6lp\/"]}]},{"@type":"ImageObject","inLanguage":"en-GB","@id":"https:\/\/vinilozona.lt\/parduotuve\/naujos-lp\/queen-the-platinum-collection-box-set-6lp\/#primaryimage","url":"https:\/\/vinilozona.lt\/wp-content\/uploads\/2023\/11\/1.png","contentUrl":"https:\/\/vinilozona.lt\/wp-content\/uploads\/2023\/11\/1.png","width":3153,"height":2362},{"@type":"BreadcrumbList","@id":"https:\/\/vinilozona.lt\/parduotuve\/naujos-lp\/queen-the-platinum-collection-box-set-6lp\/#breadcrumb","itemListElement":[{"@type":"ListItem","position":1,"name":"Home","item":"https:\/\/vinilozona.lt\/"},{"@type":"ListItem","position":2,"name":"Parduotuv\u0117","item":"https:\/\/vinilozona.lt\/parduotuve\/"},{"@type":"ListItem","position":3,"name":"Queen \u2013 The Platinum Collection &#8211; Box Set 6LP"}]},{"@type":"WebSite","@id":"https:\/\/vinilozona.lt\/#website","url":"https:\/\/vinilozona.lt\/","name":"Vinilo Zona","description":"Nup\u016bsk dulkes ir klausyk LP","potentialAction":[{"@type":"SearchAction","target":{"@type":"EntryPoint","urlTemplate":"https:\/\/vinilozona.lt\/?s={search_term_string}"},"query-input":{"@type":"PropertyValueSpecification","valueRequired":true,"valueName":"search_term_string"}}],"inLanguage":"en-GB"}]}},"_links":{"self":[{"href":"https:\/\/vinilozona.lt\/en\/wp-json\/wp\/v2\/product\/23387"}],"collection":[{"href":"https:\/\/vinilozona.lt\/en\/wp-json\/wp\/v2\/product"}],"about":[{"href":"https:\/\/vinilozona.lt\/en\/wp-json\/wp\/v2\/types\/product"}],"wp:featuredmedia":[{"embeddable":true,"href":"https:\/\/vinilozona.lt\/en\/wp-json\/wp\/v2\/media\/23388"}],"wp:attachment":[{"href":"https:\/\/vinilozona.lt\/en\/wp-json\/wp\/v2\/media?parent=23387"}],"wp:term":[{"taxonomy":"product_cat","embeddable":true,"href":"https:\/\/vinilozona.lt\/en\/wp-json\/wp\/v2\/product_cat?post=23387"},{"taxonomy":"product_tag","embeddable":true,"href":"https:\/\/vinilozona.lt\/en\/wp-json\/wp\/v2\/product_tag?post=23387"}],"curies":[{"name":"wp","href":"https:\/\/api.w.org\/{rel}","templated":true}]}}