{"id":23382,"date":"2024-09-29T05:47:26","date_gmt":"2024-09-29T02:47:26","guid":{"rendered":"https:\/\/vinilozona.lt\/?post_type=product&#038;p=23382"},"modified":"2025-05-28T14:09:33","modified_gmt":"2025-05-28T11:09:33","slug":"abba-vinyl-album-box-set-10lp","status":"publish","type":"product","link":"https:\/\/vinilozona.lt\/en\/parduotuve\/naujos-lp\/abba-vinyl-album-box-set-10lp\/","title":{"rendered":"ABBA \u200e\u2013 Vinyl Album Box Set 10LP"},"content":{"rendered":"<p>Ring Ring<br \/>\n1A1\tBj\u00f6rn &#038; Benny, Agnetha &#038; Frida*\u2013\tRing, Ring (Bara Du Slog En Signal)\t3:10<br \/>\n1A2\tBj\u00f6rn &#038; Benny, Agnetha &#038; Frida*\u2013\tAnother Town, Another Train\t3:12<br \/>\n1A3\tBj\u00f6rn &#038; Benny, Agnetha &#038; Frida*\u2013\tDisillusion\t3:03<br \/>\n1A4\tBj\u00f6rn &#038; Benny, Agnetha &#038; Frida*\u2013\tPeople Need Love\t2:45<br \/>\n1A5\tBj\u00f6rn &#038; Benny, Agnetha &#038; Frida*\u2013\tI Saw It In The Mirror\t2:33<br \/>\n1A6\tBj\u00f6rn &#038; Benny, Agnetha &#038; Frida*\u2013\tNina, Pretty Ballerina\t2:51<br \/>\n1B1\tBj\u00f6rn &#038; Benny, Agnetha &#038; Frida*\u2013\tLove Isn&#8217;t Easy (But It Sure Is Hard Enough)\t2:54<br \/>\n1B2\tBj\u00f6rn &#038; Benny, Agnetha &#038; Frida*\u2013\tMe And Bobby And Bobby&#8217;s Brother\t2:50<br \/>\n1B3\tBj\u00f6rn &#038; Benny, Agnetha &#038; Frida*\u2013\tHe Is Your Brother\t3:18<br \/>\n1B4\tBj\u00f6rn &#038; Benny, Agnetha &#038; Frida*\u2013\tRing Ring (Engelsk Version)\t3:04<br \/>\n1B5\tBj\u00f6rn &#038; Benny, Agnetha &#038; Frida*\u2013\tI Am Just A Girl\t3:01<br \/>\n1B6\tBj\u00f6rn &#038; Benny, Agnetha &#038; Frida*\u2013\tRock&#8217;n Roll Band\t3:09<br \/>\nWaterloo<br \/>\n2A1\tABBA, Bj\u00f6rn, Benny, Agnetha &#038; Frida*\u2013\tWaterloo\t2:45<br \/>\n2A2\tABBA, Bj\u00f6rn, Benny, Agnetha &#038; Frida*\u2013\tSitting In The Palmtree\t3:39<br \/>\n2A3\tABBA, Bj\u00f6rn, Benny, Agnetha &#038; Frida*\u2013\tKing Kong Song\t3:14<br \/>\n2A4\tABBA, Bj\u00f6rn, Benny, Agnetha &#038; Frida*\u2013\tHasta Ma\u00f1ana\t3:05<br \/>\n2A5\tABBA, Bj\u00f6rn, Benny, Agnetha &#038; Frida*\u2013\tMy Mama Said\t3:14<br \/>\n2A6\tABBA, Bj\u00f6rn, Benny, Agnetha &#038; Frida*\u2013\tDance (While The Music Still Goes On)\t3:05<br \/>\n2B1\tABBA, Bj\u00f6rn, Benny, Agnetha &#038; Frida*\u2013\tHoney, Honey\t2:55<br \/>\n2B2\tABBA, Bj\u00f6rn, Benny, Agnetha &#038; Frida*\u2013\tWatch Out\t3:46<br \/>\n2B3\tABBA, Bj\u00f6rn, Benny, Agnetha &#038; Frida*\u2013\tWhat About Livingstone\t2:54<br \/>\n2B4\tABBA, Bj\u00f6rn, Benny, Agnetha &#038; Frida*\u2013\tGonna Sing You My Lovesong\t3:35<br \/>\n2B5\tABBA, Bj\u00f6rn, Benny, Agnetha &#038; Frida*\u2013\tSuzy-Hang-Around\t3:11<br \/>\n2B6\tABBA, Bj\u00f6rn, Benny, Agnetha &#038; Frida*\u2013\tWaterloo (English Version)\t2:46<br \/>\nABBA<br \/>\n3A1\tABBA\u2013\tMamma Mia\t3:32<br \/>\n3A2\tABBA\u2013\tHey, Hey Helen\t3:16<br \/>\n3A3\tABBA\u2013\tTropical Loveland\t3:05<br \/>\n3A4\tABBA\u2013\tSOS\t3:00<br \/>\n3A5\tABBA\u2013\tMan In The Middle\t3:22<br \/>\n3A6\tABBA\u2013\tBang-A-Boomerang\t2:50<br \/>\n3B1\tABBA\u2013\tI Do, I Do, I Do, I Do, I Do\t3:15<br \/>\n3B2\tABBA\u2013\tRock Me\t3:03<br \/>\n3B3\tABBA\u2013\tIntermezzo No. 1<br \/>\n3:48<br \/>\n3B4\tABBA\u2013\tI&#8217;ve Been Waiting For You\t3:39<br \/>\n3B5\tABBA\u2013\tSo Long\t3:06<br \/>\nArrival<br \/>\n4A1\tABBA\u2013\tWhen I Kissed The Teacher\t3:00<br \/>\n4A2\tABBA\u2013\tDancing Queen\t3:50<br \/>\n4A3\tABBA\u2013\tMy Love, My Life\t3:52<br \/>\n4A4\tABBA\u2013\tDum Dum Diddle\t2:53<br \/>\n4A5\tABBA\u2013\tKnowing Me, Knowing You\t4:02<br \/>\n4B1\tABBA\u2013\tMoney, Money, Money\t3:05<br \/>\n4B2\tABBA\u2013\tThat&#8217;s Me\t3:15<br \/>\n4B3\tABBA\u2013\tWhy Did It Have To Be Me\t3:20<br \/>\n4B4\tABBA\u2013\tTiger\t2:55<br \/>\n4B5\tABBA\u2013\tArrival\t3:00<br \/>\nThe Album<br \/>\n5A1\tABBA\u2013\tEagle\t5:51<br \/>\n5A2\tABBA\u2013\tTake A Chance On Me\t4:05<br \/>\n5A3\tABBA\u2013\tOne Man One Woman\t4:25<br \/>\n5A4\tABBA\u2013\tThe Name Of The Game\t4:54<br \/>\n5B1\tABBA\u2013\tMove On\t4:42<br \/>\n5B2\tABBA\u2013\tHole In Your Soul\t3:41<br \/>\nThe Girl With The Golden Hair -3 Scenes From A Mini-Musical-<br \/>\n5B3a\tABBA\u2013\tThank You For The Music\t3:48<br \/>\n5B3b\tABBA\u2013\tI Wonder (Departure)\t4:33<br \/>\n5B3c\tABBA\u2013\tI&#8217;m A Marionette\t3:54<br \/>\nVoulez-Vous<br \/>\n6A1\tABBA\u2013\tAs Good As New\t3:22<br \/>\n6A2\tABBA\u2013\tVoulez-Vous\t5:11<br \/>\n6A3\tABBA\u2013\tI Have A Dream\t4:44<br \/>\n6A4\tABBA\u2013\tAngeleyes\t4:20<br \/>\n6A5\tABBA\u2013\tThe King Has Lost His Crown\t3:30<br \/>\n6B1\tABBA\u2013\tDoes Your Mother Know\t3:13<br \/>\n6B2\tABBA\u2013\tIf It Wasn&#8217;t For The Nights\t5:13<br \/>\n6B3\tABBA\u2013\tChiquitita\t5:26<br \/>\n6B4\tABBA\u2013\tLovers (Live A Little Longer)\t3:28<br \/>\n6B5\tABBA\u2013\tKisses Of Fire\t3:16<br \/>\nSuper Trouper<br \/>\n7A1\tABBA\u2013\tSuper Trouper\t4:13<br \/>\n7A2\tABBA\u2013\tThe Winner Takes It All\t4:55<br \/>\n7A3\tABBA\u2013\tOn And On And On\t3:41<br \/>\n7A4\tABBA\u2013\tAndante, Andante\t4:38<br \/>\n7A5\tABBA\u2013\tMe And I\t4:53<br \/>\n7B1\tABBA\u2013\tHappy New Year\t4:37<br \/>\n7B2\tABBA\u2013\tOur Last Summer\t4:18<br \/>\n7B3\tABBA\u2013\tThe Piper\t3:25<br \/>\n7B4\tABBA\u2013\tLay All Your Love On Me\t4:33<br \/>\n7B5\tABBA\u2013\tThe Way Old Friends Do\t2:53<br \/>\nThe Visitors<br \/>\n8A1\tABBA\u2013\tThe Visitors\t5:49<br \/>\n8A2\tABBA\u2013\tHead Over Heels\t3:45<br \/>\n8A3\tABBA\u2013\tWhen All Is Said And Done\t3:20<br \/>\n8A4\tABBA\u2013\tSoldiers\t4:38<br \/>\n8B1\tABBA\u2013\tI Let The Music Speak\t5:20<br \/>\n8B2\tABBA\u2013\tOne Of Us\t3:55<br \/>\n8B3\tABBA\u2013\tTwo For The Price Of One\t3:36<br \/>\n8B4\tABBA\u2013\tSlipping Through My Fingers\t3:51<br \/>\n8B5\tABBA\u2013\tLike An Angel Passing Through My Room\t3:25<br \/>\nVoyage<br \/>\n9A1\tABBA\u2013\tI Still Have Faith In You\t5:08<br \/>\n9A2\tABBA\u2013\tWhen You Danced With Me\t2:49<br \/>\n9A3\tABBA\u2013\tLittle Things\t3:08<br \/>\n9A4\tABBA\u2013\tDon&#8217;t Shut Me Down\t3:59<br \/>\n9A5\tABBA\u2013\tJust A Notion\t3:29<br \/>\n9B1\tABBA\u2013\tI Can Be That Woman\t4:04<br \/>\n9B2\tABBA\u2013\tKeep An Eye On Dan\t4:01<br \/>\n9B3\tABBA\u2013\tBumblebee\t3:57<br \/>\n9B4\tABBA\u2013\tNo Doubt About It\t2:52<br \/>\n9B5\tABBA\u2013\tOde To Freedom\t3:31<br \/>\nABBA Tracks<br \/>\n10A1\tABBA\u2013\tGimme! Gimme! Gimme! (A Man After Midnight)\t4:51<br \/>\n10A2\tABBA\u2013\tFernando\t4:16<br \/>\n10A3\tABBA\u2013\tSummer Night City\t3:36<br \/>\n10A4\tABBA\u2013\tUnder Attack\t3:50<br \/>\n10A5\tABBA\u2013\tThe Day Before You Came\t5:51<br \/>\n10B1\tABBA\u2013\tLovelight\t3:48<br \/>\n10B2\tABBA\u2013\tHappy Hawaii\t4:26<br \/>\n10B3\tABBA\u2013\tElaine\t3:47<br \/>\n10B4\tABBA\u2013\tShould I Laugh Or Cry\t4:27<br \/>\n10B5\tABBA\u2013\tPut On Your White Sombrero\t4:28<\/p>","protected":false},"excerpt":{"rendered":"<p>Label:\tPolar \u2013 0602445149476<br \/>\nFormat:<br \/>\nBox Set, 10LP Compilation<br \/>\nCountry:\tEurope<br \/>\nReleased:\t2022<\/p>","protected":false},"featured_media":23386,"template":"","meta":[],"product_cat":[23,54],"product_tag":[1025],"yoast_head":"<!-- This site is optimized with the Yoast SEO plugin v23.5 - https:\/\/yoast.com\/wordpress\/plugins\/seo\/ -->\n<title>ABBA \u200e\u2013 Vinyl Album Box Set 10LP Vinilin\u0117 Plok\u0161tel\u0117 | Vinilozona.lt<\/title>\n<meta name=\"robots\" content=\"index, follow, max-snippet:-1, max-image-preview:large, max-video-preview:-1\" \/>\n<link rel=\"canonical\" href=\"https:\/\/vinilozona.lt\/en\/parduotuve\/naujos-lp\/abba-vinyl-album-box-set-10lp\/\" \/>\n<meta property=\"og:locale\" content=\"en_GB\" \/>\n<meta property=\"og:type\" content=\"article\" \/>\n<meta property=\"og:title\" content=\"ABBA \u200e\u2013 Vinyl Album Box Set 10LP Vinilin\u0117 Plok\u0161tel\u0117 | Vinilozona.lt\" \/>\n<meta property=\"og:description\" content=\"Label: Polar \u2013 0602445149476 Format:  Box Set, 10LP Compilation Country: Europe Released: 2022\" \/>\n<meta property=\"og:url\" content=\"https:\/\/vinilozona.lt\/en\/parduotuve\/naujos-lp\/abba-vinyl-album-box-set-10lp\/\" \/>\n<meta property=\"og:site_name\" content=\"Vinilo Zona\" \/>\n<meta property=\"article:modified_time\" content=\"2025-05-28T11:09:33+00:00\" \/>\n<meta property=\"og:image\" content=\"https:\/\/vinilozona.lt\/wp-content\/uploads\/2023\/11\/abba-studio-albums-10lp-box.png\" \/>\n\t<meta property=\"og:image:width\" content=\"1000\" \/>\n\t<meta property=\"og:image:height\" content=\"1000\" \/>\n\t<meta property=\"og:image:type\" content=\"image\/png\" \/>\n<meta name=\"twitter:card\" content=\"summary_large_image\" \/>\n<meta name=\"twitter:label1\" content=\"Estimated reading time\" \/>\n\t<meta name=\"twitter:data1\" content=\"4 minutes\" \/>\n<script type=\"application\/ld+json\" class=\"yoast-schema-graph\">{\"@context\":\"https:\/\/schema.org\",\"@graph\":[{\"@type\":\"WebPage\",\"@id\":\"https:\/\/vinilozona.lt\/parduotuve\/naujos-lp\/abba-vinyl-album-box-set-10lp\/\",\"url\":\"https:\/\/vinilozona.lt\/parduotuve\/naujos-lp\/abba-vinyl-album-box-set-10lp\/\",\"name\":\"ABBA \u200e\u2013 Vinyl Album Box Set 10LP Vinilin\u0117 Plok\u0161tel\u0117 | Vinilozona.lt\",\"isPartOf\":{\"@id\":\"https:\/\/vinilozona.lt\/#website\"},\"primaryImageOfPage\":{\"@id\":\"https:\/\/vinilozona.lt\/parduotuve\/naujos-lp\/abba-vinyl-album-box-set-10lp\/#primaryimage\"},\"image\":{\"@id\":\"https:\/\/vinilozona.lt\/parduotuve\/naujos-lp\/abba-vinyl-album-box-set-10lp\/#primaryimage\"},\"thumbnailUrl\":\"https:\/\/vinilozona.lt\/wp-content\/uploads\/2023\/11\/abba-studio-albums-10lp-box.png\",\"datePublished\":\"2024-09-29T02:47:26+00:00\",\"dateModified\":\"2025-05-28T11:09:33+00:00\",\"breadcrumb\":{\"@id\":\"https:\/\/vinilozona.lt\/parduotuve\/naujos-lp\/abba-vinyl-album-box-set-10lp\/#breadcrumb\"},\"inLanguage\":\"en-GB\",\"potentialAction\":[{\"@type\":\"ReadAction\",\"target\":[\"https:\/\/vinilozona.lt\/parduotuve\/naujos-lp\/abba-vinyl-album-box-set-10lp\/\"]}]},{\"@type\":\"ImageObject\",\"inLanguage\":\"en-GB\",\"@id\":\"https:\/\/vinilozona.lt\/parduotuve\/naujos-lp\/abba-vinyl-album-box-set-10lp\/#primaryimage\",\"url\":\"https:\/\/vinilozona.lt\/wp-content\/uploads\/2023\/11\/abba-studio-albums-10lp-box.png\",\"contentUrl\":\"https:\/\/vinilozona.lt\/wp-content\/uploads\/2023\/11\/abba-studio-albums-10lp-box.png\",\"width\":1000,\"height\":1000},{\"@type\":\"BreadcrumbList\",\"@id\":\"https:\/\/vinilozona.lt\/parduotuve\/naujos-lp\/abba-vinyl-album-box-set-10lp\/#breadcrumb\",\"itemListElement\":[{\"@type\":\"ListItem\",\"position\":1,\"name\":\"Home\",\"item\":\"https:\/\/vinilozona.lt\/\"},{\"@type\":\"ListItem\",\"position\":2,\"name\":\"Parduotuv\u0117\",\"item\":\"https:\/\/vinilozona.lt\/parduotuve\/\"},{\"@type\":\"ListItem\",\"position\":3,\"name\":\"ABBA \u200e\u2013 Vinyl Album Box Set 10LP\"}]},{\"@type\":\"WebSite\",\"@id\":\"https:\/\/vinilozona.lt\/#website\",\"url\":\"https:\/\/vinilozona.lt\/\",\"name\":\"Vinilo Zona\",\"description\":\"Nup\u016bsk dulkes ir klausyk LP\",\"potentialAction\":[{\"@type\":\"SearchAction\",\"target\":{\"@type\":\"EntryPoint\",\"urlTemplate\":\"https:\/\/vinilozona.lt\/?s={search_term_string}\"},\"query-input\":{\"@type\":\"PropertyValueSpecification\",\"valueRequired\":true,\"valueName\":\"search_term_string\"}}],\"inLanguage\":\"en-GB\"}]}<\/script>\n<!-- \/ Yoast SEO plugin. -->","yoast_head_json":{"title":"ABBA \u200e\u2013 Vinyl Album Box Set 10LP Vinilin\u0117 Plok\u0161tel\u0117 | Vinilozona.lt","robots":{"index":"index","follow":"follow","max-snippet":"max-snippet:-1","max-image-preview":"max-image-preview:large","max-video-preview":"max-video-preview:-1"},"canonical":"https:\/\/vinilozona.lt\/en\/parduotuve\/naujos-lp\/abba-vinyl-album-box-set-10lp\/","og_locale":"en_GB","og_type":"article","og_title":"ABBA \u200e\u2013 Vinyl Album Box Set 10LP Vinilin\u0117 Plok\u0161tel\u0117 | Vinilozona.lt","og_description":"Label: Polar \u2013 0602445149476 Format:  Box Set, 10LP Compilation Country: Europe Released: 2022","og_url":"https:\/\/vinilozona.lt\/en\/parduotuve\/naujos-lp\/abba-vinyl-album-box-set-10lp\/","og_site_name":"Vinilo Zona","article_modified_time":"2025-05-28T11:09:33+00:00","og_image":[{"width":1000,"height":1000,"url":"https:\/\/vinilozona.lt\/wp-content\/uploads\/2023\/11\/abba-studio-albums-10lp-box.png","type":"image\/png"}],"twitter_card":"summary_large_image","twitter_misc":{"Estimated reading time":"4 minutes"},"schema":{"@context":"https:\/\/schema.org","@graph":[{"@type":"WebPage","@id":"https:\/\/vinilozona.lt\/parduotuve\/naujos-lp\/abba-vinyl-album-box-set-10lp\/","url":"https:\/\/vinilozona.lt\/parduotuve\/naujos-lp\/abba-vinyl-album-box-set-10lp\/","name":"ABBA \u200e\u2013 Vinyl Album Box Set 10LP Vinilin\u0117 Plok\u0161tel\u0117 | Vinilozona.lt","isPartOf":{"@id":"https:\/\/vinilozona.lt\/#website"},"primaryImageOfPage":{"@id":"https:\/\/vinilozona.lt\/parduotuve\/naujos-lp\/abba-vinyl-album-box-set-10lp\/#primaryimage"},"image":{"@id":"https:\/\/vinilozona.lt\/parduotuve\/naujos-lp\/abba-vinyl-album-box-set-10lp\/#primaryimage"},"thumbnailUrl":"https:\/\/vinilozona.lt\/wp-content\/uploads\/2023\/11\/abba-studio-albums-10lp-box.png","datePublished":"2024-09-29T02:47:26+00:00","dateModified":"2025-05-28T11:09:33+00:00","breadcrumb":{"@id":"https:\/\/vinilozona.lt\/parduotuve\/naujos-lp\/abba-vinyl-album-box-set-10lp\/#breadcrumb"},"inLanguage":"en-GB","potentialAction":[{"@type":"ReadAction","target":["https:\/\/vinilozona.lt\/parduotuve\/naujos-lp\/abba-vinyl-album-box-set-10lp\/"]}]},{"@type":"ImageObject","inLanguage":"en-GB","@id":"https:\/\/vinilozona.lt\/parduotuve\/naujos-lp\/abba-vinyl-album-box-set-10lp\/#primaryimage","url":"https:\/\/vinilozona.lt\/wp-content\/uploads\/2023\/11\/abba-studio-albums-10lp-box.png","contentUrl":"https:\/\/vinilozona.lt\/wp-content\/uploads\/2023\/11\/abba-studio-albums-10lp-box.png","width":1000,"height":1000},{"@type":"BreadcrumbList","@id":"https:\/\/vinilozona.lt\/parduotuve\/naujos-lp\/abba-vinyl-album-box-set-10lp\/#breadcrumb","itemListElement":[{"@type":"ListItem","position":1,"name":"Home","item":"https:\/\/vinilozona.lt\/"},{"@type":"ListItem","position":2,"name":"Parduotuv\u0117","item":"https:\/\/vinilozona.lt\/parduotuve\/"},{"@type":"ListItem","position":3,"name":"ABBA \u200e\u2013 Vinyl Album Box Set 10LP"}]},{"@type":"WebSite","@id":"https:\/\/vinilozona.lt\/#website","url":"https:\/\/vinilozona.lt\/","name":"Vinilo Zona","description":"Nup\u016bsk dulkes ir klausyk LP","potentialAction":[{"@type":"SearchAction","target":{"@type":"EntryPoint","urlTemplate":"https:\/\/vinilozona.lt\/?s={search_term_string}"},"query-input":{"@type":"PropertyValueSpecification","valueRequired":true,"valueName":"search_term_string"}}],"inLanguage":"en-GB"}]}},"_links":{"self":[{"href":"https:\/\/vinilozona.lt\/en\/wp-json\/wp\/v2\/product\/23382"}],"collection":[{"href":"https:\/\/vinilozona.lt\/en\/wp-json\/wp\/v2\/product"}],"about":[{"href":"https:\/\/vinilozona.lt\/en\/wp-json\/wp\/v2\/types\/product"}],"wp:featuredmedia":[{"embeddable":true,"href":"https:\/\/vinilozona.lt\/en\/wp-json\/wp\/v2\/media\/23386"}],"wp:attachment":[{"href":"https:\/\/vinilozona.lt\/en\/wp-json\/wp\/v2\/media?parent=23382"}],"wp:term":[{"taxonomy":"product_cat","embeddable":true,"href":"https:\/\/vinilozona.lt\/en\/wp-json\/wp\/v2\/product_cat?post=23382"},{"taxonomy":"product_tag","embeddable":true,"href":"https:\/\/vinilozona.lt\/en\/wp-json\/wp\/v2\/product_tag?post=23382"}],"curies":[{"name":"wp","href":"https:\/\/api.w.org\/{rel}","templated":true}]}}