{"id":23350,"date":"2025-03-04T05:08:45","date_gmt":"2025-03-04T03:08:45","guid":{"rendered":"https:\/\/vinilozona.lt\/?post_type=product&#038;p=23350"},"modified":"2025-06-04T21:29:56","modified_gmt":"2025-06-04T18:29:56","slug":"eric-clapton-theres-one-in-every-crowd-2","status":"publish","type":"product","link":"https:\/\/vinilozona.lt\/en\/parduotuve\/rock-pop\/eric-clapton-theres-one-in-every-crowd-2\/","title":{"rendered":"Eric Clapton \u2013 There&#8217;s One In Every Crowd"},"content":{"rendered":"<p>We&#8217;ve Been Told (Jesus Coming Soon)<br \/>\nSwing Low Sweet Chariot<br \/>\nLittle Rachel<br \/>\nDon&#8217;t Blame Me<br \/>\nThe Sky Is Crying<br \/>\nSingin&#8217; The Blues<br \/>\nBetter Make It Through Today<br \/>\nPretty Blue Eyes<br \/>\nHigh<br \/>\nOpposites<\/p>","protected":false},"excerpt":{"rendered":"<p>RSO \u2013 2479-132, RSO \u2013 2479 132<br \/>\nFormat:<br \/>\nVinyl, LP, Album, Stereo<br \/>\nCountry:\tGermany<br \/>\nReleased:\t 1975<\/p>","protected":false},"featured_media":23351,"template":"","meta":[],"product_cat":[15],"product_tag":[44],"yoast_head":"<!-- This site is optimized with the Yoast SEO plugin v23.5 - https:\/\/yoast.com\/wordpress\/plugins\/seo\/ -->\n<title>Eric Clapton \u2013 There&#039;s One In Every Crowd Vinilin\u0117 Plok\u0161tel\u0117 | Vinilozona.lt<\/title>\n<meta name=\"robots\" content=\"index, follow, max-snippet:-1, max-image-preview:large, max-video-preview:-1\" \/>\n<link rel=\"canonical\" href=\"https:\/\/vinilozona.lt\/en\/parduotuve\/rock-pop\/eric-clapton-theres-one-in-every-crowd-2\/\" \/>\n<meta property=\"og:locale\" content=\"en_GB\" \/>\n<meta property=\"og:type\" content=\"article\" \/>\n<meta property=\"og:title\" content=\"Eric Clapton \u2013 There&#039;s One In Every Crowd Vinilin\u0117 Plok\u0161tel\u0117 | Vinilozona.lt\" \/>\n<meta property=\"og:description\" content=\"RSO \u2013 2479-132, RSO \u2013 2479 132 Format:  Vinyl, LP, Album, Stereo Country: Germany Released: 1975\" \/>\n<meta property=\"og:url\" content=\"https:\/\/vinilozona.lt\/en\/parduotuve\/rock-pop\/eric-clapton-theres-one-in-every-crowd-2\/\" \/>\n<meta property=\"og:site_name\" content=\"Vinilo Zona\" \/>\n<meta property=\"article:modified_time\" content=\"2025-06-04T18:29:56+00:00\" \/>\n<meta property=\"og:image\" content=\"https:\/\/vinilozona.lt\/wp-content\/uploads\/2023\/10\/R-376939-1691834581-1065.jpg\" \/>\n\t<meta property=\"og:image:width\" content=\"600\" \/>\n\t<meta property=\"og:image:height\" content=\"597\" \/>\n\t<meta property=\"og:image:type\" content=\"image\/jpeg\" \/>\n<meta name=\"twitter:card\" content=\"summary_large_image\" \/>\n<meta name=\"twitter:label1\" content=\"Estimated reading time\" \/>\n\t<meta name=\"twitter:data1\" content=\"1 minute\" \/>\n<script type=\"application\/ld+json\" class=\"yoast-schema-graph\">{\"@context\":\"https:\/\/schema.org\",\"@graph\":[{\"@type\":\"WebPage\",\"@id\":\"https:\/\/vinilozona.lt\/parduotuve\/rock-pop\/eric-clapton-theres-one-in-every-crowd-2\/\",\"url\":\"https:\/\/vinilozona.lt\/parduotuve\/rock-pop\/eric-clapton-theres-one-in-every-crowd-2\/\",\"name\":\"Eric Clapton \u2013 There's One In Every Crowd Vinilin\u0117 Plok\u0161tel\u0117 | Vinilozona.lt\",\"isPartOf\":{\"@id\":\"https:\/\/vinilozona.lt\/#website\"},\"primaryImageOfPage\":{\"@id\":\"https:\/\/vinilozona.lt\/parduotuve\/rock-pop\/eric-clapton-theres-one-in-every-crowd-2\/#primaryimage\"},\"image\":{\"@id\":\"https:\/\/vinilozona.lt\/parduotuve\/rock-pop\/eric-clapton-theres-one-in-every-crowd-2\/#primaryimage\"},\"thumbnailUrl\":\"https:\/\/vinilozona.lt\/wp-content\/uploads\/2023\/10\/R-376939-1691834581-1065.jpg\",\"datePublished\":\"2025-03-04T03:08:45+00:00\",\"dateModified\":\"2025-06-04T18:29:56+00:00\",\"breadcrumb\":{\"@id\":\"https:\/\/vinilozona.lt\/parduotuve\/rock-pop\/eric-clapton-theres-one-in-every-crowd-2\/#breadcrumb\"},\"inLanguage\":\"en-GB\",\"potentialAction\":[{\"@type\":\"ReadAction\",\"target\":[\"https:\/\/vinilozona.lt\/parduotuve\/rock-pop\/eric-clapton-theres-one-in-every-crowd-2\/\"]}]},{\"@type\":\"ImageObject\",\"inLanguage\":\"en-GB\",\"@id\":\"https:\/\/vinilozona.lt\/parduotuve\/rock-pop\/eric-clapton-theres-one-in-every-crowd-2\/#primaryimage\",\"url\":\"https:\/\/vinilozona.lt\/wp-content\/uploads\/2023\/10\/R-376939-1691834581-1065.jpg\",\"contentUrl\":\"https:\/\/vinilozona.lt\/wp-content\/uploads\/2023\/10\/R-376939-1691834581-1065.jpg\",\"width\":600,\"height\":597},{\"@type\":\"BreadcrumbList\",\"@id\":\"https:\/\/vinilozona.lt\/parduotuve\/rock-pop\/eric-clapton-theres-one-in-every-crowd-2\/#breadcrumb\",\"itemListElement\":[{\"@type\":\"ListItem\",\"position\":1,\"name\":\"Home\",\"item\":\"https:\/\/vinilozona.lt\/\"},{\"@type\":\"ListItem\",\"position\":2,\"name\":\"Parduotuv\u0117\",\"item\":\"https:\/\/vinilozona.lt\/parduotuve\/\"},{\"@type\":\"ListItem\",\"position\":3,\"name\":\"Eric Clapton \u2013 There&#8217;s One In Every Crowd\"}]},{\"@type\":\"WebSite\",\"@id\":\"https:\/\/vinilozona.lt\/#website\",\"url\":\"https:\/\/vinilozona.lt\/\",\"name\":\"Vinilo Zona\",\"description\":\"Nup\u016bsk dulkes ir klausyk LP\",\"potentialAction\":[{\"@type\":\"SearchAction\",\"target\":{\"@type\":\"EntryPoint\",\"urlTemplate\":\"https:\/\/vinilozona.lt\/?s={search_term_string}\"},\"query-input\":{\"@type\":\"PropertyValueSpecification\",\"valueRequired\":true,\"valueName\":\"search_term_string\"}}],\"inLanguage\":\"en-GB\"}]}<\/script>\n<!-- \/ Yoast SEO plugin. -->","yoast_head_json":{"title":"Eric Clapton \u2013 There's One In Every Crowd Vinilin\u0117 Plok\u0161tel\u0117 | Vinilozona.lt","robots":{"index":"index","follow":"follow","max-snippet":"max-snippet:-1","max-image-preview":"max-image-preview:large","max-video-preview":"max-video-preview:-1"},"canonical":"https:\/\/vinilozona.lt\/en\/parduotuve\/rock-pop\/eric-clapton-theres-one-in-every-crowd-2\/","og_locale":"en_GB","og_type":"article","og_title":"Eric Clapton \u2013 There's One In Every Crowd Vinilin\u0117 Plok\u0161tel\u0117 | Vinilozona.lt","og_description":"RSO \u2013 2479-132, RSO \u2013 2479 132 Format:  Vinyl, LP, Album, Stereo Country: Germany Released: 1975","og_url":"https:\/\/vinilozona.lt\/en\/parduotuve\/rock-pop\/eric-clapton-theres-one-in-every-crowd-2\/","og_site_name":"Vinilo Zona","article_modified_time":"2025-06-04T18:29:56+00:00","og_image":[{"width":600,"height":597,"url":"https:\/\/vinilozona.lt\/wp-content\/uploads\/2023\/10\/R-376939-1691834581-1065.jpg","type":"image\/jpeg"}],"twitter_card":"summary_large_image","twitter_misc":{"Estimated reading time":"1 minute"},"schema":{"@context":"https:\/\/schema.org","@graph":[{"@type":"WebPage","@id":"https:\/\/vinilozona.lt\/parduotuve\/rock-pop\/eric-clapton-theres-one-in-every-crowd-2\/","url":"https:\/\/vinilozona.lt\/parduotuve\/rock-pop\/eric-clapton-theres-one-in-every-crowd-2\/","name":"Eric Clapton \u2013 There's One In Every Crowd Vinilin\u0117 Plok\u0161tel\u0117 | Vinilozona.lt","isPartOf":{"@id":"https:\/\/vinilozona.lt\/#website"},"primaryImageOfPage":{"@id":"https:\/\/vinilozona.lt\/parduotuve\/rock-pop\/eric-clapton-theres-one-in-every-crowd-2\/#primaryimage"},"image":{"@id":"https:\/\/vinilozona.lt\/parduotuve\/rock-pop\/eric-clapton-theres-one-in-every-crowd-2\/#primaryimage"},"thumbnailUrl":"https:\/\/vinilozona.lt\/wp-content\/uploads\/2023\/10\/R-376939-1691834581-1065.jpg","datePublished":"2025-03-04T03:08:45+00:00","dateModified":"2025-06-04T18:29:56+00:00","breadcrumb":{"@id":"https:\/\/vinilozona.lt\/parduotuve\/rock-pop\/eric-clapton-theres-one-in-every-crowd-2\/#breadcrumb"},"inLanguage":"en-GB","potentialAction":[{"@type":"ReadAction","target":["https:\/\/vinilozona.lt\/parduotuve\/rock-pop\/eric-clapton-theres-one-in-every-crowd-2\/"]}]},{"@type":"ImageObject","inLanguage":"en-GB","@id":"https:\/\/vinilozona.lt\/parduotuve\/rock-pop\/eric-clapton-theres-one-in-every-crowd-2\/#primaryimage","url":"https:\/\/vinilozona.lt\/wp-content\/uploads\/2023\/10\/R-376939-1691834581-1065.jpg","contentUrl":"https:\/\/vinilozona.lt\/wp-content\/uploads\/2023\/10\/R-376939-1691834581-1065.jpg","width":600,"height":597},{"@type":"BreadcrumbList","@id":"https:\/\/vinilozona.lt\/parduotuve\/rock-pop\/eric-clapton-theres-one-in-every-crowd-2\/#breadcrumb","itemListElement":[{"@type":"ListItem","position":1,"name":"Home","item":"https:\/\/vinilozona.lt\/"},{"@type":"ListItem","position":2,"name":"Parduotuv\u0117","item":"https:\/\/vinilozona.lt\/parduotuve\/"},{"@type":"ListItem","position":3,"name":"Eric Clapton \u2013 There&#8217;s One In Every Crowd"}]},{"@type":"WebSite","@id":"https:\/\/vinilozona.lt\/#website","url":"https:\/\/vinilozona.lt\/","name":"Vinilo Zona","description":"Nup\u016bsk dulkes ir klausyk LP","potentialAction":[{"@type":"SearchAction","target":{"@type":"EntryPoint","urlTemplate":"https:\/\/vinilozona.lt\/?s={search_term_string}"},"query-input":{"@type":"PropertyValueSpecification","valueRequired":true,"valueName":"search_term_string"}}],"inLanguage":"en-GB"}]}},"_links":{"self":[{"href":"https:\/\/vinilozona.lt\/en\/wp-json\/wp\/v2\/product\/23350"}],"collection":[{"href":"https:\/\/vinilozona.lt\/en\/wp-json\/wp\/v2\/product"}],"about":[{"href":"https:\/\/vinilozona.lt\/en\/wp-json\/wp\/v2\/types\/product"}],"wp:featuredmedia":[{"embeddable":true,"href":"https:\/\/vinilozona.lt\/en\/wp-json\/wp\/v2\/media\/23351"}],"wp:attachment":[{"href":"https:\/\/vinilozona.lt\/en\/wp-json\/wp\/v2\/media?parent=23350"}],"wp:term":[{"taxonomy":"product_cat","embeddable":true,"href":"https:\/\/vinilozona.lt\/en\/wp-json\/wp\/v2\/product_cat?post=23350"},{"taxonomy":"product_tag","embeddable":true,"href":"https:\/\/vinilozona.lt\/en\/wp-json\/wp\/v2\/product_tag?post=23350"}],"curies":[{"name":"wp","href":"https:\/\/api.w.org\/{rel}","templated":true}]}}