{"id":2335,"date":"2020-01-02T22:10:51","date_gmt":"2020-01-02T20:10:51","guid":{"rendered":"https:\/\/vinylhome.lt\/?post_type=product&#038;p=2335"},"modified":"2023-11-24T16:20:35","modified_gmt":"2023-11-24T14:20:35","slug":"maironis-kauno-valstybinis-choras-dirigentas-p-bingelis-%e2%80%8e-chorai-kur-bega-sesupe","status":"publish","type":"product","link":"https:\/\/vinilozona.lt\/en\/parduotuve\/lietuviska\/maironis-kauno-valstybinis-choras-dirigentas-p-bingelis-%e2%80%8e-chorai-kur-bega-sesupe\/","title":{"rendered":"Maironis &#8211; Kauno Valstybinis Choras , Dirigentas P. Bingelis \u200e\u2013 Chorai. Kur B\u0117ga \u0160e\u0161up\u0117&#8230;"},"content":{"rendered":"<p>U\u017e Raseini\u0173 Ant Dubysos<br \/>\nVasaros Naktys<br \/>\nAr Skauda Man \u0160ird\u012f?<br \/>\nKur B\u0117ga \u0160e\u0161up\u0117<br \/>\nPutino Daina<br \/>\nLietuva Brangi<br \/>\nPavasaris<br \/>\nMi\u0161kas \u016a\u017eia<br \/>\nJaunimo Giesm\u0117<br \/>\nU\u017emigo \u017eem\u0117<br \/>\nBurtai<br \/>\nMan Li\u016bdna<\/p>","protected":false},"excerpt":{"rendered":"<p>C10 28161 007<\/p>","protected":false},"featured_media":2336,"template":"","meta":[],"product_cat":[19],"product_tag":[55],"yoast_head":"<!-- This site is optimized with the Yoast SEO plugin v23.5 - https:\/\/yoast.com\/wordpress\/plugins\/seo\/ -->\n<title>Maironis - Kauno Valstybinis Choras , Dirigentas P. Bingelis \u200e\u2013 Chorai. Kur B\u0117ga \u0160e\u0161up\u0117... Vinilin\u0117 Plok\u0161tel\u0117 | Vinilozona.lt<\/title>\n<meta name=\"robots\" content=\"index, follow, max-snippet:-1, max-image-preview:large, max-video-preview:-1\" \/>\n<link rel=\"canonical\" href=\"https:\/\/vinilozona.lt\/en\/parduotuve\/lietuviska\/maironis-kauno-valstybinis-choras-dirigentas-p-bingelis-\u200e-chorai-kur-bega-sesupe\/\" \/>\n<meta property=\"og:locale\" content=\"en_GB\" \/>\n<meta property=\"og:type\" content=\"article\" \/>\n<meta property=\"og:title\" content=\"Maironis - Kauno Valstybinis Choras , Dirigentas P. Bingelis \u200e\u2013 Chorai. Kur B\u0117ga \u0160e\u0161up\u0117... Vinilin\u0117 Plok\u0161tel\u0117 | Vinilozona.lt\" \/>\n<meta property=\"og:description\" content=\"C10 28161 007\" \/>\n<meta property=\"og:url\" content=\"https:\/\/vinilozona.lt\/en\/parduotuve\/lietuviska\/maironis-kauno-valstybinis-choras-dirigentas-p-bingelis-\u200e-chorai-kur-bega-sesupe\/\" \/>\n<meta property=\"og:site_name\" content=\"Vinilo Zona\" \/>\n<meta property=\"article:modified_time\" content=\"2023-11-24T14:20:35+00:00\" \/>\n<meta property=\"og:image\" content=\"https:\/\/vinilozona.lt\/wp-content\/uploads\/2020\/01\/maironis-kauno-valstybinis-choras-dirigentas-p-bingelis-chorai-kur-bega-sesupe-1.jpg\" \/>\n\t<meta property=\"og:image:width\" content=\"640\" \/>\n\t<meta property=\"og:image:height\" content=\"480\" \/>\n\t<meta property=\"og:image:type\" content=\"image\/jpeg\" \/>\n<meta name=\"twitter:card\" content=\"summary_large_image\" \/>\n<script type=\"application\/ld+json\" class=\"yoast-schema-graph\">{\"@context\":\"https:\/\/schema.org\",\"@graph\":[{\"@type\":\"WebPage\",\"@id\":\"https:\/\/vinilozona.lt\/parduotuve\/lietuviska\/maironis-kauno-valstybinis-choras-dirigentas-p-bingelis-%e2%80%8e-chorai-kur-bega-sesupe\/\",\"url\":\"https:\/\/vinilozona.lt\/parduotuve\/lietuviska\/maironis-kauno-valstybinis-choras-dirigentas-p-bingelis-%e2%80%8e-chorai-kur-bega-sesupe\/\",\"name\":\"Maironis - Kauno Valstybinis Choras , Dirigentas P. Bingelis \u200e\u2013 Chorai. Kur B\u0117ga \u0160e\u0161up\u0117... Vinilin\u0117 Plok\u0161tel\u0117 | Vinilozona.lt\",\"isPartOf\":{\"@id\":\"https:\/\/vinilozona.lt\/#website\"},\"primaryImageOfPage\":{\"@id\":\"https:\/\/vinilozona.lt\/parduotuve\/lietuviska\/maironis-kauno-valstybinis-choras-dirigentas-p-bingelis-%e2%80%8e-chorai-kur-bega-sesupe\/#primaryimage\"},\"image\":{\"@id\":\"https:\/\/vinilozona.lt\/parduotuve\/lietuviska\/maironis-kauno-valstybinis-choras-dirigentas-p-bingelis-%e2%80%8e-chorai-kur-bega-sesupe\/#primaryimage\"},\"thumbnailUrl\":\"https:\/\/vinilozona.lt\/wp-content\/uploads\/2020\/01\/maironis-kauno-valstybinis-choras-dirigentas-p-bingelis-chorai-kur-bega-sesupe-1.jpg\",\"datePublished\":\"2020-01-02T20:10:51+00:00\",\"dateModified\":\"2023-11-24T14:20:35+00:00\",\"breadcrumb\":{\"@id\":\"https:\/\/vinilozona.lt\/parduotuve\/lietuviska\/maironis-kauno-valstybinis-choras-dirigentas-p-bingelis-%e2%80%8e-chorai-kur-bega-sesupe\/#breadcrumb\"},\"inLanguage\":\"en-GB\",\"potentialAction\":[{\"@type\":\"ReadAction\",\"target\":[\"https:\/\/vinilozona.lt\/parduotuve\/lietuviska\/maironis-kauno-valstybinis-choras-dirigentas-p-bingelis-%e2%80%8e-chorai-kur-bega-sesupe\/\"]}]},{\"@type\":\"ImageObject\",\"inLanguage\":\"en-GB\",\"@id\":\"https:\/\/vinilozona.lt\/parduotuve\/lietuviska\/maironis-kauno-valstybinis-choras-dirigentas-p-bingelis-%e2%80%8e-chorai-kur-bega-sesupe\/#primaryimage\",\"url\":\"https:\/\/vinilozona.lt\/wp-content\/uploads\/2020\/01\/maironis-kauno-valstybinis-choras-dirigentas-p-bingelis-chorai-kur-bega-sesupe-1.jpg\",\"contentUrl\":\"https:\/\/vinilozona.lt\/wp-content\/uploads\/2020\/01\/maironis-kauno-valstybinis-choras-dirigentas-p-bingelis-chorai-kur-bega-sesupe-1.jpg\",\"width\":640,\"height\":480},{\"@type\":\"BreadcrumbList\",\"@id\":\"https:\/\/vinilozona.lt\/parduotuve\/lietuviska\/maironis-kauno-valstybinis-choras-dirigentas-p-bingelis-%e2%80%8e-chorai-kur-bega-sesupe\/#breadcrumb\",\"itemListElement\":[{\"@type\":\"ListItem\",\"position\":1,\"name\":\"Home\",\"item\":\"https:\/\/vinilozona.lt\/\"},{\"@type\":\"ListItem\",\"position\":2,\"name\":\"Parduotuv\u0117\",\"item\":\"https:\/\/vinilozona.lt\/parduotuve\/\"},{\"@type\":\"ListItem\",\"position\":3,\"name\":\"Maironis &#8211; Kauno Valstybinis Choras , Dirigentas P. Bingelis \u200e\u2013 Chorai. Kur B\u0117ga \u0160e\u0161up\u0117&#8230;\"}]},{\"@type\":\"WebSite\",\"@id\":\"https:\/\/vinilozona.lt\/#website\",\"url\":\"https:\/\/vinilozona.lt\/\",\"name\":\"Vinilo Zona\",\"description\":\"Nup\u016bsk dulkes ir klausyk LP\",\"potentialAction\":[{\"@type\":\"SearchAction\",\"target\":{\"@type\":\"EntryPoint\",\"urlTemplate\":\"https:\/\/vinilozona.lt\/?s={search_term_string}\"},\"query-input\":{\"@type\":\"PropertyValueSpecification\",\"valueRequired\":true,\"valueName\":\"search_term_string\"}}],\"inLanguage\":\"en-GB\"}]}<\/script>\n<!-- \/ Yoast SEO plugin. -->","yoast_head_json":{"title":"Maironis - Kauno Valstybinis Choras , Dirigentas P. Bingelis \u200e\u2013 Chorai. Kur B\u0117ga \u0160e\u0161up\u0117... Vinilin\u0117 Plok\u0161tel\u0117 | Vinilozona.lt","robots":{"index":"index","follow":"follow","max-snippet":"max-snippet:-1","max-image-preview":"max-image-preview:large","max-video-preview":"max-video-preview:-1"},"canonical":"https:\/\/vinilozona.lt\/en\/parduotuve\/lietuviska\/maironis-kauno-valstybinis-choras-dirigentas-p-bingelis-\u200e-chorai-kur-bega-sesupe\/","og_locale":"en_GB","og_type":"article","og_title":"Maironis - Kauno Valstybinis Choras , Dirigentas P. Bingelis \u200e\u2013 Chorai. Kur B\u0117ga \u0160e\u0161up\u0117... Vinilin\u0117 Plok\u0161tel\u0117 | Vinilozona.lt","og_description":"C10 28161 007","og_url":"https:\/\/vinilozona.lt\/en\/parduotuve\/lietuviska\/maironis-kauno-valstybinis-choras-dirigentas-p-bingelis-\u200e-chorai-kur-bega-sesupe\/","og_site_name":"Vinilo Zona","article_modified_time":"2023-11-24T14:20:35+00:00","og_image":[{"width":640,"height":480,"url":"https:\/\/vinilozona.lt\/wp-content\/uploads\/2020\/01\/maironis-kauno-valstybinis-choras-dirigentas-p-bingelis-chorai-kur-bega-sesupe-1.jpg","type":"image\/jpeg"}],"twitter_card":"summary_large_image","schema":{"@context":"https:\/\/schema.org","@graph":[{"@type":"WebPage","@id":"https:\/\/vinilozona.lt\/parduotuve\/lietuviska\/maironis-kauno-valstybinis-choras-dirigentas-p-bingelis-%e2%80%8e-chorai-kur-bega-sesupe\/","url":"https:\/\/vinilozona.lt\/parduotuve\/lietuviska\/maironis-kauno-valstybinis-choras-dirigentas-p-bingelis-%e2%80%8e-chorai-kur-bega-sesupe\/","name":"Maironis - Kauno Valstybinis Choras , Dirigentas P. Bingelis \u200e\u2013 Chorai. Kur B\u0117ga \u0160e\u0161up\u0117... Vinilin\u0117 Plok\u0161tel\u0117 | Vinilozona.lt","isPartOf":{"@id":"https:\/\/vinilozona.lt\/#website"},"primaryImageOfPage":{"@id":"https:\/\/vinilozona.lt\/parduotuve\/lietuviska\/maironis-kauno-valstybinis-choras-dirigentas-p-bingelis-%e2%80%8e-chorai-kur-bega-sesupe\/#primaryimage"},"image":{"@id":"https:\/\/vinilozona.lt\/parduotuve\/lietuviska\/maironis-kauno-valstybinis-choras-dirigentas-p-bingelis-%e2%80%8e-chorai-kur-bega-sesupe\/#primaryimage"},"thumbnailUrl":"https:\/\/vinilozona.lt\/wp-content\/uploads\/2020\/01\/maironis-kauno-valstybinis-choras-dirigentas-p-bingelis-chorai-kur-bega-sesupe-1.jpg","datePublished":"2020-01-02T20:10:51+00:00","dateModified":"2023-11-24T14:20:35+00:00","breadcrumb":{"@id":"https:\/\/vinilozona.lt\/parduotuve\/lietuviska\/maironis-kauno-valstybinis-choras-dirigentas-p-bingelis-%e2%80%8e-chorai-kur-bega-sesupe\/#breadcrumb"},"inLanguage":"en-GB","potentialAction":[{"@type":"ReadAction","target":["https:\/\/vinilozona.lt\/parduotuve\/lietuviska\/maironis-kauno-valstybinis-choras-dirigentas-p-bingelis-%e2%80%8e-chorai-kur-bega-sesupe\/"]}]},{"@type":"ImageObject","inLanguage":"en-GB","@id":"https:\/\/vinilozona.lt\/parduotuve\/lietuviska\/maironis-kauno-valstybinis-choras-dirigentas-p-bingelis-%e2%80%8e-chorai-kur-bega-sesupe\/#primaryimage","url":"https:\/\/vinilozona.lt\/wp-content\/uploads\/2020\/01\/maironis-kauno-valstybinis-choras-dirigentas-p-bingelis-chorai-kur-bega-sesupe-1.jpg","contentUrl":"https:\/\/vinilozona.lt\/wp-content\/uploads\/2020\/01\/maironis-kauno-valstybinis-choras-dirigentas-p-bingelis-chorai-kur-bega-sesupe-1.jpg","width":640,"height":480},{"@type":"BreadcrumbList","@id":"https:\/\/vinilozona.lt\/parduotuve\/lietuviska\/maironis-kauno-valstybinis-choras-dirigentas-p-bingelis-%e2%80%8e-chorai-kur-bega-sesupe\/#breadcrumb","itemListElement":[{"@type":"ListItem","position":1,"name":"Home","item":"https:\/\/vinilozona.lt\/"},{"@type":"ListItem","position":2,"name":"Parduotuv\u0117","item":"https:\/\/vinilozona.lt\/parduotuve\/"},{"@type":"ListItem","position":3,"name":"Maironis &#8211; Kauno Valstybinis Choras , Dirigentas P. Bingelis \u200e\u2013 Chorai. Kur B\u0117ga \u0160e\u0161up\u0117&#8230;"}]},{"@type":"WebSite","@id":"https:\/\/vinilozona.lt\/#website","url":"https:\/\/vinilozona.lt\/","name":"Vinilo Zona","description":"Nup\u016bsk dulkes ir klausyk LP","potentialAction":[{"@type":"SearchAction","target":{"@type":"EntryPoint","urlTemplate":"https:\/\/vinilozona.lt\/?s={search_term_string}"},"query-input":{"@type":"PropertyValueSpecification","valueRequired":true,"valueName":"search_term_string"}}],"inLanguage":"en-GB"}]}},"_links":{"self":[{"href":"https:\/\/vinilozona.lt\/en\/wp-json\/wp\/v2\/product\/2335"}],"collection":[{"href":"https:\/\/vinilozona.lt\/en\/wp-json\/wp\/v2\/product"}],"about":[{"href":"https:\/\/vinilozona.lt\/en\/wp-json\/wp\/v2\/types\/product"}],"wp:featuredmedia":[{"embeddable":true,"href":"https:\/\/vinilozona.lt\/en\/wp-json\/wp\/v2\/media\/2336"}],"wp:attachment":[{"href":"https:\/\/vinilozona.lt\/en\/wp-json\/wp\/v2\/media?parent=2335"}],"wp:term":[{"taxonomy":"product_cat","embeddable":true,"href":"https:\/\/vinilozona.lt\/en\/wp-json\/wp\/v2\/product_cat?post=2335"},{"taxonomy":"product_tag","embeddable":true,"href":"https:\/\/vinilozona.lt\/en\/wp-json\/wp\/v2\/product_tag?post=2335"}],"curies":[{"name":"wp","href":"https:\/\/api.w.org\/{rel}","templated":true}]}}