{"id":23319,"date":"2024-09-27T05:04:35","date_gmt":"2024-09-27T02:04:35","guid":{"rendered":"https:\/\/vinilozona.lt\/?post_type=product&#038;p=23319"},"modified":"2026-03-15T20:56:12","modified_gmt":"2026-03-15T18:56:12","slug":"rolling-stones-bridges-to-babylon-cd","status":"publish","type":"product","link":"https:\/\/vinilozona.lt\/en\/parduotuve\/cd\/naudoti-cd\/rolling-stones-bridges-to-babylon-cd\/","title":{"rendered":"The Rolling Stones \u2013 Hot Rocks 1964-1971 2CD"},"content":{"rendered":"<p>1.01\t\tTime Is On My Side  2:50<br \/>\n1.02\t\tHeart Of Stone\t2:46<br \/>\n1.03\t\tPlay With Fire  2:13<br \/>\n1.04\t\t(I Can&#8217;t Get No) Satisfaction\t3:43<br \/>\n1.05\t\tAs Tears Go By  2:43<br \/>\n1.06\t\tGet Off Of My Cloud\t2:57<br \/>\n1.07\t\tMother&#8217;s Little Helper\t2:46<br \/>\n1.08\t\t19th Nervous Breakdown\t3:57<br \/>\n1.09\t\tPaint It Black\t3:46<br \/>\n1.10\t\tUnder My Thumb\t3:40<br \/>\n1.11\t\tRuby Tuesday\t3:16<br \/>\n1.12\t\tLet&#8217;s Spend The Night Together\t3:38<br \/>\n2.01\t\tJumpin&#8217; Jack Flash\t3:42<br \/>\n2.02\t\tStreet Fighting Man\t3:17<br \/>\n2.03\t\tSympathy For The Devil\t6:24<br \/>\n2.04\t\tHonky Tonk Women\t3:00<br \/>\n2.05\t\tGimme Shelter\t4:33<br \/>\n2.06\t\tMidnight Rambler (Live)  9:12<br \/>\n2.07\t\tYou Can&#8217;t Always Get What You Want\t7:29<br \/>\n2.08\t\tBrown Sugar\t3:49<br \/>\n2.09\t\tWild Horses\t5:42<\/p>","protected":false},"excerpt":{"rendered":"<p>ABKCO \u2013 844 475-2, London Records \u2013 844 475-2<br \/>\nFormat:<br \/>\n2 x CD, Compilation, Reissue, Remastered<br \/>\nCountry:\tEurope<\/p>","protected":false},"featured_media":25845,"template":"","meta":[],"product_cat":[24,946],"product_tag":[44],"yoast_head":"<!-- This site is optimized with the Yoast SEO plugin v23.5 - https:\/\/yoast.com\/wordpress\/plugins\/seo\/ -->\n<title>The Rolling Stones \u2013 Hot Rocks 1964-1971 2CD Vinilin\u0117 Plok\u0161tel\u0117 | Vinilozona.lt<\/title>\n<meta name=\"robots\" content=\"index, follow, max-snippet:-1, max-image-preview:large, max-video-preview:-1\" \/>\n<link rel=\"canonical\" href=\"https:\/\/vinilozona.lt\/en\/parduotuve\/cd\/naudoti-cd\/rolling-stones-bridges-to-babylon-cd\/\" \/>\n<meta property=\"og:locale\" content=\"en_GB\" \/>\n<meta property=\"og:type\" content=\"article\" \/>\n<meta property=\"og:title\" content=\"The Rolling Stones \u2013 Hot Rocks 1964-1971 2CD Vinilin\u0117 Plok\u0161tel\u0117 | Vinilozona.lt\" \/>\n<meta property=\"og:description\" content=\"ABKCO \u2013 844 475-2, London Records \u2013 844 475-2 Format:  2 x CD, Compilation, Reissue, Remastered Country: Europe\" \/>\n<meta property=\"og:url\" content=\"https:\/\/vinilozona.lt\/en\/parduotuve\/cd\/naudoti-cd\/rolling-stones-bridges-to-babylon-cd\/\" \/>\n<meta property=\"og:site_name\" content=\"Vinilo Zona\" \/>\n<meta property=\"article:modified_time\" content=\"2026-03-15T18:56:12+00:00\" \/>\n<meta property=\"og:image\" content=\"https:\/\/vinilozona.lt\/wp-content\/uploads\/2023\/10\/R-435459-1191362701.jpg\" \/>\n\t<meta property=\"og:image:width\" content=\"600\" \/>\n\t<meta property=\"og:image:height\" content=\"505\" \/>\n\t<meta property=\"og:image:type\" content=\"image\/jpeg\" \/>\n<meta name=\"twitter:card\" content=\"summary_large_image\" \/>\n<script type=\"application\/ld+json\" class=\"yoast-schema-graph\">{\"@context\":\"https:\/\/schema.org\",\"@graph\":[{\"@type\":\"WebPage\",\"@id\":\"https:\/\/vinilozona.lt\/parduotuve\/cd\/naudoti-cd\/rolling-stones-bridges-to-babylon-cd\/\",\"url\":\"https:\/\/vinilozona.lt\/parduotuve\/cd\/naudoti-cd\/rolling-stones-bridges-to-babylon-cd\/\",\"name\":\"The Rolling Stones \u2013 Hot Rocks 1964-1971 2CD Vinilin\u0117 Plok\u0161tel\u0117 | Vinilozona.lt\",\"isPartOf\":{\"@id\":\"https:\/\/vinilozona.lt\/#website\"},\"primaryImageOfPage\":{\"@id\":\"https:\/\/vinilozona.lt\/parduotuve\/cd\/naudoti-cd\/rolling-stones-bridges-to-babylon-cd\/#primaryimage\"},\"image\":{\"@id\":\"https:\/\/vinilozona.lt\/parduotuve\/cd\/naudoti-cd\/rolling-stones-bridges-to-babylon-cd\/#primaryimage\"},\"thumbnailUrl\":\"https:\/\/vinilozona.lt\/wp-content\/uploads\/2023\/10\/R-435459-1191362701.jpg\",\"datePublished\":\"2024-09-27T02:04:35+00:00\",\"dateModified\":\"2026-03-15T18:56:12+00:00\",\"breadcrumb\":{\"@id\":\"https:\/\/vinilozona.lt\/parduotuve\/cd\/naudoti-cd\/rolling-stones-bridges-to-babylon-cd\/#breadcrumb\"},\"inLanguage\":\"en-GB\",\"potentialAction\":[{\"@type\":\"ReadAction\",\"target\":[\"https:\/\/vinilozona.lt\/parduotuve\/cd\/naudoti-cd\/rolling-stones-bridges-to-babylon-cd\/\"]}]},{\"@type\":\"ImageObject\",\"inLanguage\":\"en-GB\",\"@id\":\"https:\/\/vinilozona.lt\/parduotuve\/cd\/naudoti-cd\/rolling-stones-bridges-to-babylon-cd\/#primaryimage\",\"url\":\"https:\/\/vinilozona.lt\/wp-content\/uploads\/2023\/10\/R-435459-1191362701.jpg\",\"contentUrl\":\"https:\/\/vinilozona.lt\/wp-content\/uploads\/2023\/10\/R-435459-1191362701.jpg\",\"width\":600,\"height\":505},{\"@type\":\"BreadcrumbList\",\"@id\":\"https:\/\/vinilozona.lt\/parduotuve\/cd\/naudoti-cd\/rolling-stones-bridges-to-babylon-cd\/#breadcrumb\",\"itemListElement\":[{\"@type\":\"ListItem\",\"position\":1,\"name\":\"Home\",\"item\":\"https:\/\/vinilozona.lt\/\"},{\"@type\":\"ListItem\",\"position\":2,\"name\":\"Parduotuv\u0117\",\"item\":\"https:\/\/vinilozona.lt\/parduotuve\/\"},{\"@type\":\"ListItem\",\"position\":3,\"name\":\"The Rolling Stones \u2013 Hot Rocks 1964-1971 2CD\"}]},{\"@type\":\"WebSite\",\"@id\":\"https:\/\/vinilozona.lt\/#website\",\"url\":\"https:\/\/vinilozona.lt\/\",\"name\":\"Vinilo Zona\",\"description\":\"Nup\u016bsk dulkes ir klausyk LP\",\"potentialAction\":[{\"@type\":\"SearchAction\",\"target\":{\"@type\":\"EntryPoint\",\"urlTemplate\":\"https:\/\/vinilozona.lt\/?s={search_term_string}\"},\"query-input\":{\"@type\":\"PropertyValueSpecification\",\"valueRequired\":true,\"valueName\":\"search_term_string\"}}],\"inLanguage\":\"en-GB\"}]}<\/script>\n<!-- \/ Yoast SEO plugin. -->","yoast_head_json":{"title":"The Rolling Stones \u2013 Hot Rocks 1964-1971 2CD Vinilin\u0117 Plok\u0161tel\u0117 | Vinilozona.lt","robots":{"index":"index","follow":"follow","max-snippet":"max-snippet:-1","max-image-preview":"max-image-preview:large","max-video-preview":"max-video-preview:-1"},"canonical":"https:\/\/vinilozona.lt\/en\/parduotuve\/cd\/naudoti-cd\/rolling-stones-bridges-to-babylon-cd\/","og_locale":"en_GB","og_type":"article","og_title":"The Rolling Stones \u2013 Hot Rocks 1964-1971 2CD Vinilin\u0117 Plok\u0161tel\u0117 | Vinilozona.lt","og_description":"ABKCO \u2013 844 475-2, London Records \u2013 844 475-2 Format:  2 x CD, Compilation, Reissue, Remastered Country: Europe","og_url":"https:\/\/vinilozona.lt\/en\/parduotuve\/cd\/naudoti-cd\/rolling-stones-bridges-to-babylon-cd\/","og_site_name":"Vinilo Zona","article_modified_time":"2026-03-15T18:56:12+00:00","og_image":[{"width":600,"height":505,"url":"https:\/\/vinilozona.lt\/wp-content\/uploads\/2023\/10\/R-435459-1191362701.jpg","type":"image\/jpeg"}],"twitter_card":"summary_large_image","schema":{"@context":"https:\/\/schema.org","@graph":[{"@type":"WebPage","@id":"https:\/\/vinilozona.lt\/parduotuve\/cd\/naudoti-cd\/rolling-stones-bridges-to-babylon-cd\/","url":"https:\/\/vinilozona.lt\/parduotuve\/cd\/naudoti-cd\/rolling-stones-bridges-to-babylon-cd\/","name":"The Rolling Stones \u2013 Hot Rocks 1964-1971 2CD Vinilin\u0117 Plok\u0161tel\u0117 | Vinilozona.lt","isPartOf":{"@id":"https:\/\/vinilozona.lt\/#website"},"primaryImageOfPage":{"@id":"https:\/\/vinilozona.lt\/parduotuve\/cd\/naudoti-cd\/rolling-stones-bridges-to-babylon-cd\/#primaryimage"},"image":{"@id":"https:\/\/vinilozona.lt\/parduotuve\/cd\/naudoti-cd\/rolling-stones-bridges-to-babylon-cd\/#primaryimage"},"thumbnailUrl":"https:\/\/vinilozona.lt\/wp-content\/uploads\/2023\/10\/R-435459-1191362701.jpg","datePublished":"2024-09-27T02:04:35+00:00","dateModified":"2026-03-15T18:56:12+00:00","breadcrumb":{"@id":"https:\/\/vinilozona.lt\/parduotuve\/cd\/naudoti-cd\/rolling-stones-bridges-to-babylon-cd\/#breadcrumb"},"inLanguage":"en-GB","potentialAction":[{"@type":"ReadAction","target":["https:\/\/vinilozona.lt\/parduotuve\/cd\/naudoti-cd\/rolling-stones-bridges-to-babylon-cd\/"]}]},{"@type":"ImageObject","inLanguage":"en-GB","@id":"https:\/\/vinilozona.lt\/parduotuve\/cd\/naudoti-cd\/rolling-stones-bridges-to-babylon-cd\/#primaryimage","url":"https:\/\/vinilozona.lt\/wp-content\/uploads\/2023\/10\/R-435459-1191362701.jpg","contentUrl":"https:\/\/vinilozona.lt\/wp-content\/uploads\/2023\/10\/R-435459-1191362701.jpg","width":600,"height":505},{"@type":"BreadcrumbList","@id":"https:\/\/vinilozona.lt\/parduotuve\/cd\/naudoti-cd\/rolling-stones-bridges-to-babylon-cd\/#breadcrumb","itemListElement":[{"@type":"ListItem","position":1,"name":"Home","item":"https:\/\/vinilozona.lt\/"},{"@type":"ListItem","position":2,"name":"Parduotuv\u0117","item":"https:\/\/vinilozona.lt\/parduotuve\/"},{"@type":"ListItem","position":3,"name":"The Rolling Stones \u2013 Hot Rocks 1964-1971 2CD"}]},{"@type":"WebSite","@id":"https:\/\/vinilozona.lt\/#website","url":"https:\/\/vinilozona.lt\/","name":"Vinilo Zona","description":"Nup\u016bsk dulkes ir klausyk LP","potentialAction":[{"@type":"SearchAction","target":{"@type":"EntryPoint","urlTemplate":"https:\/\/vinilozona.lt\/?s={search_term_string}"},"query-input":{"@type":"PropertyValueSpecification","valueRequired":true,"valueName":"search_term_string"}}],"inLanguage":"en-GB"}]}},"_links":{"self":[{"href":"https:\/\/vinilozona.lt\/en\/wp-json\/wp\/v2\/product\/23319"}],"collection":[{"href":"https:\/\/vinilozona.lt\/en\/wp-json\/wp\/v2\/product"}],"about":[{"href":"https:\/\/vinilozona.lt\/en\/wp-json\/wp\/v2\/types\/product"}],"wp:featuredmedia":[{"embeddable":true,"href":"https:\/\/vinilozona.lt\/en\/wp-json\/wp\/v2\/media\/25845"}],"wp:attachment":[{"href":"https:\/\/vinilozona.lt\/en\/wp-json\/wp\/v2\/media?parent=23319"}],"wp:term":[{"taxonomy":"product_cat","embeddable":true,"href":"https:\/\/vinilozona.lt\/en\/wp-json\/wp\/v2\/product_cat?post=23319"},{"taxonomy":"product_tag","embeddable":true,"href":"https:\/\/vinilozona.lt\/en\/wp-json\/wp\/v2\/product_tag?post=23319"}],"curies":[{"name":"wp","href":"https:\/\/api.w.org\/{rel}","templated":true}]}}