{"id":23287,"date":"2024-07-18T05:04:41","date_gmt":"2024-07-18T02:04:41","guid":{"rendered":"https:\/\/vinilozona.lt\/?post_type=product&#038;p=23287"},"modified":"2024-07-18T18:03:49","modified_gmt":"2024-07-18T15:03:49","slug":"andrea-bocelli-cieli-di-toscana-cd","status":"publish","type":"product","link":"https:\/\/vinilozona.lt\/en\/parduotuve\/cd\/naudoti-cd\/andrea-bocelli-cieli-di-toscana-cd\/","title":{"rendered":"Phil Collins \u2013 Live And Loose In Paris  DVD"},"content":{"rendered":"<p>1\t\tHand In Hand  9:45<br \/>\n2\t\tHang In Long Enough  4:51<br \/>\n3\t\tDon&#8217;t Lose My Number 5:06<br \/>\n4\t\tAnother Day In Paradise 5:27<br \/>\n5\t\tAgainst All Odds (Take A Look At Me Now)  4:15<br \/>\n6\t\tLorenzo  6:20<br \/>\n7\t\tSeparate Lives  6:08<br \/>\n8\t\tLong Long Way To Go  4:00<br \/>\n9\t\tIn The Air Tonight  7:58<br \/>\n10\t\tTimbantiocha  5:40<br \/>\n11\t\tEasy Lover  5:06<br \/>\n12\t\tDance Into The Light  4:39<br \/>\n13\t\tWear My Hat  4:50<br \/>\n14\t\tSomething Happened On The Way To Heaven  5:09<br \/>\n15\t\tSussudio  7:50<br \/>\n16\t\tCredits\t1:42<\/p>","protected":false},"excerpt":{"rendered":"<p>Warner Music Vision \u2013 3984-23466-2<br \/>\nFormat:<br \/>\nDVD, DVD-Video, Multichannel, PAL, Copy Protected, Stereo, Dolby Digital 5.0, Linear PCM Stereo<br \/>\nCountry:\tEurope<br \/>\nReleased:\t1997<\/p>","protected":false},"featured_media":25457,"template":"","meta":[],"product_cat":[24,946],"product_tag":[44],"yoast_head":"<!-- This site is optimized with the Yoast SEO plugin v23.5 - https:\/\/yoast.com\/wordpress\/plugins\/seo\/ -->\n<title>Phil Collins \u2013 Live And Loose In Paris DVD Vinilin\u0117 Plok\u0161tel\u0117 | Vinilozona.lt<\/title>\n<meta name=\"robots\" content=\"index, follow, max-snippet:-1, max-image-preview:large, max-video-preview:-1\" \/>\n<link rel=\"canonical\" href=\"https:\/\/vinilozona.lt\/en\/parduotuve\/cd\/naudoti-cd\/andrea-bocelli-cieli-di-toscana-cd\/\" \/>\n<meta property=\"og:locale\" content=\"en_GB\" \/>\n<meta property=\"og:type\" content=\"article\" \/>\n<meta property=\"og:title\" content=\"Phil Collins \u2013 Live And Loose In Paris DVD Vinilin\u0117 Plok\u0161tel\u0117 | Vinilozona.lt\" \/>\n<meta property=\"og:description\" content=\"Warner Music Vision \u2013 3984-23466-2 Format:  DVD, DVD-Video, Multichannel, PAL, Copy Protected, Stereo, Dolby Digital 5.0, Linear PCM Stereo Country: Europe Released: 1997\" \/>\n<meta property=\"og:url\" content=\"https:\/\/vinilozona.lt\/en\/parduotuve\/cd\/naudoti-cd\/andrea-bocelli-cieli-di-toscana-cd\/\" \/>\n<meta property=\"og:site_name\" content=\"Vinilo Zona\" \/>\n<meta property=\"article:modified_time\" content=\"2024-07-18T15:03:49+00:00\" \/>\n<meta property=\"og:image\" content=\"https:\/\/vinilozona.lt\/wp-content\/uploads\/2023\/10\/R-1596142-1321783088.jpg\" \/>\n\t<meta property=\"og:image:width\" content=\"406\" \/>\n\t<meta property=\"og:image:height\" content=\"599\" \/>\n\t<meta property=\"og:image:type\" content=\"image\/jpeg\" \/>\n<meta name=\"twitter:card\" content=\"summary_large_image\" \/>\n<script type=\"application\/ld+json\" class=\"yoast-schema-graph\">{\"@context\":\"https:\/\/schema.org\",\"@graph\":[{\"@type\":\"WebPage\",\"@id\":\"https:\/\/vinilozona.lt\/parduotuve\/cd\/naudoti-cd\/andrea-bocelli-cieli-di-toscana-cd\/\",\"url\":\"https:\/\/vinilozona.lt\/parduotuve\/cd\/naudoti-cd\/andrea-bocelli-cieli-di-toscana-cd\/\",\"name\":\"Phil Collins \u2013 Live And Loose In Paris DVD Vinilin\u0117 Plok\u0161tel\u0117 | Vinilozona.lt\",\"isPartOf\":{\"@id\":\"https:\/\/vinilozona.lt\/#website\"},\"primaryImageOfPage\":{\"@id\":\"https:\/\/vinilozona.lt\/parduotuve\/cd\/naudoti-cd\/andrea-bocelli-cieli-di-toscana-cd\/#primaryimage\"},\"image\":{\"@id\":\"https:\/\/vinilozona.lt\/parduotuve\/cd\/naudoti-cd\/andrea-bocelli-cieli-di-toscana-cd\/#primaryimage\"},\"thumbnailUrl\":\"https:\/\/vinilozona.lt\/wp-content\/uploads\/2023\/10\/R-1596142-1321783088.jpg\",\"datePublished\":\"2024-07-18T02:04:41+00:00\",\"dateModified\":\"2024-07-18T15:03:49+00:00\",\"breadcrumb\":{\"@id\":\"https:\/\/vinilozona.lt\/parduotuve\/cd\/naudoti-cd\/andrea-bocelli-cieli-di-toscana-cd\/#breadcrumb\"},\"inLanguage\":\"en-GB\",\"potentialAction\":[{\"@type\":\"ReadAction\",\"target\":[\"https:\/\/vinilozona.lt\/parduotuve\/cd\/naudoti-cd\/andrea-bocelli-cieli-di-toscana-cd\/\"]}]},{\"@type\":\"ImageObject\",\"inLanguage\":\"en-GB\",\"@id\":\"https:\/\/vinilozona.lt\/parduotuve\/cd\/naudoti-cd\/andrea-bocelli-cieli-di-toscana-cd\/#primaryimage\",\"url\":\"https:\/\/vinilozona.lt\/wp-content\/uploads\/2023\/10\/R-1596142-1321783088.jpg\",\"contentUrl\":\"https:\/\/vinilozona.lt\/wp-content\/uploads\/2023\/10\/R-1596142-1321783088.jpg\",\"width\":406,\"height\":599},{\"@type\":\"BreadcrumbList\",\"@id\":\"https:\/\/vinilozona.lt\/parduotuve\/cd\/naudoti-cd\/andrea-bocelli-cieli-di-toscana-cd\/#breadcrumb\",\"itemListElement\":[{\"@type\":\"ListItem\",\"position\":1,\"name\":\"Home\",\"item\":\"https:\/\/vinilozona.lt\/\"},{\"@type\":\"ListItem\",\"position\":2,\"name\":\"Parduotuv\u0117\",\"item\":\"https:\/\/vinilozona.lt\/parduotuve\/\"},{\"@type\":\"ListItem\",\"position\":3,\"name\":\"Phil Collins \u2013 Live And Loose In Paris DVD\"}]},{\"@type\":\"WebSite\",\"@id\":\"https:\/\/vinilozona.lt\/#website\",\"url\":\"https:\/\/vinilozona.lt\/\",\"name\":\"Vinilo Zona\",\"description\":\"Nup\u016bsk dulkes ir klausyk LP\",\"potentialAction\":[{\"@type\":\"SearchAction\",\"target\":{\"@type\":\"EntryPoint\",\"urlTemplate\":\"https:\/\/vinilozona.lt\/?s={search_term_string}\"},\"query-input\":{\"@type\":\"PropertyValueSpecification\",\"valueRequired\":true,\"valueName\":\"search_term_string\"}}],\"inLanguage\":\"en-GB\"}]}<\/script>\n<!-- \/ Yoast SEO plugin. -->","yoast_head_json":{"title":"Phil Collins \u2013 Live And Loose In Paris DVD Vinilin\u0117 Plok\u0161tel\u0117 | Vinilozona.lt","robots":{"index":"index","follow":"follow","max-snippet":"max-snippet:-1","max-image-preview":"max-image-preview:large","max-video-preview":"max-video-preview:-1"},"canonical":"https:\/\/vinilozona.lt\/en\/parduotuve\/cd\/naudoti-cd\/andrea-bocelli-cieli-di-toscana-cd\/","og_locale":"en_GB","og_type":"article","og_title":"Phil Collins \u2013 Live And Loose In Paris DVD Vinilin\u0117 Plok\u0161tel\u0117 | Vinilozona.lt","og_description":"Warner Music Vision \u2013 3984-23466-2 Format:  DVD, DVD-Video, Multichannel, PAL, Copy Protected, Stereo, Dolby Digital 5.0, Linear PCM Stereo Country: Europe Released: 1997","og_url":"https:\/\/vinilozona.lt\/en\/parduotuve\/cd\/naudoti-cd\/andrea-bocelli-cieli-di-toscana-cd\/","og_site_name":"Vinilo Zona","article_modified_time":"2024-07-18T15:03:49+00:00","og_image":[{"width":406,"height":599,"url":"https:\/\/vinilozona.lt\/wp-content\/uploads\/2023\/10\/R-1596142-1321783088.jpg","type":"image\/jpeg"}],"twitter_card":"summary_large_image","schema":{"@context":"https:\/\/schema.org","@graph":[{"@type":"WebPage","@id":"https:\/\/vinilozona.lt\/parduotuve\/cd\/naudoti-cd\/andrea-bocelli-cieli-di-toscana-cd\/","url":"https:\/\/vinilozona.lt\/parduotuve\/cd\/naudoti-cd\/andrea-bocelli-cieli-di-toscana-cd\/","name":"Phil Collins \u2013 Live And Loose In Paris DVD Vinilin\u0117 Plok\u0161tel\u0117 | Vinilozona.lt","isPartOf":{"@id":"https:\/\/vinilozona.lt\/#website"},"primaryImageOfPage":{"@id":"https:\/\/vinilozona.lt\/parduotuve\/cd\/naudoti-cd\/andrea-bocelli-cieli-di-toscana-cd\/#primaryimage"},"image":{"@id":"https:\/\/vinilozona.lt\/parduotuve\/cd\/naudoti-cd\/andrea-bocelli-cieli-di-toscana-cd\/#primaryimage"},"thumbnailUrl":"https:\/\/vinilozona.lt\/wp-content\/uploads\/2023\/10\/R-1596142-1321783088.jpg","datePublished":"2024-07-18T02:04:41+00:00","dateModified":"2024-07-18T15:03:49+00:00","breadcrumb":{"@id":"https:\/\/vinilozona.lt\/parduotuve\/cd\/naudoti-cd\/andrea-bocelli-cieli-di-toscana-cd\/#breadcrumb"},"inLanguage":"en-GB","potentialAction":[{"@type":"ReadAction","target":["https:\/\/vinilozona.lt\/parduotuve\/cd\/naudoti-cd\/andrea-bocelli-cieli-di-toscana-cd\/"]}]},{"@type":"ImageObject","inLanguage":"en-GB","@id":"https:\/\/vinilozona.lt\/parduotuve\/cd\/naudoti-cd\/andrea-bocelli-cieli-di-toscana-cd\/#primaryimage","url":"https:\/\/vinilozona.lt\/wp-content\/uploads\/2023\/10\/R-1596142-1321783088.jpg","contentUrl":"https:\/\/vinilozona.lt\/wp-content\/uploads\/2023\/10\/R-1596142-1321783088.jpg","width":406,"height":599},{"@type":"BreadcrumbList","@id":"https:\/\/vinilozona.lt\/parduotuve\/cd\/naudoti-cd\/andrea-bocelli-cieli-di-toscana-cd\/#breadcrumb","itemListElement":[{"@type":"ListItem","position":1,"name":"Home","item":"https:\/\/vinilozona.lt\/"},{"@type":"ListItem","position":2,"name":"Parduotuv\u0117","item":"https:\/\/vinilozona.lt\/parduotuve\/"},{"@type":"ListItem","position":3,"name":"Phil Collins \u2013 Live And Loose In Paris DVD"}]},{"@type":"WebSite","@id":"https:\/\/vinilozona.lt\/#website","url":"https:\/\/vinilozona.lt\/","name":"Vinilo Zona","description":"Nup\u016bsk dulkes ir klausyk LP","potentialAction":[{"@type":"SearchAction","target":{"@type":"EntryPoint","urlTemplate":"https:\/\/vinilozona.lt\/?s={search_term_string}"},"query-input":{"@type":"PropertyValueSpecification","valueRequired":true,"valueName":"search_term_string"}}],"inLanguage":"en-GB"}]}},"_links":{"self":[{"href":"https:\/\/vinilozona.lt\/en\/wp-json\/wp\/v2\/product\/23287"}],"collection":[{"href":"https:\/\/vinilozona.lt\/en\/wp-json\/wp\/v2\/product"}],"about":[{"href":"https:\/\/vinilozona.lt\/en\/wp-json\/wp\/v2\/types\/product"}],"wp:featuredmedia":[{"embeddable":true,"href":"https:\/\/vinilozona.lt\/en\/wp-json\/wp\/v2\/media\/25457"}],"wp:attachment":[{"href":"https:\/\/vinilozona.lt\/en\/wp-json\/wp\/v2\/media?parent=23287"}],"wp:term":[{"taxonomy":"product_cat","embeddable":true,"href":"https:\/\/vinilozona.lt\/en\/wp-json\/wp\/v2\/product_cat?post=23287"},{"taxonomy":"product_tag","embeddable":true,"href":"https:\/\/vinilozona.lt\/en\/wp-json\/wp\/v2\/product_tag?post=23287"}],"curies":[{"name":"wp","href":"https:\/\/api.w.org\/{rel}","templated":true}]}}