{"id":23253,"date":"2023-10-24T05:15:39","date_gmt":"2023-10-24T02:15:39","guid":{"rendered":"https:\/\/vinilozona.lt\/?post_type=product&#038;p=23253"},"modified":"2023-10-28T17:42:27","modified_gmt":"2023-10-28T14:42:27","slug":"charles-aznavour-charles-aznavour","status":"publish","type":"product","link":"https:\/\/vinilozona.lt\/en\/parduotuve\/rock-pop\/charles-aznavour-charles-aznavour\/","title":{"rendered":"Charles Aznavour \u2013 Charles Aznavour"},"content":{"rendered":"<p>A1\t\tL&#8217;amour Est Comme Un Jour\t3:49<br \/>\nA2\t\tFor Me Formidable\t2:18<br \/>\nA3\t\tLes Jours Heureux\t4:33<br \/>\nA4\t\tQue C&#8217;est Triste Venise\t2:36<br \/>\nA5\t\tLes Com\u00e9diens\t2:23<br \/>\nA6\t\tLa Boh\u00e8me\t4:03<br \/>\nB1\t\tEt Pourtant\t2:51<br \/>\nB2\t\tTu T&#8217;laisses Aller\t3:38<br \/>\nB3\t\tD\u00e9sormais\t3:10<br \/>\nB4\t\tJe M&#8217;voyais D\u00e9j\u00e0\t3:20<br \/>\nB5\t\tLes Deux Guitares\t3:54<br \/>\nB6\t\tJolies M\u00f4mes De Mon Quartier\t2:32<\/p>","protected":false},"excerpt":{"rendered":"<p>Barclay \u2013 80 426, Barclay \u2013 XBLY 80426<br \/>\nFormat:<br \/>\nVinyl, LP, Compilation, Stereo, Mono<br \/>\nCountry:\tEurope<br \/>\nReleased:\t1972<\/p>","protected":false},"featured_media":23254,"template":"","meta":[],"product_cat":[15],"product_tag":[44],"yoast_head":"<!-- This site is optimized with the Yoast SEO plugin v23.5 - https:\/\/yoast.com\/wordpress\/plugins\/seo\/ -->\n<title>Charles Aznavour \u2013 Charles Aznavour Vinilin\u0117 Plok\u0161tel\u0117 | Vinilozona.lt<\/title>\n<meta name=\"robots\" content=\"index, follow, max-snippet:-1, max-image-preview:large, max-video-preview:-1\" \/>\n<link rel=\"canonical\" href=\"https:\/\/vinilozona.lt\/en\/parduotuve\/rock-pop\/charles-aznavour-charles-aznavour\/\" \/>\n<meta property=\"og:locale\" content=\"en_GB\" \/>\n<meta property=\"og:type\" content=\"article\" \/>\n<meta property=\"og:title\" content=\"Charles Aznavour \u2013 Charles Aznavour Vinilin\u0117 Plok\u0161tel\u0117 | Vinilozona.lt\" \/>\n<meta property=\"og:description\" content=\"Barclay \u2013 80 426, Barclay \u2013 XBLY 80426 Format:  Vinyl, LP, Compilation, Stereo, Mono Country: Europe Released: 1972\" \/>\n<meta property=\"og:url\" content=\"https:\/\/vinilozona.lt\/en\/parduotuve\/rock-pop\/charles-aznavour-charles-aznavour\/\" \/>\n<meta property=\"og:site_name\" content=\"Vinilo Zona\" \/>\n<meta property=\"article:modified_time\" content=\"2023-10-28T14:42:27+00:00\" \/>\n<meta property=\"og:image\" content=\"https:\/\/vinilozona.lt\/wp-content\/uploads\/2023\/10\/R-6361252-1677108402-7132.jpg\" \/>\n\t<meta property=\"og:image:width\" content=\"600\" \/>\n\t<meta property=\"og:image:height\" content=\"600\" \/>\n\t<meta property=\"og:image:type\" content=\"image\/jpeg\" \/>\n<meta name=\"twitter:card\" content=\"summary_large_image\" \/>\n<script type=\"application\/ld+json\" class=\"yoast-schema-graph\">{\"@context\":\"https:\/\/schema.org\",\"@graph\":[{\"@type\":\"WebPage\",\"@id\":\"https:\/\/vinilozona.lt\/parduotuve\/rock-pop\/charles-aznavour-charles-aznavour\/\",\"url\":\"https:\/\/vinilozona.lt\/parduotuve\/rock-pop\/charles-aznavour-charles-aznavour\/\",\"name\":\"Charles Aznavour \u2013 Charles Aznavour Vinilin\u0117 Plok\u0161tel\u0117 | Vinilozona.lt\",\"isPartOf\":{\"@id\":\"https:\/\/vinilozona.lt\/#website\"},\"primaryImageOfPage\":{\"@id\":\"https:\/\/vinilozona.lt\/parduotuve\/rock-pop\/charles-aznavour-charles-aznavour\/#primaryimage\"},\"image\":{\"@id\":\"https:\/\/vinilozona.lt\/parduotuve\/rock-pop\/charles-aznavour-charles-aznavour\/#primaryimage\"},\"thumbnailUrl\":\"https:\/\/vinilozona.lt\/wp-content\/uploads\/2023\/10\/R-6361252-1677108402-7132.jpg\",\"datePublished\":\"2023-10-24T02:15:39+00:00\",\"dateModified\":\"2023-10-28T14:42:27+00:00\",\"breadcrumb\":{\"@id\":\"https:\/\/vinilozona.lt\/parduotuve\/rock-pop\/charles-aznavour-charles-aznavour\/#breadcrumb\"},\"inLanguage\":\"en-GB\",\"potentialAction\":[{\"@type\":\"ReadAction\",\"target\":[\"https:\/\/vinilozona.lt\/parduotuve\/rock-pop\/charles-aznavour-charles-aznavour\/\"]}]},{\"@type\":\"ImageObject\",\"inLanguage\":\"en-GB\",\"@id\":\"https:\/\/vinilozona.lt\/parduotuve\/rock-pop\/charles-aznavour-charles-aznavour\/#primaryimage\",\"url\":\"https:\/\/vinilozona.lt\/wp-content\/uploads\/2023\/10\/R-6361252-1677108402-7132.jpg\",\"contentUrl\":\"https:\/\/vinilozona.lt\/wp-content\/uploads\/2023\/10\/R-6361252-1677108402-7132.jpg\",\"width\":600,\"height\":600},{\"@type\":\"BreadcrumbList\",\"@id\":\"https:\/\/vinilozona.lt\/parduotuve\/rock-pop\/charles-aznavour-charles-aznavour\/#breadcrumb\",\"itemListElement\":[{\"@type\":\"ListItem\",\"position\":1,\"name\":\"Home\",\"item\":\"https:\/\/vinilozona.lt\/\"},{\"@type\":\"ListItem\",\"position\":2,\"name\":\"Parduotuv\u0117\",\"item\":\"https:\/\/vinilozona.lt\/parduotuve\/\"},{\"@type\":\"ListItem\",\"position\":3,\"name\":\"Charles Aznavour \u2013 Charles Aznavour\"}]},{\"@type\":\"WebSite\",\"@id\":\"https:\/\/vinilozona.lt\/#website\",\"url\":\"https:\/\/vinilozona.lt\/\",\"name\":\"Vinilo Zona\",\"description\":\"Nup\u016bsk dulkes ir klausyk LP\",\"potentialAction\":[{\"@type\":\"SearchAction\",\"target\":{\"@type\":\"EntryPoint\",\"urlTemplate\":\"https:\/\/vinilozona.lt\/?s={search_term_string}\"},\"query-input\":{\"@type\":\"PropertyValueSpecification\",\"valueRequired\":true,\"valueName\":\"search_term_string\"}}],\"inLanguage\":\"en-GB\"}]}<\/script>\n<!-- \/ Yoast SEO plugin. -->","yoast_head_json":{"title":"Charles Aznavour \u2013 Charles Aznavour Vinilin\u0117 Plok\u0161tel\u0117 | Vinilozona.lt","robots":{"index":"index","follow":"follow","max-snippet":"max-snippet:-1","max-image-preview":"max-image-preview:large","max-video-preview":"max-video-preview:-1"},"canonical":"https:\/\/vinilozona.lt\/en\/parduotuve\/rock-pop\/charles-aznavour-charles-aznavour\/","og_locale":"en_GB","og_type":"article","og_title":"Charles Aznavour \u2013 Charles Aznavour Vinilin\u0117 Plok\u0161tel\u0117 | Vinilozona.lt","og_description":"Barclay \u2013 80 426, Barclay \u2013 XBLY 80426 Format:  Vinyl, LP, Compilation, Stereo, Mono Country: Europe Released: 1972","og_url":"https:\/\/vinilozona.lt\/en\/parduotuve\/rock-pop\/charles-aznavour-charles-aznavour\/","og_site_name":"Vinilo Zona","article_modified_time":"2023-10-28T14:42:27+00:00","og_image":[{"width":600,"height":600,"url":"https:\/\/vinilozona.lt\/wp-content\/uploads\/2023\/10\/R-6361252-1677108402-7132.jpg","type":"image\/jpeg"}],"twitter_card":"summary_large_image","schema":{"@context":"https:\/\/schema.org","@graph":[{"@type":"WebPage","@id":"https:\/\/vinilozona.lt\/parduotuve\/rock-pop\/charles-aznavour-charles-aznavour\/","url":"https:\/\/vinilozona.lt\/parduotuve\/rock-pop\/charles-aznavour-charles-aznavour\/","name":"Charles Aznavour \u2013 Charles Aznavour Vinilin\u0117 Plok\u0161tel\u0117 | Vinilozona.lt","isPartOf":{"@id":"https:\/\/vinilozona.lt\/#website"},"primaryImageOfPage":{"@id":"https:\/\/vinilozona.lt\/parduotuve\/rock-pop\/charles-aznavour-charles-aznavour\/#primaryimage"},"image":{"@id":"https:\/\/vinilozona.lt\/parduotuve\/rock-pop\/charles-aznavour-charles-aznavour\/#primaryimage"},"thumbnailUrl":"https:\/\/vinilozona.lt\/wp-content\/uploads\/2023\/10\/R-6361252-1677108402-7132.jpg","datePublished":"2023-10-24T02:15:39+00:00","dateModified":"2023-10-28T14:42:27+00:00","breadcrumb":{"@id":"https:\/\/vinilozona.lt\/parduotuve\/rock-pop\/charles-aznavour-charles-aznavour\/#breadcrumb"},"inLanguage":"en-GB","potentialAction":[{"@type":"ReadAction","target":["https:\/\/vinilozona.lt\/parduotuve\/rock-pop\/charles-aznavour-charles-aznavour\/"]}]},{"@type":"ImageObject","inLanguage":"en-GB","@id":"https:\/\/vinilozona.lt\/parduotuve\/rock-pop\/charles-aznavour-charles-aznavour\/#primaryimage","url":"https:\/\/vinilozona.lt\/wp-content\/uploads\/2023\/10\/R-6361252-1677108402-7132.jpg","contentUrl":"https:\/\/vinilozona.lt\/wp-content\/uploads\/2023\/10\/R-6361252-1677108402-7132.jpg","width":600,"height":600},{"@type":"BreadcrumbList","@id":"https:\/\/vinilozona.lt\/parduotuve\/rock-pop\/charles-aznavour-charles-aznavour\/#breadcrumb","itemListElement":[{"@type":"ListItem","position":1,"name":"Home","item":"https:\/\/vinilozona.lt\/"},{"@type":"ListItem","position":2,"name":"Parduotuv\u0117","item":"https:\/\/vinilozona.lt\/parduotuve\/"},{"@type":"ListItem","position":3,"name":"Charles Aznavour \u2013 Charles Aznavour"}]},{"@type":"WebSite","@id":"https:\/\/vinilozona.lt\/#website","url":"https:\/\/vinilozona.lt\/","name":"Vinilo Zona","description":"Nup\u016bsk dulkes ir klausyk LP","potentialAction":[{"@type":"SearchAction","target":{"@type":"EntryPoint","urlTemplate":"https:\/\/vinilozona.lt\/?s={search_term_string}"},"query-input":{"@type":"PropertyValueSpecification","valueRequired":true,"valueName":"search_term_string"}}],"inLanguage":"en-GB"}]}},"_links":{"self":[{"href":"https:\/\/vinilozona.lt\/en\/wp-json\/wp\/v2\/product\/23253"}],"collection":[{"href":"https:\/\/vinilozona.lt\/en\/wp-json\/wp\/v2\/product"}],"about":[{"href":"https:\/\/vinilozona.lt\/en\/wp-json\/wp\/v2\/types\/product"}],"wp:featuredmedia":[{"embeddable":true,"href":"https:\/\/vinilozona.lt\/en\/wp-json\/wp\/v2\/media\/23254"}],"wp:attachment":[{"href":"https:\/\/vinilozona.lt\/en\/wp-json\/wp\/v2\/media?parent=23253"}],"wp:term":[{"taxonomy":"product_cat","embeddable":true,"href":"https:\/\/vinilozona.lt\/en\/wp-json\/wp\/v2\/product_cat?post=23253"},{"taxonomy":"product_tag","embeddable":true,"href":"https:\/\/vinilozona.lt\/en\/wp-json\/wp\/v2\/product_tag?post=23253"}],"curies":[{"name":"wp","href":"https:\/\/api.w.org\/{rel}","templated":true}]}}