{"id":23243,"date":"2023-10-24T05:09:53","date_gmt":"2023-10-24T02:09:53","guid":{"rendered":"https:\/\/vinilozona.lt\/?post_type=product&#038;p=23243"},"modified":"2023-10-24T06:36:25","modified_gmt":"2023-10-24T03:36:25","slug":"various-metal-hammer-metallica-antrax-raven-mercyfull-fate","status":"publish","type":"product","link":"https:\/\/vinilozona.lt\/en\/parduotuve\/rock-pop\/various-metal-hammer-metallica-antrax-raven-mercyfull-fate\/","title":{"rendered":"Various \u2013 Metal Hammer  (Metallica, Antrax, Raven, Mercyfull Fate&#8230; )"},"content":{"rendered":"<p>Mercyful Fate\u2013\tEvil\t4:46<br \/>\nRaven (6)\u2013\tMind Over Metal\t3:27<br \/>\nVenom (8)\u2013\tPoison\t3:11<br \/>\nSatan\u2013\tNo Turning Back\t3:58<br \/>\nThunderfire\u2013\tDanger\t2:30<br \/>\nCloven Hoof\u2013\tCrack The Whip\t4:36<br \/>\nMetallica\u2013\tMotorbreath\t3:03<br \/>\nTokyo Blade\u2013\tIf Heaven Is Hell\t6:01<br \/>\nRods*\u2013\tBorn To Rock\t3:47<br \/>\nBattle Axe*\u2013\tRunning Out Of Time\t3:33<br \/>\nExciter\u2013\tSaxons Of The Fire\t3:28<br \/>\nAnthrax\u2013\tMetal Thrashing Mad\t2:39<\/p>","protected":false},"excerpt":{"rendered":"<p>Metal Hammer \u2013 40-1941, Roadrunner Records \u2013 RR 9866<br \/>\nFormat:<br \/>\nVinyl, LP, Compilation<br \/>\nCountry:\tGermany<br \/>\nReleased:\t1984<\/p>","protected":false},"featured_media":23244,"template":"","meta":[],"product_cat":[15,906],"product_tag":[44],"yoast_head":"<!-- This site is optimized with the Yoast SEO plugin v23.5 - https:\/\/yoast.com\/wordpress\/plugins\/seo\/ -->\n<title>Various \u2013 Metal Hammer (Metallica, Antrax, Raven, Mercyfull Fate... ) Vinilin\u0117 Plok\u0161tel\u0117 | Vinilozona.lt<\/title>\n<meta name=\"robots\" content=\"index, follow, max-snippet:-1, max-image-preview:large, max-video-preview:-1\" \/>\n<link rel=\"canonical\" href=\"https:\/\/vinilozona.lt\/en\/parduotuve\/rock-pop\/various-metal-hammer-metallica-antrax-raven-mercyfull-fate\/\" \/>\n<meta property=\"og:locale\" content=\"en_GB\" \/>\n<meta property=\"og:type\" content=\"article\" \/>\n<meta property=\"og:title\" content=\"Various \u2013 Metal Hammer (Metallica, Antrax, Raven, Mercyfull Fate... ) Vinilin\u0117 Plok\u0161tel\u0117 | Vinilozona.lt\" \/>\n<meta property=\"og:description\" content=\"Metal Hammer \u2013 40-1941, Roadrunner Records \u2013 RR 9866 Format:  Vinyl, LP, Compilation Country: Germany Released: 1984\" \/>\n<meta property=\"og:url\" content=\"https:\/\/vinilozona.lt\/en\/parduotuve\/rock-pop\/various-metal-hammer-metallica-antrax-raven-mercyfull-fate\/\" \/>\n<meta property=\"og:site_name\" content=\"Vinilo Zona\" \/>\n<meta property=\"article:modified_time\" content=\"2023-10-24T03:36:25+00:00\" \/>\n<meta property=\"og:image\" content=\"https:\/\/vinilozona.lt\/wp-content\/uploads\/2023\/10\/R-1916747-1372770026-7848.jpg\" \/>\n\t<meta property=\"og:image:width\" content=\"600\" \/>\n\t<meta property=\"og:image:height\" content=\"580\" \/>\n\t<meta property=\"og:image:type\" content=\"image\/jpeg\" \/>\n<meta name=\"twitter:card\" content=\"summary_large_image\" \/>\n<script type=\"application\/ld+json\" class=\"yoast-schema-graph\">{\"@context\":\"https:\/\/schema.org\",\"@graph\":[{\"@type\":\"WebPage\",\"@id\":\"https:\/\/vinilozona.lt\/parduotuve\/rock-pop\/various-metal-hammer-metallica-antrax-raven-mercyfull-fate\/\",\"url\":\"https:\/\/vinilozona.lt\/parduotuve\/rock-pop\/various-metal-hammer-metallica-antrax-raven-mercyfull-fate\/\",\"name\":\"Various \u2013 Metal Hammer (Metallica, Antrax, Raven, Mercyfull Fate... ) Vinilin\u0117 Plok\u0161tel\u0117 | Vinilozona.lt\",\"isPartOf\":{\"@id\":\"https:\/\/vinilozona.lt\/#website\"},\"primaryImageOfPage\":{\"@id\":\"https:\/\/vinilozona.lt\/parduotuve\/rock-pop\/various-metal-hammer-metallica-antrax-raven-mercyfull-fate\/#primaryimage\"},\"image\":{\"@id\":\"https:\/\/vinilozona.lt\/parduotuve\/rock-pop\/various-metal-hammer-metallica-antrax-raven-mercyfull-fate\/#primaryimage\"},\"thumbnailUrl\":\"https:\/\/vinilozona.lt\/wp-content\/uploads\/2023\/10\/R-1916747-1372770026-7848.jpg\",\"datePublished\":\"2023-10-24T02:09:53+00:00\",\"dateModified\":\"2023-10-24T03:36:25+00:00\",\"breadcrumb\":{\"@id\":\"https:\/\/vinilozona.lt\/parduotuve\/rock-pop\/various-metal-hammer-metallica-antrax-raven-mercyfull-fate\/#breadcrumb\"},\"inLanguage\":\"en-GB\",\"potentialAction\":[{\"@type\":\"ReadAction\",\"target\":[\"https:\/\/vinilozona.lt\/parduotuve\/rock-pop\/various-metal-hammer-metallica-antrax-raven-mercyfull-fate\/\"]}]},{\"@type\":\"ImageObject\",\"inLanguage\":\"en-GB\",\"@id\":\"https:\/\/vinilozona.lt\/parduotuve\/rock-pop\/various-metal-hammer-metallica-antrax-raven-mercyfull-fate\/#primaryimage\",\"url\":\"https:\/\/vinilozona.lt\/wp-content\/uploads\/2023\/10\/R-1916747-1372770026-7848.jpg\",\"contentUrl\":\"https:\/\/vinilozona.lt\/wp-content\/uploads\/2023\/10\/R-1916747-1372770026-7848.jpg\",\"width\":600,\"height\":580},{\"@type\":\"BreadcrumbList\",\"@id\":\"https:\/\/vinilozona.lt\/parduotuve\/rock-pop\/various-metal-hammer-metallica-antrax-raven-mercyfull-fate\/#breadcrumb\",\"itemListElement\":[{\"@type\":\"ListItem\",\"position\":1,\"name\":\"Home\",\"item\":\"https:\/\/vinilozona.lt\/\"},{\"@type\":\"ListItem\",\"position\":2,\"name\":\"Parduotuv\u0117\",\"item\":\"https:\/\/vinilozona.lt\/parduotuve\/\"},{\"@type\":\"ListItem\",\"position\":3,\"name\":\"Various \u2013 Metal Hammer (Metallica, Antrax, Raven, Mercyfull Fate&#8230; )\"}]},{\"@type\":\"WebSite\",\"@id\":\"https:\/\/vinilozona.lt\/#website\",\"url\":\"https:\/\/vinilozona.lt\/\",\"name\":\"Vinilo Zona\",\"description\":\"Nup\u016bsk dulkes ir klausyk LP\",\"potentialAction\":[{\"@type\":\"SearchAction\",\"target\":{\"@type\":\"EntryPoint\",\"urlTemplate\":\"https:\/\/vinilozona.lt\/?s={search_term_string}\"},\"query-input\":{\"@type\":\"PropertyValueSpecification\",\"valueRequired\":true,\"valueName\":\"search_term_string\"}}],\"inLanguage\":\"en-GB\"}]}<\/script>\n<!-- \/ Yoast SEO plugin. -->","yoast_head_json":{"title":"Various \u2013 Metal Hammer (Metallica, Antrax, Raven, Mercyfull Fate... ) Vinilin\u0117 Plok\u0161tel\u0117 | Vinilozona.lt","robots":{"index":"index","follow":"follow","max-snippet":"max-snippet:-1","max-image-preview":"max-image-preview:large","max-video-preview":"max-video-preview:-1"},"canonical":"https:\/\/vinilozona.lt\/en\/parduotuve\/rock-pop\/various-metal-hammer-metallica-antrax-raven-mercyfull-fate\/","og_locale":"en_GB","og_type":"article","og_title":"Various \u2013 Metal Hammer (Metallica, Antrax, Raven, Mercyfull Fate... ) Vinilin\u0117 Plok\u0161tel\u0117 | Vinilozona.lt","og_description":"Metal Hammer \u2013 40-1941, Roadrunner Records \u2013 RR 9866 Format:  Vinyl, LP, Compilation Country: Germany Released: 1984","og_url":"https:\/\/vinilozona.lt\/en\/parduotuve\/rock-pop\/various-metal-hammer-metallica-antrax-raven-mercyfull-fate\/","og_site_name":"Vinilo Zona","article_modified_time":"2023-10-24T03:36:25+00:00","og_image":[{"width":600,"height":580,"url":"https:\/\/vinilozona.lt\/wp-content\/uploads\/2023\/10\/R-1916747-1372770026-7848.jpg","type":"image\/jpeg"}],"twitter_card":"summary_large_image","schema":{"@context":"https:\/\/schema.org","@graph":[{"@type":"WebPage","@id":"https:\/\/vinilozona.lt\/parduotuve\/rock-pop\/various-metal-hammer-metallica-antrax-raven-mercyfull-fate\/","url":"https:\/\/vinilozona.lt\/parduotuve\/rock-pop\/various-metal-hammer-metallica-antrax-raven-mercyfull-fate\/","name":"Various \u2013 Metal Hammer (Metallica, Antrax, Raven, Mercyfull Fate... ) Vinilin\u0117 Plok\u0161tel\u0117 | Vinilozona.lt","isPartOf":{"@id":"https:\/\/vinilozona.lt\/#website"},"primaryImageOfPage":{"@id":"https:\/\/vinilozona.lt\/parduotuve\/rock-pop\/various-metal-hammer-metallica-antrax-raven-mercyfull-fate\/#primaryimage"},"image":{"@id":"https:\/\/vinilozona.lt\/parduotuve\/rock-pop\/various-metal-hammer-metallica-antrax-raven-mercyfull-fate\/#primaryimage"},"thumbnailUrl":"https:\/\/vinilozona.lt\/wp-content\/uploads\/2023\/10\/R-1916747-1372770026-7848.jpg","datePublished":"2023-10-24T02:09:53+00:00","dateModified":"2023-10-24T03:36:25+00:00","breadcrumb":{"@id":"https:\/\/vinilozona.lt\/parduotuve\/rock-pop\/various-metal-hammer-metallica-antrax-raven-mercyfull-fate\/#breadcrumb"},"inLanguage":"en-GB","potentialAction":[{"@type":"ReadAction","target":["https:\/\/vinilozona.lt\/parduotuve\/rock-pop\/various-metal-hammer-metallica-antrax-raven-mercyfull-fate\/"]}]},{"@type":"ImageObject","inLanguage":"en-GB","@id":"https:\/\/vinilozona.lt\/parduotuve\/rock-pop\/various-metal-hammer-metallica-antrax-raven-mercyfull-fate\/#primaryimage","url":"https:\/\/vinilozona.lt\/wp-content\/uploads\/2023\/10\/R-1916747-1372770026-7848.jpg","contentUrl":"https:\/\/vinilozona.lt\/wp-content\/uploads\/2023\/10\/R-1916747-1372770026-7848.jpg","width":600,"height":580},{"@type":"BreadcrumbList","@id":"https:\/\/vinilozona.lt\/parduotuve\/rock-pop\/various-metal-hammer-metallica-antrax-raven-mercyfull-fate\/#breadcrumb","itemListElement":[{"@type":"ListItem","position":1,"name":"Home","item":"https:\/\/vinilozona.lt\/"},{"@type":"ListItem","position":2,"name":"Parduotuv\u0117","item":"https:\/\/vinilozona.lt\/parduotuve\/"},{"@type":"ListItem","position":3,"name":"Various \u2013 Metal Hammer (Metallica, Antrax, Raven, Mercyfull Fate&#8230; )"}]},{"@type":"WebSite","@id":"https:\/\/vinilozona.lt\/#website","url":"https:\/\/vinilozona.lt\/","name":"Vinilo Zona","description":"Nup\u016bsk dulkes ir klausyk LP","potentialAction":[{"@type":"SearchAction","target":{"@type":"EntryPoint","urlTemplate":"https:\/\/vinilozona.lt\/?s={search_term_string}"},"query-input":{"@type":"PropertyValueSpecification","valueRequired":true,"valueName":"search_term_string"}}],"inLanguage":"en-GB"}]}},"_links":{"self":[{"href":"https:\/\/vinilozona.lt\/en\/wp-json\/wp\/v2\/product\/23243"}],"collection":[{"href":"https:\/\/vinilozona.lt\/en\/wp-json\/wp\/v2\/product"}],"about":[{"href":"https:\/\/vinilozona.lt\/en\/wp-json\/wp\/v2\/types\/product"}],"wp:featuredmedia":[{"embeddable":true,"href":"https:\/\/vinilozona.lt\/en\/wp-json\/wp\/v2\/media\/23244"}],"wp:attachment":[{"href":"https:\/\/vinilozona.lt\/en\/wp-json\/wp\/v2\/media?parent=23243"}],"wp:term":[{"taxonomy":"product_cat","embeddable":true,"href":"https:\/\/vinilozona.lt\/en\/wp-json\/wp\/v2\/product_cat?post=23243"},{"taxonomy":"product_tag","embeddable":true,"href":"https:\/\/vinilozona.lt\/en\/wp-json\/wp\/v2\/product_tag?post=23243"}],"curies":[{"name":"wp","href":"https:\/\/api.w.org\/{rel}","templated":true}]}}