{"id":2320,"date":"2023-02-26T06:01:46","date_gmt":"2023-02-26T04:01:46","guid":{"rendered":"https:\/\/vinylhome.lt\/?post_type=product&#038;p=2320"},"modified":"2024-03-01T10:44:14","modified_gmt":"2024-03-01T08:44:14","slug":"kipras-petrauskas-%e2%80%8e-kipras-petrauskas","status":"publish","type":"product","link":"https:\/\/vinilozona.lt\/en\/parduotuve\/classic\/kipras-petrauskas-%e2%80%8e-kipras-petrauskas\/","title":{"rendered":"\u0414\u0436\u043e\u043d \u041e\u0433\u0434\u043e\u043d \u2013 II \u041c\u0435\u0436\u0434\u0443\u043d\u0430\u0440\u043e\u0434\u043d\u044b\u0439 \u041a\u043e\u043d\u043a\u0443\u0440\u0441 \u0418\u043c. \u041f. \u0418. \u0427\u0430\u0439\u043a\u043e\u0432\u0441\u043a\u043e\u0433\u043e"},"content":{"rendered":"<p>A\t\t1-\u0439 \u041a\u043e\u043d\u0446\u0435\u0440\u0442 \u0414\u043b\u044f \u0424-\u043d\u043e \u0421 \u041e\u0440\u043a\u0435\u0441\u0442\u0440\u043e\u043c \u041c\u0438 \u0411\u0435\u043c\u043e\u043b\u044c \u041c\u0430\u0436\u043e\u0440<br \/>\nB1\t\t\u0423\u043d\u0434\u0438\u043d\u0430 (\u0418\u0437 \u0426\u0438\u043a\u043b\u0430 &#8222;\u041d\u043e\u0447\u043d\u044b\u0435 \u0412\u0438\u0434\u0435\u043d\u0438\u044f&#8221;)<br \/>\nB2\t\t\u0418\u043d\u0442\u0435\u0440\u043c\u0435\u0446\u0446\u043e<br \/>\nB3\t\t\u041c\u0435\u0444\u0438\u0441\u0442\u043e-\u0432\u0430\u043b\u044c\u0441<br \/>\nB4\t\t\u0417\u0430\u0431\u044b\u0442\u044b\u0439 \u0412\u0430\u043b\u044c\u0441 \u0424\u0430 \u0414\u0438\u0435\u0437 \u041c\u0430\u0436\u043e\u0440<br \/>\nB5\t\t\u041a\u0430\u043c\u043f\u0430\u043d\u0435\u043b\u043b\u0430<\/p>","protected":false},"excerpt":{"rendered":"<p>\u041c\u0435\u043b\u043e\u0434\u0438\u044f \u2013 33\u0421\u041c\u201402497, \u041c\u0435\u043b\u043e\u0434\u0438\u044f \u2013 33\u0421\u041c\u201402498<br \/>\nSeries:\tII \u041c\u0435\u0436\u0434\u0443\u043d\u0430\u0440\u043e\u0434\u043d\u044b\u0439 \u041a\u043e\u043d\u043a\u0443\u0440\u0441 \u0418\u043c. \u041f. \u0418. \u0427\u0430\u0439\u043a\u043e\u0432\u0441\u043a\u043e\u0433\u043e<br \/>\nFormat:<br \/>\nVinyl, LP, Repress, Stereo<br \/>\nCountry:\tUSSR<\/p>","protected":false},"featured_media":24343,"template":"","meta":[],"product_cat":[22],"product_tag":[44],"yoast_head":"<!-- This site is optimized with the Yoast SEO plugin v23.5 - https:\/\/yoast.com\/wordpress\/plugins\/seo\/ -->\n<title>\u0414\u0436\u043e\u043d \u041e\u0433\u0434\u043e\u043d \u2013 II \u041c\u0435\u0436\u0434\u0443\u043d\u0430\u0440\u043e\u0434\u043d\u044b\u0439 \u041a\u043e\u043d\u043a\u0443\u0440\u0441 \u0418\u043c. \u041f. \u0418. \u0427\u0430\u0439\u043a\u043e\u0432\u0441\u043a\u043e\u0433\u043e Vinilin\u0117 Plok\u0161tel\u0117 | Vinilozona.lt<\/title>\n<meta name=\"robots\" content=\"index, follow, max-snippet:-1, max-image-preview:large, max-video-preview:-1\" \/>\n<link rel=\"canonical\" href=\"https:\/\/vinilozona.lt\/en\/parduotuve\/classic\/kipras-petrauskas-\u200e-kipras-petrauskas\/\" \/>\n<meta property=\"og:locale\" content=\"en_GB\" \/>\n<meta property=\"og:type\" content=\"article\" \/>\n<meta property=\"og:title\" content=\"\u0414\u0436\u043e\u043d \u041e\u0433\u0434\u043e\u043d \u2013 II \u041c\u0435\u0436\u0434\u0443\u043d\u0430\u0440\u043e\u0434\u043d\u044b\u0439 \u041a\u043e\u043d\u043a\u0443\u0440\u0441 \u0418\u043c. \u041f. \u0418. \u0427\u0430\u0439\u043a\u043e\u0432\u0441\u043a\u043e\u0433\u043e Vinilin\u0117 Plok\u0161tel\u0117 | Vinilozona.lt\" \/>\n<meta property=\"og:description\" content=\"\u041c\u0435\u043b\u043e\u0434\u0438\u044f \u2013 33\u0421\u041c\u201402497, \u041c\u0435\u043b\u043e\u0434\u0438\u044f \u2013 33\u0421\u041c\u201402498 Series: II \u041c\u0435\u0436\u0434\u0443\u043d\u0430\u0440\u043e\u0434\u043d\u044b\u0439 \u041a\u043e\u043d\u043a\u0443\u0440\u0441 \u0418\u043c. \u041f. \u0418. \u0427\u0430\u0439\u043a\u043e\u0432\u0441\u043a\u043e\u0433\u043e Format:  Vinyl, LP, Repress, Stereo Country: USSR\" \/>\n<meta property=\"og:url\" content=\"https:\/\/vinilozona.lt\/en\/parduotuve\/classic\/kipras-petrauskas-\u200e-kipras-petrauskas\/\" \/>\n<meta property=\"og:site_name\" content=\"Vinilo Zona\" \/>\n<meta property=\"article:modified_time\" content=\"2024-03-01T08:44:14+00:00\" \/>\n<meta property=\"og:image\" content=\"https:\/\/vinilozona.lt\/wp-content\/uploads\/2020\/01\/R-14551720-1576903192-2862.jpg\" \/>\n\t<meta property=\"og:image:width\" content=\"600\" \/>\n\t<meta property=\"og:image:height\" content=\"594\" \/>\n\t<meta property=\"og:image:type\" content=\"image\/jpeg\" \/>\n<meta name=\"twitter:card\" content=\"summary_large_image\" \/>\n<script type=\"application\/ld+json\" class=\"yoast-schema-graph\">{\"@context\":\"https:\/\/schema.org\",\"@graph\":[{\"@type\":\"WebPage\",\"@id\":\"https:\/\/vinilozona.lt\/en\/parduotuve\/classic\/kipras-petrauskas-%e2%80%8e-kipras-petrauskas\/\",\"url\":\"https:\/\/vinilozona.lt\/en\/parduotuve\/classic\/kipras-petrauskas-%e2%80%8e-kipras-petrauskas\/\",\"name\":\"\u0414\u0436\u043e\u043d \u041e\u0433\u0434\u043e\u043d \u2013 II \u041c\u0435\u0436\u0434\u0443\u043d\u0430\u0440\u043e\u0434\u043d\u044b\u0439 \u041a\u043e\u043d\u043a\u0443\u0440\u0441 \u0418\u043c. \u041f. \u0418. \u0427\u0430\u0439\u043a\u043e\u0432\u0441\u043a\u043e\u0433\u043e Vinilin\u0117 Plok\u0161tel\u0117 | Vinilozona.lt\",\"isPartOf\":{\"@id\":\"https:\/\/vinilozona.lt\/#website\"},\"primaryImageOfPage\":{\"@id\":\"https:\/\/vinilozona.lt\/en\/parduotuve\/classic\/kipras-petrauskas-%e2%80%8e-kipras-petrauskas\/#primaryimage\"},\"image\":{\"@id\":\"https:\/\/vinilozona.lt\/en\/parduotuve\/classic\/kipras-petrauskas-%e2%80%8e-kipras-petrauskas\/#primaryimage\"},\"thumbnailUrl\":\"https:\/\/vinilozona.lt\/wp-content\/uploads\/2020\/01\/R-14551720-1576903192-2862.jpg\",\"datePublished\":\"2023-02-26T04:01:46+00:00\",\"dateModified\":\"2024-03-01T08:44:14+00:00\",\"breadcrumb\":{\"@id\":\"https:\/\/vinilozona.lt\/en\/parduotuve\/classic\/kipras-petrauskas-%e2%80%8e-kipras-petrauskas\/#breadcrumb\"},\"inLanguage\":\"en-GB\",\"potentialAction\":[{\"@type\":\"ReadAction\",\"target\":[\"https:\/\/vinilozona.lt\/en\/parduotuve\/classic\/kipras-petrauskas-%e2%80%8e-kipras-petrauskas\/\"]}]},{\"@type\":\"ImageObject\",\"inLanguage\":\"en-GB\",\"@id\":\"https:\/\/vinilozona.lt\/en\/parduotuve\/classic\/kipras-petrauskas-%e2%80%8e-kipras-petrauskas\/#primaryimage\",\"url\":\"https:\/\/vinilozona.lt\/wp-content\/uploads\/2020\/01\/R-14551720-1576903192-2862.jpg\",\"contentUrl\":\"https:\/\/vinilozona.lt\/wp-content\/uploads\/2020\/01\/R-14551720-1576903192-2862.jpg\",\"width\":600,\"height\":594},{\"@type\":\"BreadcrumbList\",\"@id\":\"https:\/\/vinilozona.lt\/en\/parduotuve\/classic\/kipras-petrauskas-%e2%80%8e-kipras-petrauskas\/#breadcrumb\",\"itemListElement\":[{\"@type\":\"ListItem\",\"position\":1,\"name\":\"Home\",\"item\":\"https:\/\/vinilozona.lt\/\"},{\"@type\":\"ListItem\",\"position\":2,\"name\":\"Parduotuv\u0117\",\"item\":\"https:\/\/vinilozona.lt\/parduotuve\/\"},{\"@type\":\"ListItem\",\"position\":3,\"name\":\"\u0414\u0436\u043e\u043d \u041e\u0433\u0434\u043e\u043d \u2013 II \u041c\u0435\u0436\u0434\u0443\u043d\u0430\u0440\u043e\u0434\u043d\u044b\u0439 \u041a\u043e\u043d\u043a\u0443\u0440\u0441 \u0418\u043c. \u041f. \u0418. \u0427\u0430\u0439\u043a\u043e\u0432\u0441\u043a\u043e\u0433\u043e\"}]},{\"@type\":\"WebSite\",\"@id\":\"https:\/\/vinilozona.lt\/#website\",\"url\":\"https:\/\/vinilozona.lt\/\",\"name\":\"Vinilo Zona\",\"description\":\"Nup\u016bsk dulkes ir klausyk LP\",\"potentialAction\":[{\"@type\":\"SearchAction\",\"target\":{\"@type\":\"EntryPoint\",\"urlTemplate\":\"https:\/\/vinilozona.lt\/?s={search_term_string}\"},\"query-input\":{\"@type\":\"PropertyValueSpecification\",\"valueRequired\":true,\"valueName\":\"search_term_string\"}}],\"inLanguage\":\"en-GB\"}]}<\/script>\n<!-- \/ Yoast SEO plugin. -->","yoast_head_json":{"title":"\u0414\u0436\u043e\u043d \u041e\u0433\u0434\u043e\u043d \u2013 II \u041c\u0435\u0436\u0434\u0443\u043d\u0430\u0440\u043e\u0434\u043d\u044b\u0439 \u041a\u043e\u043d\u043a\u0443\u0440\u0441 \u0418\u043c. \u041f. \u0418. \u0427\u0430\u0439\u043a\u043e\u0432\u0441\u043a\u043e\u0433\u043e Vinilin\u0117 Plok\u0161tel\u0117 | Vinilozona.lt","robots":{"index":"index","follow":"follow","max-snippet":"max-snippet:-1","max-image-preview":"max-image-preview:large","max-video-preview":"max-video-preview:-1"},"canonical":"https:\/\/vinilozona.lt\/en\/parduotuve\/classic\/kipras-petrauskas-\u200e-kipras-petrauskas\/","og_locale":"en_GB","og_type":"article","og_title":"\u0414\u0436\u043e\u043d \u041e\u0433\u0434\u043e\u043d \u2013 II \u041c\u0435\u0436\u0434\u0443\u043d\u0430\u0440\u043e\u0434\u043d\u044b\u0439 \u041a\u043e\u043d\u043a\u0443\u0440\u0441 \u0418\u043c. \u041f. \u0418. \u0427\u0430\u0439\u043a\u043e\u0432\u0441\u043a\u043e\u0433\u043e Vinilin\u0117 Plok\u0161tel\u0117 | Vinilozona.lt","og_description":"\u041c\u0435\u043b\u043e\u0434\u0438\u044f \u2013 33\u0421\u041c\u201402497, \u041c\u0435\u043b\u043e\u0434\u0438\u044f \u2013 33\u0421\u041c\u201402498 Series: II \u041c\u0435\u0436\u0434\u0443\u043d\u0430\u0440\u043e\u0434\u043d\u044b\u0439 \u041a\u043e\u043d\u043a\u0443\u0440\u0441 \u0418\u043c. \u041f. \u0418. \u0427\u0430\u0439\u043a\u043e\u0432\u0441\u043a\u043e\u0433\u043e Format:  Vinyl, LP, Repress, Stereo Country: USSR","og_url":"https:\/\/vinilozona.lt\/en\/parduotuve\/classic\/kipras-petrauskas-\u200e-kipras-petrauskas\/","og_site_name":"Vinilo Zona","article_modified_time":"2024-03-01T08:44:14+00:00","og_image":[{"width":600,"height":594,"url":"https:\/\/vinilozona.lt\/wp-content\/uploads\/2020\/01\/R-14551720-1576903192-2862.jpg","type":"image\/jpeg"}],"twitter_card":"summary_large_image","schema":{"@context":"https:\/\/schema.org","@graph":[{"@type":"WebPage","@id":"https:\/\/vinilozona.lt\/en\/parduotuve\/classic\/kipras-petrauskas-%e2%80%8e-kipras-petrauskas\/","url":"https:\/\/vinilozona.lt\/en\/parduotuve\/classic\/kipras-petrauskas-%e2%80%8e-kipras-petrauskas\/","name":"\u0414\u0436\u043e\u043d \u041e\u0433\u0434\u043e\u043d \u2013 II \u041c\u0435\u0436\u0434\u0443\u043d\u0430\u0440\u043e\u0434\u043d\u044b\u0439 \u041a\u043e\u043d\u043a\u0443\u0440\u0441 \u0418\u043c. \u041f. \u0418. \u0427\u0430\u0439\u043a\u043e\u0432\u0441\u043a\u043e\u0433\u043e Vinilin\u0117 Plok\u0161tel\u0117 | Vinilozona.lt","isPartOf":{"@id":"https:\/\/vinilozona.lt\/#website"},"primaryImageOfPage":{"@id":"https:\/\/vinilozona.lt\/en\/parduotuve\/classic\/kipras-petrauskas-%e2%80%8e-kipras-petrauskas\/#primaryimage"},"image":{"@id":"https:\/\/vinilozona.lt\/en\/parduotuve\/classic\/kipras-petrauskas-%e2%80%8e-kipras-petrauskas\/#primaryimage"},"thumbnailUrl":"https:\/\/vinilozona.lt\/wp-content\/uploads\/2020\/01\/R-14551720-1576903192-2862.jpg","datePublished":"2023-02-26T04:01:46+00:00","dateModified":"2024-03-01T08:44:14+00:00","breadcrumb":{"@id":"https:\/\/vinilozona.lt\/en\/parduotuve\/classic\/kipras-petrauskas-%e2%80%8e-kipras-petrauskas\/#breadcrumb"},"inLanguage":"en-GB","potentialAction":[{"@type":"ReadAction","target":["https:\/\/vinilozona.lt\/en\/parduotuve\/classic\/kipras-petrauskas-%e2%80%8e-kipras-petrauskas\/"]}]},{"@type":"ImageObject","inLanguage":"en-GB","@id":"https:\/\/vinilozona.lt\/en\/parduotuve\/classic\/kipras-petrauskas-%e2%80%8e-kipras-petrauskas\/#primaryimage","url":"https:\/\/vinilozona.lt\/wp-content\/uploads\/2020\/01\/R-14551720-1576903192-2862.jpg","contentUrl":"https:\/\/vinilozona.lt\/wp-content\/uploads\/2020\/01\/R-14551720-1576903192-2862.jpg","width":600,"height":594},{"@type":"BreadcrumbList","@id":"https:\/\/vinilozona.lt\/en\/parduotuve\/classic\/kipras-petrauskas-%e2%80%8e-kipras-petrauskas\/#breadcrumb","itemListElement":[{"@type":"ListItem","position":1,"name":"Home","item":"https:\/\/vinilozona.lt\/"},{"@type":"ListItem","position":2,"name":"Parduotuv\u0117","item":"https:\/\/vinilozona.lt\/parduotuve\/"},{"@type":"ListItem","position":3,"name":"\u0414\u0436\u043e\u043d \u041e\u0433\u0434\u043e\u043d \u2013 II \u041c\u0435\u0436\u0434\u0443\u043d\u0430\u0440\u043e\u0434\u043d\u044b\u0439 \u041a\u043e\u043d\u043a\u0443\u0440\u0441 \u0418\u043c. \u041f. \u0418. \u0427\u0430\u0439\u043a\u043e\u0432\u0441\u043a\u043e\u0433\u043e"}]},{"@type":"WebSite","@id":"https:\/\/vinilozona.lt\/#website","url":"https:\/\/vinilozona.lt\/","name":"Vinilo Zona","description":"Nup\u016bsk dulkes ir klausyk LP","potentialAction":[{"@type":"SearchAction","target":{"@type":"EntryPoint","urlTemplate":"https:\/\/vinilozona.lt\/?s={search_term_string}"},"query-input":{"@type":"PropertyValueSpecification","valueRequired":true,"valueName":"search_term_string"}}],"inLanguage":"en-GB"}]}},"_links":{"self":[{"href":"https:\/\/vinilozona.lt\/en\/wp-json\/wp\/v2\/product\/2320"}],"collection":[{"href":"https:\/\/vinilozona.lt\/en\/wp-json\/wp\/v2\/product"}],"about":[{"href":"https:\/\/vinilozona.lt\/en\/wp-json\/wp\/v2\/types\/product"}],"wp:featuredmedia":[{"embeddable":true,"href":"https:\/\/vinilozona.lt\/en\/wp-json\/wp\/v2\/media\/24343"}],"wp:attachment":[{"href":"https:\/\/vinilozona.lt\/en\/wp-json\/wp\/v2\/media?parent=2320"}],"wp:term":[{"taxonomy":"product_cat","embeddable":true,"href":"https:\/\/vinilozona.lt\/en\/wp-json\/wp\/v2\/product_cat?post=2320"},{"taxonomy":"product_tag","embeddable":true,"href":"https:\/\/vinilozona.lt\/en\/wp-json\/wp\/v2\/product_tag?post=2320"}],"curies":[{"name":"wp","href":"https:\/\/api.w.org\/{rel}","templated":true}]}}