{"id":23132,"date":"2023-10-14T16:09:58","date_gmt":"2023-10-14T13:09:58","guid":{"rendered":"https:\/\/vinilozona.lt\/?post_type=product&#038;p=23132"},"modified":"2025-04-11T09:32:45","modified_gmt":"2025-04-11T06:32:45","slug":"alice-cooper-aint-that-just-like-a-woman-cd","status":"publish","type":"product","link":"https:\/\/vinilozona.lt\/en\/parduotuve\/cd\/naudoti-cd\/alice-cooper-aint-that-just-like-a-woman-cd\/","title":{"rendered":"Alice Cooper \u2013 Ain&#8217;t That Just Like A Woman  CD"},"content":{"rendered":"<p>1\tRonnie Hawkins\u2013\tAin&#8217;t That Just Like A Woman  2:32<br \/>\n2\tAlice Cooper\u2013\tPainting A Picture  2:10<br \/>\n3\tAlice Cooper\u2013\tAn Instrumental\t2:31<br \/>\n4\tAlice Cooper\u2013\tI&#8217;ve Written Home To Mother  1:22<br \/>\n5\tAlice Cooper\u2013\tFreak Out Song  3:51<br \/>\n6\tRonnie Hawkins\u2013\tGoin&#8217; To The River  2:09<br \/>\n7\tAlice Cooper\u2013\tNobody Likes Me  3:18<br \/>\n8\tAlice Cooper\u2013\tScience Fiction  6:41<\/p>","protected":false},"excerpt":{"rendered":"<p>Music Mirror \u2013 1021.2005-2<br \/>\nFormat:<br \/>\nCD, Compilation<br \/>\nCountry:\tSwitzerland<br \/>\nReleased:\t1993<\/p>","protected":false},"featured_media":23133,"template":"","meta":[],"product_cat":[24,946],"product_tag":[44],"yoast_head":"<!-- This site is optimized with the Yoast SEO plugin v23.5 - https:\/\/yoast.com\/wordpress\/plugins\/seo\/ -->\n<title>Alice Cooper \u2013 Ain&#039;t That Just Like A Woman CD Vinilin\u0117 Plok\u0161tel\u0117 | Vinilozona.lt<\/title>\n<meta name=\"robots\" content=\"index, follow, max-snippet:-1, max-image-preview:large, max-video-preview:-1\" \/>\n<link rel=\"canonical\" href=\"https:\/\/vinilozona.lt\/en\/parduotuve\/cd\/naudoti-cd\/alice-cooper-aint-that-just-like-a-woman-cd\/\" \/>\n<meta property=\"og:locale\" content=\"en_GB\" \/>\n<meta property=\"og:type\" content=\"article\" \/>\n<meta property=\"og:title\" content=\"Alice Cooper \u2013 Ain&#039;t That Just Like A Woman CD Vinilin\u0117 Plok\u0161tel\u0117 | Vinilozona.lt\" \/>\n<meta property=\"og:description\" content=\"Music Mirror \u2013 1021.2005-2 Format:  CD, Compilation Country: Switzerland Released: 1993\" \/>\n<meta property=\"og:url\" content=\"https:\/\/vinilozona.lt\/en\/parduotuve\/cd\/naudoti-cd\/alice-cooper-aint-that-just-like-a-woman-cd\/\" \/>\n<meta property=\"og:site_name\" content=\"Vinilo Zona\" \/>\n<meta property=\"article:modified_time\" content=\"2025-04-11T06:32:45+00:00\" \/>\n<meta property=\"og:image\" content=\"https:\/\/vinilozona.lt\/wp-content\/uploads\/2023\/10\/R-3726510-1532775933-8783.jpg\" \/>\n\t<meta property=\"og:image:width\" content=\"600\" \/>\n\t<meta property=\"og:image:height\" content=\"598\" \/>\n\t<meta property=\"og:image:type\" content=\"image\/jpeg\" \/>\n<meta name=\"twitter:card\" content=\"summary_large_image\" \/>\n<script type=\"application\/ld+json\" class=\"yoast-schema-graph\">{\"@context\":\"https:\/\/schema.org\",\"@graph\":[{\"@type\":\"WebPage\",\"@id\":\"https:\/\/vinilozona.lt\/parduotuve\/cd\/naudoti-cd\/alice-cooper-aint-that-just-like-a-woman-cd\/\",\"url\":\"https:\/\/vinilozona.lt\/parduotuve\/cd\/naudoti-cd\/alice-cooper-aint-that-just-like-a-woman-cd\/\",\"name\":\"Alice Cooper \u2013 Ain't That Just Like A Woman CD Vinilin\u0117 Plok\u0161tel\u0117 | Vinilozona.lt\",\"isPartOf\":{\"@id\":\"https:\/\/vinilozona.lt\/#website\"},\"primaryImageOfPage\":{\"@id\":\"https:\/\/vinilozona.lt\/parduotuve\/cd\/naudoti-cd\/alice-cooper-aint-that-just-like-a-woman-cd\/#primaryimage\"},\"image\":{\"@id\":\"https:\/\/vinilozona.lt\/parduotuve\/cd\/naudoti-cd\/alice-cooper-aint-that-just-like-a-woman-cd\/#primaryimage\"},\"thumbnailUrl\":\"https:\/\/vinilozona.lt\/wp-content\/uploads\/2023\/10\/R-3726510-1532775933-8783.jpg\",\"datePublished\":\"2023-10-14T13:09:58+00:00\",\"dateModified\":\"2025-04-11T06:32:45+00:00\",\"breadcrumb\":{\"@id\":\"https:\/\/vinilozona.lt\/parduotuve\/cd\/naudoti-cd\/alice-cooper-aint-that-just-like-a-woman-cd\/#breadcrumb\"},\"inLanguage\":\"en-GB\",\"potentialAction\":[{\"@type\":\"ReadAction\",\"target\":[\"https:\/\/vinilozona.lt\/parduotuve\/cd\/naudoti-cd\/alice-cooper-aint-that-just-like-a-woman-cd\/\"]}]},{\"@type\":\"ImageObject\",\"inLanguage\":\"en-GB\",\"@id\":\"https:\/\/vinilozona.lt\/parduotuve\/cd\/naudoti-cd\/alice-cooper-aint-that-just-like-a-woman-cd\/#primaryimage\",\"url\":\"https:\/\/vinilozona.lt\/wp-content\/uploads\/2023\/10\/R-3726510-1532775933-8783.jpg\",\"contentUrl\":\"https:\/\/vinilozona.lt\/wp-content\/uploads\/2023\/10\/R-3726510-1532775933-8783.jpg\",\"width\":600,\"height\":598},{\"@type\":\"BreadcrumbList\",\"@id\":\"https:\/\/vinilozona.lt\/parduotuve\/cd\/naudoti-cd\/alice-cooper-aint-that-just-like-a-woman-cd\/#breadcrumb\",\"itemListElement\":[{\"@type\":\"ListItem\",\"position\":1,\"name\":\"Home\",\"item\":\"https:\/\/vinilozona.lt\/\"},{\"@type\":\"ListItem\",\"position\":2,\"name\":\"Parduotuv\u0117\",\"item\":\"https:\/\/vinilozona.lt\/parduotuve\/\"},{\"@type\":\"ListItem\",\"position\":3,\"name\":\"Alice Cooper \u2013 Ain&#8217;t That Just Like A Woman CD\"}]},{\"@type\":\"WebSite\",\"@id\":\"https:\/\/vinilozona.lt\/#website\",\"url\":\"https:\/\/vinilozona.lt\/\",\"name\":\"Vinilo Zona\",\"description\":\"Nup\u016bsk dulkes ir klausyk LP\",\"potentialAction\":[{\"@type\":\"SearchAction\",\"target\":{\"@type\":\"EntryPoint\",\"urlTemplate\":\"https:\/\/vinilozona.lt\/?s={search_term_string}\"},\"query-input\":{\"@type\":\"PropertyValueSpecification\",\"valueRequired\":true,\"valueName\":\"search_term_string\"}}],\"inLanguage\":\"en-GB\"}]}<\/script>\n<!-- \/ Yoast SEO plugin. -->","yoast_head_json":{"title":"Alice Cooper \u2013 Ain't That Just Like A Woman CD Vinilin\u0117 Plok\u0161tel\u0117 | Vinilozona.lt","robots":{"index":"index","follow":"follow","max-snippet":"max-snippet:-1","max-image-preview":"max-image-preview:large","max-video-preview":"max-video-preview:-1"},"canonical":"https:\/\/vinilozona.lt\/en\/parduotuve\/cd\/naudoti-cd\/alice-cooper-aint-that-just-like-a-woman-cd\/","og_locale":"en_GB","og_type":"article","og_title":"Alice Cooper \u2013 Ain't That Just Like A Woman CD Vinilin\u0117 Plok\u0161tel\u0117 | Vinilozona.lt","og_description":"Music Mirror \u2013 1021.2005-2 Format:  CD, Compilation Country: Switzerland Released: 1993","og_url":"https:\/\/vinilozona.lt\/en\/parduotuve\/cd\/naudoti-cd\/alice-cooper-aint-that-just-like-a-woman-cd\/","og_site_name":"Vinilo Zona","article_modified_time":"2025-04-11T06:32:45+00:00","og_image":[{"width":600,"height":598,"url":"https:\/\/vinilozona.lt\/wp-content\/uploads\/2023\/10\/R-3726510-1532775933-8783.jpg","type":"image\/jpeg"}],"twitter_card":"summary_large_image","schema":{"@context":"https:\/\/schema.org","@graph":[{"@type":"WebPage","@id":"https:\/\/vinilozona.lt\/parduotuve\/cd\/naudoti-cd\/alice-cooper-aint-that-just-like-a-woman-cd\/","url":"https:\/\/vinilozona.lt\/parduotuve\/cd\/naudoti-cd\/alice-cooper-aint-that-just-like-a-woman-cd\/","name":"Alice Cooper \u2013 Ain't That Just Like A Woman CD Vinilin\u0117 Plok\u0161tel\u0117 | Vinilozona.lt","isPartOf":{"@id":"https:\/\/vinilozona.lt\/#website"},"primaryImageOfPage":{"@id":"https:\/\/vinilozona.lt\/parduotuve\/cd\/naudoti-cd\/alice-cooper-aint-that-just-like-a-woman-cd\/#primaryimage"},"image":{"@id":"https:\/\/vinilozona.lt\/parduotuve\/cd\/naudoti-cd\/alice-cooper-aint-that-just-like-a-woman-cd\/#primaryimage"},"thumbnailUrl":"https:\/\/vinilozona.lt\/wp-content\/uploads\/2023\/10\/R-3726510-1532775933-8783.jpg","datePublished":"2023-10-14T13:09:58+00:00","dateModified":"2025-04-11T06:32:45+00:00","breadcrumb":{"@id":"https:\/\/vinilozona.lt\/parduotuve\/cd\/naudoti-cd\/alice-cooper-aint-that-just-like-a-woman-cd\/#breadcrumb"},"inLanguage":"en-GB","potentialAction":[{"@type":"ReadAction","target":["https:\/\/vinilozona.lt\/parduotuve\/cd\/naudoti-cd\/alice-cooper-aint-that-just-like-a-woman-cd\/"]}]},{"@type":"ImageObject","inLanguage":"en-GB","@id":"https:\/\/vinilozona.lt\/parduotuve\/cd\/naudoti-cd\/alice-cooper-aint-that-just-like-a-woman-cd\/#primaryimage","url":"https:\/\/vinilozona.lt\/wp-content\/uploads\/2023\/10\/R-3726510-1532775933-8783.jpg","contentUrl":"https:\/\/vinilozona.lt\/wp-content\/uploads\/2023\/10\/R-3726510-1532775933-8783.jpg","width":600,"height":598},{"@type":"BreadcrumbList","@id":"https:\/\/vinilozona.lt\/parduotuve\/cd\/naudoti-cd\/alice-cooper-aint-that-just-like-a-woman-cd\/#breadcrumb","itemListElement":[{"@type":"ListItem","position":1,"name":"Home","item":"https:\/\/vinilozona.lt\/"},{"@type":"ListItem","position":2,"name":"Parduotuv\u0117","item":"https:\/\/vinilozona.lt\/parduotuve\/"},{"@type":"ListItem","position":3,"name":"Alice Cooper \u2013 Ain&#8217;t That Just Like A Woman CD"}]},{"@type":"WebSite","@id":"https:\/\/vinilozona.lt\/#website","url":"https:\/\/vinilozona.lt\/","name":"Vinilo Zona","description":"Nup\u016bsk dulkes ir klausyk LP","potentialAction":[{"@type":"SearchAction","target":{"@type":"EntryPoint","urlTemplate":"https:\/\/vinilozona.lt\/?s={search_term_string}"},"query-input":{"@type":"PropertyValueSpecification","valueRequired":true,"valueName":"search_term_string"}}],"inLanguage":"en-GB"}]}},"_links":{"self":[{"href":"https:\/\/vinilozona.lt\/en\/wp-json\/wp\/v2\/product\/23132"}],"collection":[{"href":"https:\/\/vinilozona.lt\/en\/wp-json\/wp\/v2\/product"}],"about":[{"href":"https:\/\/vinilozona.lt\/en\/wp-json\/wp\/v2\/types\/product"}],"wp:featuredmedia":[{"embeddable":true,"href":"https:\/\/vinilozona.lt\/en\/wp-json\/wp\/v2\/media\/23133"}],"wp:attachment":[{"href":"https:\/\/vinilozona.lt\/en\/wp-json\/wp\/v2\/media?parent=23132"}],"wp:term":[{"taxonomy":"product_cat","embeddable":true,"href":"https:\/\/vinilozona.lt\/en\/wp-json\/wp\/v2\/product_cat?post=23132"},{"taxonomy":"product_tag","embeddable":true,"href":"https:\/\/vinilozona.lt\/en\/wp-json\/wp\/v2\/product_tag?post=23132"}],"curies":[{"name":"wp","href":"https:\/\/api.w.org\/{rel}","templated":true}]}}