{"id":23006,"date":"2023-09-24T05:01:05","date_gmt":"2023-09-24T02:01:05","guid":{"rendered":"https:\/\/vinilozona.lt\/?post_type=product&#038;p=23006"},"modified":"2023-09-24T09:04:22","modified_gmt":"2023-09-24T06:04:22","slug":"various-song-education-3-2","status":"publish","type":"product","link":"https:\/\/vinilozona.lt\/en\/parduotuve\/naujos-lp\/various-song-education-3-2\/","title":{"rendered":"Various \u2013 Song Education 3"},"content":{"rendered":"<p>A1\tCecilia Krull\u2013\tMy Life Is Going On<br \/>\nA2\tHank Williams\u2013\tSettin&#8217; The Woods On Fire<br \/>\nA3\tBryan Ferry\u2013\tSlave To Love<br \/>\nA4\tThe Velvet Underground\u2013\tPale Blue Eyes<br \/>\nA5\tCass Elliot\u2013\tMake Your Own Kind Of Music<br \/>\nA6\tKool &#038; The Gang\u2013\tGet Down On It<br \/>\nA7\tBilly Idol\u2013\tRebel Yell<br \/>\nB1\tWang Chung\u2013\tDance Hall Days<br \/>\nB2\tThe Stone Poneys\u2013\tDifferent Drum<br \/>\nB3\tGreg Holden\u2013\tThe Lost Boy<br \/>\nB4\tGeorge Baker Selection\u2013\tLittle Green Bag<br \/>\nB5\tRodriguez*\u2013\tHate Street Dialogue<br \/>\nB6\tPeggy Lee\u2013\tFever<br \/>\nB7\tJohn Mellencamp*\u2013\tR.O.C.K. In The U.S.A. (A Salute To 60&#8217;s Rock)<br \/>\nB8\tYello\u2013\tOh Yeah\t<\/p>","protected":false},"excerpt":{"rendered":"<p>Vinyl Base \u2013 VB006, Universal Music \u2013 VB006<br \/>\nSeries:\tSong Education \u2013 3<br \/>\nFormat:<br \/>\nVinyl, LP, Compilation, Limited Edition, Stereo, White<br \/>\nCountry:\tEurope<br \/>\nReleased:\tMar 25, 2022<\/p>","protected":false},"featured_media":23007,"template":"","meta":[],"product_cat":[906,23],"product_tag":[74],"yoast_head":"<!-- This site is optimized with the Yoast SEO plugin v23.5 - https:\/\/yoast.com\/wordpress\/plugins\/seo\/ -->\n<title>Various \u2013 Song Education 3 Vinilin\u0117 Plok\u0161tel\u0117 | Vinilozona.lt<\/title>\n<meta name=\"robots\" content=\"index, follow, max-snippet:-1, max-image-preview:large, max-video-preview:-1\" \/>\n<link rel=\"canonical\" href=\"https:\/\/vinilozona.lt\/en\/parduotuve\/naujos-lp\/various-song-education-3-2\/\" \/>\n<meta property=\"og:locale\" content=\"en_GB\" \/>\n<meta property=\"og:type\" content=\"article\" \/>\n<meta property=\"og:title\" content=\"Various \u2013 Song Education 3 Vinilin\u0117 Plok\u0161tel\u0117 | Vinilozona.lt\" \/>\n<meta property=\"og:description\" content=\"Vinyl Base \u2013 VB006, Universal Music \u2013 VB006 Series: Song Education \u2013 3 Format:  Vinyl, LP, Compilation, Limited Edition, Stereo, White Country: Europe Released: Mar 25, 2022\" \/>\n<meta property=\"og:url\" content=\"https:\/\/vinilozona.lt\/en\/parduotuve\/naujos-lp\/various-song-education-3-2\/\" \/>\n<meta property=\"og:site_name\" content=\"Vinilo Zona\" \/>\n<meta property=\"article:modified_time\" content=\"2023-09-24T06:04:22+00:00\" \/>\n<meta property=\"og:image\" content=\"https:\/\/vinilozona.lt\/wp-content\/uploads\/2023\/09\/R-22644272-1648243501-2560.jpg\" \/>\n\t<meta property=\"og:image:width\" content=\"595\" \/>\n\t<meta property=\"og:image:height\" content=\"600\" \/>\n\t<meta property=\"og:image:type\" content=\"image\/jpeg\" \/>\n<meta name=\"twitter:card\" content=\"summary_large_image\" \/>\n<meta name=\"twitter:label1\" content=\"Estimated reading time\" \/>\n\t<meta name=\"twitter:data1\" content=\"1 minute\" \/>\n<script type=\"application\/ld+json\" class=\"yoast-schema-graph\">{\"@context\":\"https:\/\/schema.org\",\"@graph\":[{\"@type\":\"WebPage\",\"@id\":\"https:\/\/vinilozona.lt\/parduotuve\/naujos-lp\/various-song-education-3-2\/\",\"url\":\"https:\/\/vinilozona.lt\/parduotuve\/naujos-lp\/various-song-education-3-2\/\",\"name\":\"Various \u2013 Song Education 3 Vinilin\u0117 Plok\u0161tel\u0117 | Vinilozona.lt\",\"isPartOf\":{\"@id\":\"https:\/\/vinilozona.lt\/#website\"},\"primaryImageOfPage\":{\"@id\":\"https:\/\/vinilozona.lt\/parduotuve\/naujos-lp\/various-song-education-3-2\/#primaryimage\"},\"image\":{\"@id\":\"https:\/\/vinilozona.lt\/parduotuve\/naujos-lp\/various-song-education-3-2\/#primaryimage\"},\"thumbnailUrl\":\"https:\/\/vinilozona.lt\/wp-content\/uploads\/2023\/09\/R-22644272-1648243501-2560.jpg\",\"datePublished\":\"2023-09-24T02:01:05+00:00\",\"dateModified\":\"2023-09-24T06:04:22+00:00\",\"breadcrumb\":{\"@id\":\"https:\/\/vinilozona.lt\/parduotuve\/naujos-lp\/various-song-education-3-2\/#breadcrumb\"},\"inLanguage\":\"en-GB\",\"potentialAction\":[{\"@type\":\"ReadAction\",\"target\":[\"https:\/\/vinilozona.lt\/parduotuve\/naujos-lp\/various-song-education-3-2\/\"]}]},{\"@type\":\"ImageObject\",\"inLanguage\":\"en-GB\",\"@id\":\"https:\/\/vinilozona.lt\/parduotuve\/naujos-lp\/various-song-education-3-2\/#primaryimage\",\"url\":\"https:\/\/vinilozona.lt\/wp-content\/uploads\/2023\/09\/R-22644272-1648243501-2560.jpg\",\"contentUrl\":\"https:\/\/vinilozona.lt\/wp-content\/uploads\/2023\/09\/R-22644272-1648243501-2560.jpg\",\"width\":595,\"height\":600},{\"@type\":\"BreadcrumbList\",\"@id\":\"https:\/\/vinilozona.lt\/parduotuve\/naujos-lp\/various-song-education-3-2\/#breadcrumb\",\"itemListElement\":[{\"@type\":\"ListItem\",\"position\":1,\"name\":\"Home\",\"item\":\"https:\/\/vinilozona.lt\/\"},{\"@type\":\"ListItem\",\"position\":2,\"name\":\"Parduotuv\u0117\",\"item\":\"https:\/\/vinilozona.lt\/parduotuve\/\"},{\"@type\":\"ListItem\",\"position\":3,\"name\":\"Various \u2013 Song Education 3\"}]},{\"@type\":\"WebSite\",\"@id\":\"https:\/\/vinilozona.lt\/#website\",\"url\":\"https:\/\/vinilozona.lt\/\",\"name\":\"Vinilo Zona\",\"description\":\"Nup\u016bsk dulkes ir klausyk LP\",\"potentialAction\":[{\"@type\":\"SearchAction\",\"target\":{\"@type\":\"EntryPoint\",\"urlTemplate\":\"https:\/\/vinilozona.lt\/?s={search_term_string}\"},\"query-input\":{\"@type\":\"PropertyValueSpecification\",\"valueRequired\":true,\"valueName\":\"search_term_string\"}}],\"inLanguage\":\"en-GB\"}]}<\/script>\n<!-- \/ Yoast SEO plugin. -->","yoast_head_json":{"title":"Various \u2013 Song Education 3 Vinilin\u0117 Plok\u0161tel\u0117 | Vinilozona.lt","robots":{"index":"index","follow":"follow","max-snippet":"max-snippet:-1","max-image-preview":"max-image-preview:large","max-video-preview":"max-video-preview:-1"},"canonical":"https:\/\/vinilozona.lt\/en\/parduotuve\/naujos-lp\/various-song-education-3-2\/","og_locale":"en_GB","og_type":"article","og_title":"Various \u2013 Song Education 3 Vinilin\u0117 Plok\u0161tel\u0117 | Vinilozona.lt","og_description":"Vinyl Base \u2013 VB006, Universal Music \u2013 VB006 Series: Song Education \u2013 3 Format:  Vinyl, LP, Compilation, Limited Edition, Stereo, White Country: Europe Released: Mar 25, 2022","og_url":"https:\/\/vinilozona.lt\/en\/parduotuve\/naujos-lp\/various-song-education-3-2\/","og_site_name":"Vinilo Zona","article_modified_time":"2023-09-24T06:04:22+00:00","og_image":[{"width":595,"height":600,"url":"https:\/\/vinilozona.lt\/wp-content\/uploads\/2023\/09\/R-22644272-1648243501-2560.jpg","type":"image\/jpeg"}],"twitter_card":"summary_large_image","twitter_misc":{"Estimated reading time":"1 minute"},"schema":{"@context":"https:\/\/schema.org","@graph":[{"@type":"WebPage","@id":"https:\/\/vinilozona.lt\/parduotuve\/naujos-lp\/various-song-education-3-2\/","url":"https:\/\/vinilozona.lt\/parduotuve\/naujos-lp\/various-song-education-3-2\/","name":"Various \u2013 Song Education 3 Vinilin\u0117 Plok\u0161tel\u0117 | Vinilozona.lt","isPartOf":{"@id":"https:\/\/vinilozona.lt\/#website"},"primaryImageOfPage":{"@id":"https:\/\/vinilozona.lt\/parduotuve\/naujos-lp\/various-song-education-3-2\/#primaryimage"},"image":{"@id":"https:\/\/vinilozona.lt\/parduotuve\/naujos-lp\/various-song-education-3-2\/#primaryimage"},"thumbnailUrl":"https:\/\/vinilozona.lt\/wp-content\/uploads\/2023\/09\/R-22644272-1648243501-2560.jpg","datePublished":"2023-09-24T02:01:05+00:00","dateModified":"2023-09-24T06:04:22+00:00","breadcrumb":{"@id":"https:\/\/vinilozona.lt\/parduotuve\/naujos-lp\/various-song-education-3-2\/#breadcrumb"},"inLanguage":"en-GB","potentialAction":[{"@type":"ReadAction","target":["https:\/\/vinilozona.lt\/parduotuve\/naujos-lp\/various-song-education-3-2\/"]}]},{"@type":"ImageObject","inLanguage":"en-GB","@id":"https:\/\/vinilozona.lt\/parduotuve\/naujos-lp\/various-song-education-3-2\/#primaryimage","url":"https:\/\/vinilozona.lt\/wp-content\/uploads\/2023\/09\/R-22644272-1648243501-2560.jpg","contentUrl":"https:\/\/vinilozona.lt\/wp-content\/uploads\/2023\/09\/R-22644272-1648243501-2560.jpg","width":595,"height":600},{"@type":"BreadcrumbList","@id":"https:\/\/vinilozona.lt\/parduotuve\/naujos-lp\/various-song-education-3-2\/#breadcrumb","itemListElement":[{"@type":"ListItem","position":1,"name":"Home","item":"https:\/\/vinilozona.lt\/"},{"@type":"ListItem","position":2,"name":"Parduotuv\u0117","item":"https:\/\/vinilozona.lt\/parduotuve\/"},{"@type":"ListItem","position":3,"name":"Various \u2013 Song Education 3"}]},{"@type":"WebSite","@id":"https:\/\/vinilozona.lt\/#website","url":"https:\/\/vinilozona.lt\/","name":"Vinilo Zona","description":"Nup\u016bsk dulkes ir klausyk LP","potentialAction":[{"@type":"SearchAction","target":{"@type":"EntryPoint","urlTemplate":"https:\/\/vinilozona.lt\/?s={search_term_string}"},"query-input":{"@type":"PropertyValueSpecification","valueRequired":true,"valueName":"search_term_string"}}],"inLanguage":"en-GB"}]}},"_links":{"self":[{"href":"https:\/\/vinilozona.lt\/en\/wp-json\/wp\/v2\/product\/23006"}],"collection":[{"href":"https:\/\/vinilozona.lt\/en\/wp-json\/wp\/v2\/product"}],"about":[{"href":"https:\/\/vinilozona.lt\/en\/wp-json\/wp\/v2\/types\/product"}],"wp:featuredmedia":[{"embeddable":true,"href":"https:\/\/vinilozona.lt\/en\/wp-json\/wp\/v2\/media\/23007"}],"wp:attachment":[{"href":"https:\/\/vinilozona.lt\/en\/wp-json\/wp\/v2\/media?parent=23006"}],"wp:term":[{"taxonomy":"product_cat","embeddable":true,"href":"https:\/\/vinilozona.lt\/en\/wp-json\/wp\/v2\/product_cat?post=23006"},{"taxonomy":"product_tag","embeddable":true,"href":"https:\/\/vinilozona.lt\/en\/wp-json\/wp\/v2\/product_tag?post=23006"}],"curies":[{"name":"wp","href":"https:\/\/api.w.org\/{rel}","templated":true}]}}