{"id":2296,"date":"2026-03-02T05:42:28","date_gmt":"2026-03-02T03:42:28","guid":{"rendered":"https:\/\/vinylhome.lt\/?post_type=product&#038;p=2296"},"modified":"2026-03-02T11:49:34","modified_gmt":"2026-03-02T09:49:34","slug":"ir-visa-tai-kas-yra-grazu-yra-grazu-%e2%80%8e-paradas","status":"publish","type":"product","link":"https:\/\/vinilozona.lt\/en\/parduotuve\/lietuviska\/ir-visa-tai-kas-yra-grazu-yra-grazu-%e2%80%8e-paradas\/","title":{"rendered":"And All That Is Beautiful is Beautiful - Parade"},"content":{"rendered":"","protected":false},"excerpt":{"rendered":"","protected":false},"featured_media":2300,"template":"","meta":[],"product_cat":[19],"product_tag":[55],"yoast_head":"<!-- This site is optimized with the Yoast SEO plugin v23.5 - https:\/\/yoast.com\/wordpress\/plugins\/seo\/ -->\n<title>Ir Visa Tai, Kas Yra Gra\u017eu, Yra Gra\u017eu \u200e\u2013 Paradas Vinilin\u0117 Plok\u0161tel\u0117 | Vinilozona.lt<\/title>\n<meta name=\"robots\" content=\"index, follow, max-snippet:-1, max-image-preview:large, max-video-preview:-1\" \/>\n<link rel=\"canonical\" href=\"https:\/\/vinilozona.lt\/en\/parduotuve\/lietuviska\/ir-visa-tai-kas-yra-grazu-yra-grazu-\u200e-paradas\/\" \/>\n<meta property=\"og:locale\" content=\"en_GB\" \/>\n<meta property=\"og:type\" content=\"article\" \/>\n<meta property=\"og:title\" content=\"Ir Visa Tai, Kas Yra Gra\u017eu, Yra Gra\u017eu \u200e\u2013 Paradas Vinilin\u0117 Plok\u0161tel\u0117 | Vinilozona.lt\" \/>\n<meta property=\"og:url\" content=\"https:\/\/vinilozona.lt\/en\/parduotuve\/lietuviska\/ir-visa-tai-kas-yra-grazu-yra-grazu-\u200e-paradas\/\" \/>\n<meta property=\"og:site_name\" content=\"Vinilo Zona\" \/>\n<meta property=\"article:modified_time\" content=\"2026-03-02T09:49:34+00:00\" \/>\n<meta property=\"og:image\" content=\"https:\/\/vinilozona.lt\/wp-content\/uploads\/2020\/01\/ir-visa-tai-kas-yra-grazu-yra-grazu-paradas-1.jpg\" \/>\n\t<meta property=\"og:image:width\" content=\"453\" \/>\n\t<meta property=\"og:image:height\" content=\"340\" \/>\n\t<meta property=\"og:image:type\" content=\"image\/jpeg\" \/>\n<meta name=\"twitter:card\" content=\"summary_large_image\" \/>\n<script type=\"application\/ld+json\" class=\"yoast-schema-graph\">{\"@context\":\"https:\/\/schema.org\",\"@graph\":[{\"@type\":\"WebPage\",\"@id\":\"https:\/\/vinilozona.lt\/parduotuve\/lietuviska\/ir-visa-tai-kas-yra-grazu-yra-grazu-%e2%80%8e-paradas\/\",\"url\":\"https:\/\/vinilozona.lt\/parduotuve\/lietuviska\/ir-visa-tai-kas-yra-grazu-yra-grazu-%e2%80%8e-paradas\/\",\"name\":\"Ir Visa Tai, Kas Yra Gra\u017eu, Yra Gra\u017eu \u200e\u2013 Paradas Vinilin\u0117 Plok\u0161tel\u0117 | Vinilozona.lt\",\"isPartOf\":{\"@id\":\"https:\/\/vinilozona.lt\/#website\"},\"primaryImageOfPage\":{\"@id\":\"https:\/\/vinilozona.lt\/parduotuve\/lietuviska\/ir-visa-tai-kas-yra-grazu-yra-grazu-%e2%80%8e-paradas\/#primaryimage\"},\"image\":{\"@id\":\"https:\/\/vinilozona.lt\/parduotuve\/lietuviska\/ir-visa-tai-kas-yra-grazu-yra-grazu-%e2%80%8e-paradas\/#primaryimage\"},\"thumbnailUrl\":\"https:\/\/vinilozona.lt\/wp-content\/uploads\/2020\/01\/ir-visa-tai-kas-yra-grazu-yra-grazu-paradas-1.jpg\",\"datePublished\":\"2026-03-02T03:42:28+00:00\",\"dateModified\":\"2026-03-02T09:49:34+00:00\",\"breadcrumb\":{\"@id\":\"https:\/\/vinilozona.lt\/parduotuve\/lietuviska\/ir-visa-tai-kas-yra-grazu-yra-grazu-%e2%80%8e-paradas\/#breadcrumb\"},\"inLanguage\":\"en-GB\",\"potentialAction\":[{\"@type\":\"ReadAction\",\"target\":[\"https:\/\/vinilozona.lt\/parduotuve\/lietuviska\/ir-visa-tai-kas-yra-grazu-yra-grazu-%e2%80%8e-paradas\/\"]}]},{\"@type\":\"ImageObject\",\"inLanguage\":\"en-GB\",\"@id\":\"https:\/\/vinilozona.lt\/parduotuve\/lietuviska\/ir-visa-tai-kas-yra-grazu-yra-grazu-%e2%80%8e-paradas\/#primaryimage\",\"url\":\"https:\/\/vinilozona.lt\/wp-content\/uploads\/2020\/01\/ir-visa-tai-kas-yra-grazu-yra-grazu-paradas-1.jpg\",\"contentUrl\":\"https:\/\/vinilozona.lt\/wp-content\/uploads\/2020\/01\/ir-visa-tai-kas-yra-grazu-yra-grazu-paradas-1.jpg\",\"width\":453,\"height\":340},{\"@type\":\"BreadcrumbList\",\"@id\":\"https:\/\/vinilozona.lt\/parduotuve\/lietuviska\/ir-visa-tai-kas-yra-grazu-yra-grazu-%e2%80%8e-paradas\/#breadcrumb\",\"itemListElement\":[{\"@type\":\"ListItem\",\"position\":1,\"name\":\"Home\",\"item\":\"https:\/\/vinilozona.lt\/\"},{\"@type\":\"ListItem\",\"position\":2,\"name\":\"Parduotuv\u0117\",\"item\":\"https:\/\/vinilozona.lt\/parduotuve\/\"},{\"@type\":\"ListItem\",\"position\":3,\"name\":\"Ir Visa Tai, Kas Yra Gra\u017eu, Yra Gra\u017eu \u200e\u2013 Paradas\"}]},{\"@type\":\"WebSite\",\"@id\":\"https:\/\/vinilozona.lt\/#website\",\"url\":\"https:\/\/vinilozona.lt\/\",\"name\":\"Vinilo Zona\",\"description\":\"Nup\u016bsk dulkes ir klausyk LP\",\"potentialAction\":[{\"@type\":\"SearchAction\",\"target\":{\"@type\":\"EntryPoint\",\"urlTemplate\":\"https:\/\/vinilozona.lt\/?s={search_term_string}\"},\"query-input\":{\"@type\":\"PropertyValueSpecification\",\"valueRequired\":true,\"valueName\":\"search_term_string\"}}],\"inLanguage\":\"en-GB\"}]}<\/script>\n<!-- \/ Yoast SEO plugin. -->","yoast_head_json":{"title":"Ir Visa Tai, Kas Yra Gra\u017eu, Yra Gra\u017eu \u200e\u2013 Paradas Vinilin\u0117 Plok\u0161tel\u0117 | Vinilozona.lt","robots":{"index":"index","follow":"follow","max-snippet":"max-snippet:-1","max-image-preview":"max-image-preview:large","max-video-preview":"max-video-preview:-1"},"canonical":"https:\/\/vinilozona.lt\/en\/parduotuve\/lietuviska\/ir-visa-tai-kas-yra-grazu-yra-grazu-\u200e-paradas\/","og_locale":"en_GB","og_type":"article","og_title":"Ir Visa Tai, Kas Yra Gra\u017eu, Yra Gra\u017eu \u200e\u2013 Paradas Vinilin\u0117 Plok\u0161tel\u0117 | Vinilozona.lt","og_url":"https:\/\/vinilozona.lt\/en\/parduotuve\/lietuviska\/ir-visa-tai-kas-yra-grazu-yra-grazu-\u200e-paradas\/","og_site_name":"Vinilo Zona","article_modified_time":"2026-03-02T09:49:34+00:00","og_image":[{"width":453,"height":340,"url":"https:\/\/vinilozona.lt\/wp-content\/uploads\/2020\/01\/ir-visa-tai-kas-yra-grazu-yra-grazu-paradas-1.jpg","type":"image\/jpeg"}],"twitter_card":"summary_large_image","schema":{"@context":"https:\/\/schema.org","@graph":[{"@type":"WebPage","@id":"https:\/\/vinilozona.lt\/parduotuve\/lietuviska\/ir-visa-tai-kas-yra-grazu-yra-grazu-%e2%80%8e-paradas\/","url":"https:\/\/vinilozona.lt\/parduotuve\/lietuviska\/ir-visa-tai-kas-yra-grazu-yra-grazu-%e2%80%8e-paradas\/","name":"Ir Visa Tai, Kas Yra Gra\u017eu, Yra Gra\u017eu \u200e\u2013 Paradas Vinilin\u0117 Plok\u0161tel\u0117 | Vinilozona.lt","isPartOf":{"@id":"https:\/\/vinilozona.lt\/#website"},"primaryImageOfPage":{"@id":"https:\/\/vinilozona.lt\/parduotuve\/lietuviska\/ir-visa-tai-kas-yra-grazu-yra-grazu-%e2%80%8e-paradas\/#primaryimage"},"image":{"@id":"https:\/\/vinilozona.lt\/parduotuve\/lietuviska\/ir-visa-tai-kas-yra-grazu-yra-grazu-%e2%80%8e-paradas\/#primaryimage"},"thumbnailUrl":"https:\/\/vinilozona.lt\/wp-content\/uploads\/2020\/01\/ir-visa-tai-kas-yra-grazu-yra-grazu-paradas-1.jpg","datePublished":"2026-03-02T03:42:28+00:00","dateModified":"2026-03-02T09:49:34+00:00","breadcrumb":{"@id":"https:\/\/vinilozona.lt\/parduotuve\/lietuviska\/ir-visa-tai-kas-yra-grazu-yra-grazu-%e2%80%8e-paradas\/#breadcrumb"},"inLanguage":"en-GB","potentialAction":[{"@type":"ReadAction","target":["https:\/\/vinilozona.lt\/parduotuve\/lietuviska\/ir-visa-tai-kas-yra-grazu-yra-grazu-%e2%80%8e-paradas\/"]}]},{"@type":"ImageObject","inLanguage":"en-GB","@id":"https:\/\/vinilozona.lt\/parduotuve\/lietuviska\/ir-visa-tai-kas-yra-grazu-yra-grazu-%e2%80%8e-paradas\/#primaryimage","url":"https:\/\/vinilozona.lt\/wp-content\/uploads\/2020\/01\/ir-visa-tai-kas-yra-grazu-yra-grazu-paradas-1.jpg","contentUrl":"https:\/\/vinilozona.lt\/wp-content\/uploads\/2020\/01\/ir-visa-tai-kas-yra-grazu-yra-grazu-paradas-1.jpg","width":453,"height":340},{"@type":"BreadcrumbList","@id":"https:\/\/vinilozona.lt\/parduotuve\/lietuviska\/ir-visa-tai-kas-yra-grazu-yra-grazu-%e2%80%8e-paradas\/#breadcrumb","itemListElement":[{"@type":"ListItem","position":1,"name":"Home","item":"https:\/\/vinilozona.lt\/"},{"@type":"ListItem","position":2,"name":"Parduotuv\u0117","item":"https:\/\/vinilozona.lt\/parduotuve\/"},{"@type":"ListItem","position":3,"name":"Ir Visa Tai, Kas Yra Gra\u017eu, Yra Gra\u017eu \u200e\u2013 Paradas"}]},{"@type":"WebSite","@id":"https:\/\/vinilozona.lt\/#website","url":"https:\/\/vinilozona.lt\/","name":"Vinilo Zona","description":"Nup\u016bsk dulkes ir klausyk LP","potentialAction":[{"@type":"SearchAction","target":{"@type":"EntryPoint","urlTemplate":"https:\/\/vinilozona.lt\/?s={search_term_string}"},"query-input":{"@type":"PropertyValueSpecification","valueRequired":true,"valueName":"search_term_string"}}],"inLanguage":"en-GB"}]}},"_links":{"self":[{"href":"https:\/\/vinilozona.lt\/en\/wp-json\/wp\/v2\/product\/2296"}],"collection":[{"href":"https:\/\/vinilozona.lt\/en\/wp-json\/wp\/v2\/product"}],"about":[{"href":"https:\/\/vinilozona.lt\/en\/wp-json\/wp\/v2\/types\/product"}],"wp:featuredmedia":[{"embeddable":true,"href":"https:\/\/vinilozona.lt\/en\/wp-json\/wp\/v2\/media\/2300"}],"wp:attachment":[{"href":"https:\/\/vinilozona.lt\/en\/wp-json\/wp\/v2\/media?parent=2296"}],"wp:term":[{"taxonomy":"product_cat","embeddable":true,"href":"https:\/\/vinilozona.lt\/en\/wp-json\/wp\/v2\/product_cat?post=2296"},{"taxonomy":"product_tag","embeddable":true,"href":"https:\/\/vinilozona.lt\/en\/wp-json\/wp\/v2\/product_tag?post=2296"}],"curies":[{"name":"wp","href":"https:\/\/api.w.org\/{rel}","templated":true}]}}