{"id":22823,"date":"2023-08-29T05:09:38","date_gmt":"2023-08-29T02:09:38","guid":{"rendered":"https:\/\/vinilozona.lt\/?post_type=product&#038;p=22823"},"modified":"2023-08-26T08:21:24","modified_gmt":"2023-08-26T05:21:24","slug":"neil-diamond-diamonds-2lp","status":"publish","type":"product","link":"https:\/\/vinilozona.lt\/en\/parduotuve\/rock-pop\/neil-diamond-diamonds-2lp\/","title":{"rendered":"Neil Diamond \u2013 Diamonds 2LP"},"content":{"rendered":"<p>A1\t\tCracklin&#8217; Rosie\t3:00<br \/>\nA2\t\tFree Life\t3:11<br \/>\nA3\t\tGoldwater Morning\t3:20<br \/>\nA4\t\tHe Ain&#8217;t Heavy&#8230; He&#8217;s My Brother  3:59<br \/>\nA5\t\tA Modern Day Version Of Love\t2:49<br \/>\nA6\t\tHoney-Drippin&#8217; Times\t2:06<br \/>\nB1\t\tSunday Sun\t2:47<br \/>\nB2\t\tPractically Newborn\t3:31<br \/>\nB3\t\tLong Gone\t3:18<br \/>\nB4\t\tGlory Road\t3:19<br \/>\nB5\t\tDeep In The Morning\t3:04<br \/>\nB6\t\tIf I Never Knew Your Name\t3:17<br \/>\nC1\t\tSweet Caroline\t3:22<br \/>\nC2\t\tMr. Bojangles 4:53<br \/>\nC3\t\tAin&#8217;t No Way\t2:41<br \/>\nC4\t\tHolly Holy\t4:40<br \/>\nC5\t\tCherry Cherry\t3:21<br \/>\nC6\t\tKentucky Woman\t2:42<br \/>\nD1\t\tSong Sung Blue\t3:15<br \/>\nD2\t\tHigh Rolling Man\t2:35<br \/>\nD3\t\tPlay Me\t3:49<br \/>\nD4\t\tGitchy Goomy\t3:50<br \/>\nD5\t\tWalk On Water\t3:04<br \/>\nD6\t\tPrelude In E Major\t0:33<br \/>\nD7\t\tMorningside\t4:17<\/p>","protected":false},"excerpt":{"rendered":"<p>MCA Records \u2013 MCSP 273, MCA Records \u2013 0C 192 \u25e6 96219-20, MCA Records \u2013 MAPS 7541<br \/>\nFormat:<br \/>\n2 x Vinyl, LP, Compilation<br \/>\nCountry:\tUK<br \/>\nReleased:\t1975<\/p>","protected":false},"featured_media":22824,"template":"","meta":[],"product_cat":[15],"product_tag":[44],"yoast_head":"<!-- This site is optimized with the Yoast SEO plugin v23.5 - https:\/\/yoast.com\/wordpress\/plugins\/seo\/ -->\n<title>Neil Diamond \u2013 Diamonds 2LP Vinilin\u0117 Plok\u0161tel\u0117 | Vinilozona.lt<\/title>\n<meta name=\"robots\" content=\"index, follow, max-snippet:-1, max-image-preview:large, max-video-preview:-1\" \/>\n<link rel=\"canonical\" href=\"https:\/\/vinilozona.lt\/en\/parduotuve\/rock-pop\/neil-diamond-diamonds-2lp\/\" \/>\n<meta property=\"og:locale\" content=\"en_GB\" \/>\n<meta property=\"og:type\" content=\"article\" \/>\n<meta property=\"og:title\" content=\"Neil Diamond \u2013 Diamonds 2LP Vinilin\u0117 Plok\u0161tel\u0117 | Vinilozona.lt\" \/>\n<meta property=\"og:description\" content=\"MCA Records \u2013 MCSP 273, MCA Records \u2013 0C 192 \u25e6 96219-20, MCA Records \u2013 MAPS 7541 Format:  2 x Vinyl, LP, Compilation Country: UK Released: 1975\" \/>\n<meta property=\"og:url\" content=\"https:\/\/vinilozona.lt\/en\/parduotuve\/rock-pop\/neil-diamond-diamonds-2lp\/\" \/>\n<meta property=\"og:site_name\" content=\"Vinilo Zona\" \/>\n<meta property=\"article:modified_time\" content=\"2023-08-26T05:21:24+00:00\" \/>\n<meta property=\"og:image\" content=\"https:\/\/vinilozona.lt\/wp-content\/uploads\/2023\/08\/R-3317063-1550849787-4667.jpg\" \/>\n\t<meta property=\"og:image:width\" content=\"600\" \/>\n\t<meta property=\"og:image:height\" content=\"594\" \/>\n\t<meta property=\"og:image:type\" content=\"image\/jpeg\" \/>\n<meta name=\"twitter:card\" content=\"summary_large_image\" \/>\n<script type=\"application\/ld+json\" class=\"yoast-schema-graph\">{\"@context\":\"https:\/\/schema.org\",\"@graph\":[{\"@type\":\"WebPage\",\"@id\":\"https:\/\/vinilozona.lt\/parduotuve\/rock-pop\/neil-diamond-diamonds-2lp\/\",\"url\":\"https:\/\/vinilozona.lt\/parduotuve\/rock-pop\/neil-diamond-diamonds-2lp\/\",\"name\":\"Neil Diamond \u2013 Diamonds 2LP Vinilin\u0117 Plok\u0161tel\u0117 | Vinilozona.lt\",\"isPartOf\":{\"@id\":\"https:\/\/vinilozona.lt\/#website\"},\"primaryImageOfPage\":{\"@id\":\"https:\/\/vinilozona.lt\/parduotuve\/rock-pop\/neil-diamond-diamonds-2lp\/#primaryimage\"},\"image\":{\"@id\":\"https:\/\/vinilozona.lt\/parduotuve\/rock-pop\/neil-diamond-diamonds-2lp\/#primaryimage\"},\"thumbnailUrl\":\"https:\/\/vinilozona.lt\/wp-content\/uploads\/2023\/08\/R-3317063-1550849787-4667.jpg\",\"datePublished\":\"2023-08-29T02:09:38+00:00\",\"dateModified\":\"2023-08-26T05:21:24+00:00\",\"breadcrumb\":{\"@id\":\"https:\/\/vinilozona.lt\/parduotuve\/rock-pop\/neil-diamond-diamonds-2lp\/#breadcrumb\"},\"inLanguage\":\"en-GB\",\"potentialAction\":[{\"@type\":\"ReadAction\",\"target\":[\"https:\/\/vinilozona.lt\/parduotuve\/rock-pop\/neil-diamond-diamonds-2lp\/\"]}]},{\"@type\":\"ImageObject\",\"inLanguage\":\"en-GB\",\"@id\":\"https:\/\/vinilozona.lt\/parduotuve\/rock-pop\/neil-diamond-diamonds-2lp\/#primaryimage\",\"url\":\"https:\/\/vinilozona.lt\/wp-content\/uploads\/2023\/08\/R-3317063-1550849787-4667.jpg\",\"contentUrl\":\"https:\/\/vinilozona.lt\/wp-content\/uploads\/2023\/08\/R-3317063-1550849787-4667.jpg\",\"width\":600,\"height\":594},{\"@type\":\"BreadcrumbList\",\"@id\":\"https:\/\/vinilozona.lt\/parduotuve\/rock-pop\/neil-diamond-diamonds-2lp\/#breadcrumb\",\"itemListElement\":[{\"@type\":\"ListItem\",\"position\":1,\"name\":\"Home\",\"item\":\"https:\/\/vinilozona.lt\/\"},{\"@type\":\"ListItem\",\"position\":2,\"name\":\"Parduotuv\u0117\",\"item\":\"https:\/\/vinilozona.lt\/parduotuve\/\"},{\"@type\":\"ListItem\",\"position\":3,\"name\":\"Neil Diamond \u2013 Diamonds 2LP\"}]},{\"@type\":\"WebSite\",\"@id\":\"https:\/\/vinilozona.lt\/#website\",\"url\":\"https:\/\/vinilozona.lt\/\",\"name\":\"Vinilo Zona\",\"description\":\"Nup\u016bsk dulkes ir klausyk LP\",\"potentialAction\":[{\"@type\":\"SearchAction\",\"target\":{\"@type\":\"EntryPoint\",\"urlTemplate\":\"https:\/\/vinilozona.lt\/?s={search_term_string}\"},\"query-input\":{\"@type\":\"PropertyValueSpecification\",\"valueRequired\":true,\"valueName\":\"search_term_string\"}}],\"inLanguage\":\"en-GB\"}]}<\/script>\n<!-- \/ Yoast SEO plugin. -->","yoast_head_json":{"title":"Neil Diamond \u2013 Diamonds 2LP Vinilin\u0117 Plok\u0161tel\u0117 | Vinilozona.lt","robots":{"index":"index","follow":"follow","max-snippet":"max-snippet:-1","max-image-preview":"max-image-preview:large","max-video-preview":"max-video-preview:-1"},"canonical":"https:\/\/vinilozona.lt\/en\/parduotuve\/rock-pop\/neil-diamond-diamonds-2lp\/","og_locale":"en_GB","og_type":"article","og_title":"Neil Diamond \u2013 Diamonds 2LP Vinilin\u0117 Plok\u0161tel\u0117 | Vinilozona.lt","og_description":"MCA Records \u2013 MCSP 273, MCA Records \u2013 0C 192 \u25e6 96219-20, MCA Records \u2013 MAPS 7541 Format:  2 x Vinyl, LP, Compilation Country: UK Released: 1975","og_url":"https:\/\/vinilozona.lt\/en\/parduotuve\/rock-pop\/neil-diamond-diamonds-2lp\/","og_site_name":"Vinilo Zona","article_modified_time":"2023-08-26T05:21:24+00:00","og_image":[{"width":600,"height":594,"url":"https:\/\/vinilozona.lt\/wp-content\/uploads\/2023\/08\/R-3317063-1550849787-4667.jpg","type":"image\/jpeg"}],"twitter_card":"summary_large_image","schema":{"@context":"https:\/\/schema.org","@graph":[{"@type":"WebPage","@id":"https:\/\/vinilozona.lt\/parduotuve\/rock-pop\/neil-diamond-diamonds-2lp\/","url":"https:\/\/vinilozona.lt\/parduotuve\/rock-pop\/neil-diamond-diamonds-2lp\/","name":"Neil Diamond \u2013 Diamonds 2LP Vinilin\u0117 Plok\u0161tel\u0117 | Vinilozona.lt","isPartOf":{"@id":"https:\/\/vinilozona.lt\/#website"},"primaryImageOfPage":{"@id":"https:\/\/vinilozona.lt\/parduotuve\/rock-pop\/neil-diamond-diamonds-2lp\/#primaryimage"},"image":{"@id":"https:\/\/vinilozona.lt\/parduotuve\/rock-pop\/neil-diamond-diamonds-2lp\/#primaryimage"},"thumbnailUrl":"https:\/\/vinilozona.lt\/wp-content\/uploads\/2023\/08\/R-3317063-1550849787-4667.jpg","datePublished":"2023-08-29T02:09:38+00:00","dateModified":"2023-08-26T05:21:24+00:00","breadcrumb":{"@id":"https:\/\/vinilozona.lt\/parduotuve\/rock-pop\/neil-diamond-diamonds-2lp\/#breadcrumb"},"inLanguage":"en-GB","potentialAction":[{"@type":"ReadAction","target":["https:\/\/vinilozona.lt\/parduotuve\/rock-pop\/neil-diamond-diamonds-2lp\/"]}]},{"@type":"ImageObject","inLanguage":"en-GB","@id":"https:\/\/vinilozona.lt\/parduotuve\/rock-pop\/neil-diamond-diamonds-2lp\/#primaryimage","url":"https:\/\/vinilozona.lt\/wp-content\/uploads\/2023\/08\/R-3317063-1550849787-4667.jpg","contentUrl":"https:\/\/vinilozona.lt\/wp-content\/uploads\/2023\/08\/R-3317063-1550849787-4667.jpg","width":600,"height":594},{"@type":"BreadcrumbList","@id":"https:\/\/vinilozona.lt\/parduotuve\/rock-pop\/neil-diamond-diamonds-2lp\/#breadcrumb","itemListElement":[{"@type":"ListItem","position":1,"name":"Home","item":"https:\/\/vinilozona.lt\/"},{"@type":"ListItem","position":2,"name":"Parduotuv\u0117","item":"https:\/\/vinilozona.lt\/parduotuve\/"},{"@type":"ListItem","position":3,"name":"Neil Diamond \u2013 Diamonds 2LP"}]},{"@type":"WebSite","@id":"https:\/\/vinilozona.lt\/#website","url":"https:\/\/vinilozona.lt\/","name":"Vinilo Zona","description":"Nup\u016bsk dulkes ir klausyk LP","potentialAction":[{"@type":"SearchAction","target":{"@type":"EntryPoint","urlTemplate":"https:\/\/vinilozona.lt\/?s={search_term_string}"},"query-input":{"@type":"PropertyValueSpecification","valueRequired":true,"valueName":"search_term_string"}}],"inLanguage":"en-GB"}]}},"_links":{"self":[{"href":"https:\/\/vinilozona.lt\/en\/wp-json\/wp\/v2\/product\/22823"}],"collection":[{"href":"https:\/\/vinilozona.lt\/en\/wp-json\/wp\/v2\/product"}],"about":[{"href":"https:\/\/vinilozona.lt\/en\/wp-json\/wp\/v2\/types\/product"}],"wp:featuredmedia":[{"embeddable":true,"href":"https:\/\/vinilozona.lt\/en\/wp-json\/wp\/v2\/media\/22824"}],"wp:attachment":[{"href":"https:\/\/vinilozona.lt\/en\/wp-json\/wp\/v2\/media?parent=22823"}],"wp:term":[{"taxonomy":"product_cat","embeddable":true,"href":"https:\/\/vinilozona.lt\/en\/wp-json\/wp\/v2\/product_cat?post=22823"},{"taxonomy":"product_tag","embeddable":true,"href":"https:\/\/vinilozona.lt\/en\/wp-json\/wp\/v2\/product_tag?post=22823"}],"curies":[{"name":"wp","href":"https:\/\/api.w.org\/{rel}","templated":true}]}}