{"id":22716,"date":"2023-08-09T08:55:09","date_gmt":"2023-08-09T05:55:09","guid":{"rendered":"https:\/\/vinilozona.lt\/?post_type=product&#038;p=22716"},"modified":"2025-02-24T09:25:41","modified_gmt":"2025-02-24T07:25:41","slug":"mike-the-mechanics-beggar-on-a-beach-of-gold-cd","status":"publish","type":"product","link":"https:\/\/vinilozona.lt\/en\/parduotuve\/cd\/naudoti-cd\/mike-the-mechanics-beggar-on-a-beach-of-gold-cd\/","title":{"rendered":"Mike &#038; The Mechanics \u2013 Beggar On A Beach Of Gold  CD"},"content":{"rendered":"<p>1\t\tA Beggar On A Beach Of Gold  4:35<br \/>\n2\t\tAnother Cup Of Coffee\t4:42<br \/>\n3\t\tYou&#8217;ve Really Got A Hold On Me  3:29<br \/>\n4\t\tMea Culpa\t6:20<br \/>\n5\t\tOver My Shoulder  3:37<br \/>\n6\t\tSomeone Always Hates Someone\t3:42<br \/>\n7\t\tThe Ghost Of Sex And You\t6:24<br \/>\n8\t\tWeb Of Lies\t5:38<br \/>\n9\t\tPlain &#038; Simple\t3:38<br \/>\n10\t\tSomething To Believe In\t4:18<br \/>\n11\t\tA House Of Many Rooms\t5:39<br \/>\n12\t\tI Believe (When I Fall In Love It Will Be Forever)  3:11<br \/>\n13\t\tGoing, Going &#8230;.. Home  4:30<\/p>","protected":false},"excerpt":{"rendered":"<p>Virgin \u2013 7243 8 40143 2 2, Virgin \u2013 CDV2772<br \/>\nFormat:<br \/>\nCD, Album<br \/>\nCountry:\tEurope<br \/>\nReleased:\tMar 6, 1995<\/p>","protected":false},"featured_media":22717,"template":"","meta":[],"product_cat":[24,946],"product_tag":[44],"yoast_head":"<!-- This site is optimized with the Yoast SEO plugin v23.5 - https:\/\/yoast.com\/wordpress\/plugins\/seo\/ -->\n<title>Mike &amp; The Mechanics \u2013 Beggar On A Beach Of Gold CD Vinilin\u0117 Plok\u0161tel\u0117 | Vinilozona.lt<\/title>\n<meta name=\"robots\" content=\"index, follow, max-snippet:-1, max-image-preview:large, max-video-preview:-1\" \/>\n<link rel=\"canonical\" href=\"https:\/\/vinilozona.lt\/en\/parduotuve\/cd\/naudoti-cd\/mike-the-mechanics-beggar-on-a-beach-of-gold-cd\/\" \/>\n<meta property=\"og:locale\" content=\"en_GB\" \/>\n<meta property=\"og:type\" content=\"article\" \/>\n<meta property=\"og:title\" content=\"Mike &amp; The Mechanics \u2013 Beggar On A Beach Of Gold CD Vinilin\u0117 Plok\u0161tel\u0117 | Vinilozona.lt\" \/>\n<meta property=\"og:description\" content=\"Virgin \u2013 7243 8 40143 2 2, Virgin \u2013 CDV2772 Format:  CD, Album Country: Europe Released: Mar 6, 1995\" \/>\n<meta property=\"og:url\" content=\"https:\/\/vinilozona.lt\/en\/parduotuve\/cd\/naudoti-cd\/mike-the-mechanics-beggar-on-a-beach-of-gold-cd\/\" \/>\n<meta property=\"og:site_name\" content=\"Vinilo Zona\" \/>\n<meta property=\"article:modified_time\" content=\"2025-02-24T07:25:41+00:00\" \/>\n<meta property=\"og:image\" content=\"https:\/\/vinilozona.lt\/wp-content\/uploads\/2023\/08\/R-1128107-1374596479-8824.jpg\" \/>\n\t<meta property=\"og:image:width\" content=\"600\" \/>\n\t<meta property=\"og:image:height\" content=\"591\" \/>\n\t<meta property=\"og:image:type\" content=\"image\/jpeg\" \/>\n<meta name=\"twitter:card\" content=\"summary_large_image\" \/>\n<script type=\"application\/ld+json\" class=\"yoast-schema-graph\">{\"@context\":\"https:\/\/schema.org\",\"@graph\":[{\"@type\":\"WebPage\",\"@id\":\"https:\/\/vinilozona.lt\/parduotuve\/cd\/naudoti-cd\/mike-the-mechanics-beggar-on-a-beach-of-gold-cd\/\",\"url\":\"https:\/\/vinilozona.lt\/parduotuve\/cd\/naudoti-cd\/mike-the-mechanics-beggar-on-a-beach-of-gold-cd\/\",\"name\":\"Mike & The Mechanics \u2013 Beggar On A Beach Of Gold CD Vinilin\u0117 Plok\u0161tel\u0117 | Vinilozona.lt\",\"isPartOf\":{\"@id\":\"https:\/\/vinilozona.lt\/#website\"},\"primaryImageOfPage\":{\"@id\":\"https:\/\/vinilozona.lt\/parduotuve\/cd\/naudoti-cd\/mike-the-mechanics-beggar-on-a-beach-of-gold-cd\/#primaryimage\"},\"image\":{\"@id\":\"https:\/\/vinilozona.lt\/parduotuve\/cd\/naudoti-cd\/mike-the-mechanics-beggar-on-a-beach-of-gold-cd\/#primaryimage\"},\"thumbnailUrl\":\"https:\/\/vinilozona.lt\/wp-content\/uploads\/2023\/08\/R-1128107-1374596479-8824.jpg\",\"datePublished\":\"2023-08-09T05:55:09+00:00\",\"dateModified\":\"2025-02-24T07:25:41+00:00\",\"breadcrumb\":{\"@id\":\"https:\/\/vinilozona.lt\/parduotuve\/cd\/naudoti-cd\/mike-the-mechanics-beggar-on-a-beach-of-gold-cd\/#breadcrumb\"},\"inLanguage\":\"en-GB\",\"potentialAction\":[{\"@type\":\"ReadAction\",\"target\":[\"https:\/\/vinilozona.lt\/parduotuve\/cd\/naudoti-cd\/mike-the-mechanics-beggar-on-a-beach-of-gold-cd\/\"]}]},{\"@type\":\"ImageObject\",\"inLanguage\":\"en-GB\",\"@id\":\"https:\/\/vinilozona.lt\/parduotuve\/cd\/naudoti-cd\/mike-the-mechanics-beggar-on-a-beach-of-gold-cd\/#primaryimage\",\"url\":\"https:\/\/vinilozona.lt\/wp-content\/uploads\/2023\/08\/R-1128107-1374596479-8824.jpg\",\"contentUrl\":\"https:\/\/vinilozona.lt\/wp-content\/uploads\/2023\/08\/R-1128107-1374596479-8824.jpg\",\"width\":600,\"height\":591},{\"@type\":\"BreadcrumbList\",\"@id\":\"https:\/\/vinilozona.lt\/parduotuve\/cd\/naudoti-cd\/mike-the-mechanics-beggar-on-a-beach-of-gold-cd\/#breadcrumb\",\"itemListElement\":[{\"@type\":\"ListItem\",\"position\":1,\"name\":\"Home\",\"item\":\"https:\/\/vinilozona.lt\/\"},{\"@type\":\"ListItem\",\"position\":2,\"name\":\"Parduotuv\u0117\",\"item\":\"https:\/\/vinilozona.lt\/parduotuve\/\"},{\"@type\":\"ListItem\",\"position\":3,\"name\":\"Mike &#038; The Mechanics \u2013 Beggar On A Beach Of Gold CD\"}]},{\"@type\":\"WebSite\",\"@id\":\"https:\/\/vinilozona.lt\/#website\",\"url\":\"https:\/\/vinilozona.lt\/\",\"name\":\"Vinilo Zona\",\"description\":\"Nup\u016bsk dulkes ir klausyk LP\",\"potentialAction\":[{\"@type\":\"SearchAction\",\"target\":{\"@type\":\"EntryPoint\",\"urlTemplate\":\"https:\/\/vinilozona.lt\/?s={search_term_string}\"},\"query-input\":{\"@type\":\"PropertyValueSpecification\",\"valueRequired\":true,\"valueName\":\"search_term_string\"}}],\"inLanguage\":\"en-GB\"}]}<\/script>\n<!-- \/ Yoast SEO plugin. -->","yoast_head_json":{"title":"Mike & The Mechanics \u2013 Beggar On A Beach Of Gold CD Vinilin\u0117 Plok\u0161tel\u0117 | Vinilozona.lt","robots":{"index":"index","follow":"follow","max-snippet":"max-snippet:-1","max-image-preview":"max-image-preview:large","max-video-preview":"max-video-preview:-1"},"canonical":"https:\/\/vinilozona.lt\/en\/parduotuve\/cd\/naudoti-cd\/mike-the-mechanics-beggar-on-a-beach-of-gold-cd\/","og_locale":"en_GB","og_type":"article","og_title":"Mike & The Mechanics \u2013 Beggar On A Beach Of Gold CD Vinilin\u0117 Plok\u0161tel\u0117 | Vinilozona.lt","og_description":"Virgin \u2013 7243 8 40143 2 2, Virgin \u2013 CDV2772 Format:  CD, Album Country: Europe Released: Mar 6, 1995","og_url":"https:\/\/vinilozona.lt\/en\/parduotuve\/cd\/naudoti-cd\/mike-the-mechanics-beggar-on-a-beach-of-gold-cd\/","og_site_name":"Vinilo Zona","article_modified_time":"2025-02-24T07:25:41+00:00","og_image":[{"width":600,"height":591,"url":"https:\/\/vinilozona.lt\/wp-content\/uploads\/2023\/08\/R-1128107-1374596479-8824.jpg","type":"image\/jpeg"}],"twitter_card":"summary_large_image","schema":{"@context":"https:\/\/schema.org","@graph":[{"@type":"WebPage","@id":"https:\/\/vinilozona.lt\/parduotuve\/cd\/naudoti-cd\/mike-the-mechanics-beggar-on-a-beach-of-gold-cd\/","url":"https:\/\/vinilozona.lt\/parduotuve\/cd\/naudoti-cd\/mike-the-mechanics-beggar-on-a-beach-of-gold-cd\/","name":"Mike & The Mechanics \u2013 Beggar On A Beach Of Gold CD Vinilin\u0117 Plok\u0161tel\u0117 | Vinilozona.lt","isPartOf":{"@id":"https:\/\/vinilozona.lt\/#website"},"primaryImageOfPage":{"@id":"https:\/\/vinilozona.lt\/parduotuve\/cd\/naudoti-cd\/mike-the-mechanics-beggar-on-a-beach-of-gold-cd\/#primaryimage"},"image":{"@id":"https:\/\/vinilozona.lt\/parduotuve\/cd\/naudoti-cd\/mike-the-mechanics-beggar-on-a-beach-of-gold-cd\/#primaryimage"},"thumbnailUrl":"https:\/\/vinilozona.lt\/wp-content\/uploads\/2023\/08\/R-1128107-1374596479-8824.jpg","datePublished":"2023-08-09T05:55:09+00:00","dateModified":"2025-02-24T07:25:41+00:00","breadcrumb":{"@id":"https:\/\/vinilozona.lt\/parduotuve\/cd\/naudoti-cd\/mike-the-mechanics-beggar-on-a-beach-of-gold-cd\/#breadcrumb"},"inLanguage":"en-GB","potentialAction":[{"@type":"ReadAction","target":["https:\/\/vinilozona.lt\/parduotuve\/cd\/naudoti-cd\/mike-the-mechanics-beggar-on-a-beach-of-gold-cd\/"]}]},{"@type":"ImageObject","inLanguage":"en-GB","@id":"https:\/\/vinilozona.lt\/parduotuve\/cd\/naudoti-cd\/mike-the-mechanics-beggar-on-a-beach-of-gold-cd\/#primaryimage","url":"https:\/\/vinilozona.lt\/wp-content\/uploads\/2023\/08\/R-1128107-1374596479-8824.jpg","contentUrl":"https:\/\/vinilozona.lt\/wp-content\/uploads\/2023\/08\/R-1128107-1374596479-8824.jpg","width":600,"height":591},{"@type":"BreadcrumbList","@id":"https:\/\/vinilozona.lt\/parduotuve\/cd\/naudoti-cd\/mike-the-mechanics-beggar-on-a-beach-of-gold-cd\/#breadcrumb","itemListElement":[{"@type":"ListItem","position":1,"name":"Home","item":"https:\/\/vinilozona.lt\/"},{"@type":"ListItem","position":2,"name":"Parduotuv\u0117","item":"https:\/\/vinilozona.lt\/parduotuve\/"},{"@type":"ListItem","position":3,"name":"Mike &#038; The Mechanics \u2013 Beggar On A Beach Of Gold CD"}]},{"@type":"WebSite","@id":"https:\/\/vinilozona.lt\/#website","url":"https:\/\/vinilozona.lt\/","name":"Vinilo Zona","description":"Nup\u016bsk dulkes ir klausyk LP","potentialAction":[{"@type":"SearchAction","target":{"@type":"EntryPoint","urlTemplate":"https:\/\/vinilozona.lt\/?s={search_term_string}"},"query-input":{"@type":"PropertyValueSpecification","valueRequired":true,"valueName":"search_term_string"}}],"inLanguage":"en-GB"}]}},"_links":{"self":[{"href":"https:\/\/vinilozona.lt\/en\/wp-json\/wp\/v2\/product\/22716"}],"collection":[{"href":"https:\/\/vinilozona.lt\/en\/wp-json\/wp\/v2\/product"}],"about":[{"href":"https:\/\/vinilozona.lt\/en\/wp-json\/wp\/v2\/types\/product"}],"wp:featuredmedia":[{"embeddable":true,"href":"https:\/\/vinilozona.lt\/en\/wp-json\/wp\/v2\/media\/22717"}],"wp:attachment":[{"href":"https:\/\/vinilozona.lt\/en\/wp-json\/wp\/v2\/media?parent=22716"}],"wp:term":[{"taxonomy":"product_cat","embeddable":true,"href":"https:\/\/vinilozona.lt\/en\/wp-json\/wp\/v2\/product_cat?post=22716"},{"taxonomy":"product_tag","embeddable":true,"href":"https:\/\/vinilozona.lt\/en\/wp-json\/wp\/v2\/product_tag?post=22716"}],"curies":[{"name":"wp","href":"https:\/\/api.w.org\/{rel}","templated":true}]}}