{"id":22712,"date":"2023-08-09T08:42:00","date_gmt":"2023-08-09T05:42:00","guid":{"rendered":"https:\/\/vinilozona.lt\/?post_type=product&#038;p=22712"},"modified":"2024-01-23T11:43:47","modified_gmt":"2024-01-23T09:43:47","slug":"bachman-turner-overdrive-btos-greatest-cd","status":"publish","type":"product","link":"https:\/\/vinilozona.lt\/en\/parduotuve\/cd\/naudoti-cd\/bachman-turner-overdrive-btos-greatest-cd\/","title":{"rendered":"Bachman-Turner Overdrive \u2013 BTO&#8217;s Greatest CD"},"content":{"rendered":"<p>1\t\tLookin&#8217; Out For No. 1  5:20<br \/>\n2\t\tRoll On Down The Highway  3:55<br \/>\n3\t\tHey You 3:34<br \/>\n4\t\tFreeways  4:56<br \/>\n5\t\tTakin&#8217; Care Of Business  4:52<br \/>\n6\t\tDown Down  4:20<br \/>\n7\t\tYou Ain&#8217;t Seen Nothing Yet  3:38<br \/>\n8\t\tLet It Ride  4:28<br \/>\n9\t\tFlat Broke Love  3:57<br \/>\n10\t\tCan We All Come Together  5:50<br \/>\n11\t\tRock And Roll Nights  5:19<br \/>\n12\t\tJamaica  4:09<\/p>","protected":false},"excerpt":{"rendered":"<p>Mercury \u2013 830 039-2<br \/>\nFormat:<br \/>\nCD, Compilation, Reissue<br \/>\nCountry:\tGermany<br \/>\nReleased:\t1986<\/p>","protected":false},"featured_media":22713,"template":"","meta":[],"product_cat":[24,946],"product_tag":[44],"yoast_head":"<!-- This site is optimized with the Yoast SEO plugin v23.5 - https:\/\/yoast.com\/wordpress\/plugins\/seo\/ -->\n<title>Bachman-Turner Overdrive \u2013 BTO&#039;s Greatest CD Vinilin\u0117 Plok\u0161tel\u0117 | Vinilozona.lt<\/title>\n<meta name=\"robots\" content=\"index, follow, max-snippet:-1, max-image-preview:large, max-video-preview:-1\" \/>\n<link rel=\"canonical\" href=\"https:\/\/vinilozona.lt\/en\/parduotuve\/cd\/naudoti-cd\/bachman-turner-overdrive-btos-greatest-cd\/\" \/>\n<meta property=\"og:locale\" content=\"en_GB\" \/>\n<meta property=\"og:type\" content=\"article\" \/>\n<meta property=\"og:title\" content=\"Bachman-Turner Overdrive \u2013 BTO&#039;s Greatest CD Vinilin\u0117 Plok\u0161tel\u0117 | Vinilozona.lt\" \/>\n<meta property=\"og:description\" content=\"Mercury \u2013 830 039-2 Format:  CD, Compilation, Reissue Country: Germany Released: 1986\" \/>\n<meta property=\"og:url\" content=\"https:\/\/vinilozona.lt\/en\/parduotuve\/cd\/naudoti-cd\/bachman-turner-overdrive-btos-greatest-cd\/\" \/>\n<meta property=\"og:site_name\" content=\"Vinilo Zona\" \/>\n<meta property=\"article:modified_time\" content=\"2024-01-23T09:43:47+00:00\" \/>\n<meta property=\"og:image\" content=\"https:\/\/vinilozona.lt\/wp-content\/uploads\/2023\/08\/R-521576-1129532236.jpg\" \/>\n\t<meta property=\"og:image:width\" content=\"600\" \/>\n\t<meta property=\"og:image:height\" content=\"600\" \/>\n\t<meta property=\"og:image:type\" content=\"image\/jpeg\" \/>\n<meta name=\"twitter:card\" content=\"summary_large_image\" \/>\n<script type=\"application\/ld+json\" class=\"yoast-schema-graph\">{\"@context\":\"https:\/\/schema.org\",\"@graph\":[{\"@type\":\"WebPage\",\"@id\":\"https:\/\/vinilozona.lt\/en\/parduotuve\/cd\/naudoti-cd\/bachman-turner-overdrive-btos-greatest-cd\/\",\"url\":\"https:\/\/vinilozona.lt\/en\/parduotuve\/cd\/naudoti-cd\/bachman-turner-overdrive-btos-greatest-cd\/\",\"name\":\"Bachman-Turner Overdrive \u2013 BTO's Greatest CD Vinilin\u0117 Plok\u0161tel\u0117 | Vinilozona.lt\",\"isPartOf\":{\"@id\":\"https:\/\/vinilozona.lt\/#website\"},\"primaryImageOfPage\":{\"@id\":\"https:\/\/vinilozona.lt\/en\/parduotuve\/cd\/naudoti-cd\/bachman-turner-overdrive-btos-greatest-cd\/#primaryimage\"},\"image\":{\"@id\":\"https:\/\/vinilozona.lt\/en\/parduotuve\/cd\/naudoti-cd\/bachman-turner-overdrive-btos-greatest-cd\/#primaryimage\"},\"thumbnailUrl\":\"https:\/\/vinilozona.lt\/wp-content\/uploads\/2023\/08\/R-521576-1129532236.jpg\",\"datePublished\":\"2023-08-09T05:42:00+00:00\",\"dateModified\":\"2024-01-23T09:43:47+00:00\",\"breadcrumb\":{\"@id\":\"https:\/\/vinilozona.lt\/en\/parduotuve\/cd\/naudoti-cd\/bachman-turner-overdrive-btos-greatest-cd\/#breadcrumb\"},\"inLanguage\":\"en-GB\",\"potentialAction\":[{\"@type\":\"ReadAction\",\"target\":[\"https:\/\/vinilozona.lt\/en\/parduotuve\/cd\/naudoti-cd\/bachman-turner-overdrive-btos-greatest-cd\/\"]}]},{\"@type\":\"ImageObject\",\"inLanguage\":\"en-GB\",\"@id\":\"https:\/\/vinilozona.lt\/en\/parduotuve\/cd\/naudoti-cd\/bachman-turner-overdrive-btos-greatest-cd\/#primaryimage\",\"url\":\"https:\/\/vinilozona.lt\/wp-content\/uploads\/2023\/08\/R-521576-1129532236.jpg\",\"contentUrl\":\"https:\/\/vinilozona.lt\/wp-content\/uploads\/2023\/08\/R-521576-1129532236.jpg\",\"width\":600,\"height\":600},{\"@type\":\"BreadcrumbList\",\"@id\":\"https:\/\/vinilozona.lt\/en\/parduotuve\/cd\/naudoti-cd\/bachman-turner-overdrive-btos-greatest-cd\/#breadcrumb\",\"itemListElement\":[{\"@type\":\"ListItem\",\"position\":1,\"name\":\"Home\",\"item\":\"https:\/\/vinilozona.lt\/\"},{\"@type\":\"ListItem\",\"position\":2,\"name\":\"Parduotuv\u0117\",\"item\":\"https:\/\/vinilozona.lt\/parduotuve\/\"},{\"@type\":\"ListItem\",\"position\":3,\"name\":\"Bachman-Turner Overdrive \u2013 BTO&#8217;s Greatest CD\"}]},{\"@type\":\"WebSite\",\"@id\":\"https:\/\/vinilozona.lt\/#website\",\"url\":\"https:\/\/vinilozona.lt\/\",\"name\":\"Vinilo Zona\",\"description\":\"Nup\u016bsk dulkes ir klausyk LP\",\"potentialAction\":[{\"@type\":\"SearchAction\",\"target\":{\"@type\":\"EntryPoint\",\"urlTemplate\":\"https:\/\/vinilozona.lt\/?s={search_term_string}\"},\"query-input\":{\"@type\":\"PropertyValueSpecification\",\"valueRequired\":true,\"valueName\":\"search_term_string\"}}],\"inLanguage\":\"en-GB\"}]}<\/script>\n<!-- \/ Yoast SEO plugin. -->","yoast_head_json":{"title":"Bachman-Turner Overdrive \u2013 BTO's Greatest CD Vinilin\u0117 Plok\u0161tel\u0117 | Vinilozona.lt","robots":{"index":"index","follow":"follow","max-snippet":"max-snippet:-1","max-image-preview":"max-image-preview:large","max-video-preview":"max-video-preview:-1"},"canonical":"https:\/\/vinilozona.lt\/en\/parduotuve\/cd\/naudoti-cd\/bachman-turner-overdrive-btos-greatest-cd\/","og_locale":"en_GB","og_type":"article","og_title":"Bachman-Turner Overdrive \u2013 BTO's Greatest CD Vinilin\u0117 Plok\u0161tel\u0117 | Vinilozona.lt","og_description":"Mercury \u2013 830 039-2 Format:  CD, Compilation, Reissue Country: Germany Released: 1986","og_url":"https:\/\/vinilozona.lt\/en\/parduotuve\/cd\/naudoti-cd\/bachman-turner-overdrive-btos-greatest-cd\/","og_site_name":"Vinilo Zona","article_modified_time":"2024-01-23T09:43:47+00:00","og_image":[{"width":600,"height":600,"url":"https:\/\/vinilozona.lt\/wp-content\/uploads\/2023\/08\/R-521576-1129532236.jpg","type":"image\/jpeg"}],"twitter_card":"summary_large_image","schema":{"@context":"https:\/\/schema.org","@graph":[{"@type":"WebPage","@id":"https:\/\/vinilozona.lt\/en\/parduotuve\/cd\/naudoti-cd\/bachman-turner-overdrive-btos-greatest-cd\/","url":"https:\/\/vinilozona.lt\/en\/parduotuve\/cd\/naudoti-cd\/bachman-turner-overdrive-btos-greatest-cd\/","name":"Bachman-Turner Overdrive \u2013 BTO's Greatest CD Vinilin\u0117 Plok\u0161tel\u0117 | Vinilozona.lt","isPartOf":{"@id":"https:\/\/vinilozona.lt\/#website"},"primaryImageOfPage":{"@id":"https:\/\/vinilozona.lt\/en\/parduotuve\/cd\/naudoti-cd\/bachman-turner-overdrive-btos-greatest-cd\/#primaryimage"},"image":{"@id":"https:\/\/vinilozona.lt\/en\/parduotuve\/cd\/naudoti-cd\/bachman-turner-overdrive-btos-greatest-cd\/#primaryimage"},"thumbnailUrl":"https:\/\/vinilozona.lt\/wp-content\/uploads\/2023\/08\/R-521576-1129532236.jpg","datePublished":"2023-08-09T05:42:00+00:00","dateModified":"2024-01-23T09:43:47+00:00","breadcrumb":{"@id":"https:\/\/vinilozona.lt\/en\/parduotuve\/cd\/naudoti-cd\/bachman-turner-overdrive-btos-greatest-cd\/#breadcrumb"},"inLanguage":"en-GB","potentialAction":[{"@type":"ReadAction","target":["https:\/\/vinilozona.lt\/en\/parduotuve\/cd\/naudoti-cd\/bachman-turner-overdrive-btos-greatest-cd\/"]}]},{"@type":"ImageObject","inLanguage":"en-GB","@id":"https:\/\/vinilozona.lt\/en\/parduotuve\/cd\/naudoti-cd\/bachman-turner-overdrive-btos-greatest-cd\/#primaryimage","url":"https:\/\/vinilozona.lt\/wp-content\/uploads\/2023\/08\/R-521576-1129532236.jpg","contentUrl":"https:\/\/vinilozona.lt\/wp-content\/uploads\/2023\/08\/R-521576-1129532236.jpg","width":600,"height":600},{"@type":"BreadcrumbList","@id":"https:\/\/vinilozona.lt\/en\/parduotuve\/cd\/naudoti-cd\/bachman-turner-overdrive-btos-greatest-cd\/#breadcrumb","itemListElement":[{"@type":"ListItem","position":1,"name":"Home","item":"https:\/\/vinilozona.lt\/"},{"@type":"ListItem","position":2,"name":"Parduotuv\u0117","item":"https:\/\/vinilozona.lt\/parduotuve\/"},{"@type":"ListItem","position":3,"name":"Bachman-Turner Overdrive \u2013 BTO&#8217;s Greatest CD"}]},{"@type":"WebSite","@id":"https:\/\/vinilozona.lt\/#website","url":"https:\/\/vinilozona.lt\/","name":"Vinilo Zona","description":"Nup\u016bsk dulkes ir klausyk LP","potentialAction":[{"@type":"SearchAction","target":{"@type":"EntryPoint","urlTemplate":"https:\/\/vinilozona.lt\/?s={search_term_string}"},"query-input":{"@type":"PropertyValueSpecification","valueRequired":true,"valueName":"search_term_string"}}],"inLanguage":"en-GB"}]}},"_links":{"self":[{"href":"https:\/\/vinilozona.lt\/en\/wp-json\/wp\/v2\/product\/22712"}],"collection":[{"href":"https:\/\/vinilozona.lt\/en\/wp-json\/wp\/v2\/product"}],"about":[{"href":"https:\/\/vinilozona.lt\/en\/wp-json\/wp\/v2\/types\/product"}],"wp:featuredmedia":[{"embeddable":true,"href":"https:\/\/vinilozona.lt\/en\/wp-json\/wp\/v2\/media\/22713"}],"wp:attachment":[{"href":"https:\/\/vinilozona.lt\/en\/wp-json\/wp\/v2\/media?parent=22712"}],"wp:term":[{"taxonomy":"product_cat","embeddable":true,"href":"https:\/\/vinilozona.lt\/en\/wp-json\/wp\/v2\/product_cat?post=22712"},{"taxonomy":"product_tag","embeddable":true,"href":"https:\/\/vinilozona.lt\/en\/wp-json\/wp\/v2\/product_tag?post=22712"}],"curies":[{"name":"wp","href":"https:\/\/api.w.org\/{rel}","templated":true}]}}