{"id":22695,"date":"2023-08-06T18:13:15","date_gmt":"2023-08-06T15:13:15","guid":{"rendered":"https:\/\/vinilozona.lt\/?post_type=product&#038;p=22695"},"modified":"2025-03-13T06:46:03","modified_gmt":"2025-03-13T04:46:03","slug":"elton-john-a-single-man-cd","status":"publish","type":"product","link":"https:\/\/vinilozona.lt\/en\/parduotuve\/cd\/naudoti-cd\/elton-john-a-single-man-cd\/","title":{"rendered":"Elton John \u200e\u2013 A single man CD"},"content":{"rendered":"<p>1\t\tShine On Through  3:45<br \/>\n2\t\tReturn To Paradise  4:16<br \/>\n3\t\tI Don&#8217;t Care  4:24<br \/>\n4\t\tBig Dipper  4:04<br \/>\n5\t\tIt Ain&#8217;t Gonna Be Easy  8:28<br \/>\n6\t\tPart Time Love  3:16<br \/>\n7\t\tGeorgia  4:50<br \/>\n8\t\tShooting Star  2:44<br \/>\n9\t\tMadness  5:53<br \/>\n10\t\tReverie  0:54<br \/>\n11\t\tSong For Guy  6:54<br \/>\nBonus Tracks<br \/>\n12\t\tEgo\t4:00<br \/>\n13\t\tFlinstone Boy\t4:13<br \/>\n14\t\tI Cry At Night\t3:16<br \/>\n15\t\tLovesick\t3:59<br \/>\n16\t\tStrangers\t4:47<\/p>","protected":false},"excerpt":{"rendered":"<p>The Rocket Record Company \u2013 558 474-2, Mercury \u2013 558 474-2<br \/>\nSeries:\tElton John The Classic Years<br \/>\nFormat:<br \/>\nCD, Album, Remastered, Repress<br \/>\nCountry:\tEurope<br \/>\nReleased:\t1998<\/p>","protected":false},"featured_media":22696,"template":"","meta":[],"product_cat":[24,946],"product_tag":[44],"yoast_head":"<!-- This site is optimized with the Yoast SEO plugin v23.5 - https:\/\/yoast.com\/wordpress\/plugins\/seo\/ -->\n<title>Elton John \u200e\u2013 A single man CD Vinilin\u0117 Plok\u0161tel\u0117 | Vinilozona.lt<\/title>\n<meta name=\"robots\" content=\"index, follow, max-snippet:-1, max-image-preview:large, max-video-preview:-1\" \/>\n<link rel=\"canonical\" href=\"https:\/\/vinilozona.lt\/en\/parduotuve\/cd\/naudoti-cd\/elton-john-a-single-man-cd\/\" \/>\n<meta property=\"og:locale\" content=\"en_GB\" \/>\n<meta property=\"og:type\" content=\"article\" \/>\n<meta property=\"og:title\" content=\"Elton John \u200e\u2013 A single man CD Vinilin\u0117 Plok\u0161tel\u0117 | Vinilozona.lt\" \/>\n<meta property=\"og:description\" content=\"The Rocket Record Company \u2013 558 474-2, Mercury \u2013 558 474-2 Series: Elton John The Classic Years Format:  CD, Album, Remastered, Repress Country: Europe Released: 1998\" \/>\n<meta property=\"og:url\" content=\"https:\/\/vinilozona.lt\/en\/parduotuve\/cd\/naudoti-cd\/elton-john-a-single-man-cd\/\" \/>\n<meta property=\"og:site_name\" content=\"Vinilo Zona\" \/>\n<meta property=\"article:modified_time\" content=\"2025-03-13T04:46:03+00:00\" \/>\n<meta property=\"og:image\" content=\"https:\/\/vinilozona.lt\/wp-content\/uploads\/2023\/08\/R-13921368-1564383269-3370.jpg\" \/>\n\t<meta property=\"og:image:width\" content=\"597\" \/>\n\t<meta property=\"og:image:height\" content=\"600\" \/>\n\t<meta property=\"og:image:type\" content=\"image\/jpeg\" \/>\n<meta name=\"twitter:card\" content=\"summary_large_image\" \/>\n<script type=\"application\/ld+json\" class=\"yoast-schema-graph\">{\"@context\":\"https:\/\/schema.org\",\"@graph\":[{\"@type\":\"WebPage\",\"@id\":\"https:\/\/vinilozona.lt\/parduotuve\/cd\/naudoti-cd\/elton-john-a-single-man-cd\/\",\"url\":\"https:\/\/vinilozona.lt\/parduotuve\/cd\/naudoti-cd\/elton-john-a-single-man-cd\/\",\"name\":\"Elton John \u200e\u2013 A single man CD Vinilin\u0117 Plok\u0161tel\u0117 | Vinilozona.lt\",\"isPartOf\":{\"@id\":\"https:\/\/vinilozona.lt\/#website\"},\"primaryImageOfPage\":{\"@id\":\"https:\/\/vinilozona.lt\/parduotuve\/cd\/naudoti-cd\/elton-john-a-single-man-cd\/#primaryimage\"},\"image\":{\"@id\":\"https:\/\/vinilozona.lt\/parduotuve\/cd\/naudoti-cd\/elton-john-a-single-man-cd\/#primaryimage\"},\"thumbnailUrl\":\"https:\/\/vinilozona.lt\/wp-content\/uploads\/2023\/08\/R-13921368-1564383269-3370.jpg\",\"datePublished\":\"2023-08-06T15:13:15+00:00\",\"dateModified\":\"2025-03-13T04:46:03+00:00\",\"breadcrumb\":{\"@id\":\"https:\/\/vinilozona.lt\/parduotuve\/cd\/naudoti-cd\/elton-john-a-single-man-cd\/#breadcrumb\"},\"inLanguage\":\"en-GB\",\"potentialAction\":[{\"@type\":\"ReadAction\",\"target\":[\"https:\/\/vinilozona.lt\/parduotuve\/cd\/naudoti-cd\/elton-john-a-single-man-cd\/\"]}]},{\"@type\":\"ImageObject\",\"inLanguage\":\"en-GB\",\"@id\":\"https:\/\/vinilozona.lt\/parduotuve\/cd\/naudoti-cd\/elton-john-a-single-man-cd\/#primaryimage\",\"url\":\"https:\/\/vinilozona.lt\/wp-content\/uploads\/2023\/08\/R-13921368-1564383269-3370.jpg\",\"contentUrl\":\"https:\/\/vinilozona.lt\/wp-content\/uploads\/2023\/08\/R-13921368-1564383269-3370.jpg\",\"width\":597,\"height\":600},{\"@type\":\"BreadcrumbList\",\"@id\":\"https:\/\/vinilozona.lt\/parduotuve\/cd\/naudoti-cd\/elton-john-a-single-man-cd\/#breadcrumb\",\"itemListElement\":[{\"@type\":\"ListItem\",\"position\":1,\"name\":\"Home\",\"item\":\"https:\/\/vinilozona.lt\/\"},{\"@type\":\"ListItem\",\"position\":2,\"name\":\"Parduotuv\u0117\",\"item\":\"https:\/\/vinilozona.lt\/parduotuve\/\"},{\"@type\":\"ListItem\",\"position\":3,\"name\":\"Elton John \u200e\u2013 A single man CD\"}]},{\"@type\":\"WebSite\",\"@id\":\"https:\/\/vinilozona.lt\/#website\",\"url\":\"https:\/\/vinilozona.lt\/\",\"name\":\"Vinilo Zona\",\"description\":\"Nup\u016bsk dulkes ir klausyk LP\",\"potentialAction\":[{\"@type\":\"SearchAction\",\"target\":{\"@type\":\"EntryPoint\",\"urlTemplate\":\"https:\/\/vinilozona.lt\/?s={search_term_string}\"},\"query-input\":{\"@type\":\"PropertyValueSpecification\",\"valueRequired\":true,\"valueName\":\"search_term_string\"}}],\"inLanguage\":\"en-GB\"}]}<\/script>\n<!-- \/ Yoast SEO plugin. -->","yoast_head_json":{"title":"Elton John \u200e\u2013 A single man CD Vinilin\u0117 Plok\u0161tel\u0117 | Vinilozona.lt","robots":{"index":"index","follow":"follow","max-snippet":"max-snippet:-1","max-image-preview":"max-image-preview:large","max-video-preview":"max-video-preview:-1"},"canonical":"https:\/\/vinilozona.lt\/en\/parduotuve\/cd\/naudoti-cd\/elton-john-a-single-man-cd\/","og_locale":"en_GB","og_type":"article","og_title":"Elton John \u200e\u2013 A single man CD Vinilin\u0117 Plok\u0161tel\u0117 | Vinilozona.lt","og_description":"The Rocket Record Company \u2013 558 474-2, Mercury \u2013 558 474-2 Series: Elton John The Classic Years Format:  CD, Album, Remastered, Repress Country: Europe Released: 1998","og_url":"https:\/\/vinilozona.lt\/en\/parduotuve\/cd\/naudoti-cd\/elton-john-a-single-man-cd\/","og_site_name":"Vinilo Zona","article_modified_time":"2025-03-13T04:46:03+00:00","og_image":[{"width":597,"height":600,"url":"https:\/\/vinilozona.lt\/wp-content\/uploads\/2023\/08\/R-13921368-1564383269-3370.jpg","type":"image\/jpeg"}],"twitter_card":"summary_large_image","schema":{"@context":"https:\/\/schema.org","@graph":[{"@type":"WebPage","@id":"https:\/\/vinilozona.lt\/parduotuve\/cd\/naudoti-cd\/elton-john-a-single-man-cd\/","url":"https:\/\/vinilozona.lt\/parduotuve\/cd\/naudoti-cd\/elton-john-a-single-man-cd\/","name":"Elton John \u200e\u2013 A single man CD Vinilin\u0117 Plok\u0161tel\u0117 | Vinilozona.lt","isPartOf":{"@id":"https:\/\/vinilozona.lt\/#website"},"primaryImageOfPage":{"@id":"https:\/\/vinilozona.lt\/parduotuve\/cd\/naudoti-cd\/elton-john-a-single-man-cd\/#primaryimage"},"image":{"@id":"https:\/\/vinilozona.lt\/parduotuve\/cd\/naudoti-cd\/elton-john-a-single-man-cd\/#primaryimage"},"thumbnailUrl":"https:\/\/vinilozona.lt\/wp-content\/uploads\/2023\/08\/R-13921368-1564383269-3370.jpg","datePublished":"2023-08-06T15:13:15+00:00","dateModified":"2025-03-13T04:46:03+00:00","breadcrumb":{"@id":"https:\/\/vinilozona.lt\/parduotuve\/cd\/naudoti-cd\/elton-john-a-single-man-cd\/#breadcrumb"},"inLanguage":"en-GB","potentialAction":[{"@type":"ReadAction","target":["https:\/\/vinilozona.lt\/parduotuve\/cd\/naudoti-cd\/elton-john-a-single-man-cd\/"]}]},{"@type":"ImageObject","inLanguage":"en-GB","@id":"https:\/\/vinilozona.lt\/parduotuve\/cd\/naudoti-cd\/elton-john-a-single-man-cd\/#primaryimage","url":"https:\/\/vinilozona.lt\/wp-content\/uploads\/2023\/08\/R-13921368-1564383269-3370.jpg","contentUrl":"https:\/\/vinilozona.lt\/wp-content\/uploads\/2023\/08\/R-13921368-1564383269-3370.jpg","width":597,"height":600},{"@type":"BreadcrumbList","@id":"https:\/\/vinilozona.lt\/parduotuve\/cd\/naudoti-cd\/elton-john-a-single-man-cd\/#breadcrumb","itemListElement":[{"@type":"ListItem","position":1,"name":"Home","item":"https:\/\/vinilozona.lt\/"},{"@type":"ListItem","position":2,"name":"Parduotuv\u0117","item":"https:\/\/vinilozona.lt\/parduotuve\/"},{"@type":"ListItem","position":3,"name":"Elton John \u200e\u2013 A single man CD"}]},{"@type":"WebSite","@id":"https:\/\/vinilozona.lt\/#website","url":"https:\/\/vinilozona.lt\/","name":"Vinilo Zona","description":"Nup\u016bsk dulkes ir klausyk LP","potentialAction":[{"@type":"SearchAction","target":{"@type":"EntryPoint","urlTemplate":"https:\/\/vinilozona.lt\/?s={search_term_string}"},"query-input":{"@type":"PropertyValueSpecification","valueRequired":true,"valueName":"search_term_string"}}],"inLanguage":"en-GB"}]}},"_links":{"self":[{"href":"https:\/\/vinilozona.lt\/en\/wp-json\/wp\/v2\/product\/22695"}],"collection":[{"href":"https:\/\/vinilozona.lt\/en\/wp-json\/wp\/v2\/product"}],"about":[{"href":"https:\/\/vinilozona.lt\/en\/wp-json\/wp\/v2\/types\/product"}],"wp:featuredmedia":[{"embeddable":true,"href":"https:\/\/vinilozona.lt\/en\/wp-json\/wp\/v2\/media\/22696"}],"wp:attachment":[{"href":"https:\/\/vinilozona.lt\/en\/wp-json\/wp\/v2\/media?parent=22695"}],"wp:term":[{"taxonomy":"product_cat","embeddable":true,"href":"https:\/\/vinilozona.lt\/en\/wp-json\/wp\/v2\/product_cat?post=22695"},{"taxonomy":"product_tag","embeddable":true,"href":"https:\/\/vinilozona.lt\/en\/wp-json\/wp\/v2\/product_tag?post=22695"}],"curies":[{"name":"wp","href":"https:\/\/api.w.org\/{rel}","templated":true}]}}