{"id":22576,"date":"2023-07-19T12:00:28","date_gmt":"2023-07-19T09:00:28","guid":{"rendered":"https:\/\/vinilozona.lt\/?post_type=product&#038;p=22576"},"modified":"2023-08-02T09:18:11","modified_gmt":"2023-08-02T06:18:11","slug":"steely-dan-cant-buy-a-thrill","status":"publish","type":"product","link":"https:\/\/vinilozona.lt\/en\/parduotuve\/naujos-lp\/steely-dan-cant-buy-a-thrill\/","title":{"rendered":"Steely Dan \u2013 Can&#8217;t Buy A Thrill"},"content":{"rendered":"<p>A1\t\tDo It Again 5:56<br \/>\nA2\t\tDirty Work 3:08<br \/>\nA3\t\tKings 3:45<br \/>\nA4\t\tMidnite Cruiser 4:09<br \/>\nA5\t\tOnly A Fool Would Say That 2:54<br \/>\nB1\t\tReelin&#8217; In The Years 4:35<br \/>\nB2\t\tFire In The Hole 3:26<br \/>\nB3\t\tBrooklyn (Owes The Charmer Under Me) 4:20<br \/>\nB4\t\tChange Of The Guard 3:28<br \/>\nB5\t\tTurn That Heartbeat Over Again 4:58<\/p>","protected":false},"excerpt":{"rendered":"<p>Label:\tGeffen Records \u2013 B0035111-01, UMe \u2013 B0035111-01<br \/>\nFormat:\tVinyl, LP, Album, Reissue, Remastered, Stereo, 180 Gram<br \/>\nCountry:\tWorldwide<br \/>\nReleased:\tNov 4, 2022<\/p>","protected":false},"featured_media":22577,"template":"","meta":[],"product_cat":[23],"product_tag":[55],"yoast_head":"<!-- This site is optimized with the Yoast SEO plugin v23.5 - https:\/\/yoast.com\/wordpress\/plugins\/seo\/ -->\n<title>Steely Dan \u2013 Can&#039;t Buy A Thrill Vinilin\u0117 Plok\u0161tel\u0117 | Vinilozona.lt<\/title>\n<meta name=\"robots\" content=\"index, follow, max-snippet:-1, max-image-preview:large, max-video-preview:-1\" \/>\n<link rel=\"canonical\" href=\"https:\/\/vinilozona.lt\/en\/parduotuve\/naujos-lp\/steely-dan-cant-buy-a-thrill\/\" \/>\n<meta property=\"og:locale\" content=\"en_GB\" \/>\n<meta property=\"og:type\" content=\"article\" \/>\n<meta property=\"og:title\" content=\"Steely Dan \u2013 Can&#039;t Buy A Thrill Vinilin\u0117 Plok\u0161tel\u0117 | Vinilozona.lt\" \/>\n<meta property=\"og:description\" content=\"Label: Geffen Records \u2013 B0035111-01, UMe \u2013 B0035111-01 Format: Vinyl, LP, Album, Reissue, Remastered, Stereo, 180 Gram Country: Worldwide Released: Nov 4, 2022\" \/>\n<meta property=\"og:url\" content=\"https:\/\/vinilozona.lt\/en\/parduotuve\/naujos-lp\/steely-dan-cant-buy-a-thrill\/\" \/>\n<meta property=\"og:site_name\" content=\"Vinilo Zona\" \/>\n<meta property=\"article:modified_time\" content=\"2023-08-02T06:18:11+00:00\" \/>\n<meta property=\"og:image\" content=\"https:\/\/vinilozona.lt\/wp-content\/uploads\/2023\/07\/R-25006759-1689155902-7998.jpg\" \/>\n\t<meta property=\"og:image:width\" content=\"589\" \/>\n\t<meta property=\"og:image:height\" content=\"599\" \/>\n\t<meta property=\"og:image:type\" content=\"image\/jpeg\" \/>\n<meta name=\"twitter:card\" content=\"summary_large_image\" \/>\n<script type=\"application\/ld+json\" class=\"yoast-schema-graph\">{\"@context\":\"https:\/\/schema.org\",\"@graph\":[{\"@type\":\"WebPage\",\"@id\":\"https:\/\/vinilozona.lt\/en\/parduotuve\/naujos-lp\/steely-dan-cant-buy-a-thrill\/\",\"url\":\"https:\/\/vinilozona.lt\/en\/parduotuve\/naujos-lp\/steely-dan-cant-buy-a-thrill\/\",\"name\":\"Steely Dan \u2013 Can't Buy A Thrill Vinilin\u0117 Plok\u0161tel\u0117 | Vinilozona.lt\",\"isPartOf\":{\"@id\":\"https:\/\/vinilozona.lt\/#website\"},\"primaryImageOfPage\":{\"@id\":\"https:\/\/vinilozona.lt\/en\/parduotuve\/naujos-lp\/steely-dan-cant-buy-a-thrill\/#primaryimage\"},\"image\":{\"@id\":\"https:\/\/vinilozona.lt\/en\/parduotuve\/naujos-lp\/steely-dan-cant-buy-a-thrill\/#primaryimage\"},\"thumbnailUrl\":\"https:\/\/vinilozona.lt\/wp-content\/uploads\/2023\/07\/R-25006759-1689155902-7998.jpg\",\"datePublished\":\"2023-07-19T09:00:28+00:00\",\"dateModified\":\"2023-08-02T06:18:11+00:00\",\"breadcrumb\":{\"@id\":\"https:\/\/vinilozona.lt\/en\/parduotuve\/naujos-lp\/steely-dan-cant-buy-a-thrill\/#breadcrumb\"},\"inLanguage\":\"en-GB\",\"potentialAction\":[{\"@type\":\"ReadAction\",\"target\":[\"https:\/\/vinilozona.lt\/en\/parduotuve\/naujos-lp\/steely-dan-cant-buy-a-thrill\/\"]}]},{\"@type\":\"ImageObject\",\"inLanguage\":\"en-GB\",\"@id\":\"https:\/\/vinilozona.lt\/en\/parduotuve\/naujos-lp\/steely-dan-cant-buy-a-thrill\/#primaryimage\",\"url\":\"https:\/\/vinilozona.lt\/wp-content\/uploads\/2023\/07\/R-25006759-1689155902-7998.jpg\",\"contentUrl\":\"https:\/\/vinilozona.lt\/wp-content\/uploads\/2023\/07\/R-25006759-1689155902-7998.jpg\",\"width\":589,\"height\":599},{\"@type\":\"BreadcrumbList\",\"@id\":\"https:\/\/vinilozona.lt\/en\/parduotuve\/naujos-lp\/steely-dan-cant-buy-a-thrill\/#breadcrumb\",\"itemListElement\":[{\"@type\":\"ListItem\",\"position\":1,\"name\":\"Home\",\"item\":\"https:\/\/vinilozona.lt\/\"},{\"@type\":\"ListItem\",\"position\":2,\"name\":\"Parduotuv\u0117\",\"item\":\"https:\/\/vinilozona.lt\/parduotuve\/\"},{\"@type\":\"ListItem\",\"position\":3,\"name\":\"Steely Dan \u2013 Can&#8217;t Buy A Thrill\"}]},{\"@type\":\"WebSite\",\"@id\":\"https:\/\/vinilozona.lt\/#website\",\"url\":\"https:\/\/vinilozona.lt\/\",\"name\":\"Vinilo Zona\",\"description\":\"Nup\u016bsk dulkes ir klausyk LP\",\"potentialAction\":[{\"@type\":\"SearchAction\",\"target\":{\"@type\":\"EntryPoint\",\"urlTemplate\":\"https:\/\/vinilozona.lt\/?s={search_term_string}\"},\"query-input\":{\"@type\":\"PropertyValueSpecification\",\"valueRequired\":true,\"valueName\":\"search_term_string\"}}],\"inLanguage\":\"en-GB\"}]}<\/script>\n<!-- \/ Yoast SEO plugin. -->","yoast_head_json":{"title":"Steely Dan \u2013 Can't Buy A Thrill Vinilin\u0117 Plok\u0161tel\u0117 | Vinilozona.lt","robots":{"index":"index","follow":"follow","max-snippet":"max-snippet:-1","max-image-preview":"max-image-preview:large","max-video-preview":"max-video-preview:-1"},"canonical":"https:\/\/vinilozona.lt\/en\/parduotuve\/naujos-lp\/steely-dan-cant-buy-a-thrill\/","og_locale":"en_GB","og_type":"article","og_title":"Steely Dan \u2013 Can't Buy A Thrill Vinilin\u0117 Plok\u0161tel\u0117 | Vinilozona.lt","og_description":"Label: Geffen Records \u2013 B0035111-01, UMe \u2013 B0035111-01 Format: Vinyl, LP, Album, Reissue, Remastered, Stereo, 180 Gram Country: Worldwide Released: Nov 4, 2022","og_url":"https:\/\/vinilozona.lt\/en\/parduotuve\/naujos-lp\/steely-dan-cant-buy-a-thrill\/","og_site_name":"Vinilo Zona","article_modified_time":"2023-08-02T06:18:11+00:00","og_image":[{"width":589,"height":599,"url":"https:\/\/vinilozona.lt\/wp-content\/uploads\/2023\/07\/R-25006759-1689155902-7998.jpg","type":"image\/jpeg"}],"twitter_card":"summary_large_image","schema":{"@context":"https:\/\/schema.org","@graph":[{"@type":"WebPage","@id":"https:\/\/vinilozona.lt\/en\/parduotuve\/naujos-lp\/steely-dan-cant-buy-a-thrill\/","url":"https:\/\/vinilozona.lt\/en\/parduotuve\/naujos-lp\/steely-dan-cant-buy-a-thrill\/","name":"Steely Dan \u2013 Can't Buy A Thrill Vinilin\u0117 Plok\u0161tel\u0117 | Vinilozona.lt","isPartOf":{"@id":"https:\/\/vinilozona.lt\/#website"},"primaryImageOfPage":{"@id":"https:\/\/vinilozona.lt\/en\/parduotuve\/naujos-lp\/steely-dan-cant-buy-a-thrill\/#primaryimage"},"image":{"@id":"https:\/\/vinilozona.lt\/en\/parduotuve\/naujos-lp\/steely-dan-cant-buy-a-thrill\/#primaryimage"},"thumbnailUrl":"https:\/\/vinilozona.lt\/wp-content\/uploads\/2023\/07\/R-25006759-1689155902-7998.jpg","datePublished":"2023-07-19T09:00:28+00:00","dateModified":"2023-08-02T06:18:11+00:00","breadcrumb":{"@id":"https:\/\/vinilozona.lt\/en\/parduotuve\/naujos-lp\/steely-dan-cant-buy-a-thrill\/#breadcrumb"},"inLanguage":"en-GB","potentialAction":[{"@type":"ReadAction","target":["https:\/\/vinilozona.lt\/en\/parduotuve\/naujos-lp\/steely-dan-cant-buy-a-thrill\/"]}]},{"@type":"ImageObject","inLanguage":"en-GB","@id":"https:\/\/vinilozona.lt\/en\/parduotuve\/naujos-lp\/steely-dan-cant-buy-a-thrill\/#primaryimage","url":"https:\/\/vinilozona.lt\/wp-content\/uploads\/2023\/07\/R-25006759-1689155902-7998.jpg","contentUrl":"https:\/\/vinilozona.lt\/wp-content\/uploads\/2023\/07\/R-25006759-1689155902-7998.jpg","width":589,"height":599},{"@type":"BreadcrumbList","@id":"https:\/\/vinilozona.lt\/en\/parduotuve\/naujos-lp\/steely-dan-cant-buy-a-thrill\/#breadcrumb","itemListElement":[{"@type":"ListItem","position":1,"name":"Home","item":"https:\/\/vinilozona.lt\/"},{"@type":"ListItem","position":2,"name":"Parduotuv\u0117","item":"https:\/\/vinilozona.lt\/parduotuve\/"},{"@type":"ListItem","position":3,"name":"Steely Dan \u2013 Can&#8217;t Buy A Thrill"}]},{"@type":"WebSite","@id":"https:\/\/vinilozona.lt\/#website","url":"https:\/\/vinilozona.lt\/","name":"Vinilo Zona","description":"Nup\u016bsk dulkes ir klausyk LP","potentialAction":[{"@type":"SearchAction","target":{"@type":"EntryPoint","urlTemplate":"https:\/\/vinilozona.lt\/?s={search_term_string}"},"query-input":{"@type":"PropertyValueSpecification","valueRequired":true,"valueName":"search_term_string"}}],"inLanguage":"en-GB"}]}},"_links":{"self":[{"href":"https:\/\/vinilozona.lt\/en\/wp-json\/wp\/v2\/product\/22576"}],"collection":[{"href":"https:\/\/vinilozona.lt\/en\/wp-json\/wp\/v2\/product"}],"about":[{"href":"https:\/\/vinilozona.lt\/en\/wp-json\/wp\/v2\/types\/product"}],"wp:featuredmedia":[{"embeddable":true,"href":"https:\/\/vinilozona.lt\/en\/wp-json\/wp\/v2\/media\/22577"}],"wp:attachment":[{"href":"https:\/\/vinilozona.lt\/en\/wp-json\/wp\/v2\/media?parent=22576"}],"wp:term":[{"taxonomy":"product_cat","embeddable":true,"href":"https:\/\/vinilozona.lt\/en\/wp-json\/wp\/v2\/product_cat?post=22576"},{"taxonomy":"product_tag","embeddable":true,"href":"https:\/\/vinilozona.lt\/en\/wp-json\/wp\/v2\/product_tag?post=22576"}],"curies":[{"name":"wp","href":"https:\/\/api.w.org\/{rel}","templated":true}]}}