{"id":22187,"date":"2023-10-24T05:12:58","date_gmt":"2023-10-24T02:12:58","guid":{"rendered":"https:\/\/vinilozona.lt\/?post_type=product&#038;p=22187"},"modified":"2023-10-24T21:41:28","modified_gmt":"2023-10-24T18:41:28","slug":"buena-vista-social-club-buena-vista-social-club-at-carnegie-hall-2lp","status":"publish","type":"product","link":"https:\/\/vinilozona.lt\/en\/parduotuve\/rock-pop\/buena-vista-social-club-buena-vista-social-club-at-carnegie-hall-2lp\/","title":{"rendered":"Planet P Project \u2013 Pink World"},"content":{"rendered":"<p>A1\t\tIn The Woods\t0:57<br \/>\nA2\t\tTo Live Forever\t3:56<br \/>\nA3\t\tPink World\t4:25<br \/>\nA4\t\tWhat I See\t4:30<br \/>\nA5\t\tTo Live Forever (Part 2)\t0:33<br \/>\nA6\t\tPower\t4:18<br \/>\nA7\t\tIn The Forest\t1:10<br \/>\nB1\t\tA Boy Who Can&#8217;t Talk\t4:30<br \/>\nB2\t\tThe Stranger\t4:40<br \/>\nB3\t\tWhat I See (Part 2)\t1:12<br \/>\nB4\t\tThe Shepherd\t4:47<br \/>\nB5\t\tBehind The Barrier\t4:14<br \/>\nB6\t\tPink World Coming Down\t1:26<br \/>\nC1\t\tBreath\t0:56<br \/>\nC2\t\tThis Perfect Place\t4:22<br \/>\nC3\t\tWhat Artie Knows\t4:29<br \/>\nC4\t\tIn The Zone\t4:23<br \/>\nC5\t\tBehind The Barrier (Part 2)\t0:51<br \/>\nC6\t\tMarch Of The Artemites\t4:29<br \/>\nC7\t\tThis Perfect Place (Part 2)\t0:45<br \/>\nD1\t\tA Letter From The Shelter\t5:21<br \/>\nD2\t\tWhat Artie Knows (Part 2)\t0:52<br \/>\nD3\t\tOne Star Falling\t4:20<br \/>\nD4\t\tBaby&#8217;s At The Door\t3:39<br \/>\nD5\t\tRequiem\t1:52<br \/>\nD6\t\tA Boy Who Can&#8217;t Talk (Part 2)\t1:12<\/p>","protected":false},"excerpt":{"rendered":"<p>MCA Records \u2013 MCSP 311<br \/>\nFormat:<br \/>\n2 x Vinyl, LP, Album, Gatefold<br \/>\nCountry:\tUK<br \/>\nReleased:\t1984<\/p>","protected":false},"featured_media":23247,"template":"","meta":[],"product_cat":[15],"product_tag":[44],"yoast_head":"<!-- This site is optimized with the Yoast SEO plugin v23.5 - https:\/\/yoast.com\/wordpress\/plugins\/seo\/ -->\n<title>Planet P Project \u2013 Pink World Vinilin\u0117 Plok\u0161tel\u0117 | Vinilozona.lt<\/title>\n<meta name=\"robots\" content=\"index, follow, max-snippet:-1, max-image-preview:large, max-video-preview:-1\" \/>\n<link rel=\"canonical\" href=\"https:\/\/vinilozona.lt\/en\/parduotuve\/rock-pop\/buena-vista-social-club-buena-vista-social-club-at-carnegie-hall-2lp\/\" \/>\n<meta property=\"og:locale\" content=\"en_GB\" \/>\n<meta property=\"og:type\" content=\"article\" \/>\n<meta property=\"og:title\" content=\"Planet P Project \u2013 Pink World Vinilin\u0117 Plok\u0161tel\u0117 | Vinilozona.lt\" \/>\n<meta property=\"og:description\" content=\"MCA Records \u2013 MCSP 311 Format:  2 x Vinyl, LP, Album, Gatefold Country: UK Released: 1984\" \/>\n<meta property=\"og:url\" content=\"https:\/\/vinilozona.lt\/en\/parduotuve\/rock-pop\/buena-vista-social-club-buena-vista-social-club-at-carnegie-hall-2lp\/\" \/>\n<meta property=\"og:site_name\" content=\"Vinilo Zona\" \/>\n<meta property=\"article:modified_time\" content=\"2023-10-24T18:41:28+00:00\" \/>\n<meta property=\"og:image\" content=\"https:\/\/vinilozona.lt\/wp-content\/uploads\/2023\/09\/R-4232054-1364724035-2656.jpg\" \/>\n\t<meta property=\"og:image:width\" content=\"500\" \/>\n\t<meta property=\"og:image:height\" content=\"500\" \/>\n\t<meta property=\"og:image:type\" content=\"image\/jpeg\" \/>\n<meta name=\"twitter:card\" content=\"summary_large_image\" \/>\n<meta name=\"twitter:label1\" content=\"Estimated reading time\" \/>\n\t<meta name=\"twitter:data1\" content=\"1 minute\" \/>\n<script type=\"application\/ld+json\" class=\"yoast-schema-graph\">{\"@context\":\"https:\/\/schema.org\",\"@graph\":[{\"@type\":\"WebPage\",\"@id\":\"https:\/\/vinilozona.lt\/parduotuve\/rock-pop\/buena-vista-social-club-buena-vista-social-club-at-carnegie-hall-2lp\/\",\"url\":\"https:\/\/vinilozona.lt\/parduotuve\/rock-pop\/buena-vista-social-club-buena-vista-social-club-at-carnegie-hall-2lp\/\",\"name\":\"Planet P Project \u2013 Pink World Vinilin\u0117 Plok\u0161tel\u0117 | Vinilozona.lt\",\"isPartOf\":{\"@id\":\"https:\/\/vinilozona.lt\/#website\"},\"primaryImageOfPage\":{\"@id\":\"https:\/\/vinilozona.lt\/parduotuve\/rock-pop\/buena-vista-social-club-buena-vista-social-club-at-carnegie-hall-2lp\/#primaryimage\"},\"image\":{\"@id\":\"https:\/\/vinilozona.lt\/parduotuve\/rock-pop\/buena-vista-social-club-buena-vista-social-club-at-carnegie-hall-2lp\/#primaryimage\"},\"thumbnailUrl\":\"https:\/\/vinilozona.lt\/wp-content\/uploads\/2023\/09\/R-4232054-1364724035-2656.jpg\",\"datePublished\":\"2023-10-24T02:12:58+00:00\",\"dateModified\":\"2023-10-24T18:41:28+00:00\",\"breadcrumb\":{\"@id\":\"https:\/\/vinilozona.lt\/parduotuve\/rock-pop\/buena-vista-social-club-buena-vista-social-club-at-carnegie-hall-2lp\/#breadcrumb\"},\"inLanguage\":\"en-GB\",\"potentialAction\":[{\"@type\":\"ReadAction\",\"target\":[\"https:\/\/vinilozona.lt\/parduotuve\/rock-pop\/buena-vista-social-club-buena-vista-social-club-at-carnegie-hall-2lp\/\"]}]},{\"@type\":\"ImageObject\",\"inLanguage\":\"en-GB\",\"@id\":\"https:\/\/vinilozona.lt\/parduotuve\/rock-pop\/buena-vista-social-club-buena-vista-social-club-at-carnegie-hall-2lp\/#primaryimage\",\"url\":\"https:\/\/vinilozona.lt\/wp-content\/uploads\/2023\/09\/R-4232054-1364724035-2656.jpg\",\"contentUrl\":\"https:\/\/vinilozona.lt\/wp-content\/uploads\/2023\/09\/R-4232054-1364724035-2656.jpg\",\"width\":500,\"height\":500},{\"@type\":\"BreadcrumbList\",\"@id\":\"https:\/\/vinilozona.lt\/parduotuve\/rock-pop\/buena-vista-social-club-buena-vista-social-club-at-carnegie-hall-2lp\/#breadcrumb\",\"itemListElement\":[{\"@type\":\"ListItem\",\"position\":1,\"name\":\"Home\",\"item\":\"https:\/\/vinilozona.lt\/\"},{\"@type\":\"ListItem\",\"position\":2,\"name\":\"Parduotuv\u0117\",\"item\":\"https:\/\/vinilozona.lt\/parduotuve\/\"},{\"@type\":\"ListItem\",\"position\":3,\"name\":\"Planet P Project \u2013 Pink World\"}]},{\"@type\":\"WebSite\",\"@id\":\"https:\/\/vinilozona.lt\/#website\",\"url\":\"https:\/\/vinilozona.lt\/\",\"name\":\"Vinilo Zona\",\"description\":\"Nup\u016bsk dulkes ir klausyk LP\",\"potentialAction\":[{\"@type\":\"SearchAction\",\"target\":{\"@type\":\"EntryPoint\",\"urlTemplate\":\"https:\/\/vinilozona.lt\/?s={search_term_string}\"},\"query-input\":{\"@type\":\"PropertyValueSpecification\",\"valueRequired\":true,\"valueName\":\"search_term_string\"}}],\"inLanguage\":\"en-GB\"}]}<\/script>\n<!-- \/ Yoast SEO plugin. -->","yoast_head_json":{"title":"Planet P Project \u2013 Pink World Vinilin\u0117 Plok\u0161tel\u0117 | Vinilozona.lt","robots":{"index":"index","follow":"follow","max-snippet":"max-snippet:-1","max-image-preview":"max-image-preview:large","max-video-preview":"max-video-preview:-1"},"canonical":"https:\/\/vinilozona.lt\/en\/parduotuve\/rock-pop\/buena-vista-social-club-buena-vista-social-club-at-carnegie-hall-2lp\/","og_locale":"en_GB","og_type":"article","og_title":"Planet P Project \u2013 Pink World Vinilin\u0117 Plok\u0161tel\u0117 | Vinilozona.lt","og_description":"MCA Records \u2013 MCSP 311 Format:  2 x Vinyl, LP, Album, Gatefold Country: UK Released: 1984","og_url":"https:\/\/vinilozona.lt\/en\/parduotuve\/rock-pop\/buena-vista-social-club-buena-vista-social-club-at-carnegie-hall-2lp\/","og_site_name":"Vinilo Zona","article_modified_time":"2023-10-24T18:41:28+00:00","og_image":[{"width":500,"height":500,"url":"https:\/\/vinilozona.lt\/wp-content\/uploads\/2023\/09\/R-4232054-1364724035-2656.jpg","type":"image\/jpeg"}],"twitter_card":"summary_large_image","twitter_misc":{"Estimated reading time":"1 minute"},"schema":{"@context":"https:\/\/schema.org","@graph":[{"@type":"WebPage","@id":"https:\/\/vinilozona.lt\/parduotuve\/rock-pop\/buena-vista-social-club-buena-vista-social-club-at-carnegie-hall-2lp\/","url":"https:\/\/vinilozona.lt\/parduotuve\/rock-pop\/buena-vista-social-club-buena-vista-social-club-at-carnegie-hall-2lp\/","name":"Planet P Project \u2013 Pink World Vinilin\u0117 Plok\u0161tel\u0117 | Vinilozona.lt","isPartOf":{"@id":"https:\/\/vinilozona.lt\/#website"},"primaryImageOfPage":{"@id":"https:\/\/vinilozona.lt\/parduotuve\/rock-pop\/buena-vista-social-club-buena-vista-social-club-at-carnegie-hall-2lp\/#primaryimage"},"image":{"@id":"https:\/\/vinilozona.lt\/parduotuve\/rock-pop\/buena-vista-social-club-buena-vista-social-club-at-carnegie-hall-2lp\/#primaryimage"},"thumbnailUrl":"https:\/\/vinilozona.lt\/wp-content\/uploads\/2023\/09\/R-4232054-1364724035-2656.jpg","datePublished":"2023-10-24T02:12:58+00:00","dateModified":"2023-10-24T18:41:28+00:00","breadcrumb":{"@id":"https:\/\/vinilozona.lt\/parduotuve\/rock-pop\/buena-vista-social-club-buena-vista-social-club-at-carnegie-hall-2lp\/#breadcrumb"},"inLanguage":"en-GB","potentialAction":[{"@type":"ReadAction","target":["https:\/\/vinilozona.lt\/parduotuve\/rock-pop\/buena-vista-social-club-buena-vista-social-club-at-carnegie-hall-2lp\/"]}]},{"@type":"ImageObject","inLanguage":"en-GB","@id":"https:\/\/vinilozona.lt\/parduotuve\/rock-pop\/buena-vista-social-club-buena-vista-social-club-at-carnegie-hall-2lp\/#primaryimage","url":"https:\/\/vinilozona.lt\/wp-content\/uploads\/2023\/09\/R-4232054-1364724035-2656.jpg","contentUrl":"https:\/\/vinilozona.lt\/wp-content\/uploads\/2023\/09\/R-4232054-1364724035-2656.jpg","width":500,"height":500},{"@type":"BreadcrumbList","@id":"https:\/\/vinilozona.lt\/parduotuve\/rock-pop\/buena-vista-social-club-buena-vista-social-club-at-carnegie-hall-2lp\/#breadcrumb","itemListElement":[{"@type":"ListItem","position":1,"name":"Home","item":"https:\/\/vinilozona.lt\/"},{"@type":"ListItem","position":2,"name":"Parduotuv\u0117","item":"https:\/\/vinilozona.lt\/parduotuve\/"},{"@type":"ListItem","position":3,"name":"Planet P Project \u2013 Pink World"}]},{"@type":"WebSite","@id":"https:\/\/vinilozona.lt\/#website","url":"https:\/\/vinilozona.lt\/","name":"Vinilo Zona","description":"Nup\u016bsk dulkes ir klausyk LP","potentialAction":[{"@type":"SearchAction","target":{"@type":"EntryPoint","urlTemplate":"https:\/\/vinilozona.lt\/?s={search_term_string}"},"query-input":{"@type":"PropertyValueSpecification","valueRequired":true,"valueName":"search_term_string"}}],"inLanguage":"en-GB"}]}},"_links":{"self":[{"href":"https:\/\/vinilozona.lt\/en\/wp-json\/wp\/v2\/product\/22187"}],"collection":[{"href":"https:\/\/vinilozona.lt\/en\/wp-json\/wp\/v2\/product"}],"about":[{"href":"https:\/\/vinilozona.lt\/en\/wp-json\/wp\/v2\/types\/product"}],"wp:featuredmedia":[{"embeddable":true,"href":"https:\/\/vinilozona.lt\/en\/wp-json\/wp\/v2\/media\/23247"}],"wp:attachment":[{"href":"https:\/\/vinilozona.lt\/en\/wp-json\/wp\/v2\/media?parent=22187"}],"wp:term":[{"taxonomy":"product_cat","embeddable":true,"href":"https:\/\/vinilozona.lt\/en\/wp-json\/wp\/v2\/product_cat?post=22187"},{"taxonomy":"product_tag","embeddable":true,"href":"https:\/\/vinilozona.lt\/en\/wp-json\/wp\/v2\/product_tag?post=22187"}],"curies":[{"name":"wp","href":"https:\/\/api.w.org\/{rel}","templated":true}]}}