{"id":22185,"date":"2026-03-01T05:06:35","date_gmt":"2026-03-01T03:06:35","guid":{"rendered":"https:\/\/vinilozona.lt\/?post_type=product&#038;p=22185"},"modified":"2026-03-02T16:52:25","modified_gmt":"2026-03-02T14:52:25","slug":"pink-floyd-a-foot-in-the-door-the-best-of-pink-floyd-2lp","status":"publish","type":"product","link":"https:\/\/vinilozona.lt\/en\/parduotuve\/naujos-lp\/pink-floyd-a-foot-in-the-door-the-best-of-pink-floyd-2lp\/","title":{"rendered":"Jethro Tull \u2013 R\u00f6kFl\u00f6te"},"content":{"rendered":"<p>A1\t\tVoluspo\t3:41<br \/>\nA2\t\tGinnungagap\t3:48<br \/>\nA3\t\tAllfather\t2:44<br \/>\nA4\t\tThe Feathered Consort\t3:37<br \/>\nA5\t\tHammer On Hammer\t3:09<br \/>\nA6\t\tWolf Unchained\t4:58<br \/>\nB1\t\tThe Perfect One\t3:49<br \/>\nB2\t\tTrickster (And The Mistletoe)\t3:00<br \/>\nB3\t\tCornucopia\t3:51<br \/>\nB4\t\tThe Navigators\t4:26<br \/>\nB5\t\tGuardian&#8217;s Watch\t3:28<br \/>\nB6\t\tIthavoll\t3:53<\/p>","protected":false},"excerpt":{"rendered":"<p>Inside Out Music \u2013 IOM662, Sony Music \u2013 19658776891<br \/>\nFormat:<br \/>\nVinyl, LP, Album, 180g<br \/>\nCountry:\tEurope<br \/>\nReleased:\tApr 21, 2023<\/p>","protected":false},"featured_media":22383,"template":"","meta":[],"product_cat":[23],"product_tag":[74],"yoast_head":"<!-- This site is optimized with the Yoast SEO plugin v23.5 - https:\/\/yoast.com\/wordpress\/plugins\/seo\/ -->\n<title>Jethro Tull \u2013 R\u00f6kFl\u00f6te Vinilin\u0117 Plok\u0161tel\u0117 | Vinilozona.lt<\/title>\n<meta name=\"robots\" content=\"index, follow, max-snippet:-1, max-image-preview:large, max-video-preview:-1\" \/>\n<link rel=\"canonical\" href=\"https:\/\/vinilozona.lt\/en\/parduotuve\/naujos-lp\/pink-floyd-a-foot-in-the-door-the-best-of-pink-floyd-2lp\/\" \/>\n<meta property=\"og:locale\" content=\"en_GB\" \/>\n<meta property=\"og:type\" content=\"article\" \/>\n<meta property=\"og:title\" content=\"Jethro Tull \u2013 R\u00f6kFl\u00f6te Vinilin\u0117 Plok\u0161tel\u0117 | Vinilozona.lt\" \/>\n<meta property=\"og:description\" content=\"Inside Out Music \u2013 IOM662, Sony Music \u2013 19658776891 Format:  Vinyl, LP, Album, 180g Country: Europe Released: Apr 21, 2023\" \/>\n<meta property=\"og:url\" content=\"https:\/\/vinilozona.lt\/en\/parduotuve\/naujos-lp\/pink-floyd-a-foot-in-the-door-the-best-of-pink-floyd-2lp\/\" \/>\n<meta property=\"og:site_name\" content=\"Vinilo Zona\" \/>\n<meta property=\"article:modified_time\" content=\"2026-03-02T14:52:25+00:00\" \/>\n<meta property=\"og:image\" content=\"https:\/\/vinilozona.lt\/wp-content\/uploads\/2023\/05\/R-26830091-1685734403-8491.jpg\" \/>\n\t<meta property=\"og:image:width\" content=\"560\" \/>\n\t<meta property=\"og:image:height\" content=\"560\" \/>\n\t<meta property=\"og:image:type\" content=\"image\/jpeg\" \/>\n<meta name=\"twitter:card\" content=\"summary_large_image\" \/>\n<script type=\"application\/ld+json\" class=\"yoast-schema-graph\">{\"@context\":\"https:\/\/schema.org\",\"@graph\":[{\"@type\":\"WebPage\",\"@id\":\"https:\/\/vinilozona.lt\/parduotuve\/naujos-lp\/pink-floyd-a-foot-in-the-door-the-best-of-pink-floyd-2lp\/\",\"url\":\"https:\/\/vinilozona.lt\/parduotuve\/naujos-lp\/pink-floyd-a-foot-in-the-door-the-best-of-pink-floyd-2lp\/\",\"name\":\"Jethro Tull \u2013 R\u00f6kFl\u00f6te Vinilin\u0117 Plok\u0161tel\u0117 | Vinilozona.lt\",\"isPartOf\":{\"@id\":\"https:\/\/vinilozona.lt\/#website\"},\"primaryImageOfPage\":{\"@id\":\"https:\/\/vinilozona.lt\/parduotuve\/naujos-lp\/pink-floyd-a-foot-in-the-door-the-best-of-pink-floyd-2lp\/#primaryimage\"},\"image\":{\"@id\":\"https:\/\/vinilozona.lt\/parduotuve\/naujos-lp\/pink-floyd-a-foot-in-the-door-the-best-of-pink-floyd-2lp\/#primaryimage\"},\"thumbnailUrl\":\"https:\/\/vinilozona.lt\/wp-content\/uploads\/2023\/05\/R-26830091-1685734403-8491.jpg\",\"datePublished\":\"2026-03-01T03:06:35+00:00\",\"dateModified\":\"2026-03-02T14:52:25+00:00\",\"breadcrumb\":{\"@id\":\"https:\/\/vinilozona.lt\/parduotuve\/naujos-lp\/pink-floyd-a-foot-in-the-door-the-best-of-pink-floyd-2lp\/#breadcrumb\"},\"inLanguage\":\"en-GB\",\"potentialAction\":[{\"@type\":\"ReadAction\",\"target\":[\"https:\/\/vinilozona.lt\/parduotuve\/naujos-lp\/pink-floyd-a-foot-in-the-door-the-best-of-pink-floyd-2lp\/\"]}]},{\"@type\":\"ImageObject\",\"inLanguage\":\"en-GB\",\"@id\":\"https:\/\/vinilozona.lt\/parduotuve\/naujos-lp\/pink-floyd-a-foot-in-the-door-the-best-of-pink-floyd-2lp\/#primaryimage\",\"url\":\"https:\/\/vinilozona.lt\/wp-content\/uploads\/2023\/05\/R-26830091-1685734403-8491.jpg\",\"contentUrl\":\"https:\/\/vinilozona.lt\/wp-content\/uploads\/2023\/05\/R-26830091-1685734403-8491.jpg\",\"width\":560,\"height\":560},{\"@type\":\"BreadcrumbList\",\"@id\":\"https:\/\/vinilozona.lt\/parduotuve\/naujos-lp\/pink-floyd-a-foot-in-the-door-the-best-of-pink-floyd-2lp\/#breadcrumb\",\"itemListElement\":[{\"@type\":\"ListItem\",\"position\":1,\"name\":\"Home\",\"item\":\"https:\/\/vinilozona.lt\/\"},{\"@type\":\"ListItem\",\"position\":2,\"name\":\"Parduotuv\u0117\",\"item\":\"https:\/\/vinilozona.lt\/parduotuve\/\"},{\"@type\":\"ListItem\",\"position\":3,\"name\":\"Jethro Tull \u2013 R\u00f6kFl\u00f6te\"}]},{\"@type\":\"WebSite\",\"@id\":\"https:\/\/vinilozona.lt\/#website\",\"url\":\"https:\/\/vinilozona.lt\/\",\"name\":\"Vinilo Zona\",\"description\":\"Nup\u016bsk dulkes ir klausyk LP\",\"potentialAction\":[{\"@type\":\"SearchAction\",\"target\":{\"@type\":\"EntryPoint\",\"urlTemplate\":\"https:\/\/vinilozona.lt\/?s={search_term_string}\"},\"query-input\":{\"@type\":\"PropertyValueSpecification\",\"valueRequired\":true,\"valueName\":\"search_term_string\"}}],\"inLanguage\":\"en-GB\"}]}<\/script>\n<!-- \/ Yoast SEO plugin. -->","yoast_head_json":{"title":"Jethro Tull \u2013 R\u00f6kFl\u00f6te Vinilin\u0117 Plok\u0161tel\u0117 | Vinilozona.lt","robots":{"index":"index","follow":"follow","max-snippet":"max-snippet:-1","max-image-preview":"max-image-preview:large","max-video-preview":"max-video-preview:-1"},"canonical":"https:\/\/vinilozona.lt\/en\/parduotuve\/naujos-lp\/pink-floyd-a-foot-in-the-door-the-best-of-pink-floyd-2lp\/","og_locale":"en_GB","og_type":"article","og_title":"Jethro Tull \u2013 R\u00f6kFl\u00f6te Vinilin\u0117 Plok\u0161tel\u0117 | Vinilozona.lt","og_description":"Inside Out Music \u2013 IOM662, Sony Music \u2013 19658776891 Format:  Vinyl, LP, Album, 180g Country: Europe Released: Apr 21, 2023","og_url":"https:\/\/vinilozona.lt\/en\/parduotuve\/naujos-lp\/pink-floyd-a-foot-in-the-door-the-best-of-pink-floyd-2lp\/","og_site_name":"Vinilo Zona","article_modified_time":"2026-03-02T14:52:25+00:00","og_image":[{"width":560,"height":560,"url":"https:\/\/vinilozona.lt\/wp-content\/uploads\/2023\/05\/R-26830091-1685734403-8491.jpg","type":"image\/jpeg"}],"twitter_card":"summary_large_image","schema":{"@context":"https:\/\/schema.org","@graph":[{"@type":"WebPage","@id":"https:\/\/vinilozona.lt\/parduotuve\/naujos-lp\/pink-floyd-a-foot-in-the-door-the-best-of-pink-floyd-2lp\/","url":"https:\/\/vinilozona.lt\/parduotuve\/naujos-lp\/pink-floyd-a-foot-in-the-door-the-best-of-pink-floyd-2lp\/","name":"Jethro Tull \u2013 R\u00f6kFl\u00f6te Vinilin\u0117 Plok\u0161tel\u0117 | Vinilozona.lt","isPartOf":{"@id":"https:\/\/vinilozona.lt\/#website"},"primaryImageOfPage":{"@id":"https:\/\/vinilozona.lt\/parduotuve\/naujos-lp\/pink-floyd-a-foot-in-the-door-the-best-of-pink-floyd-2lp\/#primaryimage"},"image":{"@id":"https:\/\/vinilozona.lt\/parduotuve\/naujos-lp\/pink-floyd-a-foot-in-the-door-the-best-of-pink-floyd-2lp\/#primaryimage"},"thumbnailUrl":"https:\/\/vinilozona.lt\/wp-content\/uploads\/2023\/05\/R-26830091-1685734403-8491.jpg","datePublished":"2026-03-01T03:06:35+00:00","dateModified":"2026-03-02T14:52:25+00:00","breadcrumb":{"@id":"https:\/\/vinilozona.lt\/parduotuve\/naujos-lp\/pink-floyd-a-foot-in-the-door-the-best-of-pink-floyd-2lp\/#breadcrumb"},"inLanguage":"en-GB","potentialAction":[{"@type":"ReadAction","target":["https:\/\/vinilozona.lt\/parduotuve\/naujos-lp\/pink-floyd-a-foot-in-the-door-the-best-of-pink-floyd-2lp\/"]}]},{"@type":"ImageObject","inLanguage":"en-GB","@id":"https:\/\/vinilozona.lt\/parduotuve\/naujos-lp\/pink-floyd-a-foot-in-the-door-the-best-of-pink-floyd-2lp\/#primaryimage","url":"https:\/\/vinilozona.lt\/wp-content\/uploads\/2023\/05\/R-26830091-1685734403-8491.jpg","contentUrl":"https:\/\/vinilozona.lt\/wp-content\/uploads\/2023\/05\/R-26830091-1685734403-8491.jpg","width":560,"height":560},{"@type":"BreadcrumbList","@id":"https:\/\/vinilozona.lt\/parduotuve\/naujos-lp\/pink-floyd-a-foot-in-the-door-the-best-of-pink-floyd-2lp\/#breadcrumb","itemListElement":[{"@type":"ListItem","position":1,"name":"Home","item":"https:\/\/vinilozona.lt\/"},{"@type":"ListItem","position":2,"name":"Parduotuv\u0117","item":"https:\/\/vinilozona.lt\/parduotuve\/"},{"@type":"ListItem","position":3,"name":"Jethro Tull \u2013 R\u00f6kFl\u00f6te"}]},{"@type":"WebSite","@id":"https:\/\/vinilozona.lt\/#website","url":"https:\/\/vinilozona.lt\/","name":"Vinilo Zona","description":"Nup\u016bsk dulkes ir klausyk LP","potentialAction":[{"@type":"SearchAction","target":{"@type":"EntryPoint","urlTemplate":"https:\/\/vinilozona.lt\/?s={search_term_string}"},"query-input":{"@type":"PropertyValueSpecification","valueRequired":true,"valueName":"search_term_string"}}],"inLanguage":"en-GB"}]}},"_links":{"self":[{"href":"https:\/\/vinilozona.lt\/en\/wp-json\/wp\/v2\/product\/22185"}],"collection":[{"href":"https:\/\/vinilozona.lt\/en\/wp-json\/wp\/v2\/product"}],"about":[{"href":"https:\/\/vinilozona.lt\/en\/wp-json\/wp\/v2\/types\/product"}],"wp:featuredmedia":[{"embeddable":true,"href":"https:\/\/vinilozona.lt\/en\/wp-json\/wp\/v2\/media\/22383"}],"wp:attachment":[{"href":"https:\/\/vinilozona.lt\/en\/wp-json\/wp\/v2\/media?parent=22185"}],"wp:term":[{"taxonomy":"product_cat","embeddable":true,"href":"https:\/\/vinilozona.lt\/en\/wp-json\/wp\/v2\/product_cat?post=22185"},{"taxonomy":"product_tag","embeddable":true,"href":"https:\/\/vinilozona.lt\/en\/wp-json\/wp\/v2\/product_tag?post=22185"}],"curies":[{"name":"wp","href":"https:\/\/api.w.org\/{rel}","templated":true}]}}