{"id":22162,"date":"2023-05-15T12:00:53","date_gmt":"2023-05-15T09:00:53","guid":{"rendered":"https:\/\/vinilozona.lt\/?post_type=product&#038;p=22162"},"modified":"2024-03-20T10:02:09","modified_gmt":"2024-03-20T08:02:09","slug":"mylene-farmer-desobeissance-2lp","status":"publish","type":"product","link":"https:\/\/vinilozona.lt\/en\/parduotuve\/naujos-lp\/mylene-farmer-desobeissance-2lp\/","title":{"rendered":"Mylene Farmer \u2013 D\u00e9sob\u00e9issance 2LP"},"content":{"rendered":"<p>A1\tMyl\u00e8ne Farmer\u2013\tRolling Stone 3:45<br \/>\nA2\tMyl\u00e8ne Farmer\u2013\tSentimentale 4:16<br \/>\nA3\tMyl\u00e8ne Farmer\u2013\tD\u00e9sob\u00e9issance 3:59<br \/>\nB1\tMyl\u00e8ne Farmer En Duo Avec LP*\u2013\tN&#8217;oublie Pas 3:40<br \/>\nB2\tMyl\u00e8ne Farmer\u2013\tHistoires De Fesses 1:58<br \/>\nB3\tMyl\u00e8ne Farmer\u2013\tGet Up Girl 3:37<br \/>\nC1\tMyl\u00e8ne Farmer\u2013\tPri\u00e8re 3:35<br \/>\nC2\tMyl\u00e8ne Farmer\u2013\tAu Lecteur 3:15<br \/>\nC3\tMyl\u00e8ne Farmer\u2013\tDes Larmes 3:49<br \/>\nD1\tMyl\u00e8ne Farmer\u2013\tParler D&#8217;avenir 3:30<br \/>\nD2\tMyl\u00e8ne Farmer\u2013\tOn A Besoin D&#8217;y Croire 3:48<br \/>\nD3\tMyl\u00e8ne Farmer\u2013\tRetenir L&#8217;eau 4:15<\/p>","protected":false},"excerpt":{"rendered":"<p>Label:\tStuffed Monkey \u2013 19439706411, #np \u2013 19439706411<br \/>\nFormat:\t2 x Vinyl, 12&#8243;, 45 RPM, Album, Limited Edition, Reissue, White<br \/>\nCountry:\tFrance<br \/>\nReleased:\tNov 29, 2019<\/p>","protected":false},"featured_media":22163,"template":"","meta":[],"product_cat":[23],"product_tag":[55],"yoast_head":"<!-- This site is optimized with the Yoast SEO plugin v23.5 - https:\/\/yoast.com\/wordpress\/plugins\/seo\/ -->\n<title>Mylene Farmer \u2013 D\u00e9sob\u00e9issance 2LP Vinilin\u0117 Plok\u0161tel\u0117 | Vinilozona.lt<\/title>\n<meta name=\"robots\" content=\"index, follow, max-snippet:-1, max-image-preview:large, max-video-preview:-1\" \/>\n<link rel=\"canonical\" href=\"https:\/\/vinilozona.lt\/en\/parduotuve\/naujos-lp\/mylene-farmer-desobeissance-2lp\/\" \/>\n<meta property=\"og:locale\" content=\"en_GB\" \/>\n<meta property=\"og:type\" content=\"article\" \/>\n<meta property=\"og:title\" content=\"Mylene Farmer \u2013 D\u00e9sob\u00e9issance 2LP Vinilin\u0117 Plok\u0161tel\u0117 | Vinilozona.lt\" \/>\n<meta property=\"og:description\" content=\"Label: Stuffed Monkey \u2013 19439706411, #np \u2013 19439706411 Format: 2 x Vinyl, 12&quot;, 45 RPM, Album, Limited Edition, Reissue, White Country: France Released: Nov 29, 2019\" \/>\n<meta property=\"og:url\" content=\"https:\/\/vinilozona.lt\/en\/parduotuve\/naujos-lp\/mylene-farmer-desobeissance-2lp\/\" \/>\n<meta property=\"og:site_name\" content=\"Vinilo Zona\" \/>\n<meta property=\"article:modified_time\" content=\"2024-03-20T08:02:09+00:00\" \/>\n<meta property=\"og:image\" content=\"https:\/\/vinilozona.lt\/wp-content\/uploads\/2023\/05\/R-14460446-1575558929-2088.jpg\" \/>\n\t<meta property=\"og:image:width\" content=\"599\" \/>\n\t<meta property=\"og:image:height\" content=\"599\" \/>\n\t<meta property=\"og:image:type\" content=\"image\/jpeg\" \/>\n<meta name=\"twitter:card\" content=\"summary_large_image\" \/>\n<script type=\"application\/ld+json\" class=\"yoast-schema-graph\">{\"@context\":\"https:\/\/schema.org\",\"@graph\":[{\"@type\":\"WebPage\",\"@id\":\"https:\/\/vinilozona.lt\/parduotuve\/naujos-lp\/mylene-farmer-desobeissance-2lp\/\",\"url\":\"https:\/\/vinilozona.lt\/parduotuve\/naujos-lp\/mylene-farmer-desobeissance-2lp\/\",\"name\":\"Mylene Farmer \u2013 D\u00e9sob\u00e9issance 2LP Vinilin\u0117 Plok\u0161tel\u0117 | Vinilozona.lt\",\"isPartOf\":{\"@id\":\"https:\/\/vinilozona.lt\/#website\"},\"primaryImageOfPage\":{\"@id\":\"https:\/\/vinilozona.lt\/parduotuve\/naujos-lp\/mylene-farmer-desobeissance-2lp\/#primaryimage\"},\"image\":{\"@id\":\"https:\/\/vinilozona.lt\/parduotuve\/naujos-lp\/mylene-farmer-desobeissance-2lp\/#primaryimage\"},\"thumbnailUrl\":\"https:\/\/vinilozona.lt\/wp-content\/uploads\/2023\/05\/R-14460446-1575558929-2088.jpg\",\"datePublished\":\"2023-05-15T09:00:53+00:00\",\"dateModified\":\"2024-03-20T08:02:09+00:00\",\"breadcrumb\":{\"@id\":\"https:\/\/vinilozona.lt\/parduotuve\/naujos-lp\/mylene-farmer-desobeissance-2lp\/#breadcrumb\"},\"inLanguage\":\"en-GB\",\"potentialAction\":[{\"@type\":\"ReadAction\",\"target\":[\"https:\/\/vinilozona.lt\/parduotuve\/naujos-lp\/mylene-farmer-desobeissance-2lp\/\"]}]},{\"@type\":\"ImageObject\",\"inLanguage\":\"en-GB\",\"@id\":\"https:\/\/vinilozona.lt\/parduotuve\/naujos-lp\/mylene-farmer-desobeissance-2lp\/#primaryimage\",\"url\":\"https:\/\/vinilozona.lt\/wp-content\/uploads\/2023\/05\/R-14460446-1575558929-2088.jpg\",\"contentUrl\":\"https:\/\/vinilozona.lt\/wp-content\/uploads\/2023\/05\/R-14460446-1575558929-2088.jpg\",\"width\":599,\"height\":599},{\"@type\":\"BreadcrumbList\",\"@id\":\"https:\/\/vinilozona.lt\/parduotuve\/naujos-lp\/mylene-farmer-desobeissance-2lp\/#breadcrumb\",\"itemListElement\":[{\"@type\":\"ListItem\",\"position\":1,\"name\":\"Home\",\"item\":\"https:\/\/vinilozona.lt\/\"},{\"@type\":\"ListItem\",\"position\":2,\"name\":\"Parduotuv\u0117\",\"item\":\"https:\/\/vinilozona.lt\/parduotuve\/\"},{\"@type\":\"ListItem\",\"position\":3,\"name\":\"Mylene Farmer \u2013 D\u00e9sob\u00e9issance 2LP\"}]},{\"@type\":\"WebSite\",\"@id\":\"https:\/\/vinilozona.lt\/#website\",\"url\":\"https:\/\/vinilozona.lt\/\",\"name\":\"Vinilo Zona\",\"description\":\"Nup\u016bsk dulkes ir klausyk LP\",\"potentialAction\":[{\"@type\":\"SearchAction\",\"target\":{\"@type\":\"EntryPoint\",\"urlTemplate\":\"https:\/\/vinilozona.lt\/?s={search_term_string}\"},\"query-input\":{\"@type\":\"PropertyValueSpecification\",\"valueRequired\":true,\"valueName\":\"search_term_string\"}}],\"inLanguage\":\"en-GB\"}]}<\/script>\n<!-- \/ Yoast SEO plugin. -->","yoast_head_json":{"title":"Mylene Farmer \u2013 D\u00e9sob\u00e9issance 2LP Vinilin\u0117 Plok\u0161tel\u0117 | Vinilozona.lt","robots":{"index":"index","follow":"follow","max-snippet":"max-snippet:-1","max-image-preview":"max-image-preview:large","max-video-preview":"max-video-preview:-1"},"canonical":"https:\/\/vinilozona.lt\/en\/parduotuve\/naujos-lp\/mylene-farmer-desobeissance-2lp\/","og_locale":"en_GB","og_type":"article","og_title":"Mylene Farmer \u2013 D\u00e9sob\u00e9issance 2LP Vinilin\u0117 Plok\u0161tel\u0117 | Vinilozona.lt","og_description":"Label: Stuffed Monkey \u2013 19439706411, #np \u2013 19439706411 Format: 2 x Vinyl, 12\", 45 RPM, Album, Limited Edition, Reissue, White Country: France Released: Nov 29, 2019","og_url":"https:\/\/vinilozona.lt\/en\/parduotuve\/naujos-lp\/mylene-farmer-desobeissance-2lp\/","og_site_name":"Vinilo Zona","article_modified_time":"2024-03-20T08:02:09+00:00","og_image":[{"width":599,"height":599,"url":"https:\/\/vinilozona.lt\/wp-content\/uploads\/2023\/05\/R-14460446-1575558929-2088.jpg","type":"image\/jpeg"}],"twitter_card":"summary_large_image","schema":{"@context":"https:\/\/schema.org","@graph":[{"@type":"WebPage","@id":"https:\/\/vinilozona.lt\/parduotuve\/naujos-lp\/mylene-farmer-desobeissance-2lp\/","url":"https:\/\/vinilozona.lt\/parduotuve\/naujos-lp\/mylene-farmer-desobeissance-2lp\/","name":"Mylene Farmer \u2013 D\u00e9sob\u00e9issance 2LP Vinilin\u0117 Plok\u0161tel\u0117 | Vinilozona.lt","isPartOf":{"@id":"https:\/\/vinilozona.lt\/#website"},"primaryImageOfPage":{"@id":"https:\/\/vinilozona.lt\/parduotuve\/naujos-lp\/mylene-farmer-desobeissance-2lp\/#primaryimage"},"image":{"@id":"https:\/\/vinilozona.lt\/parduotuve\/naujos-lp\/mylene-farmer-desobeissance-2lp\/#primaryimage"},"thumbnailUrl":"https:\/\/vinilozona.lt\/wp-content\/uploads\/2023\/05\/R-14460446-1575558929-2088.jpg","datePublished":"2023-05-15T09:00:53+00:00","dateModified":"2024-03-20T08:02:09+00:00","breadcrumb":{"@id":"https:\/\/vinilozona.lt\/parduotuve\/naujos-lp\/mylene-farmer-desobeissance-2lp\/#breadcrumb"},"inLanguage":"en-GB","potentialAction":[{"@type":"ReadAction","target":["https:\/\/vinilozona.lt\/parduotuve\/naujos-lp\/mylene-farmer-desobeissance-2lp\/"]}]},{"@type":"ImageObject","inLanguage":"en-GB","@id":"https:\/\/vinilozona.lt\/parduotuve\/naujos-lp\/mylene-farmer-desobeissance-2lp\/#primaryimage","url":"https:\/\/vinilozona.lt\/wp-content\/uploads\/2023\/05\/R-14460446-1575558929-2088.jpg","contentUrl":"https:\/\/vinilozona.lt\/wp-content\/uploads\/2023\/05\/R-14460446-1575558929-2088.jpg","width":599,"height":599},{"@type":"BreadcrumbList","@id":"https:\/\/vinilozona.lt\/parduotuve\/naujos-lp\/mylene-farmer-desobeissance-2lp\/#breadcrumb","itemListElement":[{"@type":"ListItem","position":1,"name":"Home","item":"https:\/\/vinilozona.lt\/"},{"@type":"ListItem","position":2,"name":"Parduotuv\u0117","item":"https:\/\/vinilozona.lt\/parduotuve\/"},{"@type":"ListItem","position":3,"name":"Mylene Farmer \u2013 D\u00e9sob\u00e9issance 2LP"}]},{"@type":"WebSite","@id":"https:\/\/vinilozona.lt\/#website","url":"https:\/\/vinilozona.lt\/","name":"Vinilo Zona","description":"Nup\u016bsk dulkes ir klausyk LP","potentialAction":[{"@type":"SearchAction","target":{"@type":"EntryPoint","urlTemplate":"https:\/\/vinilozona.lt\/?s={search_term_string}"},"query-input":{"@type":"PropertyValueSpecification","valueRequired":true,"valueName":"search_term_string"}}],"inLanguage":"en-GB"}]}},"_links":{"self":[{"href":"https:\/\/vinilozona.lt\/en\/wp-json\/wp\/v2\/product\/22162"}],"collection":[{"href":"https:\/\/vinilozona.lt\/en\/wp-json\/wp\/v2\/product"}],"about":[{"href":"https:\/\/vinilozona.lt\/en\/wp-json\/wp\/v2\/types\/product"}],"wp:featuredmedia":[{"embeddable":true,"href":"https:\/\/vinilozona.lt\/en\/wp-json\/wp\/v2\/media\/22163"}],"wp:attachment":[{"href":"https:\/\/vinilozona.lt\/en\/wp-json\/wp\/v2\/media?parent=22162"}],"wp:term":[{"taxonomy":"product_cat","embeddable":true,"href":"https:\/\/vinilozona.lt\/en\/wp-json\/wp\/v2\/product_cat?post=22162"},{"taxonomy":"product_tag","embeddable":true,"href":"https:\/\/vinilozona.lt\/en\/wp-json\/wp\/v2\/product_tag?post=22162"}],"curies":[{"name":"wp","href":"https:\/\/api.w.org\/{rel}","templated":true}]}}