{"id":22160,"date":"2023-05-15T12:00:32","date_gmt":"2023-05-15T09:00:32","guid":{"rendered":"https:\/\/vinilozona.lt\/?post_type=product&#038;p=22160"},"modified":"2024-01-15T10:35:49","modified_gmt":"2024-01-15T08:35:49","slug":"nirvana-nevermind-lp7-single-deluxe-limited-ed","status":"publish","type":"product","link":"https:\/\/vinilozona.lt\/en\/parduotuve\/naujos-lp\/nirvana-nevermind-lp7-single-deluxe-limited-ed\/","title":{"rendered":"Nirvana \u200e\u2013 Nevermind LP+7&#8243; Single (Deluxe Limited ed.)"},"content":{"rendered":"<p>A1\t\tSmells Like Teen Spirit\t5:01<br \/>\nA2\t\tIn Bloom\t4:14<br \/>\nA3\t\tCome As You Are\t3:39<br \/>\nA4\t\tBreed\t3:03<br \/>\nA5\t\tLithium\t4:17<br \/>\nA6\t\tPolly\t2:57<br \/>\nB1\t\tTerritorial Pissings\t2:23<br \/>\nB2\t\tDrain You\t3:43<br \/>\nB3\t\tLounge Act\t2:36<br \/>\nB4\t\tStay Away\t3:32<br \/>\nB5\t\tOn A Plain\t3:16<br \/>\nB6\t\tSomething In The Way\t3:51<br \/>\nC\t\tEndless, Nameless\t6:38<br \/>\nD1\t\tEven In His Youth\t3:00<br \/>\nD2\t\tAneurysm\t4:43<\/p>","protected":false},"excerpt":{"rendered":"<p>Label:\tGeffen Records \u2013 3846123, UMe \u2013 3846123, DGC \u2013 3846123<br \/>\nFormat:\tVinyl, LP, Album, Reissue, Remastered, 180 gram<br \/>\nVinyl, 7&#8243;, 45 RPM<br \/>\nAll Media, Limited Edition, 30th Anniversary Edition, Gatefold<br \/>\nCountry:\tWorldwide<br \/>\nReleased:\tNov 12, 2021<\/p>","protected":false},"featured_media":22161,"template":"","meta":[],"product_cat":[23],"product_tag":[55],"yoast_head":"<!-- This site is optimized with the Yoast SEO plugin v23.5 - https:\/\/yoast.com\/wordpress\/plugins\/seo\/ -->\n<title>Nirvana \u200e\u2013 Nevermind LP+7&quot; Single (Deluxe Limited ed.) Vinilin\u0117 Plok\u0161tel\u0117 | Vinilozona.lt<\/title>\n<meta name=\"robots\" content=\"index, follow, max-snippet:-1, max-image-preview:large, max-video-preview:-1\" \/>\n<link rel=\"canonical\" href=\"https:\/\/vinilozona.lt\/en\/parduotuve\/naujos-lp\/nirvana-nevermind-lp7-single-deluxe-limited-ed\/\" \/>\n<meta property=\"og:locale\" content=\"en_GB\" \/>\n<meta property=\"og:type\" content=\"article\" \/>\n<meta property=\"og:title\" content=\"Nirvana \u200e\u2013 Nevermind LP+7&quot; Single (Deluxe Limited ed.) Vinilin\u0117 Plok\u0161tel\u0117 | Vinilozona.lt\" \/>\n<meta property=\"og:description\" content=\"Label: Geffen Records \u2013 3846123, UMe \u2013 3846123, DGC \u2013 3846123 Format: Vinyl, LP, Album, Reissue, Remastered, 180 gram Vinyl, 7&quot;, 45 RPM  All Media, Limited Edition, 30th Anniversary Edition, Gatefold Country: Worldwide Released: Nov 12, 2021\" \/>\n<meta property=\"og:url\" content=\"https:\/\/vinilozona.lt\/en\/parduotuve\/naujos-lp\/nirvana-nevermind-lp7-single-deluxe-limited-ed\/\" \/>\n<meta property=\"og:site_name\" content=\"Vinilo Zona\" \/>\n<meta property=\"article:modified_time\" content=\"2024-01-15T08:35:49+00:00\" \/>\n<meta property=\"og:image\" content=\"https:\/\/vinilozona.lt\/wp-content\/uploads\/2023\/05\/R-20914213-1636728396-2123.jpg\" \/>\n\t<meta property=\"og:image:width\" content=\"600\" \/>\n\t<meta property=\"og:image:height\" content=\"595\" \/>\n\t<meta property=\"og:image:type\" content=\"image\/jpeg\" \/>\n<meta name=\"twitter:card\" content=\"summary_large_image\" \/>\n<script type=\"application\/ld+json\" class=\"yoast-schema-graph\">{\"@context\":\"https:\/\/schema.org\",\"@graph\":[{\"@type\":\"WebPage\",\"@id\":\"https:\/\/vinilozona.lt\/parduotuve\/naujos-lp\/nirvana-nevermind-lp7-single-deluxe-limited-ed\/\",\"url\":\"https:\/\/vinilozona.lt\/parduotuve\/naujos-lp\/nirvana-nevermind-lp7-single-deluxe-limited-ed\/\",\"name\":\"Nirvana \u200e\u2013 Nevermind LP+7\\\" Single (Deluxe Limited ed.) Vinilin\u0117 Plok\u0161tel\u0117 | Vinilozona.lt\",\"isPartOf\":{\"@id\":\"https:\/\/vinilozona.lt\/#website\"},\"primaryImageOfPage\":{\"@id\":\"https:\/\/vinilozona.lt\/parduotuve\/naujos-lp\/nirvana-nevermind-lp7-single-deluxe-limited-ed\/#primaryimage\"},\"image\":{\"@id\":\"https:\/\/vinilozona.lt\/parduotuve\/naujos-lp\/nirvana-nevermind-lp7-single-deluxe-limited-ed\/#primaryimage\"},\"thumbnailUrl\":\"https:\/\/vinilozona.lt\/wp-content\/uploads\/2023\/05\/R-20914213-1636728396-2123.jpg\",\"datePublished\":\"2023-05-15T09:00:32+00:00\",\"dateModified\":\"2024-01-15T08:35:49+00:00\",\"breadcrumb\":{\"@id\":\"https:\/\/vinilozona.lt\/parduotuve\/naujos-lp\/nirvana-nevermind-lp7-single-deluxe-limited-ed\/#breadcrumb\"},\"inLanguage\":\"en-GB\",\"potentialAction\":[{\"@type\":\"ReadAction\",\"target\":[\"https:\/\/vinilozona.lt\/parduotuve\/naujos-lp\/nirvana-nevermind-lp7-single-deluxe-limited-ed\/\"]}]},{\"@type\":\"ImageObject\",\"inLanguage\":\"en-GB\",\"@id\":\"https:\/\/vinilozona.lt\/parduotuve\/naujos-lp\/nirvana-nevermind-lp7-single-deluxe-limited-ed\/#primaryimage\",\"url\":\"https:\/\/vinilozona.lt\/wp-content\/uploads\/2023\/05\/R-20914213-1636728396-2123.jpg\",\"contentUrl\":\"https:\/\/vinilozona.lt\/wp-content\/uploads\/2023\/05\/R-20914213-1636728396-2123.jpg\",\"width\":600,\"height\":595},{\"@type\":\"BreadcrumbList\",\"@id\":\"https:\/\/vinilozona.lt\/parduotuve\/naujos-lp\/nirvana-nevermind-lp7-single-deluxe-limited-ed\/#breadcrumb\",\"itemListElement\":[{\"@type\":\"ListItem\",\"position\":1,\"name\":\"Home\",\"item\":\"https:\/\/vinilozona.lt\/\"},{\"@type\":\"ListItem\",\"position\":2,\"name\":\"Parduotuv\u0117\",\"item\":\"https:\/\/vinilozona.lt\/parduotuve\/\"},{\"@type\":\"ListItem\",\"position\":3,\"name\":\"Nirvana \u200e\u2013 Nevermind LP+7&#8243; Single (Deluxe Limited ed.)\"}]},{\"@type\":\"WebSite\",\"@id\":\"https:\/\/vinilozona.lt\/#website\",\"url\":\"https:\/\/vinilozona.lt\/\",\"name\":\"Vinilo Zona\",\"description\":\"Nup\u016bsk dulkes ir klausyk LP\",\"potentialAction\":[{\"@type\":\"SearchAction\",\"target\":{\"@type\":\"EntryPoint\",\"urlTemplate\":\"https:\/\/vinilozona.lt\/?s={search_term_string}\"},\"query-input\":{\"@type\":\"PropertyValueSpecification\",\"valueRequired\":true,\"valueName\":\"search_term_string\"}}],\"inLanguage\":\"en-GB\"}]}<\/script>\n<!-- \/ Yoast SEO plugin. -->","yoast_head_json":{"title":"Nirvana \u200e\u2013 Nevermind LP+7\" Single (Deluxe Limited ed.) Vinilin\u0117 Plok\u0161tel\u0117 | Vinilozona.lt","robots":{"index":"index","follow":"follow","max-snippet":"max-snippet:-1","max-image-preview":"max-image-preview:large","max-video-preview":"max-video-preview:-1"},"canonical":"https:\/\/vinilozona.lt\/en\/parduotuve\/naujos-lp\/nirvana-nevermind-lp7-single-deluxe-limited-ed\/","og_locale":"en_GB","og_type":"article","og_title":"Nirvana \u200e\u2013 Nevermind LP+7\" Single (Deluxe Limited ed.) Vinilin\u0117 Plok\u0161tel\u0117 | Vinilozona.lt","og_description":"Label: Geffen Records \u2013 3846123, UMe \u2013 3846123, DGC \u2013 3846123 Format: Vinyl, LP, Album, Reissue, Remastered, 180 gram Vinyl, 7\", 45 RPM  All Media, Limited Edition, 30th Anniversary Edition, Gatefold Country: Worldwide Released: Nov 12, 2021","og_url":"https:\/\/vinilozona.lt\/en\/parduotuve\/naujos-lp\/nirvana-nevermind-lp7-single-deluxe-limited-ed\/","og_site_name":"Vinilo Zona","article_modified_time":"2024-01-15T08:35:49+00:00","og_image":[{"width":600,"height":595,"url":"https:\/\/vinilozona.lt\/wp-content\/uploads\/2023\/05\/R-20914213-1636728396-2123.jpg","type":"image\/jpeg"}],"twitter_card":"summary_large_image","schema":{"@context":"https:\/\/schema.org","@graph":[{"@type":"WebPage","@id":"https:\/\/vinilozona.lt\/parduotuve\/naujos-lp\/nirvana-nevermind-lp7-single-deluxe-limited-ed\/","url":"https:\/\/vinilozona.lt\/parduotuve\/naujos-lp\/nirvana-nevermind-lp7-single-deluxe-limited-ed\/","name":"Nirvana \u200e\u2013 Nevermind LP+7\" Single (Deluxe Limited ed.) Vinilin\u0117 Plok\u0161tel\u0117 | Vinilozona.lt","isPartOf":{"@id":"https:\/\/vinilozona.lt\/#website"},"primaryImageOfPage":{"@id":"https:\/\/vinilozona.lt\/parduotuve\/naujos-lp\/nirvana-nevermind-lp7-single-deluxe-limited-ed\/#primaryimage"},"image":{"@id":"https:\/\/vinilozona.lt\/parduotuve\/naujos-lp\/nirvana-nevermind-lp7-single-deluxe-limited-ed\/#primaryimage"},"thumbnailUrl":"https:\/\/vinilozona.lt\/wp-content\/uploads\/2023\/05\/R-20914213-1636728396-2123.jpg","datePublished":"2023-05-15T09:00:32+00:00","dateModified":"2024-01-15T08:35:49+00:00","breadcrumb":{"@id":"https:\/\/vinilozona.lt\/parduotuve\/naujos-lp\/nirvana-nevermind-lp7-single-deluxe-limited-ed\/#breadcrumb"},"inLanguage":"en-GB","potentialAction":[{"@type":"ReadAction","target":["https:\/\/vinilozona.lt\/parduotuve\/naujos-lp\/nirvana-nevermind-lp7-single-deluxe-limited-ed\/"]}]},{"@type":"ImageObject","inLanguage":"en-GB","@id":"https:\/\/vinilozona.lt\/parduotuve\/naujos-lp\/nirvana-nevermind-lp7-single-deluxe-limited-ed\/#primaryimage","url":"https:\/\/vinilozona.lt\/wp-content\/uploads\/2023\/05\/R-20914213-1636728396-2123.jpg","contentUrl":"https:\/\/vinilozona.lt\/wp-content\/uploads\/2023\/05\/R-20914213-1636728396-2123.jpg","width":600,"height":595},{"@type":"BreadcrumbList","@id":"https:\/\/vinilozona.lt\/parduotuve\/naujos-lp\/nirvana-nevermind-lp7-single-deluxe-limited-ed\/#breadcrumb","itemListElement":[{"@type":"ListItem","position":1,"name":"Home","item":"https:\/\/vinilozona.lt\/"},{"@type":"ListItem","position":2,"name":"Parduotuv\u0117","item":"https:\/\/vinilozona.lt\/parduotuve\/"},{"@type":"ListItem","position":3,"name":"Nirvana \u200e\u2013 Nevermind LP+7&#8243; Single (Deluxe Limited ed.)"}]},{"@type":"WebSite","@id":"https:\/\/vinilozona.lt\/#website","url":"https:\/\/vinilozona.lt\/","name":"Vinilo Zona","description":"Nup\u016bsk dulkes ir klausyk LP","potentialAction":[{"@type":"SearchAction","target":{"@type":"EntryPoint","urlTemplate":"https:\/\/vinilozona.lt\/?s={search_term_string}"},"query-input":{"@type":"PropertyValueSpecification","valueRequired":true,"valueName":"search_term_string"}}],"inLanguage":"en-GB"}]}},"_links":{"self":[{"href":"https:\/\/vinilozona.lt\/en\/wp-json\/wp\/v2\/product\/22160"}],"collection":[{"href":"https:\/\/vinilozona.lt\/en\/wp-json\/wp\/v2\/product"}],"about":[{"href":"https:\/\/vinilozona.lt\/en\/wp-json\/wp\/v2\/types\/product"}],"wp:featuredmedia":[{"embeddable":true,"href":"https:\/\/vinilozona.lt\/en\/wp-json\/wp\/v2\/media\/22161"}],"wp:attachment":[{"href":"https:\/\/vinilozona.lt\/en\/wp-json\/wp\/v2\/media?parent=22160"}],"wp:term":[{"taxonomy":"product_cat","embeddable":true,"href":"https:\/\/vinilozona.lt\/en\/wp-json\/wp\/v2\/product_cat?post=22160"},{"taxonomy":"product_tag","embeddable":true,"href":"https:\/\/vinilozona.lt\/en\/wp-json\/wp\/v2\/product_tag?post=22160"}],"curies":[{"name":"wp","href":"https:\/\/api.w.org\/{rel}","templated":true}]}}