{"id":2211,"date":"2020-01-02T16:57:00","date_gmt":"2020-01-02T14:57:00","guid":{"rendered":"https:\/\/vinylhome.lt\/?post_type=product&#038;p=2211"},"modified":"2023-11-30T14:08:41","modified_gmt":"2023-11-30T12:08:41","slug":"bardai-lt-bardu-dainu-rinkinys-2","status":"publish","type":"product","link":"https:\/\/vinilozona.lt\/en\/parduotuve\/lietuviska\/bardai-lt-bardu-dainu-rinkinys-2\/","title":{"rendered":"Bardai LT \u2013 Bard\u0173 dain\u0173 rinkinys 2LP"},"content":{"rendered":"<p>1\t\u2013Aktori\u0173 Trio\tPavasaris<br \/>\n2\t\u2013Ieva Narkut\u0117\tMyl\u0117k, Dieve<br \/>\n3\t\u2013Vytautas V. Landsbergis\tIMK MANO RANK\u0104, BROLAU<br \/>\n4\t\u2013Bjelle\tBrolu\u017eis<br \/>\n5\t\u2013Giedrius Arba\u010diauskas\tBaltosios Naktys<br \/>\n6\t\u2013Baltos Varnos\tAuk\u0161taitija<br \/>\n7\t\u2013Olegas Ditkovskis\tAngelas<br \/>\n8\t\u2013Gediminas Storpir\u0161tis\tLangai<br \/>\n9\t\u2013Andrius Kaniava\tGandrai<br \/>\n10\t\u2013Rolandas Kazlas\tSapnai<br \/>\n11\t\u2013Neda Mal\u016bnavi\u010di\u016bt\u0117, Olegas Ditkovskis\t\u017dingsniai ne tie<br \/>\n12\t\u2013Saulius Bareikis\tSve\u010dias<br \/>\n13\t\u2013Marijus \u0160naras\tNeklauskit meil\u0117s vardo<br \/>\n14\t\u2013Sigitas Jakubauskas\t\u017dvangutis<br \/>\n15\t\u2013Vytautas Kernagis\tPurpurinis vakaras<br \/>\n16\t\u2013Vladas Bagdonas\t\u017dvilgsnis pro lang\u0105<br \/>\n17\t\u2013Andrius Kulikauskas\tAteina Dievas<br \/>\n18\t\u2013Vladas Bagdonas\tVaidmenys<\/p>","protected":false},"excerpt":{"rendered":"<p>1111122<\/p>","protected":false},"featured_media":2213,"template":"","meta":[],"product_cat":[19],"product_tag":[55],"yoast_head":"<!-- This site is optimized with the Yoast SEO plugin v23.5 - https:\/\/yoast.com\/wordpress\/plugins\/seo\/ -->\n<title>Bardai LT \u2013 Bard\u0173 dain\u0173 rinkinys 2LP Vinilin\u0117 Plok\u0161tel\u0117 | Vinilozona.lt<\/title>\n<meta name=\"robots\" content=\"index, follow, max-snippet:-1, max-image-preview:large, max-video-preview:-1\" \/>\n<link rel=\"canonical\" href=\"https:\/\/vinilozona.lt\/en\/parduotuve\/lietuviska\/bardai-lt-bardu-dainu-rinkinys-2\/\" \/>\n<meta property=\"og:locale\" content=\"en_GB\" \/>\n<meta property=\"og:type\" content=\"article\" \/>\n<meta property=\"og:title\" content=\"Bardai LT \u2013 Bard\u0173 dain\u0173 rinkinys 2LP Vinilin\u0117 Plok\u0161tel\u0117 | Vinilozona.lt\" \/>\n<meta property=\"og:description\" content=\"1111122\" \/>\n<meta property=\"og:url\" content=\"https:\/\/vinilozona.lt\/en\/parduotuve\/lietuviska\/bardai-lt-bardu-dainu-rinkinys-2\/\" \/>\n<meta property=\"og:site_name\" content=\"Vinilo Zona\" \/>\n<meta property=\"article:modified_time\" content=\"2023-11-30T12:08:41+00:00\" \/>\n<meta property=\"og:image\" content=\"https:\/\/vinilozona.lt\/wp-content\/uploads\/2020\/01\/bardai-lt-bardu-dainu-rinkinys-1.jpg\" \/>\n\t<meta property=\"og:image:width\" content=\"800\" \/>\n\t<meta property=\"og:image:height\" content=\"600\" \/>\n\t<meta property=\"og:image:type\" content=\"image\/jpeg\" \/>\n<meta name=\"twitter:card\" content=\"summary_large_image\" \/>\n<script type=\"application\/ld+json\" class=\"yoast-schema-graph\">{\"@context\":\"https:\/\/schema.org\",\"@graph\":[{\"@type\":\"WebPage\",\"@id\":\"https:\/\/vinilozona.lt\/parduotuve\/lietuviska\/bardai-lt-bardu-dainu-rinkinys-2\/\",\"url\":\"https:\/\/vinilozona.lt\/parduotuve\/lietuviska\/bardai-lt-bardu-dainu-rinkinys-2\/\",\"name\":\"Bardai LT \u2013 Bard\u0173 dain\u0173 rinkinys 2LP Vinilin\u0117 Plok\u0161tel\u0117 | Vinilozona.lt\",\"isPartOf\":{\"@id\":\"https:\/\/vinilozona.lt\/#website\"},\"primaryImageOfPage\":{\"@id\":\"https:\/\/vinilozona.lt\/parduotuve\/lietuviska\/bardai-lt-bardu-dainu-rinkinys-2\/#primaryimage\"},\"image\":{\"@id\":\"https:\/\/vinilozona.lt\/parduotuve\/lietuviska\/bardai-lt-bardu-dainu-rinkinys-2\/#primaryimage\"},\"thumbnailUrl\":\"https:\/\/vinilozona.lt\/wp-content\/uploads\/2020\/01\/bardai-lt-bardu-dainu-rinkinys-1.jpg\",\"datePublished\":\"2020-01-02T14:57:00+00:00\",\"dateModified\":\"2023-11-30T12:08:41+00:00\",\"breadcrumb\":{\"@id\":\"https:\/\/vinilozona.lt\/parduotuve\/lietuviska\/bardai-lt-bardu-dainu-rinkinys-2\/#breadcrumb\"},\"inLanguage\":\"en-GB\",\"potentialAction\":[{\"@type\":\"ReadAction\",\"target\":[\"https:\/\/vinilozona.lt\/parduotuve\/lietuviska\/bardai-lt-bardu-dainu-rinkinys-2\/\"]}]},{\"@type\":\"ImageObject\",\"inLanguage\":\"en-GB\",\"@id\":\"https:\/\/vinilozona.lt\/parduotuve\/lietuviska\/bardai-lt-bardu-dainu-rinkinys-2\/#primaryimage\",\"url\":\"https:\/\/vinilozona.lt\/wp-content\/uploads\/2020\/01\/bardai-lt-bardu-dainu-rinkinys-1.jpg\",\"contentUrl\":\"https:\/\/vinilozona.lt\/wp-content\/uploads\/2020\/01\/bardai-lt-bardu-dainu-rinkinys-1.jpg\",\"width\":800,\"height\":600},{\"@type\":\"BreadcrumbList\",\"@id\":\"https:\/\/vinilozona.lt\/parduotuve\/lietuviska\/bardai-lt-bardu-dainu-rinkinys-2\/#breadcrumb\",\"itemListElement\":[{\"@type\":\"ListItem\",\"position\":1,\"name\":\"Home\",\"item\":\"https:\/\/vinilozona.lt\/\"},{\"@type\":\"ListItem\",\"position\":2,\"name\":\"Parduotuv\u0117\",\"item\":\"https:\/\/vinilozona.lt\/parduotuve\/\"},{\"@type\":\"ListItem\",\"position\":3,\"name\":\"Bardai LT \u2013 Bard\u0173 dain\u0173 rinkinys 2LP\"}]},{\"@type\":\"WebSite\",\"@id\":\"https:\/\/vinilozona.lt\/#website\",\"url\":\"https:\/\/vinilozona.lt\/\",\"name\":\"Vinilo Zona\",\"description\":\"Nup\u016bsk dulkes ir klausyk LP\",\"potentialAction\":[{\"@type\":\"SearchAction\",\"target\":{\"@type\":\"EntryPoint\",\"urlTemplate\":\"https:\/\/vinilozona.lt\/?s={search_term_string}\"},\"query-input\":{\"@type\":\"PropertyValueSpecification\",\"valueRequired\":true,\"valueName\":\"search_term_string\"}}],\"inLanguage\":\"en-GB\"}]}<\/script>\n<!-- \/ Yoast SEO plugin. -->","yoast_head_json":{"title":"Bardai LT \u2013 Bard\u0173 dain\u0173 rinkinys 2LP Vinilin\u0117 Plok\u0161tel\u0117 | Vinilozona.lt","robots":{"index":"index","follow":"follow","max-snippet":"max-snippet:-1","max-image-preview":"max-image-preview:large","max-video-preview":"max-video-preview:-1"},"canonical":"https:\/\/vinilozona.lt\/en\/parduotuve\/lietuviska\/bardai-lt-bardu-dainu-rinkinys-2\/","og_locale":"en_GB","og_type":"article","og_title":"Bardai LT \u2013 Bard\u0173 dain\u0173 rinkinys 2LP Vinilin\u0117 Plok\u0161tel\u0117 | Vinilozona.lt","og_description":"1111122","og_url":"https:\/\/vinilozona.lt\/en\/parduotuve\/lietuviska\/bardai-lt-bardu-dainu-rinkinys-2\/","og_site_name":"Vinilo Zona","article_modified_time":"2023-11-30T12:08:41+00:00","og_image":[{"width":800,"height":600,"url":"https:\/\/vinilozona.lt\/wp-content\/uploads\/2020\/01\/bardai-lt-bardu-dainu-rinkinys-1.jpg","type":"image\/jpeg"}],"twitter_card":"summary_large_image","schema":{"@context":"https:\/\/schema.org","@graph":[{"@type":"WebPage","@id":"https:\/\/vinilozona.lt\/parduotuve\/lietuviska\/bardai-lt-bardu-dainu-rinkinys-2\/","url":"https:\/\/vinilozona.lt\/parduotuve\/lietuviska\/bardai-lt-bardu-dainu-rinkinys-2\/","name":"Bardai LT \u2013 Bard\u0173 dain\u0173 rinkinys 2LP Vinilin\u0117 Plok\u0161tel\u0117 | Vinilozona.lt","isPartOf":{"@id":"https:\/\/vinilozona.lt\/#website"},"primaryImageOfPage":{"@id":"https:\/\/vinilozona.lt\/parduotuve\/lietuviska\/bardai-lt-bardu-dainu-rinkinys-2\/#primaryimage"},"image":{"@id":"https:\/\/vinilozona.lt\/parduotuve\/lietuviska\/bardai-lt-bardu-dainu-rinkinys-2\/#primaryimage"},"thumbnailUrl":"https:\/\/vinilozona.lt\/wp-content\/uploads\/2020\/01\/bardai-lt-bardu-dainu-rinkinys-1.jpg","datePublished":"2020-01-02T14:57:00+00:00","dateModified":"2023-11-30T12:08:41+00:00","breadcrumb":{"@id":"https:\/\/vinilozona.lt\/parduotuve\/lietuviska\/bardai-lt-bardu-dainu-rinkinys-2\/#breadcrumb"},"inLanguage":"en-GB","potentialAction":[{"@type":"ReadAction","target":["https:\/\/vinilozona.lt\/parduotuve\/lietuviska\/bardai-lt-bardu-dainu-rinkinys-2\/"]}]},{"@type":"ImageObject","inLanguage":"en-GB","@id":"https:\/\/vinilozona.lt\/parduotuve\/lietuviska\/bardai-lt-bardu-dainu-rinkinys-2\/#primaryimage","url":"https:\/\/vinilozona.lt\/wp-content\/uploads\/2020\/01\/bardai-lt-bardu-dainu-rinkinys-1.jpg","contentUrl":"https:\/\/vinilozona.lt\/wp-content\/uploads\/2020\/01\/bardai-lt-bardu-dainu-rinkinys-1.jpg","width":800,"height":600},{"@type":"BreadcrumbList","@id":"https:\/\/vinilozona.lt\/parduotuve\/lietuviska\/bardai-lt-bardu-dainu-rinkinys-2\/#breadcrumb","itemListElement":[{"@type":"ListItem","position":1,"name":"Home","item":"https:\/\/vinilozona.lt\/"},{"@type":"ListItem","position":2,"name":"Parduotuv\u0117","item":"https:\/\/vinilozona.lt\/parduotuve\/"},{"@type":"ListItem","position":3,"name":"Bardai LT \u2013 Bard\u0173 dain\u0173 rinkinys 2LP"}]},{"@type":"WebSite","@id":"https:\/\/vinilozona.lt\/#website","url":"https:\/\/vinilozona.lt\/","name":"Vinilo Zona","description":"Nup\u016bsk dulkes ir klausyk LP","potentialAction":[{"@type":"SearchAction","target":{"@type":"EntryPoint","urlTemplate":"https:\/\/vinilozona.lt\/?s={search_term_string}"},"query-input":{"@type":"PropertyValueSpecification","valueRequired":true,"valueName":"search_term_string"}}],"inLanguage":"en-GB"}]}},"_links":{"self":[{"href":"https:\/\/vinilozona.lt\/en\/wp-json\/wp\/v2\/product\/2211"}],"collection":[{"href":"https:\/\/vinilozona.lt\/en\/wp-json\/wp\/v2\/product"}],"about":[{"href":"https:\/\/vinilozona.lt\/en\/wp-json\/wp\/v2\/types\/product"}],"wp:featuredmedia":[{"embeddable":true,"href":"https:\/\/vinilozona.lt\/en\/wp-json\/wp\/v2\/media\/2213"}],"wp:attachment":[{"href":"https:\/\/vinilozona.lt\/en\/wp-json\/wp\/v2\/media?parent=2211"}],"wp:term":[{"taxonomy":"product_cat","embeddable":true,"href":"https:\/\/vinilozona.lt\/en\/wp-json\/wp\/v2\/product_cat?post=2211"},{"taxonomy":"product_tag","embeddable":true,"href":"https:\/\/vinilozona.lt\/en\/wp-json\/wp\/v2\/product_tag?post=2211"}],"curies":[{"name":"wp","href":"https:\/\/api.w.org\/{rel}","templated":true}]}}