{"id":2204,"date":"2022-10-19T05:06:58","date_gmt":"2022-10-19T02:06:58","guid":{"rendered":"https:\/\/vinylhome.lt\/?post_type=product&#038;p=2204"},"modified":"2022-10-19T11:06:22","modified_gmt":"2022-10-19T08:06:22","slug":"fleetwood-mac-%e2%80%8e-rumours","status":"publish","type":"product","link":"https:\/\/vinilozona.lt\/en\/parduotuve\/rock-pop\/fleetwood-mac-%e2%80%8e-rumours\/","title":{"rendered":"Fleetwood Mac \u200e\u2013 Rumours"},"content":{"rendered":"<p>A1\t\tSecond Hand News\t2:43<br \/>\nA2\t\tDreams\t4:14<br \/>\nA3\t\tNever Going Back Again\t2:02<br \/>\nA4\t\tDon&#8217;t Stop\t3:11<br \/>\nA5\t\tGo Your Own Way\t3:38<br \/>\nA6\t\tSongbird\t3:20<br \/>\nB1\t\tThe Chain\t4:28<br \/>\nB2\t\tYou Make Loving Fun\t3:31<br \/>\nB3\t\tI Don&#8217;t Want To Know\t3:11<br \/>\nB4\t\tOh Daddy\t3:54<br \/>\nB5\t\tGold Dust Woman\t4:51<\/p>","protected":false},"excerpt":{"rendered":"<p>Warner Bros. Records \u2013 WB 56 344, Warner Bros. Records \u2013 K 56 344<br \/>\nFormat:<br \/>\nVinyl, LP, Album, Reissue<br \/>\nCountry:\tEurope<\/p>","protected":false},"featured_media":2208,"template":"","meta":[],"product_cat":[15],"product_tag":[44],"yoast_head":"<!-- This site is optimized with the Yoast SEO plugin v23.5 - https:\/\/yoast.com\/wordpress\/plugins\/seo\/ -->\n<title>Fleetwood Mac \u200e\u2013 Rumours Vinilin\u0117 Plok\u0161tel\u0117 | Vinilozona.lt<\/title>\n<meta name=\"robots\" content=\"index, follow, max-snippet:-1, max-image-preview:large, max-video-preview:-1\" \/>\n<link rel=\"canonical\" href=\"https:\/\/vinilozona.lt\/en\/parduotuve\/rock-pop\/fleetwood-mac-\u200e-rumours\/\" \/>\n<meta property=\"og:locale\" content=\"en_GB\" \/>\n<meta property=\"og:type\" content=\"article\" \/>\n<meta property=\"og:title\" content=\"Fleetwood Mac \u200e\u2013 Rumours Vinilin\u0117 Plok\u0161tel\u0117 | Vinilozona.lt\" \/>\n<meta property=\"og:description\" content=\"Warner Bros. Records \u2013 WB 56 344, Warner Bros. Records \u2013 K 56 344 Format:  Vinyl, LP, Album, Reissue Country: Europe\" \/>\n<meta property=\"og:url\" content=\"https:\/\/vinilozona.lt\/en\/parduotuve\/rock-pop\/fleetwood-mac-\u200e-rumours\/\" \/>\n<meta property=\"og:site_name\" content=\"Vinilo Zona\" \/>\n<meta property=\"article:modified_time\" content=\"2022-10-19T08:06:22+00:00\" \/>\n<meta property=\"og:image\" content=\"https:\/\/vinilozona.lt\/wp-content\/uploads\/2020\/01\/fleetwood-mac-rumours-2-1.jpg\" \/>\n\t<meta property=\"og:image:width\" content=\"707\" \/>\n\t<meta property=\"og:image:height\" content=\"530\" \/>\n\t<meta property=\"og:image:type\" content=\"image\/jpeg\" \/>\n<meta name=\"twitter:card\" content=\"summary_large_image\" \/>\n<script type=\"application\/ld+json\" class=\"yoast-schema-graph\">{\"@context\":\"https:\/\/schema.org\",\"@graph\":[{\"@type\":\"WebPage\",\"@id\":\"https:\/\/vinilozona.lt\/parduotuve\/rock-pop\/fleetwood-mac-%e2%80%8e-rumours\/\",\"url\":\"https:\/\/vinilozona.lt\/parduotuve\/rock-pop\/fleetwood-mac-%e2%80%8e-rumours\/\",\"name\":\"Fleetwood Mac \u200e\u2013 Rumours Vinilin\u0117 Plok\u0161tel\u0117 | Vinilozona.lt\",\"isPartOf\":{\"@id\":\"https:\/\/vinilozona.lt\/#website\"},\"primaryImageOfPage\":{\"@id\":\"https:\/\/vinilozona.lt\/parduotuve\/rock-pop\/fleetwood-mac-%e2%80%8e-rumours\/#primaryimage\"},\"image\":{\"@id\":\"https:\/\/vinilozona.lt\/parduotuve\/rock-pop\/fleetwood-mac-%e2%80%8e-rumours\/#primaryimage\"},\"thumbnailUrl\":\"https:\/\/vinilozona.lt\/wp-content\/uploads\/2020\/01\/fleetwood-mac-rumours-2-1.jpg\",\"datePublished\":\"2022-10-19T02:06:58+00:00\",\"dateModified\":\"2022-10-19T08:06:22+00:00\",\"breadcrumb\":{\"@id\":\"https:\/\/vinilozona.lt\/parduotuve\/rock-pop\/fleetwood-mac-%e2%80%8e-rumours\/#breadcrumb\"},\"inLanguage\":\"en-GB\",\"potentialAction\":[{\"@type\":\"ReadAction\",\"target\":[\"https:\/\/vinilozona.lt\/parduotuve\/rock-pop\/fleetwood-mac-%e2%80%8e-rumours\/\"]}]},{\"@type\":\"ImageObject\",\"inLanguage\":\"en-GB\",\"@id\":\"https:\/\/vinilozona.lt\/parduotuve\/rock-pop\/fleetwood-mac-%e2%80%8e-rumours\/#primaryimage\",\"url\":\"https:\/\/vinilozona.lt\/wp-content\/uploads\/2020\/01\/fleetwood-mac-rumours-2-1.jpg\",\"contentUrl\":\"https:\/\/vinilozona.lt\/wp-content\/uploads\/2020\/01\/fleetwood-mac-rumours-2-1.jpg\",\"width\":707,\"height\":530},{\"@type\":\"BreadcrumbList\",\"@id\":\"https:\/\/vinilozona.lt\/parduotuve\/rock-pop\/fleetwood-mac-%e2%80%8e-rumours\/#breadcrumb\",\"itemListElement\":[{\"@type\":\"ListItem\",\"position\":1,\"name\":\"Home\",\"item\":\"https:\/\/vinilozona.lt\/\"},{\"@type\":\"ListItem\",\"position\":2,\"name\":\"Parduotuv\u0117\",\"item\":\"https:\/\/vinilozona.lt\/parduotuve\/\"},{\"@type\":\"ListItem\",\"position\":3,\"name\":\"Fleetwood Mac \u200e\u2013 Rumours\"}]},{\"@type\":\"WebSite\",\"@id\":\"https:\/\/vinilozona.lt\/#website\",\"url\":\"https:\/\/vinilozona.lt\/\",\"name\":\"Vinilo Zona\",\"description\":\"Nup\u016bsk dulkes ir klausyk LP\",\"potentialAction\":[{\"@type\":\"SearchAction\",\"target\":{\"@type\":\"EntryPoint\",\"urlTemplate\":\"https:\/\/vinilozona.lt\/?s={search_term_string}\"},\"query-input\":{\"@type\":\"PropertyValueSpecification\",\"valueRequired\":true,\"valueName\":\"search_term_string\"}}],\"inLanguage\":\"en-GB\"}]}<\/script>\n<!-- \/ Yoast SEO plugin. -->","yoast_head_json":{"title":"Fleetwood Mac \u200e\u2013 Rumours Vinilin\u0117 Plok\u0161tel\u0117 | Vinilozona.lt","robots":{"index":"index","follow":"follow","max-snippet":"max-snippet:-1","max-image-preview":"max-image-preview:large","max-video-preview":"max-video-preview:-1"},"canonical":"https:\/\/vinilozona.lt\/en\/parduotuve\/rock-pop\/fleetwood-mac-\u200e-rumours\/","og_locale":"en_GB","og_type":"article","og_title":"Fleetwood Mac \u200e\u2013 Rumours Vinilin\u0117 Plok\u0161tel\u0117 | Vinilozona.lt","og_description":"Warner Bros. Records \u2013 WB 56 344, Warner Bros. Records \u2013 K 56 344 Format:  Vinyl, LP, Album, Reissue Country: Europe","og_url":"https:\/\/vinilozona.lt\/en\/parduotuve\/rock-pop\/fleetwood-mac-\u200e-rumours\/","og_site_name":"Vinilo Zona","article_modified_time":"2022-10-19T08:06:22+00:00","og_image":[{"width":707,"height":530,"url":"https:\/\/vinilozona.lt\/wp-content\/uploads\/2020\/01\/fleetwood-mac-rumours-2-1.jpg","type":"image\/jpeg"}],"twitter_card":"summary_large_image","schema":{"@context":"https:\/\/schema.org","@graph":[{"@type":"WebPage","@id":"https:\/\/vinilozona.lt\/parduotuve\/rock-pop\/fleetwood-mac-%e2%80%8e-rumours\/","url":"https:\/\/vinilozona.lt\/parduotuve\/rock-pop\/fleetwood-mac-%e2%80%8e-rumours\/","name":"Fleetwood Mac \u200e\u2013 Rumours Vinilin\u0117 Plok\u0161tel\u0117 | Vinilozona.lt","isPartOf":{"@id":"https:\/\/vinilozona.lt\/#website"},"primaryImageOfPage":{"@id":"https:\/\/vinilozona.lt\/parduotuve\/rock-pop\/fleetwood-mac-%e2%80%8e-rumours\/#primaryimage"},"image":{"@id":"https:\/\/vinilozona.lt\/parduotuve\/rock-pop\/fleetwood-mac-%e2%80%8e-rumours\/#primaryimage"},"thumbnailUrl":"https:\/\/vinilozona.lt\/wp-content\/uploads\/2020\/01\/fleetwood-mac-rumours-2-1.jpg","datePublished":"2022-10-19T02:06:58+00:00","dateModified":"2022-10-19T08:06:22+00:00","breadcrumb":{"@id":"https:\/\/vinilozona.lt\/parduotuve\/rock-pop\/fleetwood-mac-%e2%80%8e-rumours\/#breadcrumb"},"inLanguage":"en-GB","potentialAction":[{"@type":"ReadAction","target":["https:\/\/vinilozona.lt\/parduotuve\/rock-pop\/fleetwood-mac-%e2%80%8e-rumours\/"]}]},{"@type":"ImageObject","inLanguage":"en-GB","@id":"https:\/\/vinilozona.lt\/parduotuve\/rock-pop\/fleetwood-mac-%e2%80%8e-rumours\/#primaryimage","url":"https:\/\/vinilozona.lt\/wp-content\/uploads\/2020\/01\/fleetwood-mac-rumours-2-1.jpg","contentUrl":"https:\/\/vinilozona.lt\/wp-content\/uploads\/2020\/01\/fleetwood-mac-rumours-2-1.jpg","width":707,"height":530},{"@type":"BreadcrumbList","@id":"https:\/\/vinilozona.lt\/parduotuve\/rock-pop\/fleetwood-mac-%e2%80%8e-rumours\/#breadcrumb","itemListElement":[{"@type":"ListItem","position":1,"name":"Home","item":"https:\/\/vinilozona.lt\/"},{"@type":"ListItem","position":2,"name":"Parduotuv\u0117","item":"https:\/\/vinilozona.lt\/parduotuve\/"},{"@type":"ListItem","position":3,"name":"Fleetwood Mac \u200e\u2013 Rumours"}]},{"@type":"WebSite","@id":"https:\/\/vinilozona.lt\/#website","url":"https:\/\/vinilozona.lt\/","name":"Vinilo Zona","description":"Nup\u016bsk dulkes ir klausyk LP","potentialAction":[{"@type":"SearchAction","target":{"@type":"EntryPoint","urlTemplate":"https:\/\/vinilozona.lt\/?s={search_term_string}"},"query-input":{"@type":"PropertyValueSpecification","valueRequired":true,"valueName":"search_term_string"}}],"inLanguage":"en-GB"}]}},"_links":{"self":[{"href":"https:\/\/vinilozona.lt\/en\/wp-json\/wp\/v2\/product\/2204"}],"collection":[{"href":"https:\/\/vinilozona.lt\/en\/wp-json\/wp\/v2\/product"}],"about":[{"href":"https:\/\/vinilozona.lt\/en\/wp-json\/wp\/v2\/types\/product"}],"wp:featuredmedia":[{"embeddable":true,"href":"https:\/\/vinilozona.lt\/en\/wp-json\/wp\/v2\/media\/2208"}],"wp:attachment":[{"href":"https:\/\/vinilozona.lt\/en\/wp-json\/wp\/v2\/media?parent=2204"}],"wp:term":[{"taxonomy":"product_cat","embeddable":true,"href":"https:\/\/vinilozona.lt\/en\/wp-json\/wp\/v2\/product_cat?post=2204"},{"taxonomy":"product_tag","embeddable":true,"href":"https:\/\/vinilozona.lt\/en\/wp-json\/wp\/v2\/product_tag?post=2204"}],"curies":[{"name":"wp","href":"https:\/\/api.w.org\/{rel}","templated":true}]}}