{"id":21857,"date":"2024-11-21T12:00:56","date_gmt":"2024-11-21T10:00:56","guid":{"rendered":"https:\/\/vinilozona.lt\/?post_type=product&#038;p=21857"},"modified":"2024-11-22T20:21:40","modified_gmt":"2024-11-22T18:21:40","slug":"john-coltrane-a-love-supreme-live-in-seattle-2lp","status":"publish","type":"product","link":"https:\/\/vinilozona.lt\/en\/parduotuve\/jazz\/john-coltrane-a-love-supreme-live-in-seattle-2lp\/","title":{"rendered":"John Coltrane \u2013 A Love Supreme: Live In Seattle 2LP"},"content":{"rendered":"<p>A\t\tA Love Supreme, Pt. I &#8211; Acknowledgement\t21:59<br \/>\nB1\t\tInterlude 1\t2:36<br \/>\nB2\t\tA Love Supreme, Pt. II &#8211; Resolution\t11:05<br \/>\nB3\t\tInterlude 2\t6:26<br \/>\nC\t\tA Love Supreme, Pt. III &#8211; Pursuance\t15:44<br \/>\nD1\t\tInterlude 3\t6:38<br \/>\nD2\t\tInterlude 4\t4:20<br \/>\nD3\t\tA Love Supreme, Pt. IV &#8211; Psalm\t7:21<\/p>","protected":false},"excerpt":{"rendered":"<p>Label:\tImpulse! \u2013 B0034291-01, UMe \u2013 B0034291-01<br \/>\nFormat:\t2 x Vinyl, LP, Album, Stereo<br \/>\nCountry:\tWorldwide<br \/>\nReleased:\tOct 22, 2021<\/p>","protected":false},"featured_media":21858,"template":"","meta":[],"product_cat":[20,23],"product_tag":[55],"yoast_head":"<!-- This site is optimized with the Yoast SEO plugin v23.5 - https:\/\/yoast.com\/wordpress\/plugins\/seo\/ -->\n<title>John Coltrane \u2013 A Love Supreme: Live In Seattle 2LP Vinilin\u0117 Plok\u0161tel\u0117 | Vinilozona.lt<\/title>\n<meta name=\"robots\" content=\"index, follow, max-snippet:-1, max-image-preview:large, max-video-preview:-1\" \/>\n<link rel=\"canonical\" href=\"https:\/\/vinilozona.lt\/en\/parduotuve\/jazz\/john-coltrane-a-love-supreme-live-in-seattle-2lp\/\" \/>\n<meta property=\"og:locale\" content=\"en_GB\" \/>\n<meta property=\"og:type\" content=\"article\" \/>\n<meta property=\"og:title\" content=\"John Coltrane \u2013 A Love Supreme: Live In Seattle 2LP Vinilin\u0117 Plok\u0161tel\u0117 | Vinilozona.lt\" \/>\n<meta property=\"og:description\" content=\"Label: Impulse! \u2013 B0034291-01, UMe \u2013 B0034291-01 Format: 2 x Vinyl, LP, Album, Stereo Country: Worldwide Released: Oct 22, 2021\" \/>\n<meta property=\"og:url\" content=\"https:\/\/vinilozona.lt\/en\/parduotuve\/jazz\/john-coltrane-a-love-supreme-live-in-seattle-2lp\/\" \/>\n<meta property=\"og:site_name\" content=\"Vinilo Zona\" \/>\n<meta property=\"article:modified_time\" content=\"2024-11-22T18:21:40+00:00\" \/>\n<meta property=\"og:image\" content=\"https:\/\/vinilozona.lt\/wp-content\/uploads\/2023\/03\/R-20521609-1635259745-5198.jpg\" \/>\n\t<meta property=\"og:image:width\" content=\"600\" \/>\n\t<meta property=\"og:image:height\" content=\"595\" \/>\n\t<meta property=\"og:image:type\" content=\"image\/jpeg\" \/>\n<meta name=\"twitter:card\" content=\"summary_large_image\" \/>\n<script type=\"application\/ld+json\" class=\"yoast-schema-graph\">{\"@context\":\"https:\/\/schema.org\",\"@graph\":[{\"@type\":\"WebPage\",\"@id\":\"https:\/\/vinilozona.lt\/parduotuve\/jazz\/john-coltrane-a-love-supreme-live-in-seattle-2lp\/\",\"url\":\"https:\/\/vinilozona.lt\/parduotuve\/jazz\/john-coltrane-a-love-supreme-live-in-seattle-2lp\/\",\"name\":\"John Coltrane \u2013 A Love Supreme: Live In Seattle 2LP Vinilin\u0117 Plok\u0161tel\u0117 | Vinilozona.lt\",\"isPartOf\":{\"@id\":\"https:\/\/vinilozona.lt\/#website\"},\"primaryImageOfPage\":{\"@id\":\"https:\/\/vinilozona.lt\/parduotuve\/jazz\/john-coltrane-a-love-supreme-live-in-seattle-2lp\/#primaryimage\"},\"image\":{\"@id\":\"https:\/\/vinilozona.lt\/parduotuve\/jazz\/john-coltrane-a-love-supreme-live-in-seattle-2lp\/#primaryimage\"},\"thumbnailUrl\":\"https:\/\/vinilozona.lt\/wp-content\/uploads\/2023\/03\/R-20521609-1635259745-5198.jpg\",\"datePublished\":\"2024-11-21T10:00:56+00:00\",\"dateModified\":\"2024-11-22T18:21:40+00:00\",\"breadcrumb\":{\"@id\":\"https:\/\/vinilozona.lt\/parduotuve\/jazz\/john-coltrane-a-love-supreme-live-in-seattle-2lp\/#breadcrumb\"},\"inLanguage\":\"en-GB\",\"potentialAction\":[{\"@type\":\"ReadAction\",\"target\":[\"https:\/\/vinilozona.lt\/parduotuve\/jazz\/john-coltrane-a-love-supreme-live-in-seattle-2lp\/\"]}]},{\"@type\":\"ImageObject\",\"inLanguage\":\"en-GB\",\"@id\":\"https:\/\/vinilozona.lt\/parduotuve\/jazz\/john-coltrane-a-love-supreme-live-in-seattle-2lp\/#primaryimage\",\"url\":\"https:\/\/vinilozona.lt\/wp-content\/uploads\/2023\/03\/R-20521609-1635259745-5198.jpg\",\"contentUrl\":\"https:\/\/vinilozona.lt\/wp-content\/uploads\/2023\/03\/R-20521609-1635259745-5198.jpg\",\"width\":600,\"height\":595},{\"@type\":\"BreadcrumbList\",\"@id\":\"https:\/\/vinilozona.lt\/parduotuve\/jazz\/john-coltrane-a-love-supreme-live-in-seattle-2lp\/#breadcrumb\",\"itemListElement\":[{\"@type\":\"ListItem\",\"position\":1,\"name\":\"Home\",\"item\":\"https:\/\/vinilozona.lt\/\"},{\"@type\":\"ListItem\",\"position\":2,\"name\":\"Parduotuv\u0117\",\"item\":\"https:\/\/vinilozona.lt\/parduotuve\/\"},{\"@type\":\"ListItem\",\"position\":3,\"name\":\"John Coltrane \u2013 A Love Supreme: Live In Seattle 2LP\"}]},{\"@type\":\"WebSite\",\"@id\":\"https:\/\/vinilozona.lt\/#website\",\"url\":\"https:\/\/vinilozona.lt\/\",\"name\":\"Vinilo Zona\",\"description\":\"Nup\u016bsk dulkes ir klausyk LP\",\"potentialAction\":[{\"@type\":\"SearchAction\",\"target\":{\"@type\":\"EntryPoint\",\"urlTemplate\":\"https:\/\/vinilozona.lt\/?s={search_term_string}\"},\"query-input\":{\"@type\":\"PropertyValueSpecification\",\"valueRequired\":true,\"valueName\":\"search_term_string\"}}],\"inLanguage\":\"en-GB\"}]}<\/script>\n<!-- \/ Yoast SEO plugin. -->","yoast_head_json":{"title":"John Coltrane \u2013 A Love Supreme: Live In Seattle 2LP Vinilin\u0117 Plok\u0161tel\u0117 | Vinilozona.lt","robots":{"index":"index","follow":"follow","max-snippet":"max-snippet:-1","max-image-preview":"max-image-preview:large","max-video-preview":"max-video-preview:-1"},"canonical":"https:\/\/vinilozona.lt\/en\/parduotuve\/jazz\/john-coltrane-a-love-supreme-live-in-seattle-2lp\/","og_locale":"en_GB","og_type":"article","og_title":"John Coltrane \u2013 A Love Supreme: Live In Seattle 2LP Vinilin\u0117 Plok\u0161tel\u0117 | Vinilozona.lt","og_description":"Label: Impulse! \u2013 B0034291-01, UMe \u2013 B0034291-01 Format: 2 x Vinyl, LP, Album, Stereo Country: Worldwide Released: Oct 22, 2021","og_url":"https:\/\/vinilozona.lt\/en\/parduotuve\/jazz\/john-coltrane-a-love-supreme-live-in-seattle-2lp\/","og_site_name":"Vinilo Zona","article_modified_time":"2024-11-22T18:21:40+00:00","og_image":[{"width":600,"height":595,"url":"https:\/\/vinilozona.lt\/wp-content\/uploads\/2023\/03\/R-20521609-1635259745-5198.jpg","type":"image\/jpeg"}],"twitter_card":"summary_large_image","schema":{"@context":"https:\/\/schema.org","@graph":[{"@type":"WebPage","@id":"https:\/\/vinilozona.lt\/parduotuve\/jazz\/john-coltrane-a-love-supreme-live-in-seattle-2lp\/","url":"https:\/\/vinilozona.lt\/parduotuve\/jazz\/john-coltrane-a-love-supreme-live-in-seattle-2lp\/","name":"John Coltrane \u2013 A Love Supreme: Live In Seattle 2LP Vinilin\u0117 Plok\u0161tel\u0117 | Vinilozona.lt","isPartOf":{"@id":"https:\/\/vinilozona.lt\/#website"},"primaryImageOfPage":{"@id":"https:\/\/vinilozona.lt\/parduotuve\/jazz\/john-coltrane-a-love-supreme-live-in-seattle-2lp\/#primaryimage"},"image":{"@id":"https:\/\/vinilozona.lt\/parduotuve\/jazz\/john-coltrane-a-love-supreme-live-in-seattle-2lp\/#primaryimage"},"thumbnailUrl":"https:\/\/vinilozona.lt\/wp-content\/uploads\/2023\/03\/R-20521609-1635259745-5198.jpg","datePublished":"2024-11-21T10:00:56+00:00","dateModified":"2024-11-22T18:21:40+00:00","breadcrumb":{"@id":"https:\/\/vinilozona.lt\/parduotuve\/jazz\/john-coltrane-a-love-supreme-live-in-seattle-2lp\/#breadcrumb"},"inLanguage":"en-GB","potentialAction":[{"@type":"ReadAction","target":["https:\/\/vinilozona.lt\/parduotuve\/jazz\/john-coltrane-a-love-supreme-live-in-seattle-2lp\/"]}]},{"@type":"ImageObject","inLanguage":"en-GB","@id":"https:\/\/vinilozona.lt\/parduotuve\/jazz\/john-coltrane-a-love-supreme-live-in-seattle-2lp\/#primaryimage","url":"https:\/\/vinilozona.lt\/wp-content\/uploads\/2023\/03\/R-20521609-1635259745-5198.jpg","contentUrl":"https:\/\/vinilozona.lt\/wp-content\/uploads\/2023\/03\/R-20521609-1635259745-5198.jpg","width":600,"height":595},{"@type":"BreadcrumbList","@id":"https:\/\/vinilozona.lt\/parduotuve\/jazz\/john-coltrane-a-love-supreme-live-in-seattle-2lp\/#breadcrumb","itemListElement":[{"@type":"ListItem","position":1,"name":"Home","item":"https:\/\/vinilozona.lt\/"},{"@type":"ListItem","position":2,"name":"Parduotuv\u0117","item":"https:\/\/vinilozona.lt\/parduotuve\/"},{"@type":"ListItem","position":3,"name":"John Coltrane \u2013 A Love Supreme: Live In Seattle 2LP"}]},{"@type":"WebSite","@id":"https:\/\/vinilozona.lt\/#website","url":"https:\/\/vinilozona.lt\/","name":"Vinilo Zona","description":"Nup\u016bsk dulkes ir klausyk LP","potentialAction":[{"@type":"SearchAction","target":{"@type":"EntryPoint","urlTemplate":"https:\/\/vinilozona.lt\/?s={search_term_string}"},"query-input":{"@type":"PropertyValueSpecification","valueRequired":true,"valueName":"search_term_string"}}],"inLanguage":"en-GB"}]}},"_links":{"self":[{"href":"https:\/\/vinilozona.lt\/en\/wp-json\/wp\/v2\/product\/21857"}],"collection":[{"href":"https:\/\/vinilozona.lt\/en\/wp-json\/wp\/v2\/product"}],"about":[{"href":"https:\/\/vinilozona.lt\/en\/wp-json\/wp\/v2\/types\/product"}],"wp:featuredmedia":[{"embeddable":true,"href":"https:\/\/vinilozona.lt\/en\/wp-json\/wp\/v2\/media\/21858"}],"wp:attachment":[{"href":"https:\/\/vinilozona.lt\/en\/wp-json\/wp\/v2\/media?parent=21857"}],"wp:term":[{"taxonomy":"product_cat","embeddable":true,"href":"https:\/\/vinilozona.lt\/en\/wp-json\/wp\/v2\/product_cat?post=21857"},{"taxonomy":"product_tag","embeddable":true,"href":"https:\/\/vinilozona.lt\/en\/wp-json\/wp\/v2\/product_tag?post=21857"}],"curies":[{"name":"wp","href":"https:\/\/api.w.org\/{rel}","templated":true}]}}