{"id":21850,"date":"2023-11-03T10:00:27","date_gmt":"2023-11-03T08:00:27","guid":{"rendered":"https:\/\/vinilozona.lt\/?post_type=product&#038;p=21850"},"modified":"2026-01-10T15:53:05","modified_gmt":"2026-01-10T13:53:05","slug":"various-electronic-music-anthology-the-box-set-5lp","status":"publish","type":"product","link":"https:\/\/vinilozona.lt\/en\/parduotuve\/naujos-lp\/various-electronic-music-anthology-the-box-set-5lp\/","title":{"rendered":"Various \u2013 Electronic Music Anthology &#8211; The Box Set 5LP"},"content":{"rendered":"<p>A1\tK\u00f6lsch\u2013\tGray\t4:53<br \/>\nA2\tMr. Scruff\u2013\tGet A Move On!\t3:26<br \/>\nA3\tNUfrequency\u2013\tFallen Hero<br \/>\n7:40<br \/>\nA4\tFritz Kalkbrenner\u2013\tFacing The Sun\t5:13<br \/>\nB1\tFakear\u2013\tLa Lune Rousse<br \/>\n3:45<br \/>\nB2\tScott Grooves\u2013\tMothership Reconnection (Daft Punk Remix)<br \/>\n3:12<br \/>\nB3\tIsol\u00e9e\u2013\tBrazil.com (Freaks Reinterpretation)<br \/>\n7:24<br \/>\nB4\tLaurent Garnier\u2013\tWake Up\t7:38<br \/>\nC1\tBob Sinclar\u2013\tThe Ghetto\t6:33<br \/>\nC2\tTom &#038; Joyce\u2013\tQueixume (Master At Work Mix Edit)<br \/>\n3:41<br \/>\nC3\tZAABRISKIE\u2013\tHigher\t3:10<br \/>\nC4\tGeneral Elektriks\u2013\tRaid The Radio\t3:49<br \/>\nC5\tAlex Gopher\u2013\tThe Child\t4:34<br \/>\nD1\tJos\u00e9 Padilla\u2013\tBossa Rosa\t3:53<br \/>\nD2\tYuksek, Bertrand Burgalat\u2013\tIcare\t3:42<br \/>\nD3\tThe XX\u2013\tHold On (Jamie XX Remix)<br \/>\n6:11<br \/>\nD4\tThe Hacker\u2013\tClassic Revisited Part 3\t6:09<br \/>\nE1\tDJ Gregory\u2013\tTourment D&#8217;Amour\t7:10<br \/>\nE2\tSt Germain\u2013\tAlabama Blues\t3:50<br \/>\nE3\tSandy B\u2013\tMake The World Go Round\t3:48<br \/>\nE4\tPurple Disco Machine\u2013\tWalls\t3:45<br \/>\nE5\tAvicii\u2013\tSweet Dreams\t2:53<br \/>\nF1\tZero 7\u2013\tThis World 5:37<br \/>\nF2\tBicep\u2013\tGlue\t4:29<br \/>\nF3\tModerat\u2013\tA New Error\t6:07<br \/>\nF4\tKerri Chandler\u2013\tGet Up\t5:33<br \/>\nG1\tFKJ (French Kiwi Juice), Masego\u2013\tTadow\t5:02<br \/>\nG2\tGotan Project\u2013\tDiferente\t5:23<br \/>\nG3\tSuperfunk\u2013\tLucky Star 3:50<br \/>\nG4\tMr. Oizo\u2013\tFlat Beat\t3:54<br \/>\nG5\tVitalic\u2013\tPoisen Lips\t3:42<br \/>\nH1\tThievery Corporation\u2013\tIt Takes A Thief\t4:09<br \/>\nH2\t\u00c2me\u2013\tRej\t8:08<br \/>\nH3\tClaptone\u2013\tNo Eyes 4:02<br \/>\nH4\tMary Davidson\u2013\tWork It\t4:46<br \/>\nI1\tBonobo\u2013\tTerrapin\t4:40<br \/>\nI2\tDJ Cam\u2013\tBirds Also Sing For Anamaria\t4:15<br \/>\nI3\tKid Loco\u2013\tA Grand Love Theme\t4:03<br \/>\nI4\tRobin S.\u2013\tShow Me Love\t4:12<br \/>\nI5\tSwayzak\u2013\tMake Up Your Mind\t4:45<br \/>\nJ1\tThe Mighty Bop\u2013\tFeeling Good\t4:18<br \/>\nJ2\tQuantic\u2013\tTime Is The Enemy\t3:40<br \/>\nJ3\tThylacine (4)\u2013\tPiany Pianino\t4:33<br \/>\nJ4\tScan X\u2013\tAlpha\t4:26<br \/>\nJ5\tThe Prodigy\u2013\tFirestarter\t4:40<\/p>","protected":false},"excerpt":{"rendered":"<p>Label:\tWagram Music \u2013 3401606<br \/>\nSeries:\tElectronic Music Anthology<br \/>\nFormat: 5 x Vinyl, LP, Compilation, Limited Edition, Box<br \/>\nCountry:\tFrance<br \/>\nReleased:\t2021<\/p>","protected":false},"featured_media":21851,"template":"","meta":[],"product_cat":[23,54],"product_tag":[55],"yoast_head":"<!-- This site is optimized with the Yoast SEO plugin v23.5 - https:\/\/yoast.com\/wordpress\/plugins\/seo\/ -->\n<title>Various \u2013 Electronic Music Anthology - The Box Set 5LP Vinilin\u0117 Plok\u0161tel\u0117 | Vinilozona.lt<\/title>\n<meta name=\"robots\" content=\"index, follow, max-snippet:-1, max-image-preview:large, max-video-preview:-1\" \/>\n<link rel=\"canonical\" href=\"https:\/\/vinilozona.lt\/en\/parduotuve\/naujos-lp\/various-electronic-music-anthology-the-box-set-5lp\/\" \/>\n<meta property=\"og:locale\" content=\"en_GB\" \/>\n<meta property=\"og:type\" content=\"article\" \/>\n<meta property=\"og:title\" content=\"Various \u2013 Electronic Music Anthology - The Box Set 5LP Vinilin\u0117 Plok\u0161tel\u0117 | Vinilozona.lt\" \/>\n<meta property=\"og:description\" content=\"Label: Wagram Music \u2013 3401606 Series: Electronic Music Anthology Format: 5 x Vinyl, LP, Compilation, Limited Edition, Box Country: France Released: 2021\" \/>\n<meta property=\"og:url\" content=\"https:\/\/vinilozona.lt\/en\/parduotuve\/naujos-lp\/various-electronic-music-anthology-the-box-set-5lp\/\" \/>\n<meta property=\"og:site_name\" content=\"Vinilo Zona\" \/>\n<meta property=\"article:modified_time\" content=\"2026-01-10T13:53:05+00:00\" \/>\n<meta property=\"og:image\" content=\"https:\/\/vinilozona.lt\/wp-content\/uploads\/2023\/03\/R-21467506-1640344740-1592.jpg\" \/>\n\t<meta property=\"og:image:width\" content=\"600\" \/>\n\t<meta property=\"og:image:height\" content=\"599\" \/>\n\t<meta property=\"og:image:type\" content=\"image\/jpeg\" \/>\n<meta name=\"twitter:card\" content=\"summary_large_image\" \/>\n<meta name=\"twitter:label1\" content=\"Estimated reading time\" \/>\n\t<meta name=\"twitter:data1\" content=\"1 minute\" \/>\n<script type=\"application\/ld+json\" class=\"yoast-schema-graph\">{\"@context\":\"https:\/\/schema.org\",\"@graph\":[{\"@type\":\"WebPage\",\"@id\":\"https:\/\/vinilozona.lt\/parduotuve\/naujos-lp\/various-electronic-music-anthology-the-box-set-5lp\/\",\"url\":\"https:\/\/vinilozona.lt\/parduotuve\/naujos-lp\/various-electronic-music-anthology-the-box-set-5lp\/\",\"name\":\"Various \u2013 Electronic Music Anthology - The Box Set 5LP Vinilin\u0117 Plok\u0161tel\u0117 | Vinilozona.lt\",\"isPartOf\":{\"@id\":\"https:\/\/vinilozona.lt\/#website\"},\"primaryImageOfPage\":{\"@id\":\"https:\/\/vinilozona.lt\/parduotuve\/naujos-lp\/various-electronic-music-anthology-the-box-set-5lp\/#primaryimage\"},\"image\":{\"@id\":\"https:\/\/vinilozona.lt\/parduotuve\/naujos-lp\/various-electronic-music-anthology-the-box-set-5lp\/#primaryimage\"},\"thumbnailUrl\":\"https:\/\/vinilozona.lt\/wp-content\/uploads\/2023\/03\/R-21467506-1640344740-1592.jpg\",\"datePublished\":\"2023-11-03T08:00:27+00:00\",\"dateModified\":\"2026-01-10T13:53:05+00:00\",\"breadcrumb\":{\"@id\":\"https:\/\/vinilozona.lt\/parduotuve\/naujos-lp\/various-electronic-music-anthology-the-box-set-5lp\/#breadcrumb\"},\"inLanguage\":\"en-GB\",\"potentialAction\":[{\"@type\":\"ReadAction\",\"target\":[\"https:\/\/vinilozona.lt\/parduotuve\/naujos-lp\/various-electronic-music-anthology-the-box-set-5lp\/\"]}]},{\"@type\":\"ImageObject\",\"inLanguage\":\"en-GB\",\"@id\":\"https:\/\/vinilozona.lt\/parduotuve\/naujos-lp\/various-electronic-music-anthology-the-box-set-5lp\/#primaryimage\",\"url\":\"https:\/\/vinilozona.lt\/wp-content\/uploads\/2023\/03\/R-21467506-1640344740-1592.jpg\",\"contentUrl\":\"https:\/\/vinilozona.lt\/wp-content\/uploads\/2023\/03\/R-21467506-1640344740-1592.jpg\",\"width\":600,\"height\":599},{\"@type\":\"BreadcrumbList\",\"@id\":\"https:\/\/vinilozona.lt\/parduotuve\/naujos-lp\/various-electronic-music-anthology-the-box-set-5lp\/#breadcrumb\",\"itemListElement\":[{\"@type\":\"ListItem\",\"position\":1,\"name\":\"Home\",\"item\":\"https:\/\/vinilozona.lt\/\"},{\"@type\":\"ListItem\",\"position\":2,\"name\":\"Parduotuv\u0117\",\"item\":\"https:\/\/vinilozona.lt\/parduotuve\/\"},{\"@type\":\"ListItem\",\"position\":3,\"name\":\"Various \u2013 Electronic Music Anthology &#8211; The Box Set 5LP\"}]},{\"@type\":\"WebSite\",\"@id\":\"https:\/\/vinilozona.lt\/#website\",\"url\":\"https:\/\/vinilozona.lt\/\",\"name\":\"Vinilo Zona\",\"description\":\"Nup\u016bsk dulkes ir klausyk LP\",\"potentialAction\":[{\"@type\":\"SearchAction\",\"target\":{\"@type\":\"EntryPoint\",\"urlTemplate\":\"https:\/\/vinilozona.lt\/?s={search_term_string}\"},\"query-input\":{\"@type\":\"PropertyValueSpecification\",\"valueRequired\":true,\"valueName\":\"search_term_string\"}}],\"inLanguage\":\"en-GB\"}]}<\/script>\n<!-- \/ Yoast SEO plugin. -->","yoast_head_json":{"title":"Various \u2013 Electronic Music Anthology - The Box Set 5LP Vinilin\u0117 Plok\u0161tel\u0117 | Vinilozona.lt","robots":{"index":"index","follow":"follow","max-snippet":"max-snippet:-1","max-image-preview":"max-image-preview:large","max-video-preview":"max-video-preview:-1"},"canonical":"https:\/\/vinilozona.lt\/en\/parduotuve\/naujos-lp\/various-electronic-music-anthology-the-box-set-5lp\/","og_locale":"en_GB","og_type":"article","og_title":"Various \u2013 Electronic Music Anthology - The Box Set 5LP Vinilin\u0117 Plok\u0161tel\u0117 | Vinilozona.lt","og_description":"Label: Wagram Music \u2013 3401606 Series: Electronic Music Anthology Format: 5 x Vinyl, LP, Compilation, Limited Edition, Box Country: France Released: 2021","og_url":"https:\/\/vinilozona.lt\/en\/parduotuve\/naujos-lp\/various-electronic-music-anthology-the-box-set-5lp\/","og_site_name":"Vinilo Zona","article_modified_time":"2026-01-10T13:53:05+00:00","og_image":[{"width":600,"height":599,"url":"https:\/\/vinilozona.lt\/wp-content\/uploads\/2023\/03\/R-21467506-1640344740-1592.jpg","type":"image\/jpeg"}],"twitter_card":"summary_large_image","twitter_misc":{"Estimated reading time":"1 minute"},"schema":{"@context":"https:\/\/schema.org","@graph":[{"@type":"WebPage","@id":"https:\/\/vinilozona.lt\/parduotuve\/naujos-lp\/various-electronic-music-anthology-the-box-set-5lp\/","url":"https:\/\/vinilozona.lt\/parduotuve\/naujos-lp\/various-electronic-music-anthology-the-box-set-5lp\/","name":"Various \u2013 Electronic Music Anthology - The Box Set 5LP Vinilin\u0117 Plok\u0161tel\u0117 | Vinilozona.lt","isPartOf":{"@id":"https:\/\/vinilozona.lt\/#website"},"primaryImageOfPage":{"@id":"https:\/\/vinilozona.lt\/parduotuve\/naujos-lp\/various-electronic-music-anthology-the-box-set-5lp\/#primaryimage"},"image":{"@id":"https:\/\/vinilozona.lt\/parduotuve\/naujos-lp\/various-electronic-music-anthology-the-box-set-5lp\/#primaryimage"},"thumbnailUrl":"https:\/\/vinilozona.lt\/wp-content\/uploads\/2023\/03\/R-21467506-1640344740-1592.jpg","datePublished":"2023-11-03T08:00:27+00:00","dateModified":"2026-01-10T13:53:05+00:00","breadcrumb":{"@id":"https:\/\/vinilozona.lt\/parduotuve\/naujos-lp\/various-electronic-music-anthology-the-box-set-5lp\/#breadcrumb"},"inLanguage":"en-GB","potentialAction":[{"@type":"ReadAction","target":["https:\/\/vinilozona.lt\/parduotuve\/naujos-lp\/various-electronic-music-anthology-the-box-set-5lp\/"]}]},{"@type":"ImageObject","inLanguage":"en-GB","@id":"https:\/\/vinilozona.lt\/parduotuve\/naujos-lp\/various-electronic-music-anthology-the-box-set-5lp\/#primaryimage","url":"https:\/\/vinilozona.lt\/wp-content\/uploads\/2023\/03\/R-21467506-1640344740-1592.jpg","contentUrl":"https:\/\/vinilozona.lt\/wp-content\/uploads\/2023\/03\/R-21467506-1640344740-1592.jpg","width":600,"height":599},{"@type":"BreadcrumbList","@id":"https:\/\/vinilozona.lt\/parduotuve\/naujos-lp\/various-electronic-music-anthology-the-box-set-5lp\/#breadcrumb","itemListElement":[{"@type":"ListItem","position":1,"name":"Home","item":"https:\/\/vinilozona.lt\/"},{"@type":"ListItem","position":2,"name":"Parduotuv\u0117","item":"https:\/\/vinilozona.lt\/parduotuve\/"},{"@type":"ListItem","position":3,"name":"Various \u2013 Electronic Music Anthology &#8211; The Box Set 5LP"}]},{"@type":"WebSite","@id":"https:\/\/vinilozona.lt\/#website","url":"https:\/\/vinilozona.lt\/","name":"Vinilo Zona","description":"Nup\u016bsk dulkes ir klausyk LP","potentialAction":[{"@type":"SearchAction","target":{"@type":"EntryPoint","urlTemplate":"https:\/\/vinilozona.lt\/?s={search_term_string}"},"query-input":{"@type":"PropertyValueSpecification","valueRequired":true,"valueName":"search_term_string"}}],"inLanguage":"en-GB"}]}},"_links":{"self":[{"href":"https:\/\/vinilozona.lt\/en\/wp-json\/wp\/v2\/product\/21850"}],"collection":[{"href":"https:\/\/vinilozona.lt\/en\/wp-json\/wp\/v2\/product"}],"about":[{"href":"https:\/\/vinilozona.lt\/en\/wp-json\/wp\/v2\/types\/product"}],"wp:featuredmedia":[{"embeddable":true,"href":"https:\/\/vinilozona.lt\/en\/wp-json\/wp\/v2\/media\/21851"}],"wp:attachment":[{"href":"https:\/\/vinilozona.lt\/en\/wp-json\/wp\/v2\/media?parent=21850"}],"wp:term":[{"taxonomy":"product_cat","embeddable":true,"href":"https:\/\/vinilozona.lt\/en\/wp-json\/wp\/v2\/product_cat?post=21850"},{"taxonomy":"product_tag","embeddable":true,"href":"https:\/\/vinilozona.lt\/en\/wp-json\/wp\/v2\/product_tag?post=21850"}],"curies":[{"name":"wp","href":"https:\/\/api.w.org\/{rel}","templated":true}]}}