{"id":2176,"date":"2024-04-08T05:01:12","date_gmt":"2024-04-08T02:01:12","guid":{"rendered":"https:\/\/vinylhome.lt\/?post_type=product&#038;p=2176"},"modified":"2024-04-06T07:59:10","modified_gmt":"2024-04-06T04:59:10","slug":"anubi-%e2%80%8e-mirties-metafora-2","status":"publish","type":"product","link":"https:\/\/vinilozona.lt\/en\/parduotuve\/lietuviska\/anubi-%e2%80%8e-mirties-metafora-2\/","title":{"rendered":"Various \u2013 Lietuvi\u0161ka Estrada"},"content":{"rendered":"<p>A1\tV. Rakauskait\u0117*\u2013\tPirmas \u017dvilgsnis<br \/>\nA2\tV. Rakauskait\u0117*\u2013\t\u017dibintai<br \/>\nA3\tV. Rakauskait\u0117*\u2013\tKoks Tu Juokingas<br \/>\nA4\tV. Rakauskait\u0117*\u2013\tPabudimas<br \/>\nA5\tV. Rakauskait\u0117*\u2013\tRagan\u0117l\u0117<br \/>\nA6\tV. Rakauskait\u0117*\u2013\tU\u017esnigta Saul\u0117<br \/>\nA7\tV. Rakauskait\u0117*\u2013\tKlausyk \u0160irdies<br \/>\nA8\tJ. Cechanovi\u010dius*\u2013\tAkimirka<br \/>\nB1\tN. Tallat-Kelp\u0161ait\u0117*\u2013\tIX Fortas<br \/>\nB2\tL. \u0160umskis*\u2013\tTrys Ber\u017eeliai<br \/>\nB3\tS. Bagdonait\u0117*\u2013\tPasveikinimas Rygai<br \/>\nB4\tS. Liupkevi\u010dius*\u2013\tKelionin\u0117<br \/>\nB5\tN. \u0160\u010diukait\u0117*\u2013\tKauki\u0173 Balius<br \/>\nB6\tD. \u010cepas*\u2013\tMe\u0161keriotojo Sapnas<br \/>\nB7\tVyr\u0173 Vokalinis Oktetas*\u2013\tTik\u0117jimas<\/p>","protected":false},"excerpt":{"rendered":"<p>\u041c\u0435\u043b\u043e\u0434\u0438\u044f \u2013 33 \u0421\u041c-03249-50<br \/>\nFormat:<br \/>\nVinyl, LP, Compilation<br \/>\nCountry:\tUSSR<br \/>\nReleased:\t1972<\/p>","protected":false},"featured_media":24690,"template":"","meta":[],"product_cat":[19],"product_tag":[44],"yoast_head":"<!-- This site is optimized with the Yoast SEO plugin v23.5 - https:\/\/yoast.com\/wordpress\/plugins\/seo\/ -->\n<title>Various \u2013 Lietuvi\u0161ka Estrada Vinilin\u0117 Plok\u0161tel\u0117 | Vinilozona.lt<\/title>\n<meta name=\"robots\" content=\"index, follow, max-snippet:-1, max-image-preview:large, max-video-preview:-1\" \/>\n<link rel=\"canonical\" href=\"https:\/\/vinilozona.lt\/en\/parduotuve\/lietuviska\/anubi-\u200e-mirties-metafora-2\/\" \/>\n<meta property=\"og:locale\" content=\"en_GB\" \/>\n<meta property=\"og:type\" content=\"article\" \/>\n<meta property=\"og:title\" content=\"Various \u2013 Lietuvi\u0161ka Estrada Vinilin\u0117 Plok\u0161tel\u0117 | Vinilozona.lt\" \/>\n<meta property=\"og:description\" content=\"\u041c\u0435\u043b\u043e\u0434\u0438\u044f \u2013 33 \u0421\u041c-03249-50 Format:  Vinyl, LP, Compilation Country: USSR Released: 1972\" \/>\n<meta property=\"og:url\" content=\"https:\/\/vinilozona.lt\/en\/parduotuve\/lietuviska\/anubi-\u200e-mirties-metafora-2\/\" \/>\n<meta property=\"og:site_name\" content=\"Vinilo Zona\" \/>\n<meta property=\"article:modified_time\" content=\"2024-04-06T04:59:10+00:00\" \/>\n<meta property=\"og:image\" content=\"https:\/\/vinilozona.lt\/wp-content\/uploads\/2020\/01\/R-3084146-1315866217.jpg\" \/>\n\t<meta property=\"og:image:width\" content=\"592\" \/>\n\t<meta property=\"og:image:height\" content=\"600\" \/>\n\t<meta property=\"og:image:type\" content=\"image\/jpeg\" \/>\n<meta name=\"twitter:card\" content=\"summary_large_image\" \/>\n<script type=\"application\/ld+json\" class=\"yoast-schema-graph\">{\"@context\":\"https:\/\/schema.org\",\"@graph\":[{\"@type\":\"WebPage\",\"@id\":\"https:\/\/vinilozona.lt\/parduotuve\/lietuviska\/anubi-%e2%80%8e-mirties-metafora-2\/\",\"url\":\"https:\/\/vinilozona.lt\/parduotuve\/lietuviska\/anubi-%e2%80%8e-mirties-metafora-2\/\",\"name\":\"Various \u2013 Lietuvi\u0161ka Estrada Vinilin\u0117 Plok\u0161tel\u0117 | Vinilozona.lt\",\"isPartOf\":{\"@id\":\"https:\/\/vinilozona.lt\/#website\"},\"primaryImageOfPage\":{\"@id\":\"https:\/\/vinilozona.lt\/parduotuve\/lietuviska\/anubi-%e2%80%8e-mirties-metafora-2\/#primaryimage\"},\"image\":{\"@id\":\"https:\/\/vinilozona.lt\/parduotuve\/lietuviska\/anubi-%e2%80%8e-mirties-metafora-2\/#primaryimage\"},\"thumbnailUrl\":\"https:\/\/vinilozona.lt\/wp-content\/uploads\/2020\/01\/R-3084146-1315866217.jpg\",\"datePublished\":\"2024-04-08T02:01:12+00:00\",\"dateModified\":\"2024-04-06T04:59:10+00:00\",\"breadcrumb\":{\"@id\":\"https:\/\/vinilozona.lt\/parduotuve\/lietuviska\/anubi-%e2%80%8e-mirties-metafora-2\/#breadcrumb\"},\"inLanguage\":\"en-GB\",\"potentialAction\":[{\"@type\":\"ReadAction\",\"target\":[\"https:\/\/vinilozona.lt\/parduotuve\/lietuviska\/anubi-%e2%80%8e-mirties-metafora-2\/\"]}]},{\"@type\":\"ImageObject\",\"inLanguage\":\"en-GB\",\"@id\":\"https:\/\/vinilozona.lt\/parduotuve\/lietuviska\/anubi-%e2%80%8e-mirties-metafora-2\/#primaryimage\",\"url\":\"https:\/\/vinilozona.lt\/wp-content\/uploads\/2020\/01\/R-3084146-1315866217.jpg\",\"contentUrl\":\"https:\/\/vinilozona.lt\/wp-content\/uploads\/2020\/01\/R-3084146-1315866217.jpg\",\"width\":592,\"height\":600},{\"@type\":\"BreadcrumbList\",\"@id\":\"https:\/\/vinilozona.lt\/parduotuve\/lietuviska\/anubi-%e2%80%8e-mirties-metafora-2\/#breadcrumb\",\"itemListElement\":[{\"@type\":\"ListItem\",\"position\":1,\"name\":\"Home\",\"item\":\"https:\/\/vinilozona.lt\/\"},{\"@type\":\"ListItem\",\"position\":2,\"name\":\"Parduotuv\u0117\",\"item\":\"https:\/\/vinilozona.lt\/parduotuve\/\"},{\"@type\":\"ListItem\",\"position\":3,\"name\":\"Various \u2013 Lietuvi\u0161ka Estrada\"}]},{\"@type\":\"WebSite\",\"@id\":\"https:\/\/vinilozona.lt\/#website\",\"url\":\"https:\/\/vinilozona.lt\/\",\"name\":\"Vinilo Zona\",\"description\":\"Nup\u016bsk dulkes ir klausyk LP\",\"potentialAction\":[{\"@type\":\"SearchAction\",\"target\":{\"@type\":\"EntryPoint\",\"urlTemplate\":\"https:\/\/vinilozona.lt\/?s={search_term_string}\"},\"query-input\":{\"@type\":\"PropertyValueSpecification\",\"valueRequired\":true,\"valueName\":\"search_term_string\"}}],\"inLanguage\":\"en-GB\"}]}<\/script>\n<!-- \/ Yoast SEO plugin. -->","yoast_head_json":{"title":"Various \u2013 Lietuvi\u0161ka Estrada Vinilin\u0117 Plok\u0161tel\u0117 | Vinilozona.lt","robots":{"index":"index","follow":"follow","max-snippet":"max-snippet:-1","max-image-preview":"max-image-preview:large","max-video-preview":"max-video-preview:-1"},"canonical":"https:\/\/vinilozona.lt\/en\/parduotuve\/lietuviska\/anubi-\u200e-mirties-metafora-2\/","og_locale":"en_GB","og_type":"article","og_title":"Various \u2013 Lietuvi\u0161ka Estrada Vinilin\u0117 Plok\u0161tel\u0117 | Vinilozona.lt","og_description":"\u041c\u0435\u043b\u043e\u0434\u0438\u044f \u2013 33 \u0421\u041c-03249-50 Format:  Vinyl, LP, Compilation Country: USSR Released: 1972","og_url":"https:\/\/vinilozona.lt\/en\/parduotuve\/lietuviska\/anubi-\u200e-mirties-metafora-2\/","og_site_name":"Vinilo Zona","article_modified_time":"2024-04-06T04:59:10+00:00","og_image":[{"width":592,"height":600,"url":"https:\/\/vinilozona.lt\/wp-content\/uploads\/2020\/01\/R-3084146-1315866217.jpg","type":"image\/jpeg"}],"twitter_card":"summary_large_image","schema":{"@context":"https:\/\/schema.org","@graph":[{"@type":"WebPage","@id":"https:\/\/vinilozona.lt\/parduotuve\/lietuviska\/anubi-%e2%80%8e-mirties-metafora-2\/","url":"https:\/\/vinilozona.lt\/parduotuve\/lietuviska\/anubi-%e2%80%8e-mirties-metafora-2\/","name":"Various \u2013 Lietuvi\u0161ka Estrada Vinilin\u0117 Plok\u0161tel\u0117 | Vinilozona.lt","isPartOf":{"@id":"https:\/\/vinilozona.lt\/#website"},"primaryImageOfPage":{"@id":"https:\/\/vinilozona.lt\/parduotuve\/lietuviska\/anubi-%e2%80%8e-mirties-metafora-2\/#primaryimage"},"image":{"@id":"https:\/\/vinilozona.lt\/parduotuve\/lietuviska\/anubi-%e2%80%8e-mirties-metafora-2\/#primaryimage"},"thumbnailUrl":"https:\/\/vinilozona.lt\/wp-content\/uploads\/2020\/01\/R-3084146-1315866217.jpg","datePublished":"2024-04-08T02:01:12+00:00","dateModified":"2024-04-06T04:59:10+00:00","breadcrumb":{"@id":"https:\/\/vinilozona.lt\/parduotuve\/lietuviska\/anubi-%e2%80%8e-mirties-metafora-2\/#breadcrumb"},"inLanguage":"en-GB","potentialAction":[{"@type":"ReadAction","target":["https:\/\/vinilozona.lt\/parduotuve\/lietuviska\/anubi-%e2%80%8e-mirties-metafora-2\/"]}]},{"@type":"ImageObject","inLanguage":"en-GB","@id":"https:\/\/vinilozona.lt\/parduotuve\/lietuviska\/anubi-%e2%80%8e-mirties-metafora-2\/#primaryimage","url":"https:\/\/vinilozona.lt\/wp-content\/uploads\/2020\/01\/R-3084146-1315866217.jpg","contentUrl":"https:\/\/vinilozona.lt\/wp-content\/uploads\/2020\/01\/R-3084146-1315866217.jpg","width":592,"height":600},{"@type":"BreadcrumbList","@id":"https:\/\/vinilozona.lt\/parduotuve\/lietuviska\/anubi-%e2%80%8e-mirties-metafora-2\/#breadcrumb","itemListElement":[{"@type":"ListItem","position":1,"name":"Home","item":"https:\/\/vinilozona.lt\/"},{"@type":"ListItem","position":2,"name":"Parduotuv\u0117","item":"https:\/\/vinilozona.lt\/parduotuve\/"},{"@type":"ListItem","position":3,"name":"Various \u2013 Lietuvi\u0161ka Estrada"}]},{"@type":"WebSite","@id":"https:\/\/vinilozona.lt\/#website","url":"https:\/\/vinilozona.lt\/","name":"Vinilo Zona","description":"Nup\u016bsk dulkes ir klausyk LP","potentialAction":[{"@type":"SearchAction","target":{"@type":"EntryPoint","urlTemplate":"https:\/\/vinilozona.lt\/?s={search_term_string}"},"query-input":{"@type":"PropertyValueSpecification","valueRequired":true,"valueName":"search_term_string"}}],"inLanguage":"en-GB"}]}},"_links":{"self":[{"href":"https:\/\/vinilozona.lt\/en\/wp-json\/wp\/v2\/product\/2176"}],"collection":[{"href":"https:\/\/vinilozona.lt\/en\/wp-json\/wp\/v2\/product"}],"about":[{"href":"https:\/\/vinilozona.lt\/en\/wp-json\/wp\/v2\/types\/product"}],"wp:featuredmedia":[{"embeddable":true,"href":"https:\/\/vinilozona.lt\/en\/wp-json\/wp\/v2\/media\/24690"}],"wp:attachment":[{"href":"https:\/\/vinilozona.lt\/en\/wp-json\/wp\/v2\/media?parent=2176"}],"wp:term":[{"taxonomy":"product_cat","embeddable":true,"href":"https:\/\/vinilozona.lt\/en\/wp-json\/wp\/v2\/product_cat?post=2176"},{"taxonomy":"product_tag","embeddable":true,"href":"https:\/\/vinilozona.lt\/en\/wp-json\/wp\/v2\/product_tag?post=2176"}],"curies":[{"name":"wp","href":"https:\/\/api.w.org\/{rel}","templated":true}]}}