{"id":21624,"date":"2023-02-28T12:43:02","date_gmt":"2023-02-28T10:43:02","guid":{"rendered":"https:\/\/vinilozona.lt\/?post_type=product&#038;p=21624"},"modified":"2023-02-28T12:45:26","modified_gmt":"2023-02-28T10:45:26","slug":"bach-jonathan-rees-scottish-ensemble-violin-concertos-cd","status":"publish","type":"product","link":"https:\/\/vinilozona.lt\/en\/parduotuve\/cd\/naudoti-cd\/bach-jonathan-rees-scottish-ensemble-violin-concertos-cd\/","title":{"rendered":"Bach &#8211; Jonathan Rees, Scottish Ensemble \u2013 Violin Concertos  CD"},"content":{"rendered":"<p>Concerto For Two Violins In D Minor, BWV 1043<br \/>\n1\t\tVivace\t3:50<br \/>\n2\t\tLargo Ma Non Tanto\t6:50<br \/>\n3\t\tAllegro\t4:43<br \/>\nConcerto For Violin In G Minor (From Harpsichord Concerto In F Minor, BWV 1056)<br \/>\n4\t\tModerato\t3:11<br \/>\n5\t\tLargo\t3:11<br \/>\n6\t\tPresto\t3:22<br \/>\nConcerto For Violin In E Major, BWV 1042<br \/>\n7\t\tAllegro\t7:44<br \/>\n8\t\tAdagio\t7:00<br \/>\n9\t\tAllegro Assai\t2:47<br \/>\nConcerto For Cello In A Major, Wq 172<br \/>\n10\t\tAllegro\t7:02<br \/>\n11\t\tLargo\t10:29<br \/>\n12\t\tAllegro Assai\t5:40<\/p>","protected":false},"excerpt":{"rendered":"<p>Virgo \u2013 0777 7596412 7, Virgo (3) \u2013 7596412<br \/>\nFormat:<br \/>\nCD, Album<br \/>\nCountry:\tEurope<br \/>\nReleased:\t1991<\/p>","protected":false},"featured_media":21625,"template":"","meta":[],"product_cat":[24,946],"product_tag":[44],"yoast_head":"<!-- This site is optimized with the Yoast SEO plugin v23.5 - https:\/\/yoast.com\/wordpress\/plugins\/seo\/ -->\n<title>Bach - Jonathan Rees, Scottish Ensemble \u2013 Violin Concertos CD Vinilin\u0117 Plok\u0161tel\u0117 | Vinilozona.lt<\/title>\n<meta name=\"robots\" content=\"index, follow, max-snippet:-1, max-image-preview:large, max-video-preview:-1\" \/>\n<link rel=\"canonical\" href=\"https:\/\/vinilozona.lt\/en\/parduotuve\/cd\/naudoti-cd\/bach-jonathan-rees-scottish-ensemble-violin-concertos-cd\/\" \/>\n<meta property=\"og:locale\" content=\"en_GB\" \/>\n<meta property=\"og:type\" content=\"article\" \/>\n<meta property=\"og:title\" content=\"Bach - Jonathan Rees, Scottish Ensemble \u2013 Violin Concertos CD Vinilin\u0117 Plok\u0161tel\u0117 | Vinilozona.lt\" \/>\n<meta property=\"og:description\" content=\"Virgo \u2013 0777 7596412 7, Virgo (3) \u2013 7596412 Format:  CD, Album Country: Europe Released: 1991\" \/>\n<meta property=\"og:url\" content=\"https:\/\/vinilozona.lt\/en\/parduotuve\/cd\/naudoti-cd\/bach-jonathan-rees-scottish-ensemble-violin-concertos-cd\/\" \/>\n<meta property=\"og:site_name\" content=\"Vinilo Zona\" \/>\n<meta property=\"article:modified_time\" content=\"2023-02-28T10:45:26+00:00\" \/>\n<meta property=\"og:image\" content=\"https:\/\/vinilozona.lt\/wp-content\/uploads\/2023\/02\/R-12307262-1532608286-1750.jpg\" \/>\n\t<meta property=\"og:image:width\" content=\"600\" \/>\n\t<meta property=\"og:image:height\" content=\"594\" \/>\n\t<meta property=\"og:image:type\" content=\"image\/jpeg\" \/>\n<meta name=\"twitter:card\" content=\"summary_large_image\" \/>\n<script type=\"application\/ld+json\" class=\"yoast-schema-graph\">{\"@context\":\"https:\/\/schema.org\",\"@graph\":[{\"@type\":\"WebPage\",\"@id\":\"https:\/\/vinilozona.lt\/parduotuve\/cd\/naudoti-cd\/bach-jonathan-rees-scottish-ensemble-violin-concertos-cd\/\",\"url\":\"https:\/\/vinilozona.lt\/parduotuve\/cd\/naudoti-cd\/bach-jonathan-rees-scottish-ensemble-violin-concertos-cd\/\",\"name\":\"Bach - Jonathan Rees, Scottish Ensemble \u2013 Violin Concertos CD Vinilin\u0117 Plok\u0161tel\u0117 | Vinilozona.lt\",\"isPartOf\":{\"@id\":\"https:\/\/vinilozona.lt\/#website\"},\"primaryImageOfPage\":{\"@id\":\"https:\/\/vinilozona.lt\/parduotuve\/cd\/naudoti-cd\/bach-jonathan-rees-scottish-ensemble-violin-concertos-cd\/#primaryimage\"},\"image\":{\"@id\":\"https:\/\/vinilozona.lt\/parduotuve\/cd\/naudoti-cd\/bach-jonathan-rees-scottish-ensemble-violin-concertos-cd\/#primaryimage\"},\"thumbnailUrl\":\"https:\/\/vinilozona.lt\/wp-content\/uploads\/2023\/02\/R-12307262-1532608286-1750.jpg\",\"datePublished\":\"2023-02-28T10:43:02+00:00\",\"dateModified\":\"2023-02-28T10:45:26+00:00\",\"breadcrumb\":{\"@id\":\"https:\/\/vinilozona.lt\/parduotuve\/cd\/naudoti-cd\/bach-jonathan-rees-scottish-ensemble-violin-concertos-cd\/#breadcrumb\"},\"inLanguage\":\"en-GB\",\"potentialAction\":[{\"@type\":\"ReadAction\",\"target\":[\"https:\/\/vinilozona.lt\/parduotuve\/cd\/naudoti-cd\/bach-jonathan-rees-scottish-ensemble-violin-concertos-cd\/\"]}]},{\"@type\":\"ImageObject\",\"inLanguage\":\"en-GB\",\"@id\":\"https:\/\/vinilozona.lt\/parduotuve\/cd\/naudoti-cd\/bach-jonathan-rees-scottish-ensemble-violin-concertos-cd\/#primaryimage\",\"url\":\"https:\/\/vinilozona.lt\/wp-content\/uploads\/2023\/02\/R-12307262-1532608286-1750.jpg\",\"contentUrl\":\"https:\/\/vinilozona.lt\/wp-content\/uploads\/2023\/02\/R-12307262-1532608286-1750.jpg\",\"width\":600,\"height\":594},{\"@type\":\"BreadcrumbList\",\"@id\":\"https:\/\/vinilozona.lt\/parduotuve\/cd\/naudoti-cd\/bach-jonathan-rees-scottish-ensemble-violin-concertos-cd\/#breadcrumb\",\"itemListElement\":[{\"@type\":\"ListItem\",\"position\":1,\"name\":\"Home\",\"item\":\"https:\/\/vinilozona.lt\/\"},{\"@type\":\"ListItem\",\"position\":2,\"name\":\"Parduotuv\u0117\",\"item\":\"https:\/\/vinilozona.lt\/parduotuve\/\"},{\"@type\":\"ListItem\",\"position\":3,\"name\":\"Bach &#8211; Jonathan Rees, Scottish Ensemble \u2013 Violin Concertos CD\"}]},{\"@type\":\"WebSite\",\"@id\":\"https:\/\/vinilozona.lt\/#website\",\"url\":\"https:\/\/vinilozona.lt\/\",\"name\":\"Vinilo Zona\",\"description\":\"Nup\u016bsk dulkes ir klausyk LP\",\"potentialAction\":[{\"@type\":\"SearchAction\",\"target\":{\"@type\":\"EntryPoint\",\"urlTemplate\":\"https:\/\/vinilozona.lt\/?s={search_term_string}\"},\"query-input\":{\"@type\":\"PropertyValueSpecification\",\"valueRequired\":true,\"valueName\":\"search_term_string\"}}],\"inLanguage\":\"en-GB\"}]}<\/script>\n<!-- \/ Yoast SEO plugin. -->","yoast_head_json":{"title":"Bach - Jonathan Rees, Scottish Ensemble \u2013 Violin Concertos CD Vinilin\u0117 Plok\u0161tel\u0117 | Vinilozona.lt","robots":{"index":"index","follow":"follow","max-snippet":"max-snippet:-1","max-image-preview":"max-image-preview:large","max-video-preview":"max-video-preview:-1"},"canonical":"https:\/\/vinilozona.lt\/en\/parduotuve\/cd\/naudoti-cd\/bach-jonathan-rees-scottish-ensemble-violin-concertos-cd\/","og_locale":"en_GB","og_type":"article","og_title":"Bach - Jonathan Rees, Scottish Ensemble \u2013 Violin Concertos CD Vinilin\u0117 Plok\u0161tel\u0117 | Vinilozona.lt","og_description":"Virgo \u2013 0777 7596412 7, Virgo (3) \u2013 7596412 Format:  CD, Album Country: Europe Released: 1991","og_url":"https:\/\/vinilozona.lt\/en\/parduotuve\/cd\/naudoti-cd\/bach-jonathan-rees-scottish-ensemble-violin-concertos-cd\/","og_site_name":"Vinilo Zona","article_modified_time":"2023-02-28T10:45:26+00:00","og_image":[{"width":600,"height":594,"url":"https:\/\/vinilozona.lt\/wp-content\/uploads\/2023\/02\/R-12307262-1532608286-1750.jpg","type":"image\/jpeg"}],"twitter_card":"summary_large_image","schema":{"@context":"https:\/\/schema.org","@graph":[{"@type":"WebPage","@id":"https:\/\/vinilozona.lt\/parduotuve\/cd\/naudoti-cd\/bach-jonathan-rees-scottish-ensemble-violin-concertos-cd\/","url":"https:\/\/vinilozona.lt\/parduotuve\/cd\/naudoti-cd\/bach-jonathan-rees-scottish-ensemble-violin-concertos-cd\/","name":"Bach - Jonathan Rees, Scottish Ensemble \u2013 Violin Concertos CD Vinilin\u0117 Plok\u0161tel\u0117 | Vinilozona.lt","isPartOf":{"@id":"https:\/\/vinilozona.lt\/#website"},"primaryImageOfPage":{"@id":"https:\/\/vinilozona.lt\/parduotuve\/cd\/naudoti-cd\/bach-jonathan-rees-scottish-ensemble-violin-concertos-cd\/#primaryimage"},"image":{"@id":"https:\/\/vinilozona.lt\/parduotuve\/cd\/naudoti-cd\/bach-jonathan-rees-scottish-ensemble-violin-concertos-cd\/#primaryimage"},"thumbnailUrl":"https:\/\/vinilozona.lt\/wp-content\/uploads\/2023\/02\/R-12307262-1532608286-1750.jpg","datePublished":"2023-02-28T10:43:02+00:00","dateModified":"2023-02-28T10:45:26+00:00","breadcrumb":{"@id":"https:\/\/vinilozona.lt\/parduotuve\/cd\/naudoti-cd\/bach-jonathan-rees-scottish-ensemble-violin-concertos-cd\/#breadcrumb"},"inLanguage":"en-GB","potentialAction":[{"@type":"ReadAction","target":["https:\/\/vinilozona.lt\/parduotuve\/cd\/naudoti-cd\/bach-jonathan-rees-scottish-ensemble-violin-concertos-cd\/"]}]},{"@type":"ImageObject","inLanguage":"en-GB","@id":"https:\/\/vinilozona.lt\/parduotuve\/cd\/naudoti-cd\/bach-jonathan-rees-scottish-ensemble-violin-concertos-cd\/#primaryimage","url":"https:\/\/vinilozona.lt\/wp-content\/uploads\/2023\/02\/R-12307262-1532608286-1750.jpg","contentUrl":"https:\/\/vinilozona.lt\/wp-content\/uploads\/2023\/02\/R-12307262-1532608286-1750.jpg","width":600,"height":594},{"@type":"BreadcrumbList","@id":"https:\/\/vinilozona.lt\/parduotuve\/cd\/naudoti-cd\/bach-jonathan-rees-scottish-ensemble-violin-concertos-cd\/#breadcrumb","itemListElement":[{"@type":"ListItem","position":1,"name":"Home","item":"https:\/\/vinilozona.lt\/"},{"@type":"ListItem","position":2,"name":"Parduotuv\u0117","item":"https:\/\/vinilozona.lt\/parduotuve\/"},{"@type":"ListItem","position":3,"name":"Bach &#8211; Jonathan Rees, Scottish Ensemble \u2013 Violin Concertos CD"}]},{"@type":"WebSite","@id":"https:\/\/vinilozona.lt\/#website","url":"https:\/\/vinilozona.lt\/","name":"Vinilo Zona","description":"Nup\u016bsk dulkes ir klausyk LP","potentialAction":[{"@type":"SearchAction","target":{"@type":"EntryPoint","urlTemplate":"https:\/\/vinilozona.lt\/?s={search_term_string}"},"query-input":{"@type":"PropertyValueSpecification","valueRequired":true,"valueName":"search_term_string"}}],"inLanguage":"en-GB"}]}},"_links":{"self":[{"href":"https:\/\/vinilozona.lt\/en\/wp-json\/wp\/v2\/product\/21624"}],"collection":[{"href":"https:\/\/vinilozona.lt\/en\/wp-json\/wp\/v2\/product"}],"about":[{"href":"https:\/\/vinilozona.lt\/en\/wp-json\/wp\/v2\/types\/product"}],"wp:featuredmedia":[{"embeddable":true,"href":"https:\/\/vinilozona.lt\/en\/wp-json\/wp\/v2\/media\/21625"}],"wp:attachment":[{"href":"https:\/\/vinilozona.lt\/en\/wp-json\/wp\/v2\/media?parent=21624"}],"wp:term":[{"taxonomy":"product_cat","embeddable":true,"href":"https:\/\/vinilozona.lt\/en\/wp-json\/wp\/v2\/product_cat?post=21624"},{"taxonomy":"product_tag","embeddable":true,"href":"https:\/\/vinilozona.lt\/en\/wp-json\/wp\/v2\/product_tag?post=21624"}],"curies":[{"name":"wp","href":"https:\/\/api.w.org\/{rel}","templated":true}]}}