{"id":21568,"date":"2024-09-21T15:37:52","date_gmt":"2024-09-21T12:37:52","guid":{"rendered":"https:\/\/vinilozona.lt\/?post_type=product&#038;p=21568"},"modified":"2024-12-16T15:09:13","modified_gmt":"2024-12-16T13:09:13","slug":"kabaretas-tarp-girnu-2023-2lp","status":"publish","type":"product","link":"https:\/\/vinilozona.lt\/en\/parduotuve\/lietuviska\/kabaretas-tarp-girnu-2023-2lp\/","title":{"rendered":"Vytautas Kernagis ir Kabaretas \u201eTarp girn\u0173\u201d 2023 \/ 2LP"},"content":{"rendered":"<p>I PLOK\u0160TEL\u0116<br \/>\nI PUS\u0116<\/p>\n<p>1. Skraidan\u010dio dramblio klausimai dviem silk\u0117ms, \u012f kuriuos \u017eino atsakym\u0105 tik troleibuso konduktorius<br \/>\n2. Saugok sveikat\u0105<br \/>\n3. Nor\u0117jimas<br \/>\n4. O, disko<br \/>\n5. Oi \u017eiba \u017eiba<br \/>\n6. Armonika<\/p>\n<p>I PLOK\u0160TEL\u0116<br \/>\nII PUS\u0116<\/p>\n<p>1. Tamo\u0161iaus Bekepurio pir\u0161lybos<br \/>\n2. Vasara (Kaip gra\u017eu mi\u0161ke)<br \/>\n3. Ant auk\u0161to kranto<br \/>\n4. \u0160imtas pavasari\u0173<\/p>\n<p>II PLOK\u0160TEL\u0116<br \/>\nI PUS\u0116<\/p>\n<p>1. Balad\u0117 apie dvi sraiges<br \/>\n2. Tobulas eil\u0117ra\u0161tis<br \/>\n3. Geri vyrai\u2026<br \/>\n4. Oi, pel\u0117da!<\/p>\n<p>II PLOK\u0160TEL\u0116<br \/>\nII PUS\u0116 (Live)<\/p>\n<p>1. Skraidan\u010dio dramblio klausimai dviem silk\u0117ms, \u012f kuriuos \u017eino atsakym\u0105 tik troleibuso konduktorius (Live)<br \/>\n2. Nor\u0117jimas (Live)<br \/>\n3. Saugok sveikat\u0105 (Live)<br \/>\n4. Oi \u017eiba \u017eiba (Live)<br \/>\n5. Armonika (Live)<\/p>","protected":false},"excerpt":{"rendered":"<p>Dviguba 12\u201d vinilin\u0117 plok\u0161tel\u0117.<br \/>\nSvoris \u2013 180 g.<br \/>\nPagaminta Latvijoje 2023<\/p>","protected":false},"featured_media":21569,"template":"","meta":[],"product_cat":[19,23],"product_tag":[74],"yoast_head":"<!-- This site is optimized with the Yoast SEO plugin v23.5 - https:\/\/yoast.com\/wordpress\/plugins\/seo\/ -->\n<title>Vytautas Kernagis ir Kabaretas \u201eTarp girn\u0173\u201d 2023 \/ 2LP Vinilin\u0117 Plok\u0161tel\u0117 | Vinilozona.lt<\/title>\n<meta name=\"robots\" content=\"index, follow, max-snippet:-1, max-image-preview:large, max-video-preview:-1\" \/>\n<link rel=\"canonical\" href=\"https:\/\/vinilozona.lt\/en\/parduotuve\/lietuviska\/kabaretas-tarp-girnu-2023-2lp\/\" \/>\n<meta property=\"og:locale\" content=\"en_GB\" \/>\n<meta property=\"og:type\" content=\"article\" \/>\n<meta property=\"og:title\" content=\"Vytautas Kernagis ir Kabaretas \u201eTarp girn\u0173\u201d 2023 \/ 2LP Vinilin\u0117 Plok\u0161tel\u0117 | Vinilozona.lt\" \/>\n<meta property=\"og:description\" content=\"Dviguba 12\u201d vinilin\u0117 plok\u0161tel\u0117. Svoris \u2013 180 g. Pagaminta Latvijoje 2023\" \/>\n<meta property=\"og:url\" content=\"https:\/\/vinilozona.lt\/en\/parduotuve\/lietuviska\/kabaretas-tarp-girnu-2023-2lp\/\" \/>\n<meta property=\"og:site_name\" content=\"Vinilo Zona\" \/>\n<meta property=\"article:modified_time\" content=\"2024-12-16T13:09:13+00:00\" \/>\n<meta property=\"og:image\" content=\"https:\/\/vinilozona.lt\/wp-content\/uploads\/2023\/02\/1-Kabaretas_Cover.jpg\" \/>\n\t<meta property=\"og:image:width\" content=\"878\" \/>\n\t<meta property=\"og:image:height\" content=\"877\" \/>\n\t<meta property=\"og:image:type\" content=\"image\/jpeg\" \/>\n<meta name=\"twitter:card\" content=\"summary_large_image\" \/>\n<meta name=\"twitter:label1\" content=\"Estimated reading time\" \/>\n\t<meta name=\"twitter:data1\" content=\"1 minute\" \/>\n<script type=\"application\/ld+json\" class=\"yoast-schema-graph\">{\"@context\":\"https:\/\/schema.org\",\"@graph\":[{\"@type\":\"WebPage\",\"@id\":\"https:\/\/vinilozona.lt\/parduotuve\/lietuviska\/kabaretas-tarp-girnu-2023-2lp\/\",\"url\":\"https:\/\/vinilozona.lt\/parduotuve\/lietuviska\/kabaretas-tarp-girnu-2023-2lp\/\",\"name\":\"Vytautas Kernagis ir Kabaretas \u201eTarp girn\u0173\u201d 2023 \/ 2LP Vinilin\u0117 Plok\u0161tel\u0117 | Vinilozona.lt\",\"isPartOf\":{\"@id\":\"https:\/\/vinilozona.lt\/#website\"},\"primaryImageOfPage\":{\"@id\":\"https:\/\/vinilozona.lt\/parduotuve\/lietuviska\/kabaretas-tarp-girnu-2023-2lp\/#primaryimage\"},\"image\":{\"@id\":\"https:\/\/vinilozona.lt\/parduotuve\/lietuviska\/kabaretas-tarp-girnu-2023-2lp\/#primaryimage\"},\"thumbnailUrl\":\"https:\/\/vinilozona.lt\/wp-content\/uploads\/2023\/02\/1-Kabaretas_Cover.jpg\",\"datePublished\":\"2024-09-21T12:37:52+00:00\",\"dateModified\":\"2024-12-16T13:09:13+00:00\",\"breadcrumb\":{\"@id\":\"https:\/\/vinilozona.lt\/parduotuve\/lietuviska\/kabaretas-tarp-girnu-2023-2lp\/#breadcrumb\"},\"inLanguage\":\"en-GB\",\"potentialAction\":[{\"@type\":\"ReadAction\",\"target\":[\"https:\/\/vinilozona.lt\/parduotuve\/lietuviska\/kabaretas-tarp-girnu-2023-2lp\/\"]}]},{\"@type\":\"ImageObject\",\"inLanguage\":\"en-GB\",\"@id\":\"https:\/\/vinilozona.lt\/parduotuve\/lietuviska\/kabaretas-tarp-girnu-2023-2lp\/#primaryimage\",\"url\":\"https:\/\/vinilozona.lt\/wp-content\/uploads\/2023\/02\/1-Kabaretas_Cover.jpg\",\"contentUrl\":\"https:\/\/vinilozona.lt\/wp-content\/uploads\/2023\/02\/1-Kabaretas_Cover.jpg\",\"width\":878,\"height\":877},{\"@type\":\"BreadcrumbList\",\"@id\":\"https:\/\/vinilozona.lt\/parduotuve\/lietuviska\/kabaretas-tarp-girnu-2023-2lp\/#breadcrumb\",\"itemListElement\":[{\"@type\":\"ListItem\",\"position\":1,\"name\":\"Home\",\"item\":\"https:\/\/vinilozona.lt\/\"},{\"@type\":\"ListItem\",\"position\":2,\"name\":\"Parduotuv\u0117\",\"item\":\"https:\/\/vinilozona.lt\/parduotuve\/\"},{\"@type\":\"ListItem\",\"position\":3,\"name\":\"Vytautas Kernagis ir Kabaretas \u201eTarp girn\u0173\u201d 2023 \/ 2LP\"}]},{\"@type\":\"WebSite\",\"@id\":\"https:\/\/vinilozona.lt\/#website\",\"url\":\"https:\/\/vinilozona.lt\/\",\"name\":\"Vinilo Zona\",\"description\":\"Nup\u016bsk dulkes ir klausyk LP\",\"potentialAction\":[{\"@type\":\"SearchAction\",\"target\":{\"@type\":\"EntryPoint\",\"urlTemplate\":\"https:\/\/vinilozona.lt\/?s={search_term_string}\"},\"query-input\":{\"@type\":\"PropertyValueSpecification\",\"valueRequired\":true,\"valueName\":\"search_term_string\"}}],\"inLanguage\":\"en-GB\"}]}<\/script>\n<!-- \/ Yoast SEO plugin. -->","yoast_head_json":{"title":"Vytautas Kernagis ir Kabaretas \u201eTarp girn\u0173\u201d 2023 \/ 2LP Vinilin\u0117 Plok\u0161tel\u0117 | Vinilozona.lt","robots":{"index":"index","follow":"follow","max-snippet":"max-snippet:-1","max-image-preview":"max-image-preview:large","max-video-preview":"max-video-preview:-1"},"canonical":"https:\/\/vinilozona.lt\/en\/parduotuve\/lietuviska\/kabaretas-tarp-girnu-2023-2lp\/","og_locale":"en_GB","og_type":"article","og_title":"Vytautas Kernagis ir Kabaretas \u201eTarp girn\u0173\u201d 2023 \/ 2LP Vinilin\u0117 Plok\u0161tel\u0117 | Vinilozona.lt","og_description":"Dviguba 12\u201d vinilin\u0117 plok\u0161tel\u0117. Svoris \u2013 180 g. Pagaminta Latvijoje 2023","og_url":"https:\/\/vinilozona.lt\/en\/parduotuve\/lietuviska\/kabaretas-tarp-girnu-2023-2lp\/","og_site_name":"Vinilo Zona","article_modified_time":"2024-12-16T13:09:13+00:00","og_image":[{"width":878,"height":877,"url":"https:\/\/vinilozona.lt\/wp-content\/uploads\/2023\/02\/1-Kabaretas_Cover.jpg","type":"image\/jpeg"}],"twitter_card":"summary_large_image","twitter_misc":{"Estimated reading time":"1 minute"},"schema":{"@context":"https:\/\/schema.org","@graph":[{"@type":"WebPage","@id":"https:\/\/vinilozona.lt\/parduotuve\/lietuviska\/kabaretas-tarp-girnu-2023-2lp\/","url":"https:\/\/vinilozona.lt\/parduotuve\/lietuviska\/kabaretas-tarp-girnu-2023-2lp\/","name":"Vytautas Kernagis ir Kabaretas \u201eTarp girn\u0173\u201d 2023 \/ 2LP Vinilin\u0117 Plok\u0161tel\u0117 | Vinilozona.lt","isPartOf":{"@id":"https:\/\/vinilozona.lt\/#website"},"primaryImageOfPage":{"@id":"https:\/\/vinilozona.lt\/parduotuve\/lietuviska\/kabaretas-tarp-girnu-2023-2lp\/#primaryimage"},"image":{"@id":"https:\/\/vinilozona.lt\/parduotuve\/lietuviska\/kabaretas-tarp-girnu-2023-2lp\/#primaryimage"},"thumbnailUrl":"https:\/\/vinilozona.lt\/wp-content\/uploads\/2023\/02\/1-Kabaretas_Cover.jpg","datePublished":"2024-09-21T12:37:52+00:00","dateModified":"2024-12-16T13:09:13+00:00","breadcrumb":{"@id":"https:\/\/vinilozona.lt\/parduotuve\/lietuviska\/kabaretas-tarp-girnu-2023-2lp\/#breadcrumb"},"inLanguage":"en-GB","potentialAction":[{"@type":"ReadAction","target":["https:\/\/vinilozona.lt\/parduotuve\/lietuviska\/kabaretas-tarp-girnu-2023-2lp\/"]}]},{"@type":"ImageObject","inLanguage":"en-GB","@id":"https:\/\/vinilozona.lt\/parduotuve\/lietuviska\/kabaretas-tarp-girnu-2023-2lp\/#primaryimage","url":"https:\/\/vinilozona.lt\/wp-content\/uploads\/2023\/02\/1-Kabaretas_Cover.jpg","contentUrl":"https:\/\/vinilozona.lt\/wp-content\/uploads\/2023\/02\/1-Kabaretas_Cover.jpg","width":878,"height":877},{"@type":"BreadcrumbList","@id":"https:\/\/vinilozona.lt\/parduotuve\/lietuviska\/kabaretas-tarp-girnu-2023-2lp\/#breadcrumb","itemListElement":[{"@type":"ListItem","position":1,"name":"Home","item":"https:\/\/vinilozona.lt\/"},{"@type":"ListItem","position":2,"name":"Parduotuv\u0117","item":"https:\/\/vinilozona.lt\/parduotuve\/"},{"@type":"ListItem","position":3,"name":"Vytautas Kernagis ir Kabaretas \u201eTarp girn\u0173\u201d 2023 \/ 2LP"}]},{"@type":"WebSite","@id":"https:\/\/vinilozona.lt\/#website","url":"https:\/\/vinilozona.lt\/","name":"Vinilo Zona","description":"Nup\u016bsk dulkes ir klausyk LP","potentialAction":[{"@type":"SearchAction","target":{"@type":"EntryPoint","urlTemplate":"https:\/\/vinilozona.lt\/?s={search_term_string}"},"query-input":{"@type":"PropertyValueSpecification","valueRequired":true,"valueName":"search_term_string"}}],"inLanguage":"en-GB"}]}},"_links":{"self":[{"href":"https:\/\/vinilozona.lt\/en\/wp-json\/wp\/v2\/product\/21568"}],"collection":[{"href":"https:\/\/vinilozona.lt\/en\/wp-json\/wp\/v2\/product"}],"about":[{"href":"https:\/\/vinilozona.lt\/en\/wp-json\/wp\/v2\/types\/product"}],"wp:featuredmedia":[{"embeddable":true,"href":"https:\/\/vinilozona.lt\/en\/wp-json\/wp\/v2\/media\/21569"}],"wp:attachment":[{"href":"https:\/\/vinilozona.lt\/en\/wp-json\/wp\/v2\/media?parent=21568"}],"wp:term":[{"taxonomy":"product_cat","embeddable":true,"href":"https:\/\/vinilozona.lt\/en\/wp-json\/wp\/v2\/product_cat?post=21568"},{"taxonomy":"product_tag","embeddable":true,"href":"https:\/\/vinilozona.lt\/en\/wp-json\/wp\/v2\/product_tag?post=21568"}],"curies":[{"name":"wp","href":"https:\/\/api.w.org\/{rel}","templated":true}]}}