{"id":21429,"date":"2023-11-30T05:01:06","date_gmt":"2023-11-30T03:01:06","guid":{"rendered":"https:\/\/vinilozona.lt\/?post_type=product&#038;p=21429"},"modified":"2026-01-10T23:20:11","modified_gmt":"2026-01-10T21:20:11","slug":"various-the-70s-album","status":"publish","type":"product","link":"https:\/\/vinilozona.lt\/en\/parduotuve\/naujos-lp\/various-the-70s-album\/","title":{"rendered":"Bob Marley \u2013 Songs Of Freedom &#8211; The Island Years"},"content":{"rendered":"<p>A1\tThe Wailers\u2013\tHigh Tide Or Low Tide<br \/>\nA2\tThe Wailers\u2013\tSlave Driver<br \/>\nA3\tThe Wailers\u2013\tNo More Trouble<br \/>\nA4\tThe Wailers\u2013\tConcrete Jungle<br \/>\nA5\tThe Wailers\u2013\tGet Up Stand Up<br \/>\nB1\tThe Wailers\u2013\tRastaman Chant<br \/>\nB2\tThe Wailers\u2013\tBurnin&#8217; And Lootin&#8217;<br \/>\nB3\tBob Marley &#038; The Wailers\u2013\tIron Lion Zion<br \/>\nB4\tBob Marley &#038; The Wailers\u2013\tLively Up Yourself<br \/>\nC1\tBob Marley &#038; The Wailers\u2013\tNatty Dread<br \/>\nC2\tBob Marley &#038; The Wailers\u2013\tI Shot The Sheriff (Live)<br \/>\nC3\tBob Marley\u2013\tNo Woman No Cry (Live At The Roxy)<br \/>\nD1\tBob Marley\u2013\tWho The Cap Fit<br \/>\nD2\tBob Marley\u2013\tJah Live<br \/>\nD3\tBob Marley\u2013\tCrazy Baldhead<br \/>\nD4\tBob Marley\u2013\tWar<br \/>\nE1\tBob Marley\u2013\tJohnny Was<br \/>\nE2\tBob Marley\u2013\tRat Race<br \/>\nE3\tBob Marley\u2013\tJammin&#8217; (12&#8243; Mix)<br \/>\nE4\tBob Marley\u2013\tWaiting In Vain (Advert Mix)<br \/>\nF1\tBob Marley\u2013\tExodus (12&#8243; Mix)<br \/>\nF2\tBob Marley\u2013\tNatural Mystic<br \/>\nF3\tBob Marley\u2013\tThree Little Birds (Alternate Mix)<br \/>\nF4\tBob Marley\u2013\tRunning Away<br \/>\nG1\tBob Marley\u2013\tKeep On Moving (London Version)<br \/>\nG2\tBob Marley\u2013\tEasy Skanking<br \/>\nG3\tBob Marley\u2013\tIs This Love (Horns Mix)<br \/>\nG4\tBob Marley\u2013\tSmile Jamaica<br \/>\nH1\tBob Marley\u2013\tTime Will Tell<br \/>\nH2\tBob Marley\u2013\tAfrica Unite<br \/>\nH3\tBob Marley\u2013\tSurvival<br \/>\nH4\tBob Marley\u2013\tOne Drop<br \/>\nH5\tBob Marley\u2013\tOne Dub<br \/>\nI1\tBob Marley\u2013\tZimbabwe<br \/>\nI2\tBob Marley\u2013\tSo Much Trouble In The World<br \/>\nI3\tBob Marley\u2013\tRide Natty Ride (12&#8243; Mix)<br \/>\nJ1\tBob Marley\u2013\tBabylon System<br \/>\nJ2\tBob Marley\u2013\tComing In From The Cold (12&#8243; Mix)<br \/>\nJ3\tBob Marley\u2013\tReal Situation<br \/>\nJ4\tBob Marley\u2013\tBad Card<br \/>\nK1\tBob Marley\u2013\tCould You Be Loved (12&#8243; Mix)<br \/>\nK2\tBob Marley\u2013\tForever Loving Jah<br \/>\nK3\tBob Marley\u2013\tRastaman Live Up<br \/>\nK4\tBob Marley\u2013\tGive Thanks And Praises<br \/>\nL1\tBob Marley\u2013\tOne Love \/ People Get Ready (12&#8243; Mix)<br \/>\nL2\tBob Marley\u2013\tWhy Should I<br \/>\nL3\tBob Marley\u2013\tRedemption Song (Live In Pittsburgh)<\/p>","protected":false},"excerpt":{"rendered":"<p>Tuff Gong \u2013 5393132, Island Records \u2013 5393132<br \/>\nFormat:<br \/>\nBox Set, Compilation<br \/>\n6 x Vinyl, LP<br \/>\nCountry:\tEU<br \/>\nReleased:\tFeb 5, 2021<\/p>","protected":false},"featured_media":23648,"template":"","meta":[],"product_cat":[54,23],"product_tag":[74],"yoast_head":"<!-- This site is optimized with the Yoast SEO plugin v23.5 - https:\/\/yoast.com\/wordpress\/plugins\/seo\/ -->\n<title>Bob Marley \u2013 Songs Of Freedom - The Island Years Vinilin\u0117 Plok\u0161tel\u0117 | Vinilozona.lt<\/title>\n<meta name=\"robots\" content=\"index, follow, max-snippet:-1, max-image-preview:large, max-video-preview:-1\" \/>\n<link rel=\"canonical\" href=\"https:\/\/vinilozona.lt\/en\/parduotuve\/naujos-lp\/various-the-70s-album\/\" \/>\n<meta property=\"og:locale\" content=\"en_GB\" \/>\n<meta property=\"og:type\" content=\"article\" \/>\n<meta property=\"og:title\" content=\"Bob Marley \u2013 Songs Of Freedom - The Island Years Vinilin\u0117 Plok\u0161tel\u0117 | Vinilozona.lt\" \/>\n<meta property=\"og:description\" content=\"Tuff Gong \u2013 5393132, Island Records \u2013 5393132 Format:  Box Set, Compilation 6 x Vinyl, LP Country: EU Released: Feb 5, 2021\" \/>\n<meta property=\"og:url\" content=\"https:\/\/vinilozona.lt\/en\/parduotuve\/naujos-lp\/various-the-70s-album\/\" \/>\n<meta property=\"og:site_name\" content=\"Vinilo Zona\" \/>\n<meta property=\"article:modified_time\" content=\"2026-01-10T21:20:11+00:00\" \/>\n<meta property=\"og:image\" content=\"https:\/\/vinilozona.lt\/wp-content\/uploads\/2023\/02\/R-17236849-1612354388-1981.jpg\" \/>\n\t<meta property=\"og:image:width\" content=\"599\" \/>\n\t<meta property=\"og:image:height\" content=\"594\" \/>\n\t<meta property=\"og:image:type\" content=\"image\/jpeg\" \/>\n<meta name=\"twitter:card\" content=\"summary_large_image\" \/>\n<meta name=\"twitter:label1\" content=\"Estimated reading time\" \/>\n\t<meta name=\"twitter:data1\" content=\"1 minute\" \/>\n<script type=\"application\/ld+json\" class=\"yoast-schema-graph\">{\"@context\":\"https:\/\/schema.org\",\"@graph\":[{\"@type\":\"WebPage\",\"@id\":\"https:\/\/vinilozona.lt\/parduotuve\/naujos-lp\/various-the-70s-album\/\",\"url\":\"https:\/\/vinilozona.lt\/parduotuve\/naujos-lp\/various-the-70s-album\/\",\"name\":\"Bob Marley \u2013 Songs Of Freedom - The Island Years Vinilin\u0117 Plok\u0161tel\u0117 | Vinilozona.lt\",\"isPartOf\":{\"@id\":\"https:\/\/vinilozona.lt\/#website\"},\"primaryImageOfPage\":{\"@id\":\"https:\/\/vinilozona.lt\/parduotuve\/naujos-lp\/various-the-70s-album\/#primaryimage\"},\"image\":{\"@id\":\"https:\/\/vinilozona.lt\/parduotuve\/naujos-lp\/various-the-70s-album\/#primaryimage\"},\"thumbnailUrl\":\"https:\/\/vinilozona.lt\/wp-content\/uploads\/2023\/02\/R-17236849-1612354388-1981.jpg\",\"datePublished\":\"2023-11-30T03:01:06+00:00\",\"dateModified\":\"2026-01-10T21:20:11+00:00\",\"breadcrumb\":{\"@id\":\"https:\/\/vinilozona.lt\/parduotuve\/naujos-lp\/various-the-70s-album\/#breadcrumb\"},\"inLanguage\":\"en-GB\",\"potentialAction\":[{\"@type\":\"ReadAction\",\"target\":[\"https:\/\/vinilozona.lt\/parduotuve\/naujos-lp\/various-the-70s-album\/\"]}]},{\"@type\":\"ImageObject\",\"inLanguage\":\"en-GB\",\"@id\":\"https:\/\/vinilozona.lt\/parduotuve\/naujos-lp\/various-the-70s-album\/#primaryimage\",\"url\":\"https:\/\/vinilozona.lt\/wp-content\/uploads\/2023\/02\/R-17236849-1612354388-1981.jpg\",\"contentUrl\":\"https:\/\/vinilozona.lt\/wp-content\/uploads\/2023\/02\/R-17236849-1612354388-1981.jpg\",\"width\":599,\"height\":594},{\"@type\":\"BreadcrumbList\",\"@id\":\"https:\/\/vinilozona.lt\/parduotuve\/naujos-lp\/various-the-70s-album\/#breadcrumb\",\"itemListElement\":[{\"@type\":\"ListItem\",\"position\":1,\"name\":\"Home\",\"item\":\"https:\/\/vinilozona.lt\/\"},{\"@type\":\"ListItem\",\"position\":2,\"name\":\"Parduotuv\u0117\",\"item\":\"https:\/\/vinilozona.lt\/parduotuve\/\"},{\"@type\":\"ListItem\",\"position\":3,\"name\":\"Bob Marley \u2013 Songs Of Freedom &#8211; The Island Years\"}]},{\"@type\":\"WebSite\",\"@id\":\"https:\/\/vinilozona.lt\/#website\",\"url\":\"https:\/\/vinilozona.lt\/\",\"name\":\"Vinilo Zona\",\"description\":\"Nup\u016bsk dulkes ir klausyk LP\",\"potentialAction\":[{\"@type\":\"SearchAction\",\"target\":{\"@type\":\"EntryPoint\",\"urlTemplate\":\"https:\/\/vinilozona.lt\/?s={search_term_string}\"},\"query-input\":{\"@type\":\"PropertyValueSpecification\",\"valueRequired\":true,\"valueName\":\"search_term_string\"}}],\"inLanguage\":\"en-GB\"}]}<\/script>\n<!-- \/ Yoast SEO plugin. -->","yoast_head_json":{"title":"Bob Marley \u2013 Songs Of Freedom - The Island Years Vinilin\u0117 Plok\u0161tel\u0117 | Vinilozona.lt","robots":{"index":"index","follow":"follow","max-snippet":"max-snippet:-1","max-image-preview":"max-image-preview:large","max-video-preview":"max-video-preview:-1"},"canonical":"https:\/\/vinilozona.lt\/en\/parduotuve\/naujos-lp\/various-the-70s-album\/","og_locale":"en_GB","og_type":"article","og_title":"Bob Marley \u2013 Songs Of Freedom - The Island Years Vinilin\u0117 Plok\u0161tel\u0117 | Vinilozona.lt","og_description":"Tuff Gong \u2013 5393132, Island Records \u2013 5393132 Format:  Box Set, Compilation 6 x Vinyl, LP Country: EU Released: Feb 5, 2021","og_url":"https:\/\/vinilozona.lt\/en\/parduotuve\/naujos-lp\/various-the-70s-album\/","og_site_name":"Vinilo Zona","article_modified_time":"2026-01-10T21:20:11+00:00","og_image":[{"width":599,"height":594,"url":"https:\/\/vinilozona.lt\/wp-content\/uploads\/2023\/02\/R-17236849-1612354388-1981.jpg","type":"image\/jpeg"}],"twitter_card":"summary_large_image","twitter_misc":{"Estimated reading time":"1 minute"},"schema":{"@context":"https:\/\/schema.org","@graph":[{"@type":"WebPage","@id":"https:\/\/vinilozona.lt\/parduotuve\/naujos-lp\/various-the-70s-album\/","url":"https:\/\/vinilozona.lt\/parduotuve\/naujos-lp\/various-the-70s-album\/","name":"Bob Marley \u2013 Songs Of Freedom - The Island Years Vinilin\u0117 Plok\u0161tel\u0117 | Vinilozona.lt","isPartOf":{"@id":"https:\/\/vinilozona.lt\/#website"},"primaryImageOfPage":{"@id":"https:\/\/vinilozona.lt\/parduotuve\/naujos-lp\/various-the-70s-album\/#primaryimage"},"image":{"@id":"https:\/\/vinilozona.lt\/parduotuve\/naujos-lp\/various-the-70s-album\/#primaryimage"},"thumbnailUrl":"https:\/\/vinilozona.lt\/wp-content\/uploads\/2023\/02\/R-17236849-1612354388-1981.jpg","datePublished":"2023-11-30T03:01:06+00:00","dateModified":"2026-01-10T21:20:11+00:00","breadcrumb":{"@id":"https:\/\/vinilozona.lt\/parduotuve\/naujos-lp\/various-the-70s-album\/#breadcrumb"},"inLanguage":"en-GB","potentialAction":[{"@type":"ReadAction","target":["https:\/\/vinilozona.lt\/parduotuve\/naujos-lp\/various-the-70s-album\/"]}]},{"@type":"ImageObject","inLanguage":"en-GB","@id":"https:\/\/vinilozona.lt\/parduotuve\/naujos-lp\/various-the-70s-album\/#primaryimage","url":"https:\/\/vinilozona.lt\/wp-content\/uploads\/2023\/02\/R-17236849-1612354388-1981.jpg","contentUrl":"https:\/\/vinilozona.lt\/wp-content\/uploads\/2023\/02\/R-17236849-1612354388-1981.jpg","width":599,"height":594},{"@type":"BreadcrumbList","@id":"https:\/\/vinilozona.lt\/parduotuve\/naujos-lp\/various-the-70s-album\/#breadcrumb","itemListElement":[{"@type":"ListItem","position":1,"name":"Home","item":"https:\/\/vinilozona.lt\/"},{"@type":"ListItem","position":2,"name":"Parduotuv\u0117","item":"https:\/\/vinilozona.lt\/parduotuve\/"},{"@type":"ListItem","position":3,"name":"Bob Marley \u2013 Songs Of Freedom &#8211; The Island Years"}]},{"@type":"WebSite","@id":"https:\/\/vinilozona.lt\/#website","url":"https:\/\/vinilozona.lt\/","name":"Vinilo Zona","description":"Nup\u016bsk dulkes ir klausyk LP","potentialAction":[{"@type":"SearchAction","target":{"@type":"EntryPoint","urlTemplate":"https:\/\/vinilozona.lt\/?s={search_term_string}"},"query-input":{"@type":"PropertyValueSpecification","valueRequired":true,"valueName":"search_term_string"}}],"inLanguage":"en-GB"}]}},"_links":{"self":[{"href":"https:\/\/vinilozona.lt\/en\/wp-json\/wp\/v2\/product\/21429"}],"collection":[{"href":"https:\/\/vinilozona.lt\/en\/wp-json\/wp\/v2\/product"}],"about":[{"href":"https:\/\/vinilozona.lt\/en\/wp-json\/wp\/v2\/types\/product"}],"wp:featuredmedia":[{"embeddable":true,"href":"https:\/\/vinilozona.lt\/en\/wp-json\/wp\/v2\/media\/23648"}],"wp:attachment":[{"href":"https:\/\/vinilozona.lt\/en\/wp-json\/wp\/v2\/media?parent=21429"}],"wp:term":[{"taxonomy":"product_cat","embeddable":true,"href":"https:\/\/vinilozona.lt\/en\/wp-json\/wp\/v2\/product_cat?post=21429"},{"taxonomy":"product_tag","embeddable":true,"href":"https:\/\/vinilozona.lt\/en\/wp-json\/wp\/v2\/product_tag?post=21429"}],"curies":[{"name":"wp","href":"https:\/\/api.w.org\/{rel}","templated":true}]}}