{"id":21427,"date":"2023-12-05T05:10:44","date_gmt":"2023-12-05T03:10:44","guid":{"rendered":"https:\/\/vinilozona.lt\/?post_type=product&#038;p=21427"},"modified":"2025-05-15T08:06:41","modified_gmt":"2025-05-15T05:06:41","slug":"various-the-60s-album","status":"publish","type":"product","link":"https:\/\/vinilozona.lt\/en\/parduotuve\/rock-pop\/various-the-60s-album\/","title":{"rendered":"Various &#8211; Welcome To The Metal Zone  2LP"},"content":{"rendered":"<p>A1\tRogue Male\u2013\tCrazy Motorcycle  3:35<br \/>\nA2\tExciter\u2013\tI Am The Beast  4:37<br \/>\nA3\tMercyful Fate\u2013\tNightmare  6:20<br \/>\nA4\tQ5\u2013\tPull The Trigger  4:00<br \/>\nB1\tWendy O. Williams\u2013\tI Love Sex (And Rock And Roll)  3:47<br \/>\nB2\tTank \u2013\tThe War Drags Ever On  7:55<br \/>\nB3\tMegadeth\u2013\tThe Skull Beneath The Skin  3:42<br \/>\nB4\tTKO \u2013\tRun Out Of Town  3:47<br \/>\nC1\tWaysted\u2013\tThe Price You Pay  5:48<br \/>\nC2\tBattleaxe\u2013\tChopper Attack  4:15<br \/>\nC3\tSavatage\u2013\tThe Dungeons Are Calling  4:46<br \/>\nC4\tLoudness \u2013\tCrazy Nights  4:04<br \/>\nD1\tExodus \u2013\tAnd Then There Were None  4:30<br \/>\nD2\tEarthshaker\u2013\tRadio Magic  4:34<br \/>\nD3\tAlaska \u2013\tRun With The Pack  3:29<br \/>\nD4\tThe Rods\u2013\tLet Them Eat Metal  3:52<br \/>\nD5\tJack Starr\u2013\tWild In The Streets  2:37<\/p>","protected":false},"excerpt":{"rendered":"<p>Music For Nations \u2013 MFN 49<br \/>\nFormat:<br \/>\n2 x Vinyl, LP, Compilation<br \/>\nCountry:\tUK<br \/>\nReleased:\t1985<br \/>\nGenre:\tRock<br \/>\nStyle:\tSpeed Metal, Heavy Metal, Thrash<\/p>","protected":false},"featured_media":23716,"template":"","meta":[],"product_cat":[15,906],"product_tag":[44],"yoast_head":"<!-- This site is optimized with the Yoast SEO plugin v23.5 - https:\/\/yoast.com\/wordpress\/plugins\/seo\/ -->\n<title>Various - Welcome To The Metal Zone 2LP Vinilin\u0117 Plok\u0161tel\u0117 | Vinilozona.lt<\/title>\n<meta name=\"robots\" content=\"index, follow, max-snippet:-1, max-image-preview:large, max-video-preview:-1\" \/>\n<link rel=\"canonical\" href=\"https:\/\/vinilozona.lt\/en\/parduotuve\/rock-pop\/various-the-60s-album\/\" \/>\n<meta property=\"og:locale\" content=\"en_GB\" \/>\n<meta property=\"og:type\" content=\"article\" \/>\n<meta property=\"og:title\" content=\"Various - Welcome To The Metal Zone 2LP Vinilin\u0117 Plok\u0161tel\u0117 | Vinilozona.lt\" \/>\n<meta property=\"og:description\" content=\"Music For Nations \u2013 MFN 49 Format:  2 x Vinyl, LP, Compilation Country: UK Released: 1985 Genre: Rock Style: Speed Metal, Heavy Metal, Thrash\" \/>\n<meta property=\"og:url\" content=\"https:\/\/vinilozona.lt\/en\/parduotuve\/rock-pop\/various-the-60s-album\/\" \/>\n<meta property=\"og:site_name\" content=\"Vinilo Zona\" \/>\n<meta property=\"article:modified_time\" content=\"2025-05-15T05:06:41+00:00\" \/>\n<meta property=\"og:image\" content=\"https:\/\/vinilozona.lt\/wp-content\/uploads\/2023\/02\/R-766568-1324838805.jpg\" \/>\n\t<meta property=\"og:image:width\" content=\"572\" \/>\n\t<meta property=\"og:image:height\" content=\"587\" \/>\n\t<meta property=\"og:image:type\" content=\"image\/jpeg\" \/>\n<meta name=\"twitter:card\" content=\"summary_large_image\" \/>\n<meta name=\"twitter:label1\" content=\"Estimated reading time\" \/>\n\t<meta name=\"twitter:data1\" content=\"1 minute\" \/>\n<script type=\"application\/ld+json\" class=\"yoast-schema-graph\">{\"@context\":\"https:\/\/schema.org\",\"@graph\":[{\"@type\":\"WebPage\",\"@id\":\"https:\/\/vinilozona.lt\/parduotuve\/rock-pop\/various-the-60s-album\/\",\"url\":\"https:\/\/vinilozona.lt\/parduotuve\/rock-pop\/various-the-60s-album\/\",\"name\":\"Various - Welcome To The Metal Zone 2LP Vinilin\u0117 Plok\u0161tel\u0117 | Vinilozona.lt\",\"isPartOf\":{\"@id\":\"https:\/\/vinilozona.lt\/#website\"},\"primaryImageOfPage\":{\"@id\":\"https:\/\/vinilozona.lt\/parduotuve\/rock-pop\/various-the-60s-album\/#primaryimage\"},\"image\":{\"@id\":\"https:\/\/vinilozona.lt\/parduotuve\/rock-pop\/various-the-60s-album\/#primaryimage\"},\"thumbnailUrl\":\"https:\/\/vinilozona.lt\/wp-content\/uploads\/2023\/02\/R-766568-1324838805.jpg\",\"datePublished\":\"2023-12-05T03:10:44+00:00\",\"dateModified\":\"2025-05-15T05:06:41+00:00\",\"breadcrumb\":{\"@id\":\"https:\/\/vinilozona.lt\/parduotuve\/rock-pop\/various-the-60s-album\/#breadcrumb\"},\"inLanguage\":\"en-GB\",\"potentialAction\":[{\"@type\":\"ReadAction\",\"target\":[\"https:\/\/vinilozona.lt\/parduotuve\/rock-pop\/various-the-60s-album\/\"]}]},{\"@type\":\"ImageObject\",\"inLanguage\":\"en-GB\",\"@id\":\"https:\/\/vinilozona.lt\/parduotuve\/rock-pop\/various-the-60s-album\/#primaryimage\",\"url\":\"https:\/\/vinilozona.lt\/wp-content\/uploads\/2023\/02\/R-766568-1324838805.jpg\",\"contentUrl\":\"https:\/\/vinilozona.lt\/wp-content\/uploads\/2023\/02\/R-766568-1324838805.jpg\",\"width\":572,\"height\":587},{\"@type\":\"BreadcrumbList\",\"@id\":\"https:\/\/vinilozona.lt\/parduotuve\/rock-pop\/various-the-60s-album\/#breadcrumb\",\"itemListElement\":[{\"@type\":\"ListItem\",\"position\":1,\"name\":\"Home\",\"item\":\"https:\/\/vinilozona.lt\/\"},{\"@type\":\"ListItem\",\"position\":2,\"name\":\"Parduotuv\u0117\",\"item\":\"https:\/\/vinilozona.lt\/parduotuve\/\"},{\"@type\":\"ListItem\",\"position\":3,\"name\":\"Various &#8211; Welcome To The Metal Zone 2LP\"}]},{\"@type\":\"WebSite\",\"@id\":\"https:\/\/vinilozona.lt\/#website\",\"url\":\"https:\/\/vinilozona.lt\/\",\"name\":\"Vinilo Zona\",\"description\":\"Nup\u016bsk dulkes ir klausyk LP\",\"potentialAction\":[{\"@type\":\"SearchAction\",\"target\":{\"@type\":\"EntryPoint\",\"urlTemplate\":\"https:\/\/vinilozona.lt\/?s={search_term_string}\"},\"query-input\":{\"@type\":\"PropertyValueSpecification\",\"valueRequired\":true,\"valueName\":\"search_term_string\"}}],\"inLanguage\":\"en-GB\"}]}<\/script>\n<!-- \/ Yoast SEO plugin. -->","yoast_head_json":{"title":"Various - Welcome To The Metal Zone 2LP Vinilin\u0117 Plok\u0161tel\u0117 | Vinilozona.lt","robots":{"index":"index","follow":"follow","max-snippet":"max-snippet:-1","max-image-preview":"max-image-preview:large","max-video-preview":"max-video-preview:-1"},"canonical":"https:\/\/vinilozona.lt\/en\/parduotuve\/rock-pop\/various-the-60s-album\/","og_locale":"en_GB","og_type":"article","og_title":"Various - Welcome To The Metal Zone 2LP Vinilin\u0117 Plok\u0161tel\u0117 | Vinilozona.lt","og_description":"Music For Nations \u2013 MFN 49 Format:  2 x Vinyl, LP, Compilation Country: UK Released: 1985 Genre: Rock Style: Speed Metal, Heavy Metal, Thrash","og_url":"https:\/\/vinilozona.lt\/en\/parduotuve\/rock-pop\/various-the-60s-album\/","og_site_name":"Vinilo Zona","article_modified_time":"2025-05-15T05:06:41+00:00","og_image":[{"width":572,"height":587,"url":"https:\/\/vinilozona.lt\/wp-content\/uploads\/2023\/02\/R-766568-1324838805.jpg","type":"image\/jpeg"}],"twitter_card":"summary_large_image","twitter_misc":{"Estimated reading time":"1 minute"},"schema":{"@context":"https:\/\/schema.org","@graph":[{"@type":"WebPage","@id":"https:\/\/vinilozona.lt\/parduotuve\/rock-pop\/various-the-60s-album\/","url":"https:\/\/vinilozona.lt\/parduotuve\/rock-pop\/various-the-60s-album\/","name":"Various - Welcome To The Metal Zone 2LP Vinilin\u0117 Plok\u0161tel\u0117 | Vinilozona.lt","isPartOf":{"@id":"https:\/\/vinilozona.lt\/#website"},"primaryImageOfPage":{"@id":"https:\/\/vinilozona.lt\/parduotuve\/rock-pop\/various-the-60s-album\/#primaryimage"},"image":{"@id":"https:\/\/vinilozona.lt\/parduotuve\/rock-pop\/various-the-60s-album\/#primaryimage"},"thumbnailUrl":"https:\/\/vinilozona.lt\/wp-content\/uploads\/2023\/02\/R-766568-1324838805.jpg","datePublished":"2023-12-05T03:10:44+00:00","dateModified":"2025-05-15T05:06:41+00:00","breadcrumb":{"@id":"https:\/\/vinilozona.lt\/parduotuve\/rock-pop\/various-the-60s-album\/#breadcrumb"},"inLanguage":"en-GB","potentialAction":[{"@type":"ReadAction","target":["https:\/\/vinilozona.lt\/parduotuve\/rock-pop\/various-the-60s-album\/"]}]},{"@type":"ImageObject","inLanguage":"en-GB","@id":"https:\/\/vinilozona.lt\/parduotuve\/rock-pop\/various-the-60s-album\/#primaryimage","url":"https:\/\/vinilozona.lt\/wp-content\/uploads\/2023\/02\/R-766568-1324838805.jpg","contentUrl":"https:\/\/vinilozona.lt\/wp-content\/uploads\/2023\/02\/R-766568-1324838805.jpg","width":572,"height":587},{"@type":"BreadcrumbList","@id":"https:\/\/vinilozona.lt\/parduotuve\/rock-pop\/various-the-60s-album\/#breadcrumb","itemListElement":[{"@type":"ListItem","position":1,"name":"Home","item":"https:\/\/vinilozona.lt\/"},{"@type":"ListItem","position":2,"name":"Parduotuv\u0117","item":"https:\/\/vinilozona.lt\/parduotuve\/"},{"@type":"ListItem","position":3,"name":"Various &#8211; Welcome To The Metal Zone 2LP"}]},{"@type":"WebSite","@id":"https:\/\/vinilozona.lt\/#website","url":"https:\/\/vinilozona.lt\/","name":"Vinilo Zona","description":"Nup\u016bsk dulkes ir klausyk LP","potentialAction":[{"@type":"SearchAction","target":{"@type":"EntryPoint","urlTemplate":"https:\/\/vinilozona.lt\/?s={search_term_string}"},"query-input":{"@type":"PropertyValueSpecification","valueRequired":true,"valueName":"search_term_string"}}],"inLanguage":"en-GB"}]}},"_links":{"self":[{"href":"https:\/\/vinilozona.lt\/en\/wp-json\/wp\/v2\/product\/21427"}],"collection":[{"href":"https:\/\/vinilozona.lt\/en\/wp-json\/wp\/v2\/product"}],"about":[{"href":"https:\/\/vinilozona.lt\/en\/wp-json\/wp\/v2\/types\/product"}],"wp:featuredmedia":[{"embeddable":true,"href":"https:\/\/vinilozona.lt\/en\/wp-json\/wp\/v2\/media\/23716"}],"wp:attachment":[{"href":"https:\/\/vinilozona.lt\/en\/wp-json\/wp\/v2\/media?parent=21427"}],"wp:term":[{"taxonomy":"product_cat","embeddable":true,"href":"https:\/\/vinilozona.lt\/en\/wp-json\/wp\/v2\/product_cat?post=21427"},{"taxonomy":"product_tag","embeddable":true,"href":"https:\/\/vinilozona.lt\/en\/wp-json\/wp\/v2\/product_tag?post=21427"}],"curies":[{"name":"wp","href":"https:\/\/api.w.org\/{rel}","templated":true}]}}