{"id":21421,"date":"2023-02-09T11:13:17","date_gmt":"2023-02-09T09:13:17","guid":{"rendered":"https:\/\/vinilozona.lt\/?post_type=product&#038;p=21421"},"modified":"2023-02-24T12:30:49","modified_gmt":"2023-02-24T10:30:49","slug":"various-song-education-2","status":"publish","type":"product","link":"https:\/\/vinilozona.lt\/en\/parduotuve\/naujos-lp\/various-song-education-2\/","title":{"rendered":"Various \u2013 Song Education 2"},"content":{"rendered":"<p>A1\tThe Cure\u2013\tBoys Don&#8217;t Cry<br \/>\nA2\tPat Benatar\u2013\tLove Is A Battlefield<br \/>\nA3\tGordon Lightfoot\u2013\tIf You Could Read My Mind<br \/>\nA4\ta-ha\u2013\tTake On Me<br \/>\nA5\tShocking Blue\u2013\tVenus<br \/>\nA6\tVisage\u2013\tFade To Grey<br \/>\nA7\tBlue \u00d6yster Cult\u2013\t(Don&#8217;t Fear) The Reaper<br \/>\nB1\tThe Clash\u2013\tShould I Stay Or Should I Go<br \/>\nB2\tDead Or Alive\u2013\tYou Spin Me Round (Like A Record)<br \/>\nB3\tOrchestral Manoeuvres In The Dark\u2013\tIf You Leave<br \/>\nB4\tBand Of Horses\u2013\tCasual Party<br \/>\nB5\tLinda Ronstadt\u2013\tYou&#8217;re No Good<br \/>\nB6\tHue And Cry*\u2013\tLabour Of Love<br \/>\nB7\tThe Boomtown Rats\u2013\tI Don&#8217;t Like Mondays<\/p>","protected":false},"excerpt":{"rendered":"<p>Vinyl Base \u2013 VB003, Universal Music \u2013 VB003<br \/>\nSeries:\tSong Education \u2013 2<br \/>\nFormat:<br \/>\nVinyl, LP, Compilation, Limited Edition, Stereo, Yellow<br \/>\nCountry:\tEurope<br \/>\nReleased:\tDec 3, 2021<\/p>","protected":false},"featured_media":21422,"template":"","meta":[],"product_cat":[906,23],"product_tag":[74],"yoast_head":"<!-- This site is optimized with the Yoast SEO plugin v23.5 - https:\/\/yoast.com\/wordpress\/plugins\/seo\/ -->\n<title>Various \u2013 Song Education 2 Vinilin\u0117 Plok\u0161tel\u0117 | Vinilozona.lt<\/title>\n<meta name=\"robots\" content=\"index, follow, max-snippet:-1, max-image-preview:large, max-video-preview:-1\" \/>\n<link rel=\"canonical\" href=\"https:\/\/vinilozona.lt\/en\/parduotuve\/naujos-lp\/various-song-education-2\/\" \/>\n<meta property=\"og:locale\" content=\"en_GB\" \/>\n<meta property=\"og:type\" content=\"article\" \/>\n<meta property=\"og:title\" content=\"Various \u2013 Song Education 2 Vinilin\u0117 Plok\u0161tel\u0117 | Vinilozona.lt\" \/>\n<meta property=\"og:description\" content=\"Vinyl Base \u2013 VB003, Universal Music \u2013 VB003 Series: Song Education \u2013 2 Format:  Vinyl, LP, Compilation, Limited Edition, Stereo, Yellow Country: Europe Released: Dec 3, 2021\" \/>\n<meta property=\"og:url\" content=\"https:\/\/vinilozona.lt\/en\/parduotuve\/naujos-lp\/various-song-education-2\/\" \/>\n<meta property=\"og:site_name\" content=\"Vinilo Zona\" \/>\n<meta property=\"article:modified_time\" content=\"2023-02-24T10:30:49+00:00\" \/>\n<meta property=\"og:image\" content=\"https:\/\/vinilozona.lt\/wp-content\/uploads\/2023\/02\/R-21231622-1638662151-6139.jpg\" \/>\n\t<meta property=\"og:image:width\" content=\"596\" \/>\n\t<meta property=\"og:image:height\" content=\"600\" \/>\n\t<meta property=\"og:image:type\" content=\"image\/jpeg\" \/>\n<meta name=\"twitter:card\" content=\"summary_large_image\" \/>\n<meta name=\"twitter:label1\" content=\"Estimated reading time\" \/>\n\t<meta name=\"twitter:data1\" content=\"1 minute\" \/>\n<script type=\"application\/ld+json\" class=\"yoast-schema-graph\">{\"@context\":\"https:\/\/schema.org\",\"@graph\":[{\"@type\":\"WebPage\",\"@id\":\"https:\/\/vinilozona.lt\/parduotuve\/naujos-lp\/various-song-education-2\/\",\"url\":\"https:\/\/vinilozona.lt\/parduotuve\/naujos-lp\/various-song-education-2\/\",\"name\":\"Various \u2013 Song Education 2 Vinilin\u0117 Plok\u0161tel\u0117 | Vinilozona.lt\",\"isPartOf\":{\"@id\":\"https:\/\/vinilozona.lt\/#website\"},\"primaryImageOfPage\":{\"@id\":\"https:\/\/vinilozona.lt\/parduotuve\/naujos-lp\/various-song-education-2\/#primaryimage\"},\"image\":{\"@id\":\"https:\/\/vinilozona.lt\/parduotuve\/naujos-lp\/various-song-education-2\/#primaryimage\"},\"thumbnailUrl\":\"https:\/\/vinilozona.lt\/wp-content\/uploads\/2023\/02\/R-21231622-1638662151-6139.jpg\",\"datePublished\":\"2023-02-09T09:13:17+00:00\",\"dateModified\":\"2023-02-24T10:30:49+00:00\",\"breadcrumb\":{\"@id\":\"https:\/\/vinilozona.lt\/parduotuve\/naujos-lp\/various-song-education-2\/#breadcrumb\"},\"inLanguage\":\"en-GB\",\"potentialAction\":[{\"@type\":\"ReadAction\",\"target\":[\"https:\/\/vinilozona.lt\/parduotuve\/naujos-lp\/various-song-education-2\/\"]}]},{\"@type\":\"ImageObject\",\"inLanguage\":\"en-GB\",\"@id\":\"https:\/\/vinilozona.lt\/parduotuve\/naujos-lp\/various-song-education-2\/#primaryimage\",\"url\":\"https:\/\/vinilozona.lt\/wp-content\/uploads\/2023\/02\/R-21231622-1638662151-6139.jpg\",\"contentUrl\":\"https:\/\/vinilozona.lt\/wp-content\/uploads\/2023\/02\/R-21231622-1638662151-6139.jpg\",\"width\":596,\"height\":600},{\"@type\":\"BreadcrumbList\",\"@id\":\"https:\/\/vinilozona.lt\/parduotuve\/naujos-lp\/various-song-education-2\/#breadcrumb\",\"itemListElement\":[{\"@type\":\"ListItem\",\"position\":1,\"name\":\"Home\",\"item\":\"https:\/\/vinilozona.lt\/\"},{\"@type\":\"ListItem\",\"position\":2,\"name\":\"Parduotuv\u0117\",\"item\":\"https:\/\/vinilozona.lt\/parduotuve\/\"},{\"@type\":\"ListItem\",\"position\":3,\"name\":\"Various \u2013 Song Education 2\"}]},{\"@type\":\"WebSite\",\"@id\":\"https:\/\/vinilozona.lt\/#website\",\"url\":\"https:\/\/vinilozona.lt\/\",\"name\":\"Vinilo Zona\",\"description\":\"Nup\u016bsk dulkes ir klausyk LP\",\"potentialAction\":[{\"@type\":\"SearchAction\",\"target\":{\"@type\":\"EntryPoint\",\"urlTemplate\":\"https:\/\/vinilozona.lt\/?s={search_term_string}\"},\"query-input\":{\"@type\":\"PropertyValueSpecification\",\"valueRequired\":true,\"valueName\":\"search_term_string\"}}],\"inLanguage\":\"en-GB\"}]}<\/script>\n<!-- \/ Yoast SEO plugin. -->","yoast_head_json":{"title":"Various \u2013 Song Education 2 Vinilin\u0117 Plok\u0161tel\u0117 | Vinilozona.lt","robots":{"index":"index","follow":"follow","max-snippet":"max-snippet:-1","max-image-preview":"max-image-preview:large","max-video-preview":"max-video-preview:-1"},"canonical":"https:\/\/vinilozona.lt\/en\/parduotuve\/naujos-lp\/various-song-education-2\/","og_locale":"en_GB","og_type":"article","og_title":"Various \u2013 Song Education 2 Vinilin\u0117 Plok\u0161tel\u0117 | Vinilozona.lt","og_description":"Vinyl Base \u2013 VB003, Universal Music \u2013 VB003 Series: Song Education \u2013 2 Format:  Vinyl, LP, Compilation, Limited Edition, Stereo, Yellow Country: Europe Released: Dec 3, 2021","og_url":"https:\/\/vinilozona.lt\/en\/parduotuve\/naujos-lp\/various-song-education-2\/","og_site_name":"Vinilo Zona","article_modified_time":"2023-02-24T10:30:49+00:00","og_image":[{"width":596,"height":600,"url":"https:\/\/vinilozona.lt\/wp-content\/uploads\/2023\/02\/R-21231622-1638662151-6139.jpg","type":"image\/jpeg"}],"twitter_card":"summary_large_image","twitter_misc":{"Estimated reading time":"1 minute"},"schema":{"@context":"https:\/\/schema.org","@graph":[{"@type":"WebPage","@id":"https:\/\/vinilozona.lt\/parduotuve\/naujos-lp\/various-song-education-2\/","url":"https:\/\/vinilozona.lt\/parduotuve\/naujos-lp\/various-song-education-2\/","name":"Various \u2013 Song Education 2 Vinilin\u0117 Plok\u0161tel\u0117 | Vinilozona.lt","isPartOf":{"@id":"https:\/\/vinilozona.lt\/#website"},"primaryImageOfPage":{"@id":"https:\/\/vinilozona.lt\/parduotuve\/naujos-lp\/various-song-education-2\/#primaryimage"},"image":{"@id":"https:\/\/vinilozona.lt\/parduotuve\/naujos-lp\/various-song-education-2\/#primaryimage"},"thumbnailUrl":"https:\/\/vinilozona.lt\/wp-content\/uploads\/2023\/02\/R-21231622-1638662151-6139.jpg","datePublished":"2023-02-09T09:13:17+00:00","dateModified":"2023-02-24T10:30:49+00:00","breadcrumb":{"@id":"https:\/\/vinilozona.lt\/parduotuve\/naujos-lp\/various-song-education-2\/#breadcrumb"},"inLanguage":"en-GB","potentialAction":[{"@type":"ReadAction","target":["https:\/\/vinilozona.lt\/parduotuve\/naujos-lp\/various-song-education-2\/"]}]},{"@type":"ImageObject","inLanguage":"en-GB","@id":"https:\/\/vinilozona.lt\/parduotuve\/naujos-lp\/various-song-education-2\/#primaryimage","url":"https:\/\/vinilozona.lt\/wp-content\/uploads\/2023\/02\/R-21231622-1638662151-6139.jpg","contentUrl":"https:\/\/vinilozona.lt\/wp-content\/uploads\/2023\/02\/R-21231622-1638662151-6139.jpg","width":596,"height":600},{"@type":"BreadcrumbList","@id":"https:\/\/vinilozona.lt\/parduotuve\/naujos-lp\/various-song-education-2\/#breadcrumb","itemListElement":[{"@type":"ListItem","position":1,"name":"Home","item":"https:\/\/vinilozona.lt\/"},{"@type":"ListItem","position":2,"name":"Parduotuv\u0117","item":"https:\/\/vinilozona.lt\/parduotuve\/"},{"@type":"ListItem","position":3,"name":"Various \u2013 Song Education 2"}]},{"@type":"WebSite","@id":"https:\/\/vinilozona.lt\/#website","url":"https:\/\/vinilozona.lt\/","name":"Vinilo Zona","description":"Nup\u016bsk dulkes ir klausyk LP","potentialAction":[{"@type":"SearchAction","target":{"@type":"EntryPoint","urlTemplate":"https:\/\/vinilozona.lt\/?s={search_term_string}"},"query-input":{"@type":"PropertyValueSpecification","valueRequired":true,"valueName":"search_term_string"}}],"inLanguage":"en-GB"}]}},"_links":{"self":[{"href":"https:\/\/vinilozona.lt\/en\/wp-json\/wp\/v2\/product\/21421"}],"collection":[{"href":"https:\/\/vinilozona.lt\/en\/wp-json\/wp\/v2\/product"}],"about":[{"href":"https:\/\/vinilozona.lt\/en\/wp-json\/wp\/v2\/types\/product"}],"wp:featuredmedia":[{"embeddable":true,"href":"https:\/\/vinilozona.lt\/en\/wp-json\/wp\/v2\/media\/21422"}],"wp:attachment":[{"href":"https:\/\/vinilozona.lt\/en\/wp-json\/wp\/v2\/media?parent=21421"}],"wp:term":[{"taxonomy":"product_cat","embeddable":true,"href":"https:\/\/vinilozona.lt\/en\/wp-json\/wp\/v2\/product_cat?post=21421"},{"taxonomy":"product_tag","embeddable":true,"href":"https:\/\/vinilozona.lt\/en\/wp-json\/wp\/v2\/product_tag?post=21421"}],"curies":[{"name":"wp","href":"https:\/\/api.w.org\/{rel}","templated":true}]}}