{"id":21415,"date":"2023-02-09T05:27:52","date_gmt":"2023-02-09T03:27:52","guid":{"rendered":"https:\/\/vinilozona.lt\/?post_type=product&#038;p=21415"},"modified":"2025-03-07T16:27:01","modified_gmt":"2025-03-07T14:27:01","slug":"joe-dassin-a-lolympia-enregistrement-public","status":"publish","type":"product","link":"https:\/\/vinilozona.lt\/en\/parduotuve\/naujos-lp\/joe-dassin-a-lolympia-enregistrement-public\/","title":{"rendered":"Joe Dassin \u2013 A L&#8217;Olympia Enregistrement Public"},"content":{"rendered":"<p>A1\t\tOuverture : L&#8217;Am\u00e9rique  1:05<br \/>\nA2\t\tA Chacun Sa Chanson  3:10<br \/>\nA4\t\tSalut Les Amoureux  3:35<br \/>\nA5\t\tLe Moustique  2:15<br \/>\nA6\t\tOn S&#8217;En Va  3:25<br \/>\nA7\t\tQuand On A Seize Ans  2:20<br \/>\nB1\t\tTon Cot\u00e9 Du Lit  3:20<br \/>\nB2\t\tLe Berger (Sketch)  2:00<br \/>\nB3\t\tSweet Georgia Brown  4:15<br \/>\nPot-Pourri Americain\t10:00<br \/>\nB4.1\t\tBoogie Woogie Bugle Boy<br \/>\nB4.2\t\tPiano Roll Blues<br \/>\nB4.3\t\tLullaby Of Broadway<br \/>\nB4.4\t\tDon&#8217;t Sit Under The Apple Tree<br \/>\nB4.5\t\tRhum And Coca-cola<br \/>\nB4.6\t\tIn The Mood<br \/>\nC1\t\tLes Plus Belles Ann\u00e9es De Ma Vie  4:23<br \/>\nC2\t\tD\u00e9d\u00e9 Le Kid  2:40<br \/>\nC3\t\tQuand On A Du Feu  2:40<br \/>\nC4\t\tC&#8217;est La Vie, Lily  2:45<br \/>\nC5\t\tMarie-Jeanne  4:07<br \/>\nD1\t\tFais-Moi De L&#8217;Electricit\u00e9  2:23<br \/>\nPot-Pourri Francais\t9:30<br \/>\nD2.1\t\tLe Chemin De Papa<br \/>\nD2.2\t\tFais La Bise \u00e0 Ta Maman<br \/>\nD2.3\t\tCecilia<br \/>\nD2.4\t\tLa Fleur Aux Dents<br \/>\nD2.5\t\tMa Bonne Etoile<br \/>\nD2.6\t\tSiffler Sur La Colline<br \/>\nD2.7\t\tLa Complainte De L&#8217;heure De Pointe<br \/>\nD2.8\t\tLa Bande \u00e0 Bonnot<br \/>\nD2.9\t\tBilly Le Bordelais<br \/>\nD2.10\t\tLe Petit Pain Au Chocolat<br \/>\nD2.11\t\tLes Dalton<br \/>\nD3\t\tL&#8217;Am\u00e9rique  2:30<\/p>","protected":false},"excerpt":{"rendered":"<p>Sony Music \u2013 0190758195513<br \/>\nFormat:<br \/>\n2 x Vinyl, LP, Album, Gatefold Sleeve<br \/>\nCountry:<br \/>\nReleased:\tJul 6, 2018<\/p>","protected":false},"featured_media":21416,"template":"","meta":[],"product_cat":[23],"product_tag":[74],"yoast_head":"<!-- This site is optimized with the Yoast SEO plugin v23.5 - https:\/\/yoast.com\/wordpress\/plugins\/seo\/ -->\n<title>Joe Dassin \u2013 A L&#039;Olympia Enregistrement Public Vinilin\u0117 Plok\u0161tel\u0117 | Vinilozona.lt<\/title>\n<meta name=\"robots\" content=\"index, follow, max-snippet:-1, max-image-preview:large, max-video-preview:-1\" \/>\n<link rel=\"canonical\" href=\"https:\/\/vinilozona.lt\/en\/parduotuve\/naujos-lp\/joe-dassin-a-lolympia-enregistrement-public\/\" \/>\n<meta property=\"og:locale\" content=\"en_GB\" \/>\n<meta property=\"og:type\" content=\"article\" \/>\n<meta property=\"og:title\" content=\"Joe Dassin \u2013 A L&#039;Olympia Enregistrement Public Vinilin\u0117 Plok\u0161tel\u0117 | Vinilozona.lt\" \/>\n<meta property=\"og:description\" content=\"Sony Music \u2013 0190758195513 Format:  2 x Vinyl, LP, Album, Gatefold Sleeve Country:  Released: Jul 6, 2018\" \/>\n<meta property=\"og:url\" content=\"https:\/\/vinilozona.lt\/en\/parduotuve\/naujos-lp\/joe-dassin-a-lolympia-enregistrement-public\/\" \/>\n<meta property=\"og:site_name\" content=\"Vinilo Zona\" \/>\n<meta property=\"article:modified_time\" content=\"2025-03-07T14:27:01+00:00\" \/>\n<meta property=\"og:image\" content=\"https:\/\/vinilozona.lt\/wp-content\/uploads\/2023\/02\/R-12232212-1531039614-9615.jpg\" \/>\n\t<meta property=\"og:image:width\" content=\"599\" \/>\n\t<meta property=\"og:image:height\" content=\"599\" \/>\n\t<meta property=\"og:image:type\" content=\"image\/jpeg\" \/>\n<meta name=\"twitter:card\" content=\"summary_large_image\" \/>\n<meta name=\"twitter:label1\" content=\"Estimated reading time\" \/>\n\t<meta name=\"twitter:data1\" content=\"1 minute\" \/>\n<script type=\"application\/ld+json\" class=\"yoast-schema-graph\">{\"@context\":\"https:\/\/schema.org\",\"@graph\":[{\"@type\":\"WebPage\",\"@id\":\"https:\/\/vinilozona.lt\/parduotuve\/naujos-lp\/joe-dassin-a-lolympia-enregistrement-public\/\",\"url\":\"https:\/\/vinilozona.lt\/parduotuve\/naujos-lp\/joe-dassin-a-lolympia-enregistrement-public\/\",\"name\":\"Joe Dassin \u2013 A L'Olympia Enregistrement Public Vinilin\u0117 Plok\u0161tel\u0117 | Vinilozona.lt\",\"isPartOf\":{\"@id\":\"https:\/\/vinilozona.lt\/#website\"},\"primaryImageOfPage\":{\"@id\":\"https:\/\/vinilozona.lt\/parduotuve\/naujos-lp\/joe-dassin-a-lolympia-enregistrement-public\/#primaryimage\"},\"image\":{\"@id\":\"https:\/\/vinilozona.lt\/parduotuve\/naujos-lp\/joe-dassin-a-lolympia-enregistrement-public\/#primaryimage\"},\"thumbnailUrl\":\"https:\/\/vinilozona.lt\/wp-content\/uploads\/2023\/02\/R-12232212-1531039614-9615.jpg\",\"datePublished\":\"2023-02-09T03:27:52+00:00\",\"dateModified\":\"2025-03-07T14:27:01+00:00\",\"breadcrumb\":{\"@id\":\"https:\/\/vinilozona.lt\/parduotuve\/naujos-lp\/joe-dassin-a-lolympia-enregistrement-public\/#breadcrumb\"},\"inLanguage\":\"en-GB\",\"potentialAction\":[{\"@type\":\"ReadAction\",\"target\":[\"https:\/\/vinilozona.lt\/parduotuve\/naujos-lp\/joe-dassin-a-lolympia-enregistrement-public\/\"]}]},{\"@type\":\"ImageObject\",\"inLanguage\":\"en-GB\",\"@id\":\"https:\/\/vinilozona.lt\/parduotuve\/naujos-lp\/joe-dassin-a-lolympia-enregistrement-public\/#primaryimage\",\"url\":\"https:\/\/vinilozona.lt\/wp-content\/uploads\/2023\/02\/R-12232212-1531039614-9615.jpg\",\"contentUrl\":\"https:\/\/vinilozona.lt\/wp-content\/uploads\/2023\/02\/R-12232212-1531039614-9615.jpg\",\"width\":599,\"height\":599},{\"@type\":\"BreadcrumbList\",\"@id\":\"https:\/\/vinilozona.lt\/parduotuve\/naujos-lp\/joe-dassin-a-lolympia-enregistrement-public\/#breadcrumb\",\"itemListElement\":[{\"@type\":\"ListItem\",\"position\":1,\"name\":\"Home\",\"item\":\"https:\/\/vinilozona.lt\/\"},{\"@type\":\"ListItem\",\"position\":2,\"name\":\"Parduotuv\u0117\",\"item\":\"https:\/\/vinilozona.lt\/parduotuve\/\"},{\"@type\":\"ListItem\",\"position\":3,\"name\":\"Joe Dassin \u2013 A L&#8217;Olympia Enregistrement Public\"}]},{\"@type\":\"WebSite\",\"@id\":\"https:\/\/vinilozona.lt\/#website\",\"url\":\"https:\/\/vinilozona.lt\/\",\"name\":\"Vinilo Zona\",\"description\":\"Nup\u016bsk dulkes ir klausyk LP\",\"potentialAction\":[{\"@type\":\"SearchAction\",\"target\":{\"@type\":\"EntryPoint\",\"urlTemplate\":\"https:\/\/vinilozona.lt\/?s={search_term_string}\"},\"query-input\":{\"@type\":\"PropertyValueSpecification\",\"valueRequired\":true,\"valueName\":\"search_term_string\"}}],\"inLanguage\":\"en-GB\"}]}<\/script>\n<!-- \/ Yoast SEO plugin. -->","yoast_head_json":{"title":"Joe Dassin \u2013 A L'Olympia Enregistrement Public Vinilin\u0117 Plok\u0161tel\u0117 | Vinilozona.lt","robots":{"index":"index","follow":"follow","max-snippet":"max-snippet:-1","max-image-preview":"max-image-preview:large","max-video-preview":"max-video-preview:-1"},"canonical":"https:\/\/vinilozona.lt\/en\/parduotuve\/naujos-lp\/joe-dassin-a-lolympia-enregistrement-public\/","og_locale":"en_GB","og_type":"article","og_title":"Joe Dassin \u2013 A L'Olympia Enregistrement Public Vinilin\u0117 Plok\u0161tel\u0117 | Vinilozona.lt","og_description":"Sony Music \u2013 0190758195513 Format:  2 x Vinyl, LP, Album, Gatefold Sleeve Country:  Released: Jul 6, 2018","og_url":"https:\/\/vinilozona.lt\/en\/parduotuve\/naujos-lp\/joe-dassin-a-lolympia-enregistrement-public\/","og_site_name":"Vinilo Zona","article_modified_time":"2025-03-07T14:27:01+00:00","og_image":[{"width":599,"height":599,"url":"https:\/\/vinilozona.lt\/wp-content\/uploads\/2023\/02\/R-12232212-1531039614-9615.jpg","type":"image\/jpeg"}],"twitter_card":"summary_large_image","twitter_misc":{"Estimated reading time":"1 minute"},"schema":{"@context":"https:\/\/schema.org","@graph":[{"@type":"WebPage","@id":"https:\/\/vinilozona.lt\/parduotuve\/naujos-lp\/joe-dassin-a-lolympia-enregistrement-public\/","url":"https:\/\/vinilozona.lt\/parduotuve\/naujos-lp\/joe-dassin-a-lolympia-enregistrement-public\/","name":"Joe Dassin \u2013 A L'Olympia Enregistrement Public Vinilin\u0117 Plok\u0161tel\u0117 | Vinilozona.lt","isPartOf":{"@id":"https:\/\/vinilozona.lt\/#website"},"primaryImageOfPage":{"@id":"https:\/\/vinilozona.lt\/parduotuve\/naujos-lp\/joe-dassin-a-lolympia-enregistrement-public\/#primaryimage"},"image":{"@id":"https:\/\/vinilozona.lt\/parduotuve\/naujos-lp\/joe-dassin-a-lolympia-enregistrement-public\/#primaryimage"},"thumbnailUrl":"https:\/\/vinilozona.lt\/wp-content\/uploads\/2023\/02\/R-12232212-1531039614-9615.jpg","datePublished":"2023-02-09T03:27:52+00:00","dateModified":"2025-03-07T14:27:01+00:00","breadcrumb":{"@id":"https:\/\/vinilozona.lt\/parduotuve\/naujos-lp\/joe-dassin-a-lolympia-enregistrement-public\/#breadcrumb"},"inLanguage":"en-GB","potentialAction":[{"@type":"ReadAction","target":["https:\/\/vinilozona.lt\/parduotuve\/naujos-lp\/joe-dassin-a-lolympia-enregistrement-public\/"]}]},{"@type":"ImageObject","inLanguage":"en-GB","@id":"https:\/\/vinilozona.lt\/parduotuve\/naujos-lp\/joe-dassin-a-lolympia-enregistrement-public\/#primaryimage","url":"https:\/\/vinilozona.lt\/wp-content\/uploads\/2023\/02\/R-12232212-1531039614-9615.jpg","contentUrl":"https:\/\/vinilozona.lt\/wp-content\/uploads\/2023\/02\/R-12232212-1531039614-9615.jpg","width":599,"height":599},{"@type":"BreadcrumbList","@id":"https:\/\/vinilozona.lt\/parduotuve\/naujos-lp\/joe-dassin-a-lolympia-enregistrement-public\/#breadcrumb","itemListElement":[{"@type":"ListItem","position":1,"name":"Home","item":"https:\/\/vinilozona.lt\/"},{"@type":"ListItem","position":2,"name":"Parduotuv\u0117","item":"https:\/\/vinilozona.lt\/parduotuve\/"},{"@type":"ListItem","position":3,"name":"Joe Dassin \u2013 A L&#8217;Olympia Enregistrement Public"}]},{"@type":"WebSite","@id":"https:\/\/vinilozona.lt\/#website","url":"https:\/\/vinilozona.lt\/","name":"Vinilo Zona","description":"Nup\u016bsk dulkes ir klausyk LP","potentialAction":[{"@type":"SearchAction","target":{"@type":"EntryPoint","urlTemplate":"https:\/\/vinilozona.lt\/?s={search_term_string}"},"query-input":{"@type":"PropertyValueSpecification","valueRequired":true,"valueName":"search_term_string"}}],"inLanguage":"en-GB"}]}},"_links":{"self":[{"href":"https:\/\/vinilozona.lt\/en\/wp-json\/wp\/v2\/product\/21415"}],"collection":[{"href":"https:\/\/vinilozona.lt\/en\/wp-json\/wp\/v2\/product"}],"about":[{"href":"https:\/\/vinilozona.lt\/en\/wp-json\/wp\/v2\/types\/product"}],"wp:featuredmedia":[{"embeddable":true,"href":"https:\/\/vinilozona.lt\/en\/wp-json\/wp\/v2\/media\/21416"}],"wp:attachment":[{"href":"https:\/\/vinilozona.lt\/en\/wp-json\/wp\/v2\/media?parent=21415"}],"wp:term":[{"taxonomy":"product_cat","embeddable":true,"href":"https:\/\/vinilozona.lt\/en\/wp-json\/wp\/v2\/product_cat?post=21415"},{"taxonomy":"product_tag","embeddable":true,"href":"https:\/\/vinilozona.lt\/en\/wp-json\/wp\/v2\/product_tag?post=21415"}],"curies":[{"name":"wp","href":"https:\/\/api.w.org\/{rel}","templated":true}]}}