{"id":21373,"date":"2023-02-08T10:00:04","date_gmt":"2023-02-08T08:00:04","guid":{"rendered":"https:\/\/vinilozona.lt\/?post_type=product&#038;p=21373"},"modified":"2024-05-14T17:24:12","modified_gmt":"2024-05-14T14:24:12","slug":"henri-valentino-and-his-orchestra-top-hits-in-james-last-style","status":"publish","type":"product","link":"https:\/\/vinilozona.lt\/en\/parduotuve\/rock-pop\/henri-valentino-and-his-orchestra-top-hits-in-james-last-style\/","title":{"rendered":"Henri Valentino And His Orchestra \u2013 Top Hits In James Last Style"},"content":{"rendered":"<p>A1\t\tCottonfields<br \/>\nA2\t\tYellow River<br \/>\nA3\t\tLa Golondrina<br \/>\nA4\t\tCracklin&#8217; Rosie<br \/>\nA5\t\tClose To You<br \/>\nB1\t\tMontego Bay<br \/>\nB2\t\tBridge Over Troubled Water<br \/>\nB3\t\tLa Bamba<br \/>\nB4\t\tWhen I&#8217;m Dead And Gone<br \/>\nB5\t\tBlame It On The Pony Express<\/p>","protected":false},"excerpt":{"rendered":"<p>Boulevard \u2013 4152<br \/>\nFormat:<br \/>\nVinyl, LP, Album, Tranco Pressing<br \/>\nCountry:\tUK<br \/>\nReleased:\t1974<\/p>","protected":false},"featured_media":21374,"template":"","meta":[],"product_cat":[15],"product_tag":[44],"yoast_head":"<!-- This site is optimized with the Yoast SEO plugin v23.5 - https:\/\/yoast.com\/wordpress\/plugins\/seo\/ -->\n<title>Henri Valentino And His Orchestra \u2013 Top Hits In James Last Style Vinilin\u0117 Plok\u0161tel\u0117 | Vinilozona.lt<\/title>\n<meta name=\"robots\" content=\"index, follow, max-snippet:-1, max-image-preview:large, max-video-preview:-1\" \/>\n<link rel=\"canonical\" href=\"https:\/\/vinilozona.lt\/en\/parduotuve\/rock-pop\/henri-valentino-and-his-orchestra-top-hits-in-james-last-style\/\" \/>\n<meta property=\"og:locale\" content=\"en_GB\" \/>\n<meta property=\"og:type\" content=\"article\" \/>\n<meta property=\"og:title\" content=\"Henri Valentino And His Orchestra \u2013 Top Hits In James Last Style Vinilin\u0117 Plok\u0161tel\u0117 | Vinilozona.lt\" \/>\n<meta property=\"og:description\" content=\"Boulevard \u2013 4152 Format:  Vinyl, LP, Album, Tranco Pressing Country: UK Released: 1974\" \/>\n<meta property=\"og:url\" content=\"https:\/\/vinilozona.lt\/en\/parduotuve\/rock-pop\/henri-valentino-and-his-orchestra-top-hits-in-james-last-style\/\" \/>\n<meta property=\"og:site_name\" content=\"Vinilo Zona\" \/>\n<meta property=\"article:modified_time\" content=\"2024-05-14T14:24:12+00:00\" \/>\n<meta property=\"og:image\" content=\"https:\/\/vinilozona.lt\/wp-content\/uploads\/2023\/02\/R-15573062-1593857514-3309.jpg\" \/>\n\t<meta property=\"og:image:width\" content=\"600\" \/>\n\t<meta property=\"og:image:height\" content=\"595\" \/>\n\t<meta property=\"og:image:type\" content=\"image\/jpeg\" \/>\n<meta name=\"twitter:card\" content=\"summary_large_image\" \/>\n<script type=\"application\/ld+json\" class=\"yoast-schema-graph\">{\"@context\":\"https:\/\/schema.org\",\"@graph\":[{\"@type\":\"WebPage\",\"@id\":\"https:\/\/vinilozona.lt\/parduotuve\/rock-pop\/henri-valentino-and-his-orchestra-top-hits-in-james-last-style\/\",\"url\":\"https:\/\/vinilozona.lt\/parduotuve\/rock-pop\/henri-valentino-and-his-orchestra-top-hits-in-james-last-style\/\",\"name\":\"Henri Valentino And His Orchestra \u2013 Top Hits In James Last Style Vinilin\u0117 Plok\u0161tel\u0117 | Vinilozona.lt\",\"isPartOf\":{\"@id\":\"https:\/\/vinilozona.lt\/#website\"},\"primaryImageOfPage\":{\"@id\":\"https:\/\/vinilozona.lt\/parduotuve\/rock-pop\/henri-valentino-and-his-orchestra-top-hits-in-james-last-style\/#primaryimage\"},\"image\":{\"@id\":\"https:\/\/vinilozona.lt\/parduotuve\/rock-pop\/henri-valentino-and-his-orchestra-top-hits-in-james-last-style\/#primaryimage\"},\"thumbnailUrl\":\"https:\/\/vinilozona.lt\/wp-content\/uploads\/2023\/02\/R-15573062-1593857514-3309.jpg\",\"datePublished\":\"2023-02-08T08:00:04+00:00\",\"dateModified\":\"2024-05-14T14:24:12+00:00\",\"breadcrumb\":{\"@id\":\"https:\/\/vinilozona.lt\/parduotuve\/rock-pop\/henri-valentino-and-his-orchestra-top-hits-in-james-last-style\/#breadcrumb\"},\"inLanguage\":\"en-GB\",\"potentialAction\":[{\"@type\":\"ReadAction\",\"target\":[\"https:\/\/vinilozona.lt\/parduotuve\/rock-pop\/henri-valentino-and-his-orchestra-top-hits-in-james-last-style\/\"]}]},{\"@type\":\"ImageObject\",\"inLanguage\":\"en-GB\",\"@id\":\"https:\/\/vinilozona.lt\/parduotuve\/rock-pop\/henri-valentino-and-his-orchestra-top-hits-in-james-last-style\/#primaryimage\",\"url\":\"https:\/\/vinilozona.lt\/wp-content\/uploads\/2023\/02\/R-15573062-1593857514-3309.jpg\",\"contentUrl\":\"https:\/\/vinilozona.lt\/wp-content\/uploads\/2023\/02\/R-15573062-1593857514-3309.jpg\",\"width\":600,\"height\":595},{\"@type\":\"BreadcrumbList\",\"@id\":\"https:\/\/vinilozona.lt\/parduotuve\/rock-pop\/henri-valentino-and-his-orchestra-top-hits-in-james-last-style\/#breadcrumb\",\"itemListElement\":[{\"@type\":\"ListItem\",\"position\":1,\"name\":\"Home\",\"item\":\"https:\/\/vinilozona.lt\/\"},{\"@type\":\"ListItem\",\"position\":2,\"name\":\"Parduotuv\u0117\",\"item\":\"https:\/\/vinilozona.lt\/parduotuve\/\"},{\"@type\":\"ListItem\",\"position\":3,\"name\":\"Henri Valentino And His Orchestra \u2013 Top Hits In James Last Style\"}]},{\"@type\":\"WebSite\",\"@id\":\"https:\/\/vinilozona.lt\/#website\",\"url\":\"https:\/\/vinilozona.lt\/\",\"name\":\"Vinilo Zona\",\"description\":\"Nup\u016bsk dulkes ir klausyk LP\",\"potentialAction\":[{\"@type\":\"SearchAction\",\"target\":{\"@type\":\"EntryPoint\",\"urlTemplate\":\"https:\/\/vinilozona.lt\/?s={search_term_string}\"},\"query-input\":{\"@type\":\"PropertyValueSpecification\",\"valueRequired\":true,\"valueName\":\"search_term_string\"}}],\"inLanguage\":\"en-GB\"}]}<\/script>\n<!-- \/ Yoast SEO plugin. -->","yoast_head_json":{"title":"Henri Valentino And His Orchestra \u2013 Top Hits In James Last Style Vinilin\u0117 Plok\u0161tel\u0117 | Vinilozona.lt","robots":{"index":"index","follow":"follow","max-snippet":"max-snippet:-1","max-image-preview":"max-image-preview:large","max-video-preview":"max-video-preview:-1"},"canonical":"https:\/\/vinilozona.lt\/en\/parduotuve\/rock-pop\/henri-valentino-and-his-orchestra-top-hits-in-james-last-style\/","og_locale":"en_GB","og_type":"article","og_title":"Henri Valentino And His Orchestra \u2013 Top Hits In James Last Style Vinilin\u0117 Plok\u0161tel\u0117 | Vinilozona.lt","og_description":"Boulevard \u2013 4152 Format:  Vinyl, LP, Album, Tranco Pressing Country: UK Released: 1974","og_url":"https:\/\/vinilozona.lt\/en\/parduotuve\/rock-pop\/henri-valentino-and-his-orchestra-top-hits-in-james-last-style\/","og_site_name":"Vinilo Zona","article_modified_time":"2024-05-14T14:24:12+00:00","og_image":[{"width":600,"height":595,"url":"https:\/\/vinilozona.lt\/wp-content\/uploads\/2023\/02\/R-15573062-1593857514-3309.jpg","type":"image\/jpeg"}],"twitter_card":"summary_large_image","schema":{"@context":"https:\/\/schema.org","@graph":[{"@type":"WebPage","@id":"https:\/\/vinilozona.lt\/parduotuve\/rock-pop\/henri-valentino-and-his-orchestra-top-hits-in-james-last-style\/","url":"https:\/\/vinilozona.lt\/parduotuve\/rock-pop\/henri-valentino-and-his-orchestra-top-hits-in-james-last-style\/","name":"Henri Valentino And His Orchestra \u2013 Top Hits In James Last Style Vinilin\u0117 Plok\u0161tel\u0117 | Vinilozona.lt","isPartOf":{"@id":"https:\/\/vinilozona.lt\/#website"},"primaryImageOfPage":{"@id":"https:\/\/vinilozona.lt\/parduotuve\/rock-pop\/henri-valentino-and-his-orchestra-top-hits-in-james-last-style\/#primaryimage"},"image":{"@id":"https:\/\/vinilozona.lt\/parduotuve\/rock-pop\/henri-valentino-and-his-orchestra-top-hits-in-james-last-style\/#primaryimage"},"thumbnailUrl":"https:\/\/vinilozona.lt\/wp-content\/uploads\/2023\/02\/R-15573062-1593857514-3309.jpg","datePublished":"2023-02-08T08:00:04+00:00","dateModified":"2024-05-14T14:24:12+00:00","breadcrumb":{"@id":"https:\/\/vinilozona.lt\/parduotuve\/rock-pop\/henri-valentino-and-his-orchestra-top-hits-in-james-last-style\/#breadcrumb"},"inLanguage":"en-GB","potentialAction":[{"@type":"ReadAction","target":["https:\/\/vinilozona.lt\/parduotuve\/rock-pop\/henri-valentino-and-his-orchestra-top-hits-in-james-last-style\/"]}]},{"@type":"ImageObject","inLanguage":"en-GB","@id":"https:\/\/vinilozona.lt\/parduotuve\/rock-pop\/henri-valentino-and-his-orchestra-top-hits-in-james-last-style\/#primaryimage","url":"https:\/\/vinilozona.lt\/wp-content\/uploads\/2023\/02\/R-15573062-1593857514-3309.jpg","contentUrl":"https:\/\/vinilozona.lt\/wp-content\/uploads\/2023\/02\/R-15573062-1593857514-3309.jpg","width":600,"height":595},{"@type":"BreadcrumbList","@id":"https:\/\/vinilozona.lt\/parduotuve\/rock-pop\/henri-valentino-and-his-orchestra-top-hits-in-james-last-style\/#breadcrumb","itemListElement":[{"@type":"ListItem","position":1,"name":"Home","item":"https:\/\/vinilozona.lt\/"},{"@type":"ListItem","position":2,"name":"Parduotuv\u0117","item":"https:\/\/vinilozona.lt\/parduotuve\/"},{"@type":"ListItem","position":3,"name":"Henri Valentino And His Orchestra \u2013 Top Hits In James Last Style"}]},{"@type":"WebSite","@id":"https:\/\/vinilozona.lt\/#website","url":"https:\/\/vinilozona.lt\/","name":"Vinilo Zona","description":"Nup\u016bsk dulkes ir klausyk LP","potentialAction":[{"@type":"SearchAction","target":{"@type":"EntryPoint","urlTemplate":"https:\/\/vinilozona.lt\/?s={search_term_string}"},"query-input":{"@type":"PropertyValueSpecification","valueRequired":true,"valueName":"search_term_string"}}],"inLanguage":"en-GB"}]}},"_links":{"self":[{"href":"https:\/\/vinilozona.lt\/en\/wp-json\/wp\/v2\/product\/21373"}],"collection":[{"href":"https:\/\/vinilozona.lt\/en\/wp-json\/wp\/v2\/product"}],"about":[{"href":"https:\/\/vinilozona.lt\/en\/wp-json\/wp\/v2\/types\/product"}],"wp:featuredmedia":[{"embeddable":true,"href":"https:\/\/vinilozona.lt\/en\/wp-json\/wp\/v2\/media\/21374"}],"wp:attachment":[{"href":"https:\/\/vinilozona.lt\/en\/wp-json\/wp\/v2\/media?parent=21373"}],"wp:term":[{"taxonomy":"product_cat","embeddable":true,"href":"https:\/\/vinilozona.lt\/en\/wp-json\/wp\/v2\/product_cat?post=21373"},{"taxonomy":"product_tag","embeddable":true,"href":"https:\/\/vinilozona.lt\/en\/wp-json\/wp\/v2\/product_tag?post=21373"}],"curies":[{"name":"wp","href":"https:\/\/api.w.org\/{rel}","templated":true}]}}