{"id":21369,"date":"2023-02-08T07:31:09","date_gmt":"2023-02-08T05:31:09","guid":{"rendered":"https:\/\/vinilozona.lt\/?post_type=product&#038;p=21369"},"modified":"2023-02-08T14:10:09","modified_gmt":"2023-02-08T12:10:09","slug":"beatles-abbey-road","status":"publish","type":"product","link":"https:\/\/vinilozona.lt\/en\/parduotuve\/rock-pop\/beatles-abbey-road\/","title":{"rendered":"Beatles \u200e\u2013 Abbey Road"},"content":{"rendered":"<p>A1\t\tCome Together<br \/>\nA2\t\tSomething<br \/>\nA3\t\tMaxwell&#8217;s Silver Hammer<br \/>\nA4\t\tOh! Darling<br \/>\nA5\t\tOctopus&#8217;s Garden<br \/>\nA6\t\tI Want You (She&#8217;s So Heavy)<br \/>\nB1\t\tHere Comes The Sun<br \/>\nB2\t\tBecause<br \/>\nB3\t\tYou Never Give Me Your Money<br \/>\nB4\t\tSun King<br \/>\nB5\t\tMean Mr. Mustard<br \/>\nB6\t\tPolythene Pam<br \/>\nB7\t\tShe Came In Through The Bathroom Window<br \/>\nB8\t\tGolden Slumbers<br \/>\nB9\t\tCarry That Weight<br \/>\nB10\t\tThe End<\/p>","protected":false},"excerpt":{"rendered":"<p>Apple Records \u2013 1 C 062-04 243<br \/>\nFormat:<br \/>\nVinyl, LP, Album<br \/>\nCountry:\tGermany<br \/>\nReleased:\tSep 1969<br \/>\nMatrix \/ Runout (Runout Side A &#8211; Stamped Variation 4): 1C062-04243-A-1<br \/>\nMatrix \/ Runout (Runout Side B &#8211; Stamped Variation 4): 1C062-04243-B-1<br \/>\nRights Society: GEMA<\/p>","protected":false},"featured_media":13449,"template":"","meta":[],"product_cat":[15],"product_tag":[44],"yoast_head":"<!-- This site is optimized with the Yoast SEO plugin v23.5 - https:\/\/yoast.com\/wordpress\/plugins\/seo\/ -->\n<title>Beatles \u200e\u2013 Abbey Road Vinilin\u0117 Plok\u0161tel\u0117 | Vinilozona.lt<\/title>\n<meta name=\"robots\" content=\"index, follow, max-snippet:-1, max-image-preview:large, max-video-preview:-1\" \/>\n<link rel=\"canonical\" href=\"https:\/\/vinilozona.lt\/en\/parduotuve\/rock-pop\/beatles-abbey-road\/\" \/>\n<meta property=\"og:locale\" content=\"en_GB\" \/>\n<meta property=\"og:type\" content=\"article\" \/>\n<meta property=\"og:title\" content=\"Beatles \u200e\u2013 Abbey Road Vinilin\u0117 Plok\u0161tel\u0117 | Vinilozona.lt\" \/>\n<meta property=\"og:description\" content=\"Apple Records \u2013 1 C 062-04 243 Format:  Vinyl, LP, Album Country: Germany Released: Sep 1969 Matrix \/ Runout (Runout Side A - Stamped Variation 4): 1C062-04243-A-1 Matrix \/ Runout (Runout Side B - Stamped Variation 4): 1C062-04243-B-1 Rights Society: GEMA\" \/>\n<meta property=\"og:url\" content=\"https:\/\/vinilozona.lt\/en\/parduotuve\/rock-pop\/beatles-abbey-road\/\" \/>\n<meta property=\"og:site_name\" content=\"Vinilo Zona\" \/>\n<meta property=\"article:modified_time\" content=\"2023-02-08T12:10:09+00:00\" \/>\n<meta property=\"og:image\" content=\"https:\/\/vinilozona.lt\/wp-content\/uploads\/2020\/12\/R-2533298-1289169042.jpeg.jpg\" \/>\n\t<meta property=\"og:image:width\" content=\"299\" \/>\n\t<meta property=\"og:image:height\" content=\"300\" \/>\n\t<meta property=\"og:image:type\" content=\"image\/jpeg\" \/>\n<meta name=\"twitter:card\" content=\"summary_large_image\" \/>\n<script type=\"application\/ld+json\" class=\"yoast-schema-graph\">{\"@context\":\"https:\/\/schema.org\",\"@graph\":[{\"@type\":\"WebPage\",\"@id\":\"https:\/\/vinilozona.lt\/parduotuve\/rock-pop\/beatles-abbey-road\/\",\"url\":\"https:\/\/vinilozona.lt\/parduotuve\/rock-pop\/beatles-abbey-road\/\",\"name\":\"Beatles \u200e\u2013 Abbey Road Vinilin\u0117 Plok\u0161tel\u0117 | Vinilozona.lt\",\"isPartOf\":{\"@id\":\"https:\/\/vinilozona.lt\/#website\"},\"primaryImageOfPage\":{\"@id\":\"https:\/\/vinilozona.lt\/parduotuve\/rock-pop\/beatles-abbey-road\/#primaryimage\"},\"image\":{\"@id\":\"https:\/\/vinilozona.lt\/parduotuve\/rock-pop\/beatles-abbey-road\/#primaryimage\"},\"thumbnailUrl\":\"https:\/\/vinilozona.lt\/wp-content\/uploads\/2020\/12\/R-2533298-1289169042.jpeg.jpg\",\"datePublished\":\"2023-02-08T05:31:09+00:00\",\"dateModified\":\"2023-02-08T12:10:09+00:00\",\"breadcrumb\":{\"@id\":\"https:\/\/vinilozona.lt\/parduotuve\/rock-pop\/beatles-abbey-road\/#breadcrumb\"},\"inLanguage\":\"en-GB\",\"potentialAction\":[{\"@type\":\"ReadAction\",\"target\":[\"https:\/\/vinilozona.lt\/parduotuve\/rock-pop\/beatles-abbey-road\/\"]}]},{\"@type\":\"ImageObject\",\"inLanguage\":\"en-GB\",\"@id\":\"https:\/\/vinilozona.lt\/parduotuve\/rock-pop\/beatles-abbey-road\/#primaryimage\",\"url\":\"https:\/\/vinilozona.lt\/wp-content\/uploads\/2020\/12\/R-2533298-1289169042.jpeg.jpg\",\"contentUrl\":\"https:\/\/vinilozona.lt\/wp-content\/uploads\/2020\/12\/R-2533298-1289169042.jpeg.jpg\",\"width\":299,\"height\":300},{\"@type\":\"BreadcrumbList\",\"@id\":\"https:\/\/vinilozona.lt\/parduotuve\/rock-pop\/beatles-abbey-road\/#breadcrumb\",\"itemListElement\":[{\"@type\":\"ListItem\",\"position\":1,\"name\":\"Home\",\"item\":\"https:\/\/vinilozona.lt\/\"},{\"@type\":\"ListItem\",\"position\":2,\"name\":\"Parduotuv\u0117\",\"item\":\"https:\/\/vinilozona.lt\/parduotuve\/\"},{\"@type\":\"ListItem\",\"position\":3,\"name\":\"Beatles \u200e\u2013 Abbey Road\"}]},{\"@type\":\"WebSite\",\"@id\":\"https:\/\/vinilozona.lt\/#website\",\"url\":\"https:\/\/vinilozona.lt\/\",\"name\":\"Vinilo Zona\",\"description\":\"Nup\u016bsk dulkes ir klausyk LP\",\"potentialAction\":[{\"@type\":\"SearchAction\",\"target\":{\"@type\":\"EntryPoint\",\"urlTemplate\":\"https:\/\/vinilozona.lt\/?s={search_term_string}\"},\"query-input\":{\"@type\":\"PropertyValueSpecification\",\"valueRequired\":true,\"valueName\":\"search_term_string\"}}],\"inLanguage\":\"en-GB\"}]}<\/script>\n<!-- \/ Yoast SEO plugin. -->","yoast_head_json":{"title":"Beatles \u200e\u2013 Abbey Road Vinilin\u0117 Plok\u0161tel\u0117 | Vinilozona.lt","robots":{"index":"index","follow":"follow","max-snippet":"max-snippet:-1","max-image-preview":"max-image-preview:large","max-video-preview":"max-video-preview:-1"},"canonical":"https:\/\/vinilozona.lt\/en\/parduotuve\/rock-pop\/beatles-abbey-road\/","og_locale":"en_GB","og_type":"article","og_title":"Beatles \u200e\u2013 Abbey Road Vinilin\u0117 Plok\u0161tel\u0117 | Vinilozona.lt","og_description":"Apple Records \u2013 1 C 062-04 243 Format:  Vinyl, LP, Album Country: Germany Released: Sep 1969 Matrix \/ Runout (Runout Side A - Stamped Variation 4): 1C062-04243-A-1 Matrix \/ Runout (Runout Side B - Stamped Variation 4): 1C062-04243-B-1 Rights Society: GEMA","og_url":"https:\/\/vinilozona.lt\/en\/parduotuve\/rock-pop\/beatles-abbey-road\/","og_site_name":"Vinilo Zona","article_modified_time":"2023-02-08T12:10:09+00:00","og_image":[{"width":299,"height":300,"url":"https:\/\/vinilozona.lt\/wp-content\/uploads\/2020\/12\/R-2533298-1289169042.jpeg.jpg","type":"image\/jpeg"}],"twitter_card":"summary_large_image","schema":{"@context":"https:\/\/schema.org","@graph":[{"@type":"WebPage","@id":"https:\/\/vinilozona.lt\/parduotuve\/rock-pop\/beatles-abbey-road\/","url":"https:\/\/vinilozona.lt\/parduotuve\/rock-pop\/beatles-abbey-road\/","name":"Beatles \u200e\u2013 Abbey Road Vinilin\u0117 Plok\u0161tel\u0117 | Vinilozona.lt","isPartOf":{"@id":"https:\/\/vinilozona.lt\/#website"},"primaryImageOfPage":{"@id":"https:\/\/vinilozona.lt\/parduotuve\/rock-pop\/beatles-abbey-road\/#primaryimage"},"image":{"@id":"https:\/\/vinilozona.lt\/parduotuve\/rock-pop\/beatles-abbey-road\/#primaryimage"},"thumbnailUrl":"https:\/\/vinilozona.lt\/wp-content\/uploads\/2020\/12\/R-2533298-1289169042.jpeg.jpg","datePublished":"2023-02-08T05:31:09+00:00","dateModified":"2023-02-08T12:10:09+00:00","breadcrumb":{"@id":"https:\/\/vinilozona.lt\/parduotuve\/rock-pop\/beatles-abbey-road\/#breadcrumb"},"inLanguage":"en-GB","potentialAction":[{"@type":"ReadAction","target":["https:\/\/vinilozona.lt\/parduotuve\/rock-pop\/beatles-abbey-road\/"]}]},{"@type":"ImageObject","inLanguage":"en-GB","@id":"https:\/\/vinilozona.lt\/parduotuve\/rock-pop\/beatles-abbey-road\/#primaryimage","url":"https:\/\/vinilozona.lt\/wp-content\/uploads\/2020\/12\/R-2533298-1289169042.jpeg.jpg","contentUrl":"https:\/\/vinilozona.lt\/wp-content\/uploads\/2020\/12\/R-2533298-1289169042.jpeg.jpg","width":299,"height":300},{"@type":"BreadcrumbList","@id":"https:\/\/vinilozona.lt\/parduotuve\/rock-pop\/beatles-abbey-road\/#breadcrumb","itemListElement":[{"@type":"ListItem","position":1,"name":"Home","item":"https:\/\/vinilozona.lt\/"},{"@type":"ListItem","position":2,"name":"Parduotuv\u0117","item":"https:\/\/vinilozona.lt\/parduotuve\/"},{"@type":"ListItem","position":3,"name":"Beatles \u200e\u2013 Abbey Road"}]},{"@type":"WebSite","@id":"https:\/\/vinilozona.lt\/#website","url":"https:\/\/vinilozona.lt\/","name":"Vinilo Zona","description":"Nup\u016bsk dulkes ir klausyk LP","potentialAction":[{"@type":"SearchAction","target":{"@type":"EntryPoint","urlTemplate":"https:\/\/vinilozona.lt\/?s={search_term_string}"},"query-input":{"@type":"PropertyValueSpecification","valueRequired":true,"valueName":"search_term_string"}}],"inLanguage":"en-GB"}]}},"_links":{"self":[{"href":"https:\/\/vinilozona.lt\/en\/wp-json\/wp\/v2\/product\/21369"}],"collection":[{"href":"https:\/\/vinilozona.lt\/en\/wp-json\/wp\/v2\/product"}],"about":[{"href":"https:\/\/vinilozona.lt\/en\/wp-json\/wp\/v2\/types\/product"}],"wp:featuredmedia":[{"embeddable":true,"href":"https:\/\/vinilozona.lt\/en\/wp-json\/wp\/v2\/media\/13449"}],"wp:attachment":[{"href":"https:\/\/vinilozona.lt\/en\/wp-json\/wp\/v2\/media?parent=21369"}],"wp:term":[{"taxonomy":"product_cat","embeddable":true,"href":"https:\/\/vinilozona.lt\/en\/wp-json\/wp\/v2\/product_cat?post=21369"},{"taxonomy":"product_tag","embeddable":true,"href":"https:\/\/vinilozona.lt\/en\/wp-json\/wp\/v2\/product_tag?post=21369"}],"curies":[{"name":"wp","href":"https:\/\/api.w.org\/{rel}","templated":true}]}}