{"id":21322,"date":"2023-12-02T05:11:59","date_gmt":"2023-12-02T03:11:59","guid":{"rendered":"https:\/\/vinilozona.lt\/?post_type=product&#038;p=21322"},"modified":"2025-12-07T12:27:48","modified_gmt":"2025-12-07T10:27:48","slug":"marillion-live-from-cadogan-hall-4lp","status":"publish","type":"product","link":"https:\/\/vinilozona.lt\/en\/parduotuve\/naujos-lp\/marillion-live-from-cadogan-hall-4lp\/","title":{"rendered":"Marillion \u2013 All One Tonight (Live At The Royal Albert Hall)  4LP"},"content":{"rendered":"<p>F E A R Live<br \/>\nA1\t\tEl Dorado<br \/>\nB1\t\tLiving In F E A R<br \/>\nB2\t\tWhite Paper<br \/>\nC1\t\tThe Leavers<br \/>\nD1\t\tThe New Kings<br \/>\nD2\t\tTomorrow&#8217;s New Country<br \/>\nAll One Tonight (Featuring &#8216;In Praise Of Folly&#8217; &#038; Special Guests)<br \/>\nE1\t\tThe Space<br \/>\nE2\t\tAfraid Of Sunlight<br \/>\nF1\t\tThe Great Escape<br \/>\nF2\t\tEaster<br \/>\nG1\t\tGo!<br \/>\nG2\t\tMan Of A Thousand Faces<br \/>\nG3\t\tWaiting To Happen<br \/>\nH1\t\tNeverland<br \/>\nH2\t\tThe Leavers: V. One Tonight<\/p>","protected":false},"excerpt":{"rendered":"<p>Ear Music \u2013 0213215EMU, Racket Records  \u2013 0213215EMU<br \/>\nFormat:<br \/>\n4 x Vinyl, LP, Album, Limited Edition, 180 gr.<br \/>\nCountry:\tEurope<br \/>\nReleased:\tJul 27, 2018<\/p>","protected":false},"featured_media":23708,"template":"","meta":[],"product_cat":[23],"product_tag":[44],"yoast_head":"<!-- This site is optimized with the Yoast SEO plugin v23.5 - https:\/\/yoast.com\/wordpress\/plugins\/seo\/ -->\n<title>Marillion \u2013 All One Tonight (Live At The Royal Albert Hall) 4LP Vinilin\u0117 Plok\u0161tel\u0117 | Vinilozona.lt<\/title>\n<meta name=\"robots\" content=\"index, follow, max-snippet:-1, max-image-preview:large, max-video-preview:-1\" \/>\n<link rel=\"canonical\" href=\"https:\/\/vinilozona.lt\/en\/parduotuve\/naujos-lp\/marillion-live-from-cadogan-hall-4lp\/\" \/>\n<meta property=\"og:locale\" content=\"en_GB\" \/>\n<meta property=\"og:type\" content=\"article\" \/>\n<meta property=\"og:title\" content=\"Marillion \u2013 All One Tonight (Live At The Royal Albert Hall) 4LP Vinilin\u0117 Plok\u0161tel\u0117 | Vinilozona.lt\" \/>\n<meta property=\"og:description\" content=\"Ear Music \u2013 0213215EMU, Racket Records \u2013 0213215EMU Format:  4 x Vinyl, LP, Album, Limited Edition, 180 gr. Country: Europe Released: Jul 27, 2018\" \/>\n<meta property=\"og:url\" content=\"https:\/\/vinilozona.lt\/en\/parduotuve\/naujos-lp\/marillion-live-from-cadogan-hall-4lp\/\" \/>\n<meta property=\"og:site_name\" content=\"Vinilo Zona\" \/>\n<meta property=\"article:modified_time\" content=\"2025-12-07T10:27:48+00:00\" \/>\n<meta property=\"og:image\" content=\"https:\/\/vinilozona.lt\/wp-content\/uploads\/2023\/02\/R-12282411-1533465753-2088.jpg\" \/>\n\t<meta property=\"og:image:width\" content=\"600\" \/>\n\t<meta property=\"og:image:height\" content=\"595\" \/>\n\t<meta property=\"og:image:type\" content=\"image\/jpeg\" \/>\n<meta name=\"twitter:card\" content=\"summary_large_image\" \/>\n<script type=\"application\/ld+json\" class=\"yoast-schema-graph\">{\"@context\":\"https:\/\/schema.org\",\"@graph\":[{\"@type\":\"WebPage\",\"@id\":\"https:\/\/vinilozona.lt\/parduotuve\/naujos-lp\/marillion-live-from-cadogan-hall-4lp\/\",\"url\":\"https:\/\/vinilozona.lt\/parduotuve\/naujos-lp\/marillion-live-from-cadogan-hall-4lp\/\",\"name\":\"Marillion \u2013 All One Tonight (Live At The Royal Albert Hall) 4LP Vinilin\u0117 Plok\u0161tel\u0117 | Vinilozona.lt\",\"isPartOf\":{\"@id\":\"https:\/\/vinilozona.lt\/#website\"},\"primaryImageOfPage\":{\"@id\":\"https:\/\/vinilozona.lt\/parduotuve\/naujos-lp\/marillion-live-from-cadogan-hall-4lp\/#primaryimage\"},\"image\":{\"@id\":\"https:\/\/vinilozona.lt\/parduotuve\/naujos-lp\/marillion-live-from-cadogan-hall-4lp\/#primaryimage\"},\"thumbnailUrl\":\"https:\/\/vinilozona.lt\/wp-content\/uploads\/2023\/02\/R-12282411-1533465753-2088.jpg\",\"datePublished\":\"2023-12-02T03:11:59+00:00\",\"dateModified\":\"2025-12-07T10:27:48+00:00\",\"breadcrumb\":{\"@id\":\"https:\/\/vinilozona.lt\/parduotuve\/naujos-lp\/marillion-live-from-cadogan-hall-4lp\/#breadcrumb\"},\"inLanguage\":\"en-GB\",\"potentialAction\":[{\"@type\":\"ReadAction\",\"target\":[\"https:\/\/vinilozona.lt\/parduotuve\/naujos-lp\/marillion-live-from-cadogan-hall-4lp\/\"]}]},{\"@type\":\"ImageObject\",\"inLanguage\":\"en-GB\",\"@id\":\"https:\/\/vinilozona.lt\/parduotuve\/naujos-lp\/marillion-live-from-cadogan-hall-4lp\/#primaryimage\",\"url\":\"https:\/\/vinilozona.lt\/wp-content\/uploads\/2023\/02\/R-12282411-1533465753-2088.jpg\",\"contentUrl\":\"https:\/\/vinilozona.lt\/wp-content\/uploads\/2023\/02\/R-12282411-1533465753-2088.jpg\",\"width\":600,\"height\":595},{\"@type\":\"BreadcrumbList\",\"@id\":\"https:\/\/vinilozona.lt\/parduotuve\/naujos-lp\/marillion-live-from-cadogan-hall-4lp\/#breadcrumb\",\"itemListElement\":[{\"@type\":\"ListItem\",\"position\":1,\"name\":\"Home\",\"item\":\"https:\/\/vinilozona.lt\/\"},{\"@type\":\"ListItem\",\"position\":2,\"name\":\"Parduotuv\u0117\",\"item\":\"https:\/\/vinilozona.lt\/parduotuve\/\"},{\"@type\":\"ListItem\",\"position\":3,\"name\":\"Marillion \u2013 All One Tonight (Live At The Royal Albert Hall) 4LP\"}]},{\"@type\":\"WebSite\",\"@id\":\"https:\/\/vinilozona.lt\/#website\",\"url\":\"https:\/\/vinilozona.lt\/\",\"name\":\"Vinilo Zona\",\"description\":\"Nup\u016bsk dulkes ir klausyk LP\",\"potentialAction\":[{\"@type\":\"SearchAction\",\"target\":{\"@type\":\"EntryPoint\",\"urlTemplate\":\"https:\/\/vinilozona.lt\/?s={search_term_string}\"},\"query-input\":{\"@type\":\"PropertyValueSpecification\",\"valueRequired\":true,\"valueName\":\"search_term_string\"}}],\"inLanguage\":\"en-GB\"}]}<\/script>\n<!-- \/ Yoast SEO plugin. -->","yoast_head_json":{"title":"Marillion \u2013 All One Tonight (Live At The Royal Albert Hall) 4LP Vinilin\u0117 Plok\u0161tel\u0117 | Vinilozona.lt","robots":{"index":"index","follow":"follow","max-snippet":"max-snippet:-1","max-image-preview":"max-image-preview:large","max-video-preview":"max-video-preview:-1"},"canonical":"https:\/\/vinilozona.lt\/en\/parduotuve\/naujos-lp\/marillion-live-from-cadogan-hall-4lp\/","og_locale":"en_GB","og_type":"article","og_title":"Marillion \u2013 All One Tonight (Live At The Royal Albert Hall) 4LP Vinilin\u0117 Plok\u0161tel\u0117 | Vinilozona.lt","og_description":"Ear Music \u2013 0213215EMU, Racket Records \u2013 0213215EMU Format:  4 x Vinyl, LP, Album, Limited Edition, 180 gr. Country: Europe Released: Jul 27, 2018","og_url":"https:\/\/vinilozona.lt\/en\/parduotuve\/naujos-lp\/marillion-live-from-cadogan-hall-4lp\/","og_site_name":"Vinilo Zona","article_modified_time":"2025-12-07T10:27:48+00:00","og_image":[{"width":600,"height":595,"url":"https:\/\/vinilozona.lt\/wp-content\/uploads\/2023\/02\/R-12282411-1533465753-2088.jpg","type":"image\/jpeg"}],"twitter_card":"summary_large_image","schema":{"@context":"https:\/\/schema.org","@graph":[{"@type":"WebPage","@id":"https:\/\/vinilozona.lt\/parduotuve\/naujos-lp\/marillion-live-from-cadogan-hall-4lp\/","url":"https:\/\/vinilozona.lt\/parduotuve\/naujos-lp\/marillion-live-from-cadogan-hall-4lp\/","name":"Marillion \u2013 All One Tonight (Live At The Royal Albert Hall) 4LP Vinilin\u0117 Plok\u0161tel\u0117 | Vinilozona.lt","isPartOf":{"@id":"https:\/\/vinilozona.lt\/#website"},"primaryImageOfPage":{"@id":"https:\/\/vinilozona.lt\/parduotuve\/naujos-lp\/marillion-live-from-cadogan-hall-4lp\/#primaryimage"},"image":{"@id":"https:\/\/vinilozona.lt\/parduotuve\/naujos-lp\/marillion-live-from-cadogan-hall-4lp\/#primaryimage"},"thumbnailUrl":"https:\/\/vinilozona.lt\/wp-content\/uploads\/2023\/02\/R-12282411-1533465753-2088.jpg","datePublished":"2023-12-02T03:11:59+00:00","dateModified":"2025-12-07T10:27:48+00:00","breadcrumb":{"@id":"https:\/\/vinilozona.lt\/parduotuve\/naujos-lp\/marillion-live-from-cadogan-hall-4lp\/#breadcrumb"},"inLanguage":"en-GB","potentialAction":[{"@type":"ReadAction","target":["https:\/\/vinilozona.lt\/parduotuve\/naujos-lp\/marillion-live-from-cadogan-hall-4lp\/"]}]},{"@type":"ImageObject","inLanguage":"en-GB","@id":"https:\/\/vinilozona.lt\/parduotuve\/naujos-lp\/marillion-live-from-cadogan-hall-4lp\/#primaryimage","url":"https:\/\/vinilozona.lt\/wp-content\/uploads\/2023\/02\/R-12282411-1533465753-2088.jpg","contentUrl":"https:\/\/vinilozona.lt\/wp-content\/uploads\/2023\/02\/R-12282411-1533465753-2088.jpg","width":600,"height":595},{"@type":"BreadcrumbList","@id":"https:\/\/vinilozona.lt\/parduotuve\/naujos-lp\/marillion-live-from-cadogan-hall-4lp\/#breadcrumb","itemListElement":[{"@type":"ListItem","position":1,"name":"Home","item":"https:\/\/vinilozona.lt\/"},{"@type":"ListItem","position":2,"name":"Parduotuv\u0117","item":"https:\/\/vinilozona.lt\/parduotuve\/"},{"@type":"ListItem","position":3,"name":"Marillion \u2013 All One Tonight (Live At The Royal Albert Hall) 4LP"}]},{"@type":"WebSite","@id":"https:\/\/vinilozona.lt\/#website","url":"https:\/\/vinilozona.lt\/","name":"Vinilo Zona","description":"Nup\u016bsk dulkes ir klausyk LP","potentialAction":[{"@type":"SearchAction","target":{"@type":"EntryPoint","urlTemplate":"https:\/\/vinilozona.lt\/?s={search_term_string}"},"query-input":{"@type":"PropertyValueSpecification","valueRequired":true,"valueName":"search_term_string"}}],"inLanguage":"en-GB"}]}},"_links":{"self":[{"href":"https:\/\/vinilozona.lt\/en\/wp-json\/wp\/v2\/product\/21322"}],"collection":[{"href":"https:\/\/vinilozona.lt\/en\/wp-json\/wp\/v2\/product"}],"about":[{"href":"https:\/\/vinilozona.lt\/en\/wp-json\/wp\/v2\/types\/product"}],"wp:featuredmedia":[{"embeddable":true,"href":"https:\/\/vinilozona.lt\/en\/wp-json\/wp\/v2\/media\/23708"}],"wp:attachment":[{"href":"https:\/\/vinilozona.lt\/en\/wp-json\/wp\/v2\/media?parent=21322"}],"wp:term":[{"taxonomy":"product_cat","embeddable":true,"href":"https:\/\/vinilozona.lt\/en\/wp-json\/wp\/v2\/product_cat?post=21322"},{"taxonomy":"product_tag","embeddable":true,"href":"https:\/\/vinilozona.lt\/en\/wp-json\/wp\/v2\/product_tag?post=21322"}],"curies":[{"name":"wp","href":"https:\/\/api.w.org\/{rel}","templated":true}]}}