{"id":2132,"date":"2025-01-01T19:32:42","date_gmt":"2025-01-01T17:32:42","guid":{"rendered":"https:\/\/vinylhome.lt\/?post_type=product&#038;p=2132"},"modified":"2026-03-07T15:00:34","modified_gmt":"2026-03-07T13:00:34","slug":"%d0%b4%d0%b6%d0%be-%d0%b4%d0%b0%d1%81%d1%81%d0%b5%d0%bd-%e2%80%8e-%d0%bb%d1%8e%d0%ba%d1%81%d0%b5%d0%bc%d0%b1%d1%83%d1%80%d0%b3%d1%81%d0%ba%d0%b8%d0%b9-%d1%81%d0%b0%d0%b4","status":"publish","type":"product","link":"https:\/\/vinilozona.lt\/en\/parduotuve\/classic\/%d0%b4%d0%b6%d0%be-%d0%b4%d0%b0%d1%81%d1%81%d0%b5%d0%bd-%e2%80%8e-%d0%bb%d1%8e%d0%ba%d1%81%d0%b5%d0%bc%d0%b1%d1%83%d1%80%d0%b3%d1%81%d0%ba%d0%b8%d0%b9-%d1%81%d0%b0%d0%b4\/","title":{"rendered":"\u0410\u043b\u0435\u043a\u0441\u0430\u043d\u0434\u0440 \u041c\u0435\u043b\u0438\u043a-\u041f\u0430\u0448\u0430\u0435\u0432 \u2013 \u0414\u0438\u0440\u0438\u0436\u0435\u0440"},"content":{"rendered":"<p>Symphony No. 6 In B Minor, Op. 74 &#8222;Pathetique&#8221;<br \/>\nA\tFirst Movement. Adagio. Allegro Non Troppo\t19:13<br \/>\nB1\tOverture To &#8222;Carmen&#8221;  3:33<br \/>\nB2\tCoriolan. Overture To The Tragedy By H. Collin, Op. 62  7:35<br \/>\nB3\tThe Festive Overture, Op. 96  5:50<\/p>","protected":false},"excerpt":{"rendered":"<p>\u041c\u0435\u043b\u043e\u0434\u0438\u044f \u2013 \u041c10\u201442777-8<br \/>\nSeries:<br \/>\n\u0418\u0437 \u0421\u043e\u043a\u0440\u043e\u0432\u0438\u0449\u043d\u0438\u0446\u044b \u041c\u0438\u0440\u043e\u0432\u043e\u0433\u043e \u0418\u0441\u043f\u043e\u043b\u043d\u0438\u0442\u0435\u043b\u044c\u0441\u043a\u043e\u0433\u043e \u0418\u0441\u043a\u0443\u0441\u0441\u0442\u0432\u0430 \u2013 I. \u0414\u0438\u0440\u0438\u0436\u0435\u0440\u044b<br \/>\nFormat:<br \/>\nVinyl, LP, Mono<br \/>\nCountry: USSR<br \/>\nReleased:<br \/>\n1981<\/p>","protected":false},"featured_media":0,"template":"","meta":[],"product_cat":[22],"product_tag":[44],"yoast_head":"<!-- This site is optimized with the Yoast SEO plugin v23.5 - https:\/\/yoast.com\/wordpress\/plugins\/seo\/ -->\n<title>\u0410\u043b\u0435\u043a\u0441\u0430\u043d\u0434\u0440 \u041c\u0435\u043b\u0438\u043a-\u041f\u0430\u0448\u0430\u0435\u0432 \u2013 \u0414\u0438\u0440\u0438\u0436\u0435\u0440 Vinilin\u0117 Plok\u0161tel\u0117 | Vinilozona.lt<\/title>\n<meta name=\"robots\" content=\"index, follow, max-snippet:-1, max-image-preview:large, max-video-preview:-1\" \/>\n<link rel=\"canonical\" href=\"https:\/\/vinilozona.lt\/en\/parduotuve\/classic\/\u0434\u0436\u043e-\u0434\u0430\u0441\u0441\u0435\u043d-\u200e-\u043b\u044e\u043a\u0441\u0435\u043c\u0431\u0443\u0440\u0433\u0441\u043a\u0438\u0439-\u0441\u0430\u0434\/\" \/>\n<meta property=\"og:locale\" content=\"en_GB\" \/>\n<meta property=\"og:type\" content=\"article\" \/>\n<meta property=\"og:title\" content=\"\u0410\u043b\u0435\u043a\u0441\u0430\u043d\u0434\u0440 \u041c\u0435\u043b\u0438\u043a-\u041f\u0430\u0448\u0430\u0435\u0432 \u2013 \u0414\u0438\u0440\u0438\u0436\u0435\u0440 Vinilin\u0117 Plok\u0161tel\u0117 | Vinilozona.lt\" \/>\n<meta property=\"og:description\" content=\"\u041c\u0435\u043b\u043e\u0434\u0438\u044f \u2013 \u041c10\u201442777-8 Series: \u0418\u0437 \u0421\u043e\u043a\u0440\u043e\u0432\u0438\u0449\u043d\u0438\u0446\u044b \u041c\u0438\u0440\u043e\u0432\u043e\u0433\u043e \u0418\u0441\u043f\u043e\u043b\u043d\u0438\u0442\u0435\u043b\u044c\u0441\u043a\u043e\u0433\u043e \u0418\u0441\u043a\u0443\u0441\u0441\u0442\u0432\u0430 \u2013 I. \u0414\u0438\u0440\u0438\u0436\u0435\u0440\u044b Format: Vinyl, LP, Mono Country: USSR Released: 1981\" \/>\n<meta property=\"og:url\" content=\"https:\/\/vinilozona.lt\/en\/parduotuve\/classic\/\u0434\u0436\u043e-\u0434\u0430\u0441\u0441\u0435\u043d-\u200e-\u043b\u044e\u043a\u0441\u0435\u043c\u0431\u0443\u0440\u0433\u0441\u043a\u0438\u0439-\u0441\u0430\u0434\/\" \/>\n<meta property=\"og:site_name\" content=\"Vinilo Zona\" \/>\n<meta property=\"article:modified_time\" content=\"2026-03-07T13:00:34+00:00\" \/>\n<meta name=\"twitter:card\" content=\"summary_large_image\" \/>\n<script type=\"application\/ld+json\" class=\"yoast-schema-graph\">{\"@context\":\"https:\/\/schema.org\",\"@graph\":[{\"@type\":\"WebPage\",\"@id\":\"https:\/\/vinilozona.lt\/parduotuve\/classic\/%d0%b4%d0%b6%d0%be-%d0%b4%d0%b0%d1%81%d1%81%d0%b5%d0%bd-%e2%80%8e-%d0%bb%d1%8e%d0%ba%d1%81%d0%b5%d0%bc%d0%b1%d1%83%d1%80%d0%b3%d1%81%d0%ba%d0%b8%d0%b9-%d1%81%d0%b0%d0%b4\/\",\"url\":\"https:\/\/vinilozona.lt\/parduotuve\/classic\/%d0%b4%d0%b6%d0%be-%d0%b4%d0%b0%d1%81%d1%81%d0%b5%d0%bd-%e2%80%8e-%d0%bb%d1%8e%d0%ba%d1%81%d0%b5%d0%bc%d0%b1%d1%83%d1%80%d0%b3%d1%81%d0%ba%d0%b8%d0%b9-%d1%81%d0%b0%d0%b4\/\",\"name\":\"\u0410\u043b\u0435\u043a\u0441\u0430\u043d\u0434\u0440 \u041c\u0435\u043b\u0438\u043a-\u041f\u0430\u0448\u0430\u0435\u0432 \u2013 \u0414\u0438\u0440\u0438\u0436\u0435\u0440 Vinilin\u0117 Plok\u0161tel\u0117 | Vinilozona.lt\",\"isPartOf\":{\"@id\":\"https:\/\/vinilozona.lt\/#website\"},\"datePublished\":\"2025-01-01T17:32:42+00:00\",\"dateModified\":\"2026-03-07T13:00:34+00:00\",\"breadcrumb\":{\"@id\":\"https:\/\/vinilozona.lt\/parduotuve\/classic\/%d0%b4%d0%b6%d0%be-%d0%b4%d0%b0%d1%81%d1%81%d0%b5%d0%bd-%e2%80%8e-%d0%bb%d1%8e%d0%ba%d1%81%d0%b5%d0%bc%d0%b1%d1%83%d1%80%d0%b3%d1%81%d0%ba%d0%b8%d0%b9-%d1%81%d0%b0%d0%b4\/#breadcrumb\"},\"inLanguage\":\"en-GB\",\"potentialAction\":[{\"@type\":\"ReadAction\",\"target\":[\"https:\/\/vinilozona.lt\/parduotuve\/classic\/%d0%b4%d0%b6%d0%be-%d0%b4%d0%b0%d1%81%d1%81%d0%b5%d0%bd-%e2%80%8e-%d0%bb%d1%8e%d0%ba%d1%81%d0%b5%d0%bc%d0%b1%d1%83%d1%80%d0%b3%d1%81%d0%ba%d0%b8%d0%b9-%d1%81%d0%b0%d0%b4\/\"]}]},{\"@type\":\"BreadcrumbList\",\"@id\":\"https:\/\/vinilozona.lt\/parduotuve\/classic\/%d0%b4%d0%b6%d0%be-%d0%b4%d0%b0%d1%81%d1%81%d0%b5%d0%bd-%e2%80%8e-%d0%bb%d1%8e%d0%ba%d1%81%d0%b5%d0%bc%d0%b1%d1%83%d1%80%d0%b3%d1%81%d0%ba%d0%b8%d0%b9-%d1%81%d0%b0%d0%b4\/#breadcrumb\",\"itemListElement\":[{\"@type\":\"ListItem\",\"position\":1,\"name\":\"Home\",\"item\":\"https:\/\/vinilozona.lt\/\"},{\"@type\":\"ListItem\",\"position\":2,\"name\":\"Parduotuv\u0117\",\"item\":\"https:\/\/vinilozona.lt\/parduotuve\/\"},{\"@type\":\"ListItem\",\"position\":3,\"name\":\"\u0410\u043b\u0435\u043a\u0441\u0430\u043d\u0434\u0440 \u041c\u0435\u043b\u0438\u043a-\u041f\u0430\u0448\u0430\u0435\u0432 \u2013 \u0414\u0438\u0440\u0438\u0436\u0435\u0440\"}]},{\"@type\":\"WebSite\",\"@id\":\"https:\/\/vinilozona.lt\/#website\",\"url\":\"https:\/\/vinilozona.lt\/\",\"name\":\"Vinilo Zona\",\"description\":\"Nup\u016bsk dulkes ir klausyk LP\",\"potentialAction\":[{\"@type\":\"SearchAction\",\"target\":{\"@type\":\"EntryPoint\",\"urlTemplate\":\"https:\/\/vinilozona.lt\/?s={search_term_string}\"},\"query-input\":{\"@type\":\"PropertyValueSpecification\",\"valueRequired\":true,\"valueName\":\"search_term_string\"}}],\"inLanguage\":\"en-GB\"}]}<\/script>\n<!-- \/ Yoast SEO plugin. -->","yoast_head_json":{"title":"\u0410\u043b\u0435\u043a\u0441\u0430\u043d\u0434\u0440 \u041c\u0435\u043b\u0438\u043a-\u041f\u0430\u0448\u0430\u0435\u0432 \u2013 \u0414\u0438\u0440\u0438\u0436\u0435\u0440 Vinilin\u0117 Plok\u0161tel\u0117 | Vinilozona.lt","robots":{"index":"index","follow":"follow","max-snippet":"max-snippet:-1","max-image-preview":"max-image-preview:large","max-video-preview":"max-video-preview:-1"},"canonical":"https:\/\/vinilozona.lt\/en\/parduotuve\/classic\/\u0434\u0436\u043e-\u0434\u0430\u0441\u0441\u0435\u043d-\u200e-\u043b\u044e\u043a\u0441\u0435\u043c\u0431\u0443\u0440\u0433\u0441\u043a\u0438\u0439-\u0441\u0430\u0434\/","og_locale":"en_GB","og_type":"article","og_title":"\u0410\u043b\u0435\u043a\u0441\u0430\u043d\u0434\u0440 \u041c\u0435\u043b\u0438\u043a-\u041f\u0430\u0448\u0430\u0435\u0432 \u2013 \u0414\u0438\u0440\u0438\u0436\u0435\u0440 Vinilin\u0117 Plok\u0161tel\u0117 | Vinilozona.lt","og_description":"\u041c\u0435\u043b\u043e\u0434\u0438\u044f \u2013 \u041c10\u201442777-8 Series: \u0418\u0437 \u0421\u043e\u043a\u0440\u043e\u0432\u0438\u0449\u043d\u0438\u0446\u044b \u041c\u0438\u0440\u043e\u0432\u043e\u0433\u043e \u0418\u0441\u043f\u043e\u043b\u043d\u0438\u0442\u0435\u043b\u044c\u0441\u043a\u043e\u0433\u043e \u0418\u0441\u043a\u0443\u0441\u0441\u0442\u0432\u0430 \u2013 I. \u0414\u0438\u0440\u0438\u0436\u0435\u0440\u044b Format: Vinyl, LP, Mono Country: USSR Released: 1981","og_url":"https:\/\/vinilozona.lt\/en\/parduotuve\/classic\/\u0434\u0436\u043e-\u0434\u0430\u0441\u0441\u0435\u043d-\u200e-\u043b\u044e\u043a\u0441\u0435\u043c\u0431\u0443\u0440\u0433\u0441\u043a\u0438\u0439-\u0441\u0430\u0434\/","og_site_name":"Vinilo Zona","article_modified_time":"2026-03-07T13:00:34+00:00","twitter_card":"summary_large_image","schema":{"@context":"https:\/\/schema.org","@graph":[{"@type":"WebPage","@id":"https:\/\/vinilozona.lt\/parduotuve\/classic\/%d0%b4%d0%b6%d0%be-%d0%b4%d0%b0%d1%81%d1%81%d0%b5%d0%bd-%e2%80%8e-%d0%bb%d1%8e%d0%ba%d1%81%d0%b5%d0%bc%d0%b1%d1%83%d1%80%d0%b3%d1%81%d0%ba%d0%b8%d0%b9-%d1%81%d0%b0%d0%b4\/","url":"https:\/\/vinilozona.lt\/parduotuve\/classic\/%d0%b4%d0%b6%d0%be-%d0%b4%d0%b0%d1%81%d1%81%d0%b5%d0%bd-%e2%80%8e-%d0%bb%d1%8e%d0%ba%d1%81%d0%b5%d0%bc%d0%b1%d1%83%d1%80%d0%b3%d1%81%d0%ba%d0%b8%d0%b9-%d1%81%d0%b0%d0%b4\/","name":"\u0410\u043b\u0435\u043a\u0441\u0430\u043d\u0434\u0440 \u041c\u0435\u043b\u0438\u043a-\u041f\u0430\u0448\u0430\u0435\u0432 \u2013 \u0414\u0438\u0440\u0438\u0436\u0435\u0440 Vinilin\u0117 Plok\u0161tel\u0117 | Vinilozona.lt","isPartOf":{"@id":"https:\/\/vinilozona.lt\/#website"},"datePublished":"2025-01-01T17:32:42+00:00","dateModified":"2026-03-07T13:00:34+00:00","breadcrumb":{"@id":"https:\/\/vinilozona.lt\/parduotuve\/classic\/%d0%b4%d0%b6%d0%be-%d0%b4%d0%b0%d1%81%d1%81%d0%b5%d0%bd-%e2%80%8e-%d0%bb%d1%8e%d0%ba%d1%81%d0%b5%d0%bc%d0%b1%d1%83%d1%80%d0%b3%d1%81%d0%ba%d0%b8%d0%b9-%d1%81%d0%b0%d0%b4\/#breadcrumb"},"inLanguage":"en-GB","potentialAction":[{"@type":"ReadAction","target":["https:\/\/vinilozona.lt\/parduotuve\/classic\/%d0%b4%d0%b6%d0%be-%d0%b4%d0%b0%d1%81%d1%81%d0%b5%d0%bd-%e2%80%8e-%d0%bb%d1%8e%d0%ba%d1%81%d0%b5%d0%bc%d0%b1%d1%83%d1%80%d0%b3%d1%81%d0%ba%d0%b8%d0%b9-%d1%81%d0%b0%d0%b4\/"]}]},{"@type":"BreadcrumbList","@id":"https:\/\/vinilozona.lt\/parduotuve\/classic\/%d0%b4%d0%b6%d0%be-%d0%b4%d0%b0%d1%81%d1%81%d0%b5%d0%bd-%e2%80%8e-%d0%bb%d1%8e%d0%ba%d1%81%d0%b5%d0%bc%d0%b1%d1%83%d1%80%d0%b3%d1%81%d0%ba%d0%b8%d0%b9-%d1%81%d0%b0%d0%b4\/#breadcrumb","itemListElement":[{"@type":"ListItem","position":1,"name":"Home","item":"https:\/\/vinilozona.lt\/"},{"@type":"ListItem","position":2,"name":"Parduotuv\u0117","item":"https:\/\/vinilozona.lt\/parduotuve\/"},{"@type":"ListItem","position":3,"name":"\u0410\u043b\u0435\u043a\u0441\u0430\u043d\u0434\u0440 \u041c\u0435\u043b\u0438\u043a-\u041f\u0430\u0448\u0430\u0435\u0432 \u2013 \u0414\u0438\u0440\u0438\u0436\u0435\u0440"}]},{"@type":"WebSite","@id":"https:\/\/vinilozona.lt\/#website","url":"https:\/\/vinilozona.lt\/","name":"Vinilo Zona","description":"Nup\u016bsk dulkes ir klausyk LP","potentialAction":[{"@type":"SearchAction","target":{"@type":"EntryPoint","urlTemplate":"https:\/\/vinilozona.lt\/?s={search_term_string}"},"query-input":{"@type":"PropertyValueSpecification","valueRequired":true,"valueName":"search_term_string"}}],"inLanguage":"en-GB"}]}},"_links":{"self":[{"href":"https:\/\/vinilozona.lt\/en\/wp-json\/wp\/v2\/product\/2132"}],"collection":[{"href":"https:\/\/vinilozona.lt\/en\/wp-json\/wp\/v2\/product"}],"about":[{"href":"https:\/\/vinilozona.lt\/en\/wp-json\/wp\/v2\/types\/product"}],"wp:attachment":[{"href":"https:\/\/vinilozona.lt\/en\/wp-json\/wp\/v2\/media?parent=2132"}],"wp:term":[{"taxonomy":"product_cat","embeddable":true,"href":"https:\/\/vinilozona.lt\/en\/wp-json\/wp\/v2\/product_cat?post=2132"},{"taxonomy":"product_tag","embeddable":true,"href":"https:\/\/vinilozona.lt\/en\/wp-json\/wp\/v2\/product_tag?post=2132"}],"curies":[{"name":"wp","href":"https:\/\/api.w.org\/{rel}","templated":true}]}}