{"id":21236,"date":"2023-01-23T12:05:46","date_gmt":"2023-01-23T10:05:46","guid":{"rendered":"https:\/\/vinilozona.lt\/?post_type=product&#038;p=21236"},"modified":"2024-12-08T14:49:29","modified_gmt":"2024-12-08T12:49:29","slug":"lainius-sirdis-cd","status":"publish","type":"product","link":"https:\/\/vinilozona.lt\/en\/parduotuve\/cd\/lietuviski-cd\/lainius-sirdis-cd\/","title":{"rendered":"Lainius \u2013 \u0160irdis  CD"},"content":{"rendered":"<p>1\tLainius ft Saul\u0117, Gytis Pa\u0161kevi\u010dius\u2013\tAtsipra\u0161au<br \/>\n2\tLainius\u2013\tRugiuose<br \/>\n3\tLainius ft Draugai*\u2013\tTau<br \/>\n4\tLainius ft. Saul\u0117\u2013\tTaip<br \/>\n5\tLainius ft Saul\u0117\u2013\tTyliai, Tyliau&#8230;<br \/>\n6\tLainius\u2013\tDervi\u0161as<br \/>\n7\tLainius ft Gerda Damskyt\u0117\u2013\tGyvenimo Ratu<br \/>\n8\tLainius\u2013\tA\u0161 Ateisiu<br \/>\n9\tLainius ft. Saul\u0117\u2013\tKaraim\u0117s \u0160okis<br \/>\n10\tLainius\u2013\tNeverki<br \/>\n11\tLainius\u2013\tIr Nelieka<br \/>\n12\tLainius\u2013\tDervi\u0161as (rmx Vitaras 2008)<br \/>\n13\tLainius , ft Saul\u0117, Gytis Pa\u0161kevi\u010dius\u2013\tAtsipra\u0161au (original 1991)<br \/>\n14\tLainius ft Gintautas Tautkus, Saul\u0117\u2013\tAtsipra\u0161au (ballad 1990)<br \/>\n15\tRondo (4)\u2013\tTau (original 1989)<br \/>\n16\tTestas (2)\u2013\t\u0160irdis (1985)<br \/>\n17\tLainius\u2013\tTaip Ir Bus&#8230;<br \/>\nBonus:<br \/>\n18\tGediminas Dapkevi\u010dius ft Lainius\u2013\tAr \u017dinai, K\u0105 Jau \u017dinai&#8230;<\/p>","protected":false},"excerpt":{"rendered":"<p>V\u0117jas Records \u2013 none<br \/>\nFormat:<br \/>\nCD, Album, Digipak<br \/>\nCountry:\tLithuania<br \/>\nReleased:\t2012<\/p>","protected":false},"featured_media":21237,"template":"","meta":[],"product_cat":[24,947,56],"product_tag":[44],"yoast_head":"<!-- This site is optimized with the Yoast SEO plugin v23.5 - https:\/\/yoast.com\/wordpress\/plugins\/seo\/ -->\n<title>Lainius \u2013 \u0160irdis CD Vinilin\u0117 Plok\u0161tel\u0117 | Vinilozona.lt<\/title>\n<meta name=\"robots\" content=\"index, follow, max-snippet:-1, max-image-preview:large, max-video-preview:-1\" \/>\n<link rel=\"canonical\" href=\"https:\/\/vinilozona.lt\/en\/parduotuve\/cd\/lietuviski-cd\/lainius-sirdis-cd\/\" \/>\n<meta property=\"og:locale\" content=\"en_GB\" \/>\n<meta property=\"og:type\" content=\"article\" \/>\n<meta property=\"og:title\" content=\"Lainius \u2013 \u0160irdis CD Vinilin\u0117 Plok\u0161tel\u0117 | Vinilozona.lt\" \/>\n<meta property=\"og:description\" content=\"V\u0117jas Records \u2013 none Format:  CD, Album, Digipak Country: Lithuania Released: 2012\" \/>\n<meta property=\"og:url\" content=\"https:\/\/vinilozona.lt\/en\/parduotuve\/cd\/lietuviski-cd\/lainius-sirdis-cd\/\" \/>\n<meta property=\"og:site_name\" content=\"Vinilo Zona\" \/>\n<meta property=\"article:modified_time\" content=\"2024-12-08T12:49:29+00:00\" \/>\n<meta property=\"og:image\" content=\"https:\/\/vinilozona.lt\/wp-content\/uploads\/2023\/01\/R-4082126-1354636986-9981.jpg\" \/>\n\t<meta property=\"og:image:width\" content=\"410\" \/>\n\t<meta property=\"og:image:height\" content=\"599\" \/>\n\t<meta property=\"og:image:type\" content=\"image\/jpeg\" \/>\n<meta name=\"twitter:card\" content=\"summary_large_image\" \/>\n<script type=\"application\/ld+json\" class=\"yoast-schema-graph\">{\"@context\":\"https:\/\/schema.org\",\"@graph\":[{\"@type\":\"WebPage\",\"@id\":\"https:\/\/vinilozona.lt\/parduotuve\/cd\/lietuviski-cd\/lainius-sirdis-cd\/\",\"url\":\"https:\/\/vinilozona.lt\/parduotuve\/cd\/lietuviski-cd\/lainius-sirdis-cd\/\",\"name\":\"Lainius \u2013 \u0160irdis CD Vinilin\u0117 Plok\u0161tel\u0117 | Vinilozona.lt\",\"isPartOf\":{\"@id\":\"https:\/\/vinilozona.lt\/#website\"},\"primaryImageOfPage\":{\"@id\":\"https:\/\/vinilozona.lt\/parduotuve\/cd\/lietuviski-cd\/lainius-sirdis-cd\/#primaryimage\"},\"image\":{\"@id\":\"https:\/\/vinilozona.lt\/parduotuve\/cd\/lietuviski-cd\/lainius-sirdis-cd\/#primaryimage\"},\"thumbnailUrl\":\"https:\/\/vinilozona.lt\/wp-content\/uploads\/2023\/01\/R-4082126-1354636986-9981.jpg\",\"datePublished\":\"2023-01-23T10:05:46+00:00\",\"dateModified\":\"2024-12-08T12:49:29+00:00\",\"breadcrumb\":{\"@id\":\"https:\/\/vinilozona.lt\/parduotuve\/cd\/lietuviski-cd\/lainius-sirdis-cd\/#breadcrumb\"},\"inLanguage\":\"en-GB\",\"potentialAction\":[{\"@type\":\"ReadAction\",\"target\":[\"https:\/\/vinilozona.lt\/parduotuve\/cd\/lietuviski-cd\/lainius-sirdis-cd\/\"]}]},{\"@type\":\"ImageObject\",\"inLanguage\":\"en-GB\",\"@id\":\"https:\/\/vinilozona.lt\/parduotuve\/cd\/lietuviski-cd\/lainius-sirdis-cd\/#primaryimage\",\"url\":\"https:\/\/vinilozona.lt\/wp-content\/uploads\/2023\/01\/R-4082126-1354636986-9981.jpg\",\"contentUrl\":\"https:\/\/vinilozona.lt\/wp-content\/uploads\/2023\/01\/R-4082126-1354636986-9981.jpg\",\"width\":410,\"height\":599},{\"@type\":\"BreadcrumbList\",\"@id\":\"https:\/\/vinilozona.lt\/parduotuve\/cd\/lietuviski-cd\/lainius-sirdis-cd\/#breadcrumb\",\"itemListElement\":[{\"@type\":\"ListItem\",\"position\":1,\"name\":\"Home\",\"item\":\"https:\/\/vinilozona.lt\/\"},{\"@type\":\"ListItem\",\"position\":2,\"name\":\"Parduotuv\u0117\",\"item\":\"https:\/\/vinilozona.lt\/parduotuve\/\"},{\"@type\":\"ListItem\",\"position\":3,\"name\":\"Lainius \u2013 \u0160irdis CD\"}]},{\"@type\":\"WebSite\",\"@id\":\"https:\/\/vinilozona.lt\/#website\",\"url\":\"https:\/\/vinilozona.lt\/\",\"name\":\"Vinilo Zona\",\"description\":\"Nup\u016bsk dulkes ir klausyk LP\",\"potentialAction\":[{\"@type\":\"SearchAction\",\"target\":{\"@type\":\"EntryPoint\",\"urlTemplate\":\"https:\/\/vinilozona.lt\/?s={search_term_string}\"},\"query-input\":{\"@type\":\"PropertyValueSpecification\",\"valueRequired\":true,\"valueName\":\"search_term_string\"}}],\"inLanguage\":\"en-GB\"}]}<\/script>\n<!-- \/ Yoast SEO plugin. -->","yoast_head_json":{"title":"Lainius \u2013 \u0160irdis CD Vinilin\u0117 Plok\u0161tel\u0117 | Vinilozona.lt","robots":{"index":"index","follow":"follow","max-snippet":"max-snippet:-1","max-image-preview":"max-image-preview:large","max-video-preview":"max-video-preview:-1"},"canonical":"https:\/\/vinilozona.lt\/en\/parduotuve\/cd\/lietuviski-cd\/lainius-sirdis-cd\/","og_locale":"en_GB","og_type":"article","og_title":"Lainius \u2013 \u0160irdis CD Vinilin\u0117 Plok\u0161tel\u0117 | Vinilozona.lt","og_description":"V\u0117jas Records \u2013 none Format:  CD, Album, Digipak Country: Lithuania Released: 2012","og_url":"https:\/\/vinilozona.lt\/en\/parduotuve\/cd\/lietuviski-cd\/lainius-sirdis-cd\/","og_site_name":"Vinilo Zona","article_modified_time":"2024-12-08T12:49:29+00:00","og_image":[{"width":410,"height":599,"url":"https:\/\/vinilozona.lt\/wp-content\/uploads\/2023\/01\/R-4082126-1354636986-9981.jpg","type":"image\/jpeg"}],"twitter_card":"summary_large_image","schema":{"@context":"https:\/\/schema.org","@graph":[{"@type":"WebPage","@id":"https:\/\/vinilozona.lt\/parduotuve\/cd\/lietuviski-cd\/lainius-sirdis-cd\/","url":"https:\/\/vinilozona.lt\/parduotuve\/cd\/lietuviski-cd\/lainius-sirdis-cd\/","name":"Lainius \u2013 \u0160irdis CD Vinilin\u0117 Plok\u0161tel\u0117 | Vinilozona.lt","isPartOf":{"@id":"https:\/\/vinilozona.lt\/#website"},"primaryImageOfPage":{"@id":"https:\/\/vinilozona.lt\/parduotuve\/cd\/lietuviski-cd\/lainius-sirdis-cd\/#primaryimage"},"image":{"@id":"https:\/\/vinilozona.lt\/parduotuve\/cd\/lietuviski-cd\/lainius-sirdis-cd\/#primaryimage"},"thumbnailUrl":"https:\/\/vinilozona.lt\/wp-content\/uploads\/2023\/01\/R-4082126-1354636986-9981.jpg","datePublished":"2023-01-23T10:05:46+00:00","dateModified":"2024-12-08T12:49:29+00:00","breadcrumb":{"@id":"https:\/\/vinilozona.lt\/parduotuve\/cd\/lietuviski-cd\/lainius-sirdis-cd\/#breadcrumb"},"inLanguage":"en-GB","potentialAction":[{"@type":"ReadAction","target":["https:\/\/vinilozona.lt\/parduotuve\/cd\/lietuviski-cd\/lainius-sirdis-cd\/"]}]},{"@type":"ImageObject","inLanguage":"en-GB","@id":"https:\/\/vinilozona.lt\/parduotuve\/cd\/lietuviski-cd\/lainius-sirdis-cd\/#primaryimage","url":"https:\/\/vinilozona.lt\/wp-content\/uploads\/2023\/01\/R-4082126-1354636986-9981.jpg","contentUrl":"https:\/\/vinilozona.lt\/wp-content\/uploads\/2023\/01\/R-4082126-1354636986-9981.jpg","width":410,"height":599},{"@type":"BreadcrumbList","@id":"https:\/\/vinilozona.lt\/parduotuve\/cd\/lietuviski-cd\/lainius-sirdis-cd\/#breadcrumb","itemListElement":[{"@type":"ListItem","position":1,"name":"Home","item":"https:\/\/vinilozona.lt\/"},{"@type":"ListItem","position":2,"name":"Parduotuv\u0117","item":"https:\/\/vinilozona.lt\/parduotuve\/"},{"@type":"ListItem","position":3,"name":"Lainius \u2013 \u0160irdis CD"}]},{"@type":"WebSite","@id":"https:\/\/vinilozona.lt\/#website","url":"https:\/\/vinilozona.lt\/","name":"Vinilo Zona","description":"Nup\u016bsk dulkes ir klausyk LP","potentialAction":[{"@type":"SearchAction","target":{"@type":"EntryPoint","urlTemplate":"https:\/\/vinilozona.lt\/?s={search_term_string}"},"query-input":{"@type":"PropertyValueSpecification","valueRequired":true,"valueName":"search_term_string"}}],"inLanguage":"en-GB"}]}},"_links":{"self":[{"href":"https:\/\/vinilozona.lt\/en\/wp-json\/wp\/v2\/product\/21236"}],"collection":[{"href":"https:\/\/vinilozona.lt\/en\/wp-json\/wp\/v2\/product"}],"about":[{"href":"https:\/\/vinilozona.lt\/en\/wp-json\/wp\/v2\/types\/product"}],"wp:featuredmedia":[{"embeddable":true,"href":"https:\/\/vinilozona.lt\/en\/wp-json\/wp\/v2\/media\/21237"}],"wp:attachment":[{"href":"https:\/\/vinilozona.lt\/en\/wp-json\/wp\/v2\/media?parent=21236"}],"wp:term":[{"taxonomy":"product_cat","embeddable":true,"href":"https:\/\/vinilozona.lt\/en\/wp-json\/wp\/v2\/product_cat?post=21236"},{"taxonomy":"product_tag","embeddable":true,"href":"https:\/\/vinilozona.lt\/en\/wp-json\/wp\/v2\/product_tag?post=21236"}],"curies":[{"name":"wp","href":"https:\/\/api.w.org\/{rel}","templated":true}]}}