{"id":21231,"date":"2023-01-23T11:55:24","date_gmt":"2023-01-23T09:55:24","guid":{"rendered":"https:\/\/vinilozona.lt\/?post_type=product&#038;p=21231"},"modified":"2023-01-23T11:58:19","modified_gmt":"2023-01-23T09:58:19","slug":"various-meiles-klasikos-metamorfozes-cd","status":"publish","type":"product","link":"https:\/\/vinilozona.lt\/en\/parduotuve\/cd\/lietuviski-cd\/various-meiles-klasikos-metamorfozes-cd\/","title":{"rendered":"Various \u2013 Meil\u0117s Klasikos Metamorfoz\u0117s CD"},"content":{"rendered":"<p>1\t\t&#8222;Scorpions&#8221; &#8211; Still Loving You<br \/>\nVocals \u2013 Atlik\u0117jai*<br \/>\n2\t\tChris Rea &#8211; Josephine<br \/>\nBaritone Vocals \u2013 Giedrius \u017dalys<br \/>\n3\t\tK\u0119stu\u010dio Antan\u0117lio Roko Opera &#8222;Meil\u0117 Ir Mirtis Veronoje&#8221; &#8211; Scena Balkone<br \/>\nVocals \u2013 Povilas Me\u0161k\u0117la, Violeta Riaubi\u0161kyt\u0117<br \/>\n4\t\tWhitney Houston &#8211; I Will Always Love You<br \/>\nVocals \u2013 Rosita \u010civilyt\u0117<br \/>\n5\t\tSam Brown &#8211; Stop<br \/>\nVocals \u2013 Indr\u0117 Dirg\u0117lait\u0117<br \/>\n6\t\tNino Rota &#8211; Tema I\u0161 Kino Filmo &#8222;The Godfather&#8221;\t3:11<br \/>\n7\t\tJulio Iglesias &#8211; Amor<br \/>\nVocals \u2013 Edmundas Ku\u010dinskas<br \/>\n8\t\tCeline Dion Ir Harry Conick Jr. &#8211; When I Fall In Love<br \/>\nBaritone Vocals \u2013 Giedrius \u017dalys<br \/>\nVocals \u2013 Rosita \u010civilyt\u0117<br \/>\n9\t\t&#8222;The Mamas And The Papas&#8221; &#8211; Dream A Little Dream Of Me<br \/>\nVocals \u2013 Gintar\u0117<br \/>\n3:33<br \/>\n10\t\tCher &#8211; Dove L&#8217;Amore<br \/>\nVocals \u2013 Violeta Riaubi\u0161kyt\u0117<br \/>\n11\t\tSting, Bryan Adams, Rod Stewart &#8211; All For Love<br \/>\nSoprano Vocals \u2013 Ieva Matulionyt\u0117, Ieva Prudnikovait\u0117, Jurga Adomonyt\u0117<br \/>\n12\t\t&#8222;Rolling Stones&#8221; &#8211; Anybody Seen My Baby<br \/>\nVocals \u2013 Jurga \u0160eduikyt\u0117<br \/>\n13\t\tAnnie Lennox &#8211; Why<br \/>\nVocals \u2013 Indr\u0117 Dirg\u0117lait\u0117<br \/>\n14\t\tElvis Presley &#8211; Love Me Tender<br \/>\nVocals \u2013 Edmundas Ku\u010dinskas<br \/>\n15\t\tSade &#8211; Smooth Operator<br \/>\nVocals \u2013 Jurga \u0160eduikyt\u0117<br \/>\n16\t\tRichard Cocciante Miuziklas &#8222;Notre-Dame De Paris&#8221; &#8211; Belle<br \/>\nBaritone Vocals \u2013 Giedrius \u017dalys<br \/>\nVocals \u2013 Povilas Me\u0161k\u0117la, Violeta Riaubi\u0161kyt\u0117<\/p>","protected":false},"excerpt":{"rendered":"<p>Cool Production \u2013 none, Tikra Produkcija \u2013 none<br \/>\nFormat:<br \/>\nCD, Album<br \/>\nCountry:\tLithuania<br \/>\nReleased:\tDec 2002<\/p>","protected":false},"featured_media":21232,"template":"","meta":[],"product_cat":[24,947,56],"product_tag":[44],"yoast_head":"<!-- This site is optimized with the Yoast SEO plugin v23.5 - https:\/\/yoast.com\/wordpress\/plugins\/seo\/ -->\n<title>Various \u2013 Meil\u0117s Klasikos Metamorfoz\u0117s CD Vinilin\u0117 Plok\u0161tel\u0117 | Vinilozona.lt<\/title>\n<meta name=\"robots\" content=\"index, follow, max-snippet:-1, max-image-preview:large, max-video-preview:-1\" \/>\n<link rel=\"canonical\" href=\"https:\/\/vinilozona.lt\/en\/parduotuve\/cd\/lietuviski-cd\/various-meiles-klasikos-metamorfozes-cd\/\" \/>\n<meta property=\"og:locale\" content=\"en_GB\" \/>\n<meta property=\"og:type\" content=\"article\" \/>\n<meta property=\"og:title\" content=\"Various \u2013 Meil\u0117s Klasikos Metamorfoz\u0117s CD Vinilin\u0117 Plok\u0161tel\u0117 | Vinilozona.lt\" \/>\n<meta property=\"og:description\" content=\"Cool Production \u2013 none, Tikra Produkcija \u2013 none Format:  CD, Album Country: Lithuania Released: Dec 2002\" \/>\n<meta property=\"og:url\" content=\"https:\/\/vinilozona.lt\/en\/parduotuve\/cd\/lietuviski-cd\/various-meiles-klasikos-metamorfozes-cd\/\" \/>\n<meta property=\"og:site_name\" content=\"Vinilo Zona\" \/>\n<meta property=\"article:modified_time\" content=\"2023-01-23T09:58:19+00:00\" \/>\n<meta property=\"og:image\" content=\"https:\/\/vinilozona.lt\/wp-content\/uploads\/2023\/01\/R-11266857-1619375582-1547.jpg\" \/>\n\t<meta property=\"og:image:width\" content=\"599\" \/>\n\t<meta property=\"og:image:height\" content=\"479\" \/>\n\t<meta property=\"og:image:type\" content=\"image\/jpeg\" \/>\n<meta name=\"twitter:card\" content=\"summary_large_image\" \/>\n<meta name=\"twitter:label1\" content=\"Estimated reading time\" \/>\n\t<meta name=\"twitter:data1\" content=\"1 minute\" \/>\n<script type=\"application\/ld+json\" class=\"yoast-schema-graph\">{\"@context\":\"https:\/\/schema.org\",\"@graph\":[{\"@type\":\"WebPage\",\"@id\":\"https:\/\/vinilozona.lt\/parduotuve\/cd\/lietuviski-cd\/various-meiles-klasikos-metamorfozes-cd\/\",\"url\":\"https:\/\/vinilozona.lt\/parduotuve\/cd\/lietuviski-cd\/various-meiles-klasikos-metamorfozes-cd\/\",\"name\":\"Various \u2013 Meil\u0117s Klasikos Metamorfoz\u0117s CD Vinilin\u0117 Plok\u0161tel\u0117 | Vinilozona.lt\",\"isPartOf\":{\"@id\":\"https:\/\/vinilozona.lt\/#website\"},\"primaryImageOfPage\":{\"@id\":\"https:\/\/vinilozona.lt\/parduotuve\/cd\/lietuviski-cd\/various-meiles-klasikos-metamorfozes-cd\/#primaryimage\"},\"image\":{\"@id\":\"https:\/\/vinilozona.lt\/parduotuve\/cd\/lietuviski-cd\/various-meiles-klasikos-metamorfozes-cd\/#primaryimage\"},\"thumbnailUrl\":\"https:\/\/vinilozona.lt\/wp-content\/uploads\/2023\/01\/R-11266857-1619375582-1547.jpg\",\"datePublished\":\"2023-01-23T09:55:24+00:00\",\"dateModified\":\"2023-01-23T09:58:19+00:00\",\"breadcrumb\":{\"@id\":\"https:\/\/vinilozona.lt\/parduotuve\/cd\/lietuviski-cd\/various-meiles-klasikos-metamorfozes-cd\/#breadcrumb\"},\"inLanguage\":\"en-GB\",\"potentialAction\":[{\"@type\":\"ReadAction\",\"target\":[\"https:\/\/vinilozona.lt\/parduotuve\/cd\/lietuviski-cd\/various-meiles-klasikos-metamorfozes-cd\/\"]}]},{\"@type\":\"ImageObject\",\"inLanguage\":\"en-GB\",\"@id\":\"https:\/\/vinilozona.lt\/parduotuve\/cd\/lietuviski-cd\/various-meiles-klasikos-metamorfozes-cd\/#primaryimage\",\"url\":\"https:\/\/vinilozona.lt\/wp-content\/uploads\/2023\/01\/R-11266857-1619375582-1547.jpg\",\"contentUrl\":\"https:\/\/vinilozona.lt\/wp-content\/uploads\/2023\/01\/R-11266857-1619375582-1547.jpg\",\"width\":599,\"height\":479},{\"@type\":\"BreadcrumbList\",\"@id\":\"https:\/\/vinilozona.lt\/parduotuve\/cd\/lietuviski-cd\/various-meiles-klasikos-metamorfozes-cd\/#breadcrumb\",\"itemListElement\":[{\"@type\":\"ListItem\",\"position\":1,\"name\":\"Home\",\"item\":\"https:\/\/vinilozona.lt\/\"},{\"@type\":\"ListItem\",\"position\":2,\"name\":\"Parduotuv\u0117\",\"item\":\"https:\/\/vinilozona.lt\/parduotuve\/\"},{\"@type\":\"ListItem\",\"position\":3,\"name\":\"Various \u2013 Meil\u0117s Klasikos Metamorfoz\u0117s CD\"}]},{\"@type\":\"WebSite\",\"@id\":\"https:\/\/vinilozona.lt\/#website\",\"url\":\"https:\/\/vinilozona.lt\/\",\"name\":\"Vinilo Zona\",\"description\":\"Nup\u016bsk dulkes ir klausyk LP\",\"potentialAction\":[{\"@type\":\"SearchAction\",\"target\":{\"@type\":\"EntryPoint\",\"urlTemplate\":\"https:\/\/vinilozona.lt\/?s={search_term_string}\"},\"query-input\":{\"@type\":\"PropertyValueSpecification\",\"valueRequired\":true,\"valueName\":\"search_term_string\"}}],\"inLanguage\":\"en-GB\"}]}<\/script>\n<!-- \/ Yoast SEO plugin. -->","yoast_head_json":{"title":"Various \u2013 Meil\u0117s Klasikos Metamorfoz\u0117s CD Vinilin\u0117 Plok\u0161tel\u0117 | Vinilozona.lt","robots":{"index":"index","follow":"follow","max-snippet":"max-snippet:-1","max-image-preview":"max-image-preview:large","max-video-preview":"max-video-preview:-1"},"canonical":"https:\/\/vinilozona.lt\/en\/parduotuve\/cd\/lietuviski-cd\/various-meiles-klasikos-metamorfozes-cd\/","og_locale":"en_GB","og_type":"article","og_title":"Various \u2013 Meil\u0117s Klasikos Metamorfoz\u0117s CD Vinilin\u0117 Plok\u0161tel\u0117 | Vinilozona.lt","og_description":"Cool Production \u2013 none, Tikra Produkcija \u2013 none Format:  CD, Album Country: Lithuania Released: Dec 2002","og_url":"https:\/\/vinilozona.lt\/en\/parduotuve\/cd\/lietuviski-cd\/various-meiles-klasikos-metamorfozes-cd\/","og_site_name":"Vinilo Zona","article_modified_time":"2023-01-23T09:58:19+00:00","og_image":[{"width":599,"height":479,"url":"https:\/\/vinilozona.lt\/wp-content\/uploads\/2023\/01\/R-11266857-1619375582-1547.jpg","type":"image\/jpeg"}],"twitter_card":"summary_large_image","twitter_misc":{"Estimated reading time":"1 minute"},"schema":{"@context":"https:\/\/schema.org","@graph":[{"@type":"WebPage","@id":"https:\/\/vinilozona.lt\/parduotuve\/cd\/lietuviski-cd\/various-meiles-klasikos-metamorfozes-cd\/","url":"https:\/\/vinilozona.lt\/parduotuve\/cd\/lietuviski-cd\/various-meiles-klasikos-metamorfozes-cd\/","name":"Various \u2013 Meil\u0117s Klasikos Metamorfoz\u0117s CD Vinilin\u0117 Plok\u0161tel\u0117 | Vinilozona.lt","isPartOf":{"@id":"https:\/\/vinilozona.lt\/#website"},"primaryImageOfPage":{"@id":"https:\/\/vinilozona.lt\/parduotuve\/cd\/lietuviski-cd\/various-meiles-klasikos-metamorfozes-cd\/#primaryimage"},"image":{"@id":"https:\/\/vinilozona.lt\/parduotuve\/cd\/lietuviski-cd\/various-meiles-klasikos-metamorfozes-cd\/#primaryimage"},"thumbnailUrl":"https:\/\/vinilozona.lt\/wp-content\/uploads\/2023\/01\/R-11266857-1619375582-1547.jpg","datePublished":"2023-01-23T09:55:24+00:00","dateModified":"2023-01-23T09:58:19+00:00","breadcrumb":{"@id":"https:\/\/vinilozona.lt\/parduotuve\/cd\/lietuviski-cd\/various-meiles-klasikos-metamorfozes-cd\/#breadcrumb"},"inLanguage":"en-GB","potentialAction":[{"@type":"ReadAction","target":["https:\/\/vinilozona.lt\/parduotuve\/cd\/lietuviski-cd\/various-meiles-klasikos-metamorfozes-cd\/"]}]},{"@type":"ImageObject","inLanguage":"en-GB","@id":"https:\/\/vinilozona.lt\/parduotuve\/cd\/lietuviski-cd\/various-meiles-klasikos-metamorfozes-cd\/#primaryimage","url":"https:\/\/vinilozona.lt\/wp-content\/uploads\/2023\/01\/R-11266857-1619375582-1547.jpg","contentUrl":"https:\/\/vinilozona.lt\/wp-content\/uploads\/2023\/01\/R-11266857-1619375582-1547.jpg","width":599,"height":479},{"@type":"BreadcrumbList","@id":"https:\/\/vinilozona.lt\/parduotuve\/cd\/lietuviski-cd\/various-meiles-klasikos-metamorfozes-cd\/#breadcrumb","itemListElement":[{"@type":"ListItem","position":1,"name":"Home","item":"https:\/\/vinilozona.lt\/"},{"@type":"ListItem","position":2,"name":"Parduotuv\u0117","item":"https:\/\/vinilozona.lt\/parduotuve\/"},{"@type":"ListItem","position":3,"name":"Various \u2013 Meil\u0117s Klasikos Metamorfoz\u0117s CD"}]},{"@type":"WebSite","@id":"https:\/\/vinilozona.lt\/#website","url":"https:\/\/vinilozona.lt\/","name":"Vinilo Zona","description":"Nup\u016bsk dulkes ir klausyk LP","potentialAction":[{"@type":"SearchAction","target":{"@type":"EntryPoint","urlTemplate":"https:\/\/vinilozona.lt\/?s={search_term_string}"},"query-input":{"@type":"PropertyValueSpecification","valueRequired":true,"valueName":"search_term_string"}}],"inLanguage":"en-GB"}]}},"_links":{"self":[{"href":"https:\/\/vinilozona.lt\/en\/wp-json\/wp\/v2\/product\/21231"}],"collection":[{"href":"https:\/\/vinilozona.lt\/en\/wp-json\/wp\/v2\/product"}],"about":[{"href":"https:\/\/vinilozona.lt\/en\/wp-json\/wp\/v2\/types\/product"}],"wp:featuredmedia":[{"embeddable":true,"href":"https:\/\/vinilozona.lt\/en\/wp-json\/wp\/v2\/media\/21232"}],"wp:attachment":[{"href":"https:\/\/vinilozona.lt\/en\/wp-json\/wp\/v2\/media?parent=21231"}],"wp:term":[{"taxonomy":"product_cat","embeddable":true,"href":"https:\/\/vinilozona.lt\/en\/wp-json\/wp\/v2\/product_cat?post=21231"},{"taxonomy":"product_tag","embeddable":true,"href":"https:\/\/vinilozona.lt\/en\/wp-json\/wp\/v2\/product_tag?post=21231"}],"curies":[{"name":"wp","href":"https:\/\/api.w.org\/{rel}","templated":true}]}}