{"id":21213,"date":"2023-01-23T08:08:10","date_gmt":"2023-01-23T06:08:10","guid":{"rendered":"https:\/\/vinilozona.lt\/?post_type=product&#038;p=21213"},"modified":"2024-12-08T14:50:08","modified_gmt":"2024-12-08T12:50:08","slug":"zilvinas-zvagulis-buna-cd","status":"publish","type":"product","link":"https:\/\/vinilozona.lt\/en\/parduotuve\/cd\/lietuviski-cd\/zilvinas-zvagulis-buna-cd\/","title":{"rendered":"\u017dilvinas \u017dvagulis \u2013 B\u016bna CD"},"content":{"rendered":"<p>B\u016bna<br \/>\nMa\u010dios<br \/>\nViso, Gero V\u0117jo<br \/>\nKaimo Dendis<br \/>\nKai \u017dmonos I\u0161va\u017eiuoja<br \/>\nKiek Dar Daug Viet\u0173 Nebu\u010diuot\u0173<br \/>\nTurtuolis Valkata<br \/>\nKlaip\u0117da<br \/>\nKad Neb\u016bt\u0173 Karo<br \/>\nSu Mylimu Ir Palapin\u0117j Rojus<br \/>\nLinksmintis Ne Nuodem\u0117<br \/>\nKas Bus Tas Bus&#8230;<br \/>\nKazino<br \/>\nKai Verkia Med\u017eiai<\/p>","protected":false},"excerpt":{"rendered":"<p>Zuzi Records \u2013 ZZCD 053<br \/>\nFormat:<br \/>\nCD, Album<br \/>\nCountry:\tLithuania<br \/>\nReleased:\t2006<\/p>","protected":false},"featured_media":21214,"template":"","meta":[],"product_cat":[24,947,56],"product_tag":[44],"yoast_head":"<!-- This site is optimized with the Yoast SEO plugin v23.5 - https:\/\/yoast.com\/wordpress\/plugins\/seo\/ -->\n<title>\u017dilvinas \u017dvagulis \u2013 B\u016bna CD Vinilin\u0117 Plok\u0161tel\u0117 | Vinilozona.lt<\/title>\n<meta name=\"robots\" content=\"index, follow, max-snippet:-1, max-image-preview:large, max-video-preview:-1\" \/>\n<link rel=\"canonical\" href=\"https:\/\/vinilozona.lt\/en\/parduotuve\/cd\/lietuviski-cd\/zilvinas-zvagulis-buna-cd\/\" \/>\n<meta property=\"og:locale\" content=\"en_GB\" \/>\n<meta property=\"og:type\" content=\"article\" \/>\n<meta property=\"og:title\" content=\"\u017dilvinas \u017dvagulis \u2013 B\u016bna CD Vinilin\u0117 Plok\u0161tel\u0117 | Vinilozona.lt\" \/>\n<meta property=\"og:description\" content=\"Zuzi Records \u2013 ZZCD 053 Format:  CD, Album Country: Lithuania Released: 2006\" \/>\n<meta property=\"og:url\" content=\"https:\/\/vinilozona.lt\/en\/parduotuve\/cd\/lietuviski-cd\/zilvinas-zvagulis-buna-cd\/\" \/>\n<meta property=\"og:site_name\" content=\"Vinilo Zona\" \/>\n<meta property=\"article:modified_time\" content=\"2024-12-08T12:50:08+00:00\" \/>\n<meta property=\"og:image\" content=\"https:\/\/vinilozona.lt\/wp-content\/uploads\/2023\/01\/R-3014548-1311772399.jpg\" \/>\n\t<meta property=\"og:image:width\" content=\"271\" \/>\n\t<meta property=\"og:image:height\" content=\"235\" \/>\n\t<meta property=\"og:image:type\" content=\"image\/jpeg\" \/>\n<meta name=\"twitter:card\" content=\"summary_large_image\" \/>\n<script type=\"application\/ld+json\" class=\"yoast-schema-graph\">{\"@context\":\"https:\/\/schema.org\",\"@graph\":[{\"@type\":\"WebPage\",\"@id\":\"https:\/\/vinilozona.lt\/parduotuve\/cd\/lietuviski-cd\/zilvinas-zvagulis-buna-cd\/\",\"url\":\"https:\/\/vinilozona.lt\/parduotuve\/cd\/lietuviski-cd\/zilvinas-zvagulis-buna-cd\/\",\"name\":\"\u017dilvinas \u017dvagulis \u2013 B\u016bna CD Vinilin\u0117 Plok\u0161tel\u0117 | Vinilozona.lt\",\"isPartOf\":{\"@id\":\"https:\/\/vinilozona.lt\/#website\"},\"primaryImageOfPage\":{\"@id\":\"https:\/\/vinilozona.lt\/parduotuve\/cd\/lietuviski-cd\/zilvinas-zvagulis-buna-cd\/#primaryimage\"},\"image\":{\"@id\":\"https:\/\/vinilozona.lt\/parduotuve\/cd\/lietuviski-cd\/zilvinas-zvagulis-buna-cd\/#primaryimage\"},\"thumbnailUrl\":\"https:\/\/vinilozona.lt\/wp-content\/uploads\/2023\/01\/R-3014548-1311772399.jpg\",\"datePublished\":\"2023-01-23T06:08:10+00:00\",\"dateModified\":\"2024-12-08T12:50:08+00:00\",\"breadcrumb\":{\"@id\":\"https:\/\/vinilozona.lt\/parduotuve\/cd\/lietuviski-cd\/zilvinas-zvagulis-buna-cd\/#breadcrumb\"},\"inLanguage\":\"en-GB\",\"potentialAction\":[{\"@type\":\"ReadAction\",\"target\":[\"https:\/\/vinilozona.lt\/parduotuve\/cd\/lietuviski-cd\/zilvinas-zvagulis-buna-cd\/\"]}]},{\"@type\":\"ImageObject\",\"inLanguage\":\"en-GB\",\"@id\":\"https:\/\/vinilozona.lt\/parduotuve\/cd\/lietuviski-cd\/zilvinas-zvagulis-buna-cd\/#primaryimage\",\"url\":\"https:\/\/vinilozona.lt\/wp-content\/uploads\/2023\/01\/R-3014548-1311772399.jpg\",\"contentUrl\":\"https:\/\/vinilozona.lt\/wp-content\/uploads\/2023\/01\/R-3014548-1311772399.jpg\",\"width\":271,\"height\":235},{\"@type\":\"BreadcrumbList\",\"@id\":\"https:\/\/vinilozona.lt\/parduotuve\/cd\/lietuviski-cd\/zilvinas-zvagulis-buna-cd\/#breadcrumb\",\"itemListElement\":[{\"@type\":\"ListItem\",\"position\":1,\"name\":\"Home\",\"item\":\"https:\/\/vinilozona.lt\/\"},{\"@type\":\"ListItem\",\"position\":2,\"name\":\"Parduotuv\u0117\",\"item\":\"https:\/\/vinilozona.lt\/parduotuve\/\"},{\"@type\":\"ListItem\",\"position\":3,\"name\":\"\u017dilvinas \u017dvagulis \u2013 B\u016bna CD\"}]},{\"@type\":\"WebSite\",\"@id\":\"https:\/\/vinilozona.lt\/#website\",\"url\":\"https:\/\/vinilozona.lt\/\",\"name\":\"Vinilo Zona\",\"description\":\"Nup\u016bsk dulkes ir klausyk LP\",\"potentialAction\":[{\"@type\":\"SearchAction\",\"target\":{\"@type\":\"EntryPoint\",\"urlTemplate\":\"https:\/\/vinilozona.lt\/?s={search_term_string}\"},\"query-input\":{\"@type\":\"PropertyValueSpecification\",\"valueRequired\":true,\"valueName\":\"search_term_string\"}}],\"inLanguage\":\"en-GB\"}]}<\/script>\n<!-- \/ Yoast SEO plugin. -->","yoast_head_json":{"title":"\u017dilvinas \u017dvagulis \u2013 B\u016bna CD Vinilin\u0117 Plok\u0161tel\u0117 | Vinilozona.lt","robots":{"index":"index","follow":"follow","max-snippet":"max-snippet:-1","max-image-preview":"max-image-preview:large","max-video-preview":"max-video-preview:-1"},"canonical":"https:\/\/vinilozona.lt\/en\/parduotuve\/cd\/lietuviski-cd\/zilvinas-zvagulis-buna-cd\/","og_locale":"en_GB","og_type":"article","og_title":"\u017dilvinas \u017dvagulis \u2013 B\u016bna CD Vinilin\u0117 Plok\u0161tel\u0117 | Vinilozona.lt","og_description":"Zuzi Records \u2013 ZZCD 053 Format:  CD, Album Country: Lithuania Released: 2006","og_url":"https:\/\/vinilozona.lt\/en\/parduotuve\/cd\/lietuviski-cd\/zilvinas-zvagulis-buna-cd\/","og_site_name":"Vinilo Zona","article_modified_time":"2024-12-08T12:50:08+00:00","og_image":[{"width":271,"height":235,"url":"https:\/\/vinilozona.lt\/wp-content\/uploads\/2023\/01\/R-3014548-1311772399.jpg","type":"image\/jpeg"}],"twitter_card":"summary_large_image","schema":{"@context":"https:\/\/schema.org","@graph":[{"@type":"WebPage","@id":"https:\/\/vinilozona.lt\/parduotuve\/cd\/lietuviski-cd\/zilvinas-zvagulis-buna-cd\/","url":"https:\/\/vinilozona.lt\/parduotuve\/cd\/lietuviski-cd\/zilvinas-zvagulis-buna-cd\/","name":"\u017dilvinas \u017dvagulis \u2013 B\u016bna CD Vinilin\u0117 Plok\u0161tel\u0117 | Vinilozona.lt","isPartOf":{"@id":"https:\/\/vinilozona.lt\/#website"},"primaryImageOfPage":{"@id":"https:\/\/vinilozona.lt\/parduotuve\/cd\/lietuviski-cd\/zilvinas-zvagulis-buna-cd\/#primaryimage"},"image":{"@id":"https:\/\/vinilozona.lt\/parduotuve\/cd\/lietuviski-cd\/zilvinas-zvagulis-buna-cd\/#primaryimage"},"thumbnailUrl":"https:\/\/vinilozona.lt\/wp-content\/uploads\/2023\/01\/R-3014548-1311772399.jpg","datePublished":"2023-01-23T06:08:10+00:00","dateModified":"2024-12-08T12:50:08+00:00","breadcrumb":{"@id":"https:\/\/vinilozona.lt\/parduotuve\/cd\/lietuviski-cd\/zilvinas-zvagulis-buna-cd\/#breadcrumb"},"inLanguage":"en-GB","potentialAction":[{"@type":"ReadAction","target":["https:\/\/vinilozona.lt\/parduotuve\/cd\/lietuviski-cd\/zilvinas-zvagulis-buna-cd\/"]}]},{"@type":"ImageObject","inLanguage":"en-GB","@id":"https:\/\/vinilozona.lt\/parduotuve\/cd\/lietuviski-cd\/zilvinas-zvagulis-buna-cd\/#primaryimage","url":"https:\/\/vinilozona.lt\/wp-content\/uploads\/2023\/01\/R-3014548-1311772399.jpg","contentUrl":"https:\/\/vinilozona.lt\/wp-content\/uploads\/2023\/01\/R-3014548-1311772399.jpg","width":271,"height":235},{"@type":"BreadcrumbList","@id":"https:\/\/vinilozona.lt\/parduotuve\/cd\/lietuviski-cd\/zilvinas-zvagulis-buna-cd\/#breadcrumb","itemListElement":[{"@type":"ListItem","position":1,"name":"Home","item":"https:\/\/vinilozona.lt\/"},{"@type":"ListItem","position":2,"name":"Parduotuv\u0117","item":"https:\/\/vinilozona.lt\/parduotuve\/"},{"@type":"ListItem","position":3,"name":"\u017dilvinas \u017dvagulis \u2013 B\u016bna CD"}]},{"@type":"WebSite","@id":"https:\/\/vinilozona.lt\/#website","url":"https:\/\/vinilozona.lt\/","name":"Vinilo Zona","description":"Nup\u016bsk dulkes ir klausyk LP","potentialAction":[{"@type":"SearchAction","target":{"@type":"EntryPoint","urlTemplate":"https:\/\/vinilozona.lt\/?s={search_term_string}"},"query-input":{"@type":"PropertyValueSpecification","valueRequired":true,"valueName":"search_term_string"}}],"inLanguage":"en-GB"}]}},"_links":{"self":[{"href":"https:\/\/vinilozona.lt\/en\/wp-json\/wp\/v2\/product\/21213"}],"collection":[{"href":"https:\/\/vinilozona.lt\/en\/wp-json\/wp\/v2\/product"}],"about":[{"href":"https:\/\/vinilozona.lt\/en\/wp-json\/wp\/v2\/types\/product"}],"wp:featuredmedia":[{"embeddable":true,"href":"https:\/\/vinilozona.lt\/en\/wp-json\/wp\/v2\/media\/21214"}],"wp:attachment":[{"href":"https:\/\/vinilozona.lt\/en\/wp-json\/wp\/v2\/media?parent=21213"}],"wp:term":[{"taxonomy":"product_cat","embeddable":true,"href":"https:\/\/vinilozona.lt\/en\/wp-json\/wp\/v2\/product_cat?post=21213"},{"taxonomy":"product_tag","embeddable":true,"href":"https:\/\/vinilozona.lt\/en\/wp-json\/wp\/v2\/product_tag?post=21213"}],"curies":[{"name":"wp","href":"https:\/\/api.w.org\/{rel}","templated":true}]}}