{"id":21139,"date":"2023-10-27T05:10:16","date_gmt":"2023-10-27T02:10:16","guid":{"rendered":"https:\/\/vinilozona.lt\/?post_type=product&#038;p=21139"},"modified":"2026-02-27T15:26:00","modified_gmt":"2026-02-27T13:26:00","slug":"slade-wall-of-hits","status":"publish","type":"product","link":"https:\/\/vinilozona.lt\/en\/parduotuve\/cd\/naudoti-cd\/slade-wall-of-hits\/","title":{"rendered":"Creedence Clearwater Revisited \u2013 Recollection   2CD"},"content":{"rendered":"<p>1-1\t\tBorn On The Bayou\t5:19<br \/>\n1-2\t\tGreen River\t3:23<br \/>\n1-3\t\tLodi\t3:19<br \/>\n1-4\t\tCommotion\t2:41<br \/>\n1-5\t\tWho&#8217;ll Stop The Rain\t2:39<br \/>\n1-6\t\tSuzie Q\t10:10<br \/>\n1-7\t\tHey Tonight\t2:36<br \/>\n1-8\t\tLong As I Can See The Light\t3:40<br \/>\n1-9\t\tDown On The Corner\t3:03<br \/>\n1-10\t\tLooking Out My Back Door\t2:44<br \/>\n1-11\t\tCotton Fields\t2:53<br \/>\n1-12\t\tTombstone Shadow\t4:27<br \/>\n2-1\t\tI Heard It Through The Grapevine\t15:44<br \/>\n2-2\t\tMidnight Special\t4:14<br \/>\n2-3\t\tBad Moon Rising\t2:18<br \/>\n2-4\t\tProud Mary\t3:24<br \/>\n2-5\t\tI Put A Spell On You\t4:36<br \/>\n2-6\t\tFortunate Son\t2:48<br \/>\n2-7\t\tHave You Ever Seen The Rain\t2:41<br \/>\n2-8\t\tTravelin&#8217; Band\t3:29<br \/>\n2-9\t\tRun Through The Jungle\t8:07<br \/>\n2-10\t\tUp Around The Bend\t3:52<\/p>","protected":false},"excerpt":{"rendered":"<p>SPV Recordings \u2013 SPV 085-29232 DCD, CBH Records \u2013 SPV 085-29232 DCD<br \/>\nFormat:<br \/>\n2 x CD, Album<br \/>\nCountry:\tGermany<br \/>\nReleased:\t1998<\/p>","protected":false},"featured_media":23316,"template":"","meta":[],"product_cat":[24,946],"product_tag":[44],"yoast_head":"<!-- This site is optimized with the Yoast SEO plugin v23.5 - https:\/\/yoast.com\/wordpress\/plugins\/seo\/ -->\n<title>Creedence Clearwater Revisited \u2013 Recollection  2CD Vinilin\u0117 Plok\u0161tel\u0117 | Vinilozona.lt<\/title>\n<meta name=\"robots\" content=\"index, follow, max-snippet:-1, max-image-preview:large, max-video-preview:-1\" \/>\n<link rel=\"canonical\" href=\"https:\/\/vinilozona.lt\/en\/parduotuve\/cd\/naudoti-cd\/slade-wall-of-hits\/\" \/>\n<meta property=\"og:locale\" content=\"en_GB\" \/>\n<meta property=\"og:type\" content=\"article\" \/>\n<meta property=\"og:title\" content=\"Creedence Clearwater Revisited \u2013 Recollection  2CD Vinilin\u0117 Plok\u0161tel\u0117 | Vinilozona.lt\" \/>\n<meta property=\"og:description\" content=\"SPV Recordings \u2013 SPV 085-29232 DCD, CBH Records \u2013 SPV 085-29232 DCD Format:  2 x CD, Album Country: Germany Released: 1998\" \/>\n<meta property=\"og:url\" content=\"https:\/\/vinilozona.lt\/en\/parduotuve\/cd\/naudoti-cd\/slade-wall-of-hits\/\" \/>\n<meta property=\"og:site_name\" content=\"Vinilo Zona\" \/>\n<meta property=\"article:modified_time\" content=\"2026-02-27T13:26:00+00:00\" \/>\n<meta property=\"og:image\" content=\"https:\/\/vinilozona.lt\/wp-content\/uploads\/2023\/05\/R-3291720-1503328300-3524.jpg\" \/>\n\t<meta property=\"og:image:width\" content=\"594\" \/>\n\t<meta property=\"og:image:height\" content=\"600\" \/>\n\t<meta property=\"og:image:type\" content=\"image\/jpeg\" \/>\n<meta name=\"twitter:card\" content=\"summary_large_image\" \/>\n<script type=\"application\/ld+json\" class=\"yoast-schema-graph\">{\"@context\":\"https:\/\/schema.org\",\"@graph\":[{\"@type\":\"WebPage\",\"@id\":\"https:\/\/vinilozona.lt\/parduotuve\/cd\/naudoti-cd\/slade-wall-of-hits\/\",\"url\":\"https:\/\/vinilozona.lt\/parduotuve\/cd\/naudoti-cd\/slade-wall-of-hits\/\",\"name\":\"Creedence Clearwater Revisited \u2013 Recollection 2CD Vinilin\u0117 Plok\u0161tel\u0117 | Vinilozona.lt\",\"isPartOf\":{\"@id\":\"https:\/\/vinilozona.lt\/#website\"},\"primaryImageOfPage\":{\"@id\":\"https:\/\/vinilozona.lt\/parduotuve\/cd\/naudoti-cd\/slade-wall-of-hits\/#primaryimage\"},\"image\":{\"@id\":\"https:\/\/vinilozona.lt\/parduotuve\/cd\/naudoti-cd\/slade-wall-of-hits\/#primaryimage\"},\"thumbnailUrl\":\"https:\/\/vinilozona.lt\/wp-content\/uploads\/2023\/05\/R-3291720-1503328300-3524.jpg\",\"datePublished\":\"2023-10-27T02:10:16+00:00\",\"dateModified\":\"2026-02-27T13:26:00+00:00\",\"breadcrumb\":{\"@id\":\"https:\/\/vinilozona.lt\/parduotuve\/cd\/naudoti-cd\/slade-wall-of-hits\/#breadcrumb\"},\"inLanguage\":\"en-GB\",\"potentialAction\":[{\"@type\":\"ReadAction\",\"target\":[\"https:\/\/vinilozona.lt\/parduotuve\/cd\/naudoti-cd\/slade-wall-of-hits\/\"]}]},{\"@type\":\"ImageObject\",\"inLanguage\":\"en-GB\",\"@id\":\"https:\/\/vinilozona.lt\/parduotuve\/cd\/naudoti-cd\/slade-wall-of-hits\/#primaryimage\",\"url\":\"https:\/\/vinilozona.lt\/wp-content\/uploads\/2023\/05\/R-3291720-1503328300-3524.jpg\",\"contentUrl\":\"https:\/\/vinilozona.lt\/wp-content\/uploads\/2023\/05\/R-3291720-1503328300-3524.jpg\",\"width\":594,\"height\":600},{\"@type\":\"BreadcrumbList\",\"@id\":\"https:\/\/vinilozona.lt\/parduotuve\/cd\/naudoti-cd\/slade-wall-of-hits\/#breadcrumb\",\"itemListElement\":[{\"@type\":\"ListItem\",\"position\":1,\"name\":\"Home\",\"item\":\"https:\/\/vinilozona.lt\/\"},{\"@type\":\"ListItem\",\"position\":2,\"name\":\"Parduotuv\u0117\",\"item\":\"https:\/\/vinilozona.lt\/parduotuve\/\"},{\"@type\":\"ListItem\",\"position\":3,\"name\":\"Creedence Clearwater Revisited \u2013 Recollection 2CD\"}]},{\"@type\":\"WebSite\",\"@id\":\"https:\/\/vinilozona.lt\/#website\",\"url\":\"https:\/\/vinilozona.lt\/\",\"name\":\"Vinilo Zona\",\"description\":\"Nup\u016bsk dulkes ir klausyk LP\",\"potentialAction\":[{\"@type\":\"SearchAction\",\"target\":{\"@type\":\"EntryPoint\",\"urlTemplate\":\"https:\/\/vinilozona.lt\/?s={search_term_string}\"},\"query-input\":{\"@type\":\"PropertyValueSpecification\",\"valueRequired\":true,\"valueName\":\"search_term_string\"}}],\"inLanguage\":\"en-GB\"}]}<\/script>\n<!-- \/ Yoast SEO plugin. -->","yoast_head_json":{"title":"Creedence Clearwater Revisited \u2013 Recollection  2CD Vinilin\u0117 Plok\u0161tel\u0117 | Vinilozona.lt","robots":{"index":"index","follow":"follow","max-snippet":"max-snippet:-1","max-image-preview":"max-image-preview:large","max-video-preview":"max-video-preview:-1"},"canonical":"https:\/\/vinilozona.lt\/en\/parduotuve\/cd\/naudoti-cd\/slade-wall-of-hits\/","og_locale":"en_GB","og_type":"article","og_title":"Creedence Clearwater Revisited \u2013 Recollection  2CD Vinilin\u0117 Plok\u0161tel\u0117 | Vinilozona.lt","og_description":"SPV Recordings \u2013 SPV 085-29232 DCD, CBH Records \u2013 SPV 085-29232 DCD Format:  2 x CD, Album Country: Germany Released: 1998","og_url":"https:\/\/vinilozona.lt\/en\/parduotuve\/cd\/naudoti-cd\/slade-wall-of-hits\/","og_site_name":"Vinilo Zona","article_modified_time":"2026-02-27T13:26:00+00:00","og_image":[{"width":594,"height":600,"url":"https:\/\/vinilozona.lt\/wp-content\/uploads\/2023\/05\/R-3291720-1503328300-3524.jpg","type":"image\/jpeg"}],"twitter_card":"summary_large_image","schema":{"@context":"https:\/\/schema.org","@graph":[{"@type":"WebPage","@id":"https:\/\/vinilozona.lt\/parduotuve\/cd\/naudoti-cd\/slade-wall-of-hits\/","url":"https:\/\/vinilozona.lt\/parduotuve\/cd\/naudoti-cd\/slade-wall-of-hits\/","name":"Creedence Clearwater Revisited \u2013 Recollection 2CD Vinilin\u0117 Plok\u0161tel\u0117 | Vinilozona.lt","isPartOf":{"@id":"https:\/\/vinilozona.lt\/#website"},"primaryImageOfPage":{"@id":"https:\/\/vinilozona.lt\/parduotuve\/cd\/naudoti-cd\/slade-wall-of-hits\/#primaryimage"},"image":{"@id":"https:\/\/vinilozona.lt\/parduotuve\/cd\/naudoti-cd\/slade-wall-of-hits\/#primaryimage"},"thumbnailUrl":"https:\/\/vinilozona.lt\/wp-content\/uploads\/2023\/05\/R-3291720-1503328300-3524.jpg","datePublished":"2023-10-27T02:10:16+00:00","dateModified":"2026-02-27T13:26:00+00:00","breadcrumb":{"@id":"https:\/\/vinilozona.lt\/parduotuve\/cd\/naudoti-cd\/slade-wall-of-hits\/#breadcrumb"},"inLanguage":"en-GB","potentialAction":[{"@type":"ReadAction","target":["https:\/\/vinilozona.lt\/parduotuve\/cd\/naudoti-cd\/slade-wall-of-hits\/"]}]},{"@type":"ImageObject","inLanguage":"en-GB","@id":"https:\/\/vinilozona.lt\/parduotuve\/cd\/naudoti-cd\/slade-wall-of-hits\/#primaryimage","url":"https:\/\/vinilozona.lt\/wp-content\/uploads\/2023\/05\/R-3291720-1503328300-3524.jpg","contentUrl":"https:\/\/vinilozona.lt\/wp-content\/uploads\/2023\/05\/R-3291720-1503328300-3524.jpg","width":594,"height":600},{"@type":"BreadcrumbList","@id":"https:\/\/vinilozona.lt\/parduotuve\/cd\/naudoti-cd\/slade-wall-of-hits\/#breadcrumb","itemListElement":[{"@type":"ListItem","position":1,"name":"Home","item":"https:\/\/vinilozona.lt\/"},{"@type":"ListItem","position":2,"name":"Parduotuv\u0117","item":"https:\/\/vinilozona.lt\/parduotuve\/"},{"@type":"ListItem","position":3,"name":"Creedence Clearwater Revisited \u2013 Recollection 2CD"}]},{"@type":"WebSite","@id":"https:\/\/vinilozona.lt\/#website","url":"https:\/\/vinilozona.lt\/","name":"Vinilo Zona","description":"Nup\u016bsk dulkes ir klausyk LP","potentialAction":[{"@type":"SearchAction","target":{"@type":"EntryPoint","urlTemplate":"https:\/\/vinilozona.lt\/?s={search_term_string}"},"query-input":{"@type":"PropertyValueSpecification","valueRequired":true,"valueName":"search_term_string"}}],"inLanguage":"en-GB"}]}},"_links":{"self":[{"href":"https:\/\/vinilozona.lt\/en\/wp-json\/wp\/v2\/product\/21139"}],"collection":[{"href":"https:\/\/vinilozona.lt\/en\/wp-json\/wp\/v2\/product"}],"about":[{"href":"https:\/\/vinilozona.lt\/en\/wp-json\/wp\/v2\/types\/product"}],"wp:featuredmedia":[{"embeddable":true,"href":"https:\/\/vinilozona.lt\/en\/wp-json\/wp\/v2\/media\/23316"}],"wp:attachment":[{"href":"https:\/\/vinilozona.lt\/en\/wp-json\/wp\/v2\/media?parent=21139"}],"wp:term":[{"taxonomy":"product_cat","embeddable":true,"href":"https:\/\/vinilozona.lt\/en\/wp-json\/wp\/v2\/product_cat?post=21139"},{"taxonomy":"product_tag","embeddable":true,"href":"https:\/\/vinilozona.lt\/en\/wp-json\/wp\/v2\/product_tag?post=21139"}],"curies":[{"name":"wp","href":"https:\/\/api.w.org\/{rel}","templated":true}]}}