{"id":21128,"date":"2023-10-13T05:03:32","date_gmt":"2023-10-13T02:03:32","guid":{"rendered":"https:\/\/vinilozona.lt\/?post_type=product&#038;p=21128"},"modified":"2023-10-13T11:56:08","modified_gmt":"2023-10-13T08:56:08","slug":"dio-dream-evil-2","status":"publish","type":"product","link":"https:\/\/vinilozona.lt\/en\/parduotuve\/naujos-lp\/dio-dream-evil-2\/","title":{"rendered":"Dio \u2013 Dream Evil"},"content":{"rendered":"<p>Night People\t4:06<br \/>\nDream Evil\t4:26<br \/>\nSunset Superman\t5:45<br \/>\nAll The Fools Sailed Away\t7:10<br \/>\nNaked In The Rain\t5:09<br \/>\nOverlove\t3:26<br \/>\nI Could Have Been A Dreamer\t4:42<br \/>\nFaces In The Window\t3:53<br \/>\nWhen A Woman Cries\t4:43<\/p>","protected":false},"excerpt":{"rendered":"<p>Mercury \u2013 0736930, UMC \u2013 0736930, Vertigo \u2013 0736930<br \/>\nFormat:<br \/>\nVinyl, LP, Album, Reissue, Remastered<br \/>\nCountry:\tEurope<br \/>\nReleased:\tJan 22, 2021<\/p>","protected":false},"featured_media":21129,"template":"","meta":[],"product_cat":[23],"product_tag":[74],"yoast_head":"<!-- This site is optimized with the Yoast SEO plugin v23.5 - https:\/\/yoast.com\/wordpress\/plugins\/seo\/ -->\n<title>Dio \u2013 Dream Evil Vinilin\u0117 Plok\u0161tel\u0117 | Vinilozona.lt<\/title>\n<meta name=\"robots\" content=\"index, follow, max-snippet:-1, max-image-preview:large, max-video-preview:-1\" \/>\n<link rel=\"canonical\" href=\"https:\/\/vinilozona.lt\/en\/parduotuve\/naujos-lp\/dio-dream-evil-2\/\" \/>\n<meta property=\"og:locale\" content=\"en_GB\" \/>\n<meta property=\"og:type\" content=\"article\" \/>\n<meta property=\"og:title\" content=\"Dio \u2013 Dream Evil Vinilin\u0117 Plok\u0161tel\u0117 | Vinilozona.lt\" \/>\n<meta property=\"og:description\" content=\"Mercury \u2013 0736930, UMC \u2013 0736930, Vertigo \u2013 0736930 Format:  Vinyl, LP, Album, Reissue, Remastered Country: Europe Released: Jan 22, 2021\" \/>\n<meta property=\"og:url\" content=\"https:\/\/vinilozona.lt\/en\/parduotuve\/naujos-lp\/dio-dream-evil-2\/\" \/>\n<meta property=\"og:site_name\" content=\"Vinilo Zona\" \/>\n<meta property=\"article:modified_time\" content=\"2023-10-13T08:56:08+00:00\" \/>\n<meta property=\"og:image\" content=\"https:\/\/vinilozona.lt\/wp-content\/uploads\/2023\/01\/R-2320159-1276696509.jpg\" \/>\n\t<meta property=\"og:image:width\" content=\"472\" \/>\n\t<meta property=\"og:image:height\" content=\"458\" \/>\n\t<meta property=\"og:image:type\" content=\"image\/jpeg\" \/>\n<meta name=\"twitter:card\" content=\"summary_large_image\" \/>\n<script type=\"application\/ld+json\" class=\"yoast-schema-graph\">{\"@context\":\"https:\/\/schema.org\",\"@graph\":[{\"@type\":\"WebPage\",\"@id\":\"https:\/\/vinilozona.lt\/parduotuve\/naujos-lp\/dio-dream-evil-2\/\",\"url\":\"https:\/\/vinilozona.lt\/parduotuve\/naujos-lp\/dio-dream-evil-2\/\",\"name\":\"Dio \u2013 Dream Evil Vinilin\u0117 Plok\u0161tel\u0117 | Vinilozona.lt\",\"isPartOf\":{\"@id\":\"https:\/\/vinilozona.lt\/#website\"},\"primaryImageOfPage\":{\"@id\":\"https:\/\/vinilozona.lt\/parduotuve\/naujos-lp\/dio-dream-evil-2\/#primaryimage\"},\"image\":{\"@id\":\"https:\/\/vinilozona.lt\/parduotuve\/naujos-lp\/dio-dream-evil-2\/#primaryimage\"},\"thumbnailUrl\":\"https:\/\/vinilozona.lt\/wp-content\/uploads\/2023\/01\/R-2320159-1276696509.jpg\",\"datePublished\":\"2023-10-13T02:03:32+00:00\",\"dateModified\":\"2023-10-13T08:56:08+00:00\",\"breadcrumb\":{\"@id\":\"https:\/\/vinilozona.lt\/parduotuve\/naujos-lp\/dio-dream-evil-2\/#breadcrumb\"},\"inLanguage\":\"en-GB\",\"potentialAction\":[{\"@type\":\"ReadAction\",\"target\":[\"https:\/\/vinilozona.lt\/parduotuve\/naujos-lp\/dio-dream-evil-2\/\"]}]},{\"@type\":\"ImageObject\",\"inLanguage\":\"en-GB\",\"@id\":\"https:\/\/vinilozona.lt\/parduotuve\/naujos-lp\/dio-dream-evil-2\/#primaryimage\",\"url\":\"https:\/\/vinilozona.lt\/wp-content\/uploads\/2023\/01\/R-2320159-1276696509.jpg\",\"contentUrl\":\"https:\/\/vinilozona.lt\/wp-content\/uploads\/2023\/01\/R-2320159-1276696509.jpg\",\"width\":472,\"height\":458},{\"@type\":\"BreadcrumbList\",\"@id\":\"https:\/\/vinilozona.lt\/parduotuve\/naujos-lp\/dio-dream-evil-2\/#breadcrumb\",\"itemListElement\":[{\"@type\":\"ListItem\",\"position\":1,\"name\":\"Home\",\"item\":\"https:\/\/vinilozona.lt\/\"},{\"@type\":\"ListItem\",\"position\":2,\"name\":\"Parduotuv\u0117\",\"item\":\"https:\/\/vinilozona.lt\/parduotuve\/\"},{\"@type\":\"ListItem\",\"position\":3,\"name\":\"Dio \u2013 Dream Evil\"}]},{\"@type\":\"WebSite\",\"@id\":\"https:\/\/vinilozona.lt\/#website\",\"url\":\"https:\/\/vinilozona.lt\/\",\"name\":\"Vinilo Zona\",\"description\":\"Nup\u016bsk dulkes ir klausyk LP\",\"potentialAction\":[{\"@type\":\"SearchAction\",\"target\":{\"@type\":\"EntryPoint\",\"urlTemplate\":\"https:\/\/vinilozona.lt\/?s={search_term_string}\"},\"query-input\":{\"@type\":\"PropertyValueSpecification\",\"valueRequired\":true,\"valueName\":\"search_term_string\"}}],\"inLanguage\":\"en-GB\"}]}<\/script>\n<!-- \/ Yoast SEO plugin. -->","yoast_head_json":{"title":"Dio \u2013 Dream Evil Vinilin\u0117 Plok\u0161tel\u0117 | Vinilozona.lt","robots":{"index":"index","follow":"follow","max-snippet":"max-snippet:-1","max-image-preview":"max-image-preview:large","max-video-preview":"max-video-preview:-1"},"canonical":"https:\/\/vinilozona.lt\/en\/parduotuve\/naujos-lp\/dio-dream-evil-2\/","og_locale":"en_GB","og_type":"article","og_title":"Dio \u2013 Dream Evil Vinilin\u0117 Plok\u0161tel\u0117 | Vinilozona.lt","og_description":"Mercury \u2013 0736930, UMC \u2013 0736930, Vertigo \u2013 0736930 Format:  Vinyl, LP, Album, Reissue, Remastered Country: Europe Released: Jan 22, 2021","og_url":"https:\/\/vinilozona.lt\/en\/parduotuve\/naujos-lp\/dio-dream-evil-2\/","og_site_name":"Vinilo Zona","article_modified_time":"2023-10-13T08:56:08+00:00","og_image":[{"width":472,"height":458,"url":"https:\/\/vinilozona.lt\/wp-content\/uploads\/2023\/01\/R-2320159-1276696509.jpg","type":"image\/jpeg"}],"twitter_card":"summary_large_image","schema":{"@context":"https:\/\/schema.org","@graph":[{"@type":"WebPage","@id":"https:\/\/vinilozona.lt\/parduotuve\/naujos-lp\/dio-dream-evil-2\/","url":"https:\/\/vinilozona.lt\/parduotuve\/naujos-lp\/dio-dream-evil-2\/","name":"Dio \u2013 Dream Evil Vinilin\u0117 Plok\u0161tel\u0117 | Vinilozona.lt","isPartOf":{"@id":"https:\/\/vinilozona.lt\/#website"},"primaryImageOfPage":{"@id":"https:\/\/vinilozona.lt\/parduotuve\/naujos-lp\/dio-dream-evil-2\/#primaryimage"},"image":{"@id":"https:\/\/vinilozona.lt\/parduotuve\/naujos-lp\/dio-dream-evil-2\/#primaryimage"},"thumbnailUrl":"https:\/\/vinilozona.lt\/wp-content\/uploads\/2023\/01\/R-2320159-1276696509.jpg","datePublished":"2023-10-13T02:03:32+00:00","dateModified":"2023-10-13T08:56:08+00:00","breadcrumb":{"@id":"https:\/\/vinilozona.lt\/parduotuve\/naujos-lp\/dio-dream-evil-2\/#breadcrumb"},"inLanguage":"en-GB","potentialAction":[{"@type":"ReadAction","target":["https:\/\/vinilozona.lt\/parduotuve\/naujos-lp\/dio-dream-evil-2\/"]}]},{"@type":"ImageObject","inLanguage":"en-GB","@id":"https:\/\/vinilozona.lt\/parduotuve\/naujos-lp\/dio-dream-evil-2\/#primaryimage","url":"https:\/\/vinilozona.lt\/wp-content\/uploads\/2023\/01\/R-2320159-1276696509.jpg","contentUrl":"https:\/\/vinilozona.lt\/wp-content\/uploads\/2023\/01\/R-2320159-1276696509.jpg","width":472,"height":458},{"@type":"BreadcrumbList","@id":"https:\/\/vinilozona.lt\/parduotuve\/naujos-lp\/dio-dream-evil-2\/#breadcrumb","itemListElement":[{"@type":"ListItem","position":1,"name":"Home","item":"https:\/\/vinilozona.lt\/"},{"@type":"ListItem","position":2,"name":"Parduotuv\u0117","item":"https:\/\/vinilozona.lt\/parduotuve\/"},{"@type":"ListItem","position":3,"name":"Dio \u2013 Dream Evil"}]},{"@type":"WebSite","@id":"https:\/\/vinilozona.lt\/#website","url":"https:\/\/vinilozona.lt\/","name":"Vinilo Zona","description":"Nup\u016bsk dulkes ir klausyk LP","potentialAction":[{"@type":"SearchAction","target":{"@type":"EntryPoint","urlTemplate":"https:\/\/vinilozona.lt\/?s={search_term_string}"},"query-input":{"@type":"PropertyValueSpecification","valueRequired":true,"valueName":"search_term_string"}}],"inLanguage":"en-GB"}]}},"_links":{"self":[{"href":"https:\/\/vinilozona.lt\/en\/wp-json\/wp\/v2\/product\/21128"}],"collection":[{"href":"https:\/\/vinilozona.lt\/en\/wp-json\/wp\/v2\/product"}],"about":[{"href":"https:\/\/vinilozona.lt\/en\/wp-json\/wp\/v2\/types\/product"}],"wp:featuredmedia":[{"embeddable":true,"href":"https:\/\/vinilozona.lt\/en\/wp-json\/wp\/v2\/media\/21129"}],"wp:attachment":[{"href":"https:\/\/vinilozona.lt\/en\/wp-json\/wp\/v2\/media?parent=21128"}],"wp:term":[{"taxonomy":"product_cat","embeddable":true,"href":"https:\/\/vinilozona.lt\/en\/wp-json\/wp\/v2\/product_cat?post=21128"},{"taxonomy":"product_tag","embeddable":true,"href":"https:\/\/vinilozona.lt\/en\/wp-json\/wp\/v2\/product_tag?post=21128"}],"curies":[{"name":"wp","href":"https:\/\/api.w.org\/{rel}","templated":true}]}}