{"id":21028,"date":"2022-12-15T05:48:14","date_gmt":"2022-12-15T03:48:14","guid":{"rendered":"https:\/\/vinilozona.lt\/?post_type=product&#038;p=21028"},"modified":"2025-04-05T12:24:14","modified_gmt":"2025-04-05T09:24:14","slug":"shocking-blue-pop-giants-vol-22","status":"publish","type":"product","link":"https:\/\/vinilozona.lt\/en\/parduotuve\/rock-pop\/shocking-blue-pop-giants-vol-22\/","title":{"rendered":"Shocking Blue \u2013 Pop Giants, Vol. 22"},"content":{"rendered":"<p>A1\t\tVenus\t3:25<br \/>\nA2\t\tRock In The Sea\t3:00<br \/>\nA3\t\tBroken Heart\t2:27<br \/>\nA4\t\tEve &#038; The Apple\t2:39<br \/>\nA5\t\tThe Devil &#038; The Angel\t2:27<br \/>\nA6\t\tI&#8217;ve Spent My Money\t2:00<br \/>\nB1\t\tInkpot\t2:37<br \/>\nB2\t\tDon&#8217;t Let Your Right Hand Know\t2:05<br \/>\nB3\t\tNever Release The One You Love\t2:58<br \/>\nB4\t\tA Waste Of Time\t2:40<br \/>\nB5\t\tWill The Circle Be Unbroken\t2:38<br \/>\nB6\t\tEarly In The Morning\t2:16<\/p>","protected":false},"excerpt":{"rendered":"<p>Brunswick \u2013 2911 533<br \/>\nSeries:\tSilber-Serie, Pop Giants \u2013 Vol. 22<br \/>\nFormat:<br \/>\nVinyl, LP, Compilation<br \/>\nCountry:\tGermany<\/p>","protected":false},"featured_media":21029,"template":"","meta":[],"product_cat":[15],"product_tag":[44],"yoast_head":"<!-- This site is optimized with the Yoast SEO plugin v23.5 - https:\/\/yoast.com\/wordpress\/plugins\/seo\/ -->\n<title>Shocking Blue \u2013 Pop Giants, Vol. 22 Vinilin\u0117 Plok\u0161tel\u0117 | Vinilozona.lt<\/title>\n<meta name=\"robots\" content=\"index, follow, max-snippet:-1, max-image-preview:large, max-video-preview:-1\" \/>\n<link rel=\"canonical\" href=\"https:\/\/vinilozona.lt\/en\/parduotuve\/rock-pop\/shocking-blue-pop-giants-vol-22\/\" \/>\n<meta property=\"og:locale\" content=\"en_GB\" \/>\n<meta property=\"og:type\" content=\"article\" \/>\n<meta property=\"og:title\" content=\"Shocking Blue \u2013 Pop Giants, Vol. 22 Vinilin\u0117 Plok\u0161tel\u0117 | Vinilozona.lt\" \/>\n<meta property=\"og:description\" content=\"Brunswick \u2013 2911 533 Series: Silber-Serie, Pop Giants \u2013 Vol. 22 Format:  Vinyl, LP, Compilation Country: Germany\" \/>\n<meta property=\"og:url\" content=\"https:\/\/vinilozona.lt\/en\/parduotuve\/rock-pop\/shocking-blue-pop-giants-vol-22\/\" \/>\n<meta property=\"og:site_name\" content=\"Vinilo Zona\" \/>\n<meta property=\"article:modified_time\" content=\"2025-04-05T09:24:14+00:00\" \/>\n<meta property=\"og:image\" content=\"https:\/\/vinilozona.lt\/wp-content\/uploads\/2022\/12\/R-2899218-1487011465-8318.jpg\" \/>\n\t<meta property=\"og:image:width\" content=\"599\" \/>\n\t<meta property=\"og:image:height\" content=\"588\" \/>\n\t<meta property=\"og:image:type\" content=\"image\/jpeg\" \/>\n<meta name=\"twitter:card\" content=\"summary_large_image\" \/>\n<script type=\"application\/ld+json\" class=\"yoast-schema-graph\">{\"@context\":\"https:\/\/schema.org\",\"@graph\":[{\"@type\":\"WebPage\",\"@id\":\"https:\/\/vinilozona.lt\/parduotuve\/rock-pop\/shocking-blue-pop-giants-vol-22\/\",\"url\":\"https:\/\/vinilozona.lt\/parduotuve\/rock-pop\/shocking-blue-pop-giants-vol-22\/\",\"name\":\"Shocking Blue \u2013 Pop Giants, Vol. 22 Vinilin\u0117 Plok\u0161tel\u0117 | Vinilozona.lt\",\"isPartOf\":{\"@id\":\"https:\/\/vinilozona.lt\/#website\"},\"primaryImageOfPage\":{\"@id\":\"https:\/\/vinilozona.lt\/parduotuve\/rock-pop\/shocking-blue-pop-giants-vol-22\/#primaryimage\"},\"image\":{\"@id\":\"https:\/\/vinilozona.lt\/parduotuve\/rock-pop\/shocking-blue-pop-giants-vol-22\/#primaryimage\"},\"thumbnailUrl\":\"https:\/\/vinilozona.lt\/wp-content\/uploads\/2022\/12\/R-2899218-1487011465-8318.jpg\",\"datePublished\":\"2022-12-15T03:48:14+00:00\",\"dateModified\":\"2025-04-05T09:24:14+00:00\",\"breadcrumb\":{\"@id\":\"https:\/\/vinilozona.lt\/parduotuve\/rock-pop\/shocking-blue-pop-giants-vol-22\/#breadcrumb\"},\"inLanguage\":\"en-GB\",\"potentialAction\":[{\"@type\":\"ReadAction\",\"target\":[\"https:\/\/vinilozona.lt\/parduotuve\/rock-pop\/shocking-blue-pop-giants-vol-22\/\"]}]},{\"@type\":\"ImageObject\",\"inLanguage\":\"en-GB\",\"@id\":\"https:\/\/vinilozona.lt\/parduotuve\/rock-pop\/shocking-blue-pop-giants-vol-22\/#primaryimage\",\"url\":\"https:\/\/vinilozona.lt\/wp-content\/uploads\/2022\/12\/R-2899218-1487011465-8318.jpg\",\"contentUrl\":\"https:\/\/vinilozona.lt\/wp-content\/uploads\/2022\/12\/R-2899218-1487011465-8318.jpg\",\"width\":599,\"height\":588},{\"@type\":\"BreadcrumbList\",\"@id\":\"https:\/\/vinilozona.lt\/parduotuve\/rock-pop\/shocking-blue-pop-giants-vol-22\/#breadcrumb\",\"itemListElement\":[{\"@type\":\"ListItem\",\"position\":1,\"name\":\"Home\",\"item\":\"https:\/\/vinilozona.lt\/\"},{\"@type\":\"ListItem\",\"position\":2,\"name\":\"Parduotuv\u0117\",\"item\":\"https:\/\/vinilozona.lt\/parduotuve\/\"},{\"@type\":\"ListItem\",\"position\":3,\"name\":\"Shocking Blue \u2013 Pop Giants, Vol. 22\"}]},{\"@type\":\"WebSite\",\"@id\":\"https:\/\/vinilozona.lt\/#website\",\"url\":\"https:\/\/vinilozona.lt\/\",\"name\":\"Vinilo Zona\",\"description\":\"Nup\u016bsk dulkes ir klausyk LP\",\"potentialAction\":[{\"@type\":\"SearchAction\",\"target\":{\"@type\":\"EntryPoint\",\"urlTemplate\":\"https:\/\/vinilozona.lt\/?s={search_term_string}\"},\"query-input\":{\"@type\":\"PropertyValueSpecification\",\"valueRequired\":true,\"valueName\":\"search_term_string\"}}],\"inLanguage\":\"en-GB\"}]}<\/script>\n<!-- \/ Yoast SEO plugin. -->","yoast_head_json":{"title":"Shocking Blue \u2013 Pop Giants, Vol. 22 Vinilin\u0117 Plok\u0161tel\u0117 | Vinilozona.lt","robots":{"index":"index","follow":"follow","max-snippet":"max-snippet:-1","max-image-preview":"max-image-preview:large","max-video-preview":"max-video-preview:-1"},"canonical":"https:\/\/vinilozona.lt\/en\/parduotuve\/rock-pop\/shocking-blue-pop-giants-vol-22\/","og_locale":"en_GB","og_type":"article","og_title":"Shocking Blue \u2013 Pop Giants, Vol. 22 Vinilin\u0117 Plok\u0161tel\u0117 | Vinilozona.lt","og_description":"Brunswick \u2013 2911 533 Series: Silber-Serie, Pop Giants \u2013 Vol. 22 Format:  Vinyl, LP, Compilation Country: Germany","og_url":"https:\/\/vinilozona.lt\/en\/parduotuve\/rock-pop\/shocking-blue-pop-giants-vol-22\/","og_site_name":"Vinilo Zona","article_modified_time":"2025-04-05T09:24:14+00:00","og_image":[{"width":599,"height":588,"url":"https:\/\/vinilozona.lt\/wp-content\/uploads\/2022\/12\/R-2899218-1487011465-8318.jpg","type":"image\/jpeg"}],"twitter_card":"summary_large_image","schema":{"@context":"https:\/\/schema.org","@graph":[{"@type":"WebPage","@id":"https:\/\/vinilozona.lt\/parduotuve\/rock-pop\/shocking-blue-pop-giants-vol-22\/","url":"https:\/\/vinilozona.lt\/parduotuve\/rock-pop\/shocking-blue-pop-giants-vol-22\/","name":"Shocking Blue \u2013 Pop Giants, Vol. 22 Vinilin\u0117 Plok\u0161tel\u0117 | Vinilozona.lt","isPartOf":{"@id":"https:\/\/vinilozona.lt\/#website"},"primaryImageOfPage":{"@id":"https:\/\/vinilozona.lt\/parduotuve\/rock-pop\/shocking-blue-pop-giants-vol-22\/#primaryimage"},"image":{"@id":"https:\/\/vinilozona.lt\/parduotuve\/rock-pop\/shocking-blue-pop-giants-vol-22\/#primaryimage"},"thumbnailUrl":"https:\/\/vinilozona.lt\/wp-content\/uploads\/2022\/12\/R-2899218-1487011465-8318.jpg","datePublished":"2022-12-15T03:48:14+00:00","dateModified":"2025-04-05T09:24:14+00:00","breadcrumb":{"@id":"https:\/\/vinilozona.lt\/parduotuve\/rock-pop\/shocking-blue-pop-giants-vol-22\/#breadcrumb"},"inLanguage":"en-GB","potentialAction":[{"@type":"ReadAction","target":["https:\/\/vinilozona.lt\/parduotuve\/rock-pop\/shocking-blue-pop-giants-vol-22\/"]}]},{"@type":"ImageObject","inLanguage":"en-GB","@id":"https:\/\/vinilozona.lt\/parduotuve\/rock-pop\/shocking-blue-pop-giants-vol-22\/#primaryimage","url":"https:\/\/vinilozona.lt\/wp-content\/uploads\/2022\/12\/R-2899218-1487011465-8318.jpg","contentUrl":"https:\/\/vinilozona.lt\/wp-content\/uploads\/2022\/12\/R-2899218-1487011465-8318.jpg","width":599,"height":588},{"@type":"BreadcrumbList","@id":"https:\/\/vinilozona.lt\/parduotuve\/rock-pop\/shocking-blue-pop-giants-vol-22\/#breadcrumb","itemListElement":[{"@type":"ListItem","position":1,"name":"Home","item":"https:\/\/vinilozona.lt\/"},{"@type":"ListItem","position":2,"name":"Parduotuv\u0117","item":"https:\/\/vinilozona.lt\/parduotuve\/"},{"@type":"ListItem","position":3,"name":"Shocking Blue \u2013 Pop Giants, Vol. 22"}]},{"@type":"WebSite","@id":"https:\/\/vinilozona.lt\/#website","url":"https:\/\/vinilozona.lt\/","name":"Vinilo Zona","description":"Nup\u016bsk dulkes ir klausyk LP","potentialAction":[{"@type":"SearchAction","target":{"@type":"EntryPoint","urlTemplate":"https:\/\/vinilozona.lt\/?s={search_term_string}"},"query-input":{"@type":"PropertyValueSpecification","valueRequired":true,"valueName":"search_term_string"}}],"inLanguage":"en-GB"}]}},"_links":{"self":[{"href":"https:\/\/vinilozona.lt\/en\/wp-json\/wp\/v2\/product\/21028"}],"collection":[{"href":"https:\/\/vinilozona.lt\/en\/wp-json\/wp\/v2\/product"}],"about":[{"href":"https:\/\/vinilozona.lt\/en\/wp-json\/wp\/v2\/types\/product"}],"wp:featuredmedia":[{"embeddable":true,"href":"https:\/\/vinilozona.lt\/en\/wp-json\/wp\/v2\/media\/21029"}],"wp:attachment":[{"href":"https:\/\/vinilozona.lt\/en\/wp-json\/wp\/v2\/media?parent=21028"}],"wp:term":[{"taxonomy":"product_cat","embeddable":true,"href":"https:\/\/vinilozona.lt\/en\/wp-json\/wp\/v2\/product_cat?post=21028"},{"taxonomy":"product_tag","embeddable":true,"href":"https:\/\/vinilozona.lt\/en\/wp-json\/wp\/v2\/product_tag?post=21028"}],"curies":[{"name":"wp","href":"https:\/\/api.w.org\/{rel}","templated":true}]}}