{"id":21026,"date":"2025-06-28T05:05:49","date_gmt":"2025-06-28T02:05:49","guid":{"rendered":"https:\/\/vinilozona.lt\/?post_type=product&#038;p=21026"},"modified":"2025-07-05T11:07:29","modified_gmt":"2025-07-05T08:07:29","slug":"creedence-clearwater-revival-20-super-hits","status":"publish","type":"product","link":"https:\/\/vinilozona.lt\/en\/parduotuve\/rock-pop\/creedence-clearwater-revival-20-super-hits\/","title":{"rendered":"Creedence Clearwater Revival \u2013 20 Super Hits"},"content":{"rendered":"<p>Proud Mary\t3:05<br \/>\nDown On The Corner\t2:43<br \/>\nMidnight Special\t4:10<br \/>\nMy Baby Left Me\t2:17<br \/>\nWho&#8217;ll Stop The Rain\t2:28<br \/>\nGood Golly, Miss Molly\t2:38<br \/>\nI Put A Spell On You\t4:25<br \/>\nUp Around The Bend\t2:40<br \/>\nLodi\t3:08<br \/>\nMolina\t2:41<br \/>\nBad Moon Rising\t2:17<br \/>\nCotton Fields\t2:53<br \/>\nCommotion\t2:37<br \/>\nLong As I Can See The Light\t3:33<br \/>\nDon&#8217;t Look Now (It Ain&#8217;t You Or Me)\t2:08<br \/>\nSailor&#8217;s Lament\t3:47<br \/>\nRun Through The Jungle\t3:09<br \/>\nBorn On The Bayou\t5:10<br \/>\nHave You Ever Seen The Rain\t2:39<br \/>\nLookin&#8217; Out My Back Door\t2:31<\/p>","protected":false},"excerpt":{"rendered":"<p>Fantasy \u2013 BS 45004, Bellaphon \u2013 BS 45004<br \/>\nSeries:\t20 Super Hits<br \/>\nFormat:<br \/>\nVinyl, LP, Compilation<br \/>\nCountry:\tGermany<br \/>\nReleased:\t1972<\/p>","protected":false},"featured_media":21027,"template":"","meta":[],"product_cat":[15],"product_tag":[44],"yoast_head":"<!-- This site is optimized with the Yoast SEO plugin v23.5 - https:\/\/yoast.com\/wordpress\/plugins\/seo\/ -->\n<title>Creedence Clearwater Revival \u2013 20 Super Hits Vinilin\u0117 Plok\u0161tel\u0117 | Vinilozona.lt<\/title>\n<meta name=\"robots\" content=\"index, follow, max-snippet:-1, max-image-preview:large, max-video-preview:-1\" \/>\n<link rel=\"canonical\" href=\"https:\/\/vinilozona.lt\/en\/parduotuve\/rock-pop\/creedence-clearwater-revival-20-super-hits\/\" \/>\n<meta property=\"og:locale\" content=\"en_GB\" \/>\n<meta property=\"og:type\" content=\"article\" \/>\n<meta property=\"og:title\" content=\"Creedence Clearwater Revival \u2013 20 Super Hits Vinilin\u0117 Plok\u0161tel\u0117 | Vinilozona.lt\" \/>\n<meta property=\"og:description\" content=\"Fantasy \u2013 BS 45004, Bellaphon \u2013 BS 45004 Series: 20 Super Hits  Format:  Vinyl, LP, Compilation Country: Germany Released: 1972\" \/>\n<meta property=\"og:url\" content=\"https:\/\/vinilozona.lt\/en\/parduotuve\/rock-pop\/creedence-clearwater-revival-20-super-hits\/\" \/>\n<meta property=\"og:site_name\" content=\"Vinilo Zona\" \/>\n<meta property=\"article:modified_time\" content=\"2025-07-05T08:07:29+00:00\" \/>\n<meta property=\"og:image\" content=\"https:\/\/vinilozona.lt\/wp-content\/uploads\/2022\/12\/R-9991617-1614879841-7707.jpg\" \/>\n\t<meta property=\"og:image:width\" content=\"600\" \/>\n\t<meta property=\"og:image:height\" content=\"594\" \/>\n\t<meta property=\"og:image:type\" content=\"image\/jpeg\" \/>\n<meta name=\"twitter:card\" content=\"summary_large_image\" \/>\n<meta name=\"twitter:label1\" content=\"Estimated reading time\" \/>\n\t<meta name=\"twitter:data1\" content=\"1 minute\" \/>\n<script type=\"application\/ld+json\" class=\"yoast-schema-graph\">{\"@context\":\"https:\/\/schema.org\",\"@graph\":[{\"@type\":\"WebPage\",\"@id\":\"https:\/\/vinilozona.lt\/parduotuve\/rock-pop\/creedence-clearwater-revival-20-super-hits\/\",\"url\":\"https:\/\/vinilozona.lt\/parduotuve\/rock-pop\/creedence-clearwater-revival-20-super-hits\/\",\"name\":\"Creedence Clearwater Revival \u2013 20 Super Hits Vinilin\u0117 Plok\u0161tel\u0117 | Vinilozona.lt\",\"isPartOf\":{\"@id\":\"https:\/\/vinilozona.lt\/#website\"},\"primaryImageOfPage\":{\"@id\":\"https:\/\/vinilozona.lt\/parduotuve\/rock-pop\/creedence-clearwater-revival-20-super-hits\/#primaryimage\"},\"image\":{\"@id\":\"https:\/\/vinilozona.lt\/parduotuve\/rock-pop\/creedence-clearwater-revival-20-super-hits\/#primaryimage\"},\"thumbnailUrl\":\"https:\/\/vinilozona.lt\/wp-content\/uploads\/2022\/12\/R-9991617-1614879841-7707.jpg\",\"datePublished\":\"2025-06-28T02:05:49+00:00\",\"dateModified\":\"2025-07-05T08:07:29+00:00\",\"breadcrumb\":{\"@id\":\"https:\/\/vinilozona.lt\/parduotuve\/rock-pop\/creedence-clearwater-revival-20-super-hits\/#breadcrumb\"},\"inLanguage\":\"en-GB\",\"potentialAction\":[{\"@type\":\"ReadAction\",\"target\":[\"https:\/\/vinilozona.lt\/parduotuve\/rock-pop\/creedence-clearwater-revival-20-super-hits\/\"]}]},{\"@type\":\"ImageObject\",\"inLanguage\":\"en-GB\",\"@id\":\"https:\/\/vinilozona.lt\/parduotuve\/rock-pop\/creedence-clearwater-revival-20-super-hits\/#primaryimage\",\"url\":\"https:\/\/vinilozona.lt\/wp-content\/uploads\/2022\/12\/R-9991617-1614879841-7707.jpg\",\"contentUrl\":\"https:\/\/vinilozona.lt\/wp-content\/uploads\/2022\/12\/R-9991617-1614879841-7707.jpg\",\"width\":600,\"height\":594},{\"@type\":\"BreadcrumbList\",\"@id\":\"https:\/\/vinilozona.lt\/parduotuve\/rock-pop\/creedence-clearwater-revival-20-super-hits\/#breadcrumb\",\"itemListElement\":[{\"@type\":\"ListItem\",\"position\":1,\"name\":\"Home\",\"item\":\"https:\/\/vinilozona.lt\/\"},{\"@type\":\"ListItem\",\"position\":2,\"name\":\"Parduotuv\u0117\",\"item\":\"https:\/\/vinilozona.lt\/parduotuve\/\"},{\"@type\":\"ListItem\",\"position\":3,\"name\":\"Creedence Clearwater Revival \u2013 20 Super Hits\"}]},{\"@type\":\"WebSite\",\"@id\":\"https:\/\/vinilozona.lt\/#website\",\"url\":\"https:\/\/vinilozona.lt\/\",\"name\":\"Vinilo Zona\",\"description\":\"Nup\u016bsk dulkes ir klausyk LP\",\"potentialAction\":[{\"@type\":\"SearchAction\",\"target\":{\"@type\":\"EntryPoint\",\"urlTemplate\":\"https:\/\/vinilozona.lt\/?s={search_term_string}\"},\"query-input\":{\"@type\":\"PropertyValueSpecification\",\"valueRequired\":true,\"valueName\":\"search_term_string\"}}],\"inLanguage\":\"en-GB\"}]}<\/script>\n<!-- \/ Yoast SEO plugin. -->","yoast_head_json":{"title":"Creedence Clearwater Revival \u2013 20 Super Hits Vinilin\u0117 Plok\u0161tel\u0117 | Vinilozona.lt","robots":{"index":"index","follow":"follow","max-snippet":"max-snippet:-1","max-image-preview":"max-image-preview:large","max-video-preview":"max-video-preview:-1"},"canonical":"https:\/\/vinilozona.lt\/en\/parduotuve\/rock-pop\/creedence-clearwater-revival-20-super-hits\/","og_locale":"en_GB","og_type":"article","og_title":"Creedence Clearwater Revival \u2013 20 Super Hits Vinilin\u0117 Plok\u0161tel\u0117 | Vinilozona.lt","og_description":"Fantasy \u2013 BS 45004, Bellaphon \u2013 BS 45004 Series: 20 Super Hits  Format:  Vinyl, LP, Compilation Country: Germany Released: 1972","og_url":"https:\/\/vinilozona.lt\/en\/parduotuve\/rock-pop\/creedence-clearwater-revival-20-super-hits\/","og_site_name":"Vinilo Zona","article_modified_time":"2025-07-05T08:07:29+00:00","og_image":[{"width":600,"height":594,"url":"https:\/\/vinilozona.lt\/wp-content\/uploads\/2022\/12\/R-9991617-1614879841-7707.jpg","type":"image\/jpeg"}],"twitter_card":"summary_large_image","twitter_misc":{"Estimated reading time":"1 minute"},"schema":{"@context":"https:\/\/schema.org","@graph":[{"@type":"WebPage","@id":"https:\/\/vinilozona.lt\/parduotuve\/rock-pop\/creedence-clearwater-revival-20-super-hits\/","url":"https:\/\/vinilozona.lt\/parduotuve\/rock-pop\/creedence-clearwater-revival-20-super-hits\/","name":"Creedence Clearwater Revival \u2013 20 Super Hits Vinilin\u0117 Plok\u0161tel\u0117 | Vinilozona.lt","isPartOf":{"@id":"https:\/\/vinilozona.lt\/#website"},"primaryImageOfPage":{"@id":"https:\/\/vinilozona.lt\/parduotuve\/rock-pop\/creedence-clearwater-revival-20-super-hits\/#primaryimage"},"image":{"@id":"https:\/\/vinilozona.lt\/parduotuve\/rock-pop\/creedence-clearwater-revival-20-super-hits\/#primaryimage"},"thumbnailUrl":"https:\/\/vinilozona.lt\/wp-content\/uploads\/2022\/12\/R-9991617-1614879841-7707.jpg","datePublished":"2025-06-28T02:05:49+00:00","dateModified":"2025-07-05T08:07:29+00:00","breadcrumb":{"@id":"https:\/\/vinilozona.lt\/parduotuve\/rock-pop\/creedence-clearwater-revival-20-super-hits\/#breadcrumb"},"inLanguage":"en-GB","potentialAction":[{"@type":"ReadAction","target":["https:\/\/vinilozona.lt\/parduotuve\/rock-pop\/creedence-clearwater-revival-20-super-hits\/"]}]},{"@type":"ImageObject","inLanguage":"en-GB","@id":"https:\/\/vinilozona.lt\/parduotuve\/rock-pop\/creedence-clearwater-revival-20-super-hits\/#primaryimage","url":"https:\/\/vinilozona.lt\/wp-content\/uploads\/2022\/12\/R-9991617-1614879841-7707.jpg","contentUrl":"https:\/\/vinilozona.lt\/wp-content\/uploads\/2022\/12\/R-9991617-1614879841-7707.jpg","width":600,"height":594},{"@type":"BreadcrumbList","@id":"https:\/\/vinilozona.lt\/parduotuve\/rock-pop\/creedence-clearwater-revival-20-super-hits\/#breadcrumb","itemListElement":[{"@type":"ListItem","position":1,"name":"Home","item":"https:\/\/vinilozona.lt\/"},{"@type":"ListItem","position":2,"name":"Parduotuv\u0117","item":"https:\/\/vinilozona.lt\/parduotuve\/"},{"@type":"ListItem","position":3,"name":"Creedence Clearwater Revival \u2013 20 Super Hits"}]},{"@type":"WebSite","@id":"https:\/\/vinilozona.lt\/#website","url":"https:\/\/vinilozona.lt\/","name":"Vinilo Zona","description":"Nup\u016bsk dulkes ir klausyk LP","potentialAction":[{"@type":"SearchAction","target":{"@type":"EntryPoint","urlTemplate":"https:\/\/vinilozona.lt\/?s={search_term_string}"},"query-input":{"@type":"PropertyValueSpecification","valueRequired":true,"valueName":"search_term_string"}}],"inLanguage":"en-GB"}]}},"_links":{"self":[{"href":"https:\/\/vinilozona.lt\/en\/wp-json\/wp\/v2\/product\/21026"}],"collection":[{"href":"https:\/\/vinilozona.lt\/en\/wp-json\/wp\/v2\/product"}],"about":[{"href":"https:\/\/vinilozona.lt\/en\/wp-json\/wp\/v2\/types\/product"}],"wp:featuredmedia":[{"embeddable":true,"href":"https:\/\/vinilozona.lt\/en\/wp-json\/wp\/v2\/media\/21027"}],"wp:attachment":[{"href":"https:\/\/vinilozona.lt\/en\/wp-json\/wp\/v2\/media?parent=21026"}],"wp:term":[{"taxonomy":"product_cat","embeddable":true,"href":"https:\/\/vinilozona.lt\/en\/wp-json\/wp\/v2\/product_cat?post=21026"},{"taxonomy":"product_tag","embeddable":true,"href":"https:\/\/vinilozona.lt\/en\/wp-json\/wp\/v2\/product_tag?post=21026"}],"curies":[{"name":"wp","href":"https:\/\/api.w.org\/{rel}","templated":true}]}}