{"id":21000,"date":"2025-09-01T05:15:06","date_gmt":"2025-09-01T02:15:06","guid":{"rendered":"https:\/\/vinilozona.lt\/?post_type=product&#038;p=21000"},"modified":"2025-09-01T08:29:17","modified_gmt":"2025-09-01T05:29:17","slug":"santa-esmeralda-the-house-of-the-rising-sun","status":"publish","type":"product","link":"https:\/\/vinilozona.lt\/en\/parduotuve\/rock-pop\/santa-esmeralda-the-house-of-the-rising-sun\/","title":{"rendered":"Santa Esmeralda \u2013 II &#8211; The House Of The Rising Sun"},"content":{"rendered":"<p>The House Of The Rising Sun + Quasimodo Suite\t15:30<br \/>\nDance You Down Tonight\t7:07<br \/>\nNothing Else Matters\t6:38<br \/>\nHey! Gyp\t3:22<\/p>","protected":false},"excerpt":{"rendered":"<p>Philips \u2013 9120 285<br \/>\nFormat:<br \/>\nVinyl, LP, Album, Stereo<br \/>\nCountry:<br \/>\nGermany<br \/>\nReleased:<br \/>\n1977<\/p>","protected":false},"featured_media":29024,"template":"","meta":[],"product_cat":[15],"product_tag":[44],"yoast_head":"<!-- This site is optimized with the Yoast SEO plugin v23.5 - https:\/\/yoast.com\/wordpress\/plugins\/seo\/ -->\n<title>Santa Esmeralda \u2013 II - The House Of The Rising Sun Vinilin\u0117 Plok\u0161tel\u0117 | Vinilozona.lt<\/title>\n<meta name=\"robots\" content=\"index, follow, max-snippet:-1, max-image-preview:large, max-video-preview:-1\" \/>\n<link rel=\"canonical\" href=\"https:\/\/vinilozona.lt\/en\/parduotuve\/rock-pop\/santa-esmeralda-the-house-of-the-rising-sun\/\" \/>\n<meta property=\"og:locale\" content=\"en_GB\" \/>\n<meta property=\"og:type\" content=\"article\" \/>\n<meta property=\"og:title\" content=\"Santa Esmeralda \u2013 II - The House Of The Rising Sun Vinilin\u0117 Plok\u0161tel\u0117 | Vinilozona.lt\" \/>\n<meta property=\"og:description\" content=\"Philips \u2013 9120 285 Format: Vinyl, LP, Album, Stereo Country: Germany Released: 1977\" \/>\n<meta property=\"og:url\" content=\"https:\/\/vinilozona.lt\/en\/parduotuve\/rock-pop\/santa-esmeralda-the-house-of-the-rising-sun\/\" \/>\n<meta property=\"og:site_name\" content=\"Vinilo Zona\" \/>\n<meta property=\"article:modified_time\" content=\"2025-09-01T05:29:17+00:00\" \/>\n<meta property=\"og:image\" content=\"https:\/\/vinilozona.lt\/wp-content\/uploads\/2024\/05\/R-400792-1516179899-7263.jpg\" \/>\n\t<meta property=\"og:image:width\" content=\"599\" \/>\n\t<meta property=\"og:image:height\" content=\"584\" \/>\n\t<meta property=\"og:image:type\" content=\"image\/jpeg\" \/>\n<meta name=\"twitter:card\" content=\"summary_large_image\" \/>\n<meta name=\"twitter:label1\" content=\"Estimated reading time\" \/>\n\t<meta name=\"twitter:data1\" content=\"1 minute\" \/>\n<script type=\"application\/ld+json\" class=\"yoast-schema-graph\">{\"@context\":\"https:\/\/schema.org\",\"@graph\":[{\"@type\":\"WebPage\",\"@id\":\"https:\/\/vinilozona.lt\/parduotuve\/rock-pop\/santa-esmeralda-the-house-of-the-rising-sun\/\",\"url\":\"https:\/\/vinilozona.lt\/parduotuve\/rock-pop\/santa-esmeralda-the-house-of-the-rising-sun\/\",\"name\":\"Santa Esmeralda \u2013 II - The House Of The Rising Sun Vinilin\u0117 Plok\u0161tel\u0117 | Vinilozona.lt\",\"isPartOf\":{\"@id\":\"https:\/\/vinilozona.lt\/#website\"},\"primaryImageOfPage\":{\"@id\":\"https:\/\/vinilozona.lt\/parduotuve\/rock-pop\/santa-esmeralda-the-house-of-the-rising-sun\/#primaryimage\"},\"image\":{\"@id\":\"https:\/\/vinilozona.lt\/parduotuve\/rock-pop\/santa-esmeralda-the-house-of-the-rising-sun\/#primaryimage\"},\"thumbnailUrl\":\"https:\/\/vinilozona.lt\/wp-content\/uploads\/2024\/05\/R-400792-1516179899-7263.jpg\",\"datePublished\":\"2025-09-01T02:15:06+00:00\",\"dateModified\":\"2025-09-01T05:29:17+00:00\",\"breadcrumb\":{\"@id\":\"https:\/\/vinilozona.lt\/parduotuve\/rock-pop\/santa-esmeralda-the-house-of-the-rising-sun\/#breadcrumb\"},\"inLanguage\":\"en-GB\",\"potentialAction\":[{\"@type\":\"ReadAction\",\"target\":[\"https:\/\/vinilozona.lt\/parduotuve\/rock-pop\/santa-esmeralda-the-house-of-the-rising-sun\/\"]}]},{\"@type\":\"ImageObject\",\"inLanguage\":\"en-GB\",\"@id\":\"https:\/\/vinilozona.lt\/parduotuve\/rock-pop\/santa-esmeralda-the-house-of-the-rising-sun\/#primaryimage\",\"url\":\"https:\/\/vinilozona.lt\/wp-content\/uploads\/2024\/05\/R-400792-1516179899-7263.jpg\",\"contentUrl\":\"https:\/\/vinilozona.lt\/wp-content\/uploads\/2024\/05\/R-400792-1516179899-7263.jpg\",\"width\":599,\"height\":584},{\"@type\":\"BreadcrumbList\",\"@id\":\"https:\/\/vinilozona.lt\/parduotuve\/rock-pop\/santa-esmeralda-the-house-of-the-rising-sun\/#breadcrumb\",\"itemListElement\":[{\"@type\":\"ListItem\",\"position\":1,\"name\":\"Home\",\"item\":\"https:\/\/vinilozona.lt\/\"},{\"@type\":\"ListItem\",\"position\":2,\"name\":\"Parduotuv\u0117\",\"item\":\"https:\/\/vinilozona.lt\/parduotuve\/\"},{\"@type\":\"ListItem\",\"position\":3,\"name\":\"Santa Esmeralda \u2013 II &#8211; The House Of The Rising Sun\"}]},{\"@type\":\"WebSite\",\"@id\":\"https:\/\/vinilozona.lt\/#website\",\"url\":\"https:\/\/vinilozona.lt\/\",\"name\":\"Vinilo Zona\",\"description\":\"Nup\u016bsk dulkes ir klausyk LP\",\"potentialAction\":[{\"@type\":\"SearchAction\",\"target\":{\"@type\":\"EntryPoint\",\"urlTemplate\":\"https:\/\/vinilozona.lt\/?s={search_term_string}\"},\"query-input\":{\"@type\":\"PropertyValueSpecification\",\"valueRequired\":true,\"valueName\":\"search_term_string\"}}],\"inLanguage\":\"en-GB\"}]}<\/script>\n<!-- \/ Yoast SEO plugin. -->","yoast_head_json":{"title":"Santa Esmeralda \u2013 II - The House Of The Rising Sun Vinilin\u0117 Plok\u0161tel\u0117 | Vinilozona.lt","robots":{"index":"index","follow":"follow","max-snippet":"max-snippet:-1","max-image-preview":"max-image-preview:large","max-video-preview":"max-video-preview:-1"},"canonical":"https:\/\/vinilozona.lt\/en\/parduotuve\/rock-pop\/santa-esmeralda-the-house-of-the-rising-sun\/","og_locale":"en_GB","og_type":"article","og_title":"Santa Esmeralda \u2013 II - The House Of The Rising Sun Vinilin\u0117 Plok\u0161tel\u0117 | Vinilozona.lt","og_description":"Philips \u2013 9120 285 Format: Vinyl, LP, Album, Stereo Country: Germany Released: 1977","og_url":"https:\/\/vinilozona.lt\/en\/parduotuve\/rock-pop\/santa-esmeralda-the-house-of-the-rising-sun\/","og_site_name":"Vinilo Zona","article_modified_time":"2025-09-01T05:29:17+00:00","og_image":[{"width":599,"height":584,"url":"https:\/\/vinilozona.lt\/wp-content\/uploads\/2024\/05\/R-400792-1516179899-7263.jpg","type":"image\/jpeg"}],"twitter_card":"summary_large_image","twitter_misc":{"Estimated reading time":"1 minute"},"schema":{"@context":"https:\/\/schema.org","@graph":[{"@type":"WebPage","@id":"https:\/\/vinilozona.lt\/parduotuve\/rock-pop\/santa-esmeralda-the-house-of-the-rising-sun\/","url":"https:\/\/vinilozona.lt\/parduotuve\/rock-pop\/santa-esmeralda-the-house-of-the-rising-sun\/","name":"Santa Esmeralda \u2013 II - The House Of The Rising Sun Vinilin\u0117 Plok\u0161tel\u0117 | Vinilozona.lt","isPartOf":{"@id":"https:\/\/vinilozona.lt\/#website"},"primaryImageOfPage":{"@id":"https:\/\/vinilozona.lt\/parduotuve\/rock-pop\/santa-esmeralda-the-house-of-the-rising-sun\/#primaryimage"},"image":{"@id":"https:\/\/vinilozona.lt\/parduotuve\/rock-pop\/santa-esmeralda-the-house-of-the-rising-sun\/#primaryimage"},"thumbnailUrl":"https:\/\/vinilozona.lt\/wp-content\/uploads\/2024\/05\/R-400792-1516179899-7263.jpg","datePublished":"2025-09-01T02:15:06+00:00","dateModified":"2025-09-01T05:29:17+00:00","breadcrumb":{"@id":"https:\/\/vinilozona.lt\/parduotuve\/rock-pop\/santa-esmeralda-the-house-of-the-rising-sun\/#breadcrumb"},"inLanguage":"en-GB","potentialAction":[{"@type":"ReadAction","target":["https:\/\/vinilozona.lt\/parduotuve\/rock-pop\/santa-esmeralda-the-house-of-the-rising-sun\/"]}]},{"@type":"ImageObject","inLanguage":"en-GB","@id":"https:\/\/vinilozona.lt\/parduotuve\/rock-pop\/santa-esmeralda-the-house-of-the-rising-sun\/#primaryimage","url":"https:\/\/vinilozona.lt\/wp-content\/uploads\/2024\/05\/R-400792-1516179899-7263.jpg","contentUrl":"https:\/\/vinilozona.lt\/wp-content\/uploads\/2024\/05\/R-400792-1516179899-7263.jpg","width":599,"height":584},{"@type":"BreadcrumbList","@id":"https:\/\/vinilozona.lt\/parduotuve\/rock-pop\/santa-esmeralda-the-house-of-the-rising-sun\/#breadcrumb","itemListElement":[{"@type":"ListItem","position":1,"name":"Home","item":"https:\/\/vinilozona.lt\/"},{"@type":"ListItem","position":2,"name":"Parduotuv\u0117","item":"https:\/\/vinilozona.lt\/parduotuve\/"},{"@type":"ListItem","position":3,"name":"Santa Esmeralda \u2013 II &#8211; The House Of The Rising Sun"}]},{"@type":"WebSite","@id":"https:\/\/vinilozona.lt\/#website","url":"https:\/\/vinilozona.lt\/","name":"Vinilo Zona","description":"Nup\u016bsk dulkes ir klausyk LP","potentialAction":[{"@type":"SearchAction","target":{"@type":"EntryPoint","urlTemplate":"https:\/\/vinilozona.lt\/?s={search_term_string}"},"query-input":{"@type":"PropertyValueSpecification","valueRequired":true,"valueName":"search_term_string"}}],"inLanguage":"en-GB"}]}},"_links":{"self":[{"href":"https:\/\/vinilozona.lt\/en\/wp-json\/wp\/v2\/product\/21000"}],"collection":[{"href":"https:\/\/vinilozona.lt\/en\/wp-json\/wp\/v2\/product"}],"about":[{"href":"https:\/\/vinilozona.lt\/en\/wp-json\/wp\/v2\/types\/product"}],"wp:featuredmedia":[{"embeddable":true,"href":"https:\/\/vinilozona.lt\/en\/wp-json\/wp\/v2\/media\/29024"}],"wp:attachment":[{"href":"https:\/\/vinilozona.lt\/en\/wp-json\/wp\/v2\/media?parent=21000"}],"wp:term":[{"taxonomy":"product_cat","embeddable":true,"href":"https:\/\/vinilozona.lt\/en\/wp-json\/wp\/v2\/product_cat?post=21000"},{"taxonomy":"product_tag","embeddable":true,"href":"https:\/\/vinilozona.lt\/en\/wp-json\/wp\/v2\/product_tag?post=21000"}],"curies":[{"name":"wp","href":"https:\/\/api.w.org\/{rel}","templated":true}]}}