{"id":20982,"date":"2025-08-30T20:00:27","date_gmt":"2025-08-30T17:00:27","guid":{"rendered":"https:\/\/vinilozona.lt\/?post_type=product&#038;p=20982"},"modified":"2026-01-27T13:11:00","modified_gmt":"2026-01-27T11:11:00","slug":"megadeth-the-sick-the-dying-and-the-dead-2lp","status":"publish","type":"product","link":"https:\/\/vinilozona.lt\/en\/parduotuve\/naujos-lp\/megadeth-the-sick-the-dying-and-the-dead-2lp\/","title":{"rendered":"Megadeth \u2013 The Sick, The Dying&#8230; And The Dead! 2LP"},"content":{"rendered":"<p>A1\t\tThe Sick, The Dying&#8230; And The Dead!<br \/>\nA2\t\tLife In Hell<br \/>\nA3\t\tNight Stalkers<br \/>\nB1\t\tDogs Of Chernobyl<br \/>\nB2\t\tSacrifice<br \/>\nB3\t\tJunkie<br \/>\nC1\t\tPsychopathy<br \/>\nC2\t\tKilling Time<br \/>\nC3\t\tSoldier On!<br \/>\nD1\t\tC\u00e9lebutante<br \/>\nD2\t\tMission To Mars<br \/>\nD3\t\tWe&#8217;ll Be Back<\/p>","protected":false},"excerpt":{"rendered":"<p>Label:\tUMe \u2013 00602445124992, T-Boy Records \u2013 00602445124992, Tradecraft \u2013 00602445124992<br \/>\nFormat:\t2 x Vinyl, LP, Album, Stereo, Gatefold, 180g<br \/>\nCountry:\tEurope<br \/>\nReleased:\tSep 2, 2022<\/p>","protected":false},"featured_media":20983,"template":"","meta":[],"product_cat":[23],"product_tag":[55],"yoast_head":"<!-- This site is optimized with the Yoast SEO plugin v23.5 - https:\/\/yoast.com\/wordpress\/plugins\/seo\/ -->\n<title>Megadeth \u2013 The Sick, The Dying... And The Dead! 2LP Vinilin\u0117 Plok\u0161tel\u0117 | Vinilozona.lt<\/title>\n<meta name=\"robots\" content=\"index, follow, max-snippet:-1, max-image-preview:large, max-video-preview:-1\" \/>\n<link rel=\"canonical\" href=\"https:\/\/vinilozona.lt\/en\/parduotuve\/naujos-lp\/megadeth-the-sick-the-dying-and-the-dead-2lp\/\" \/>\n<meta property=\"og:locale\" content=\"en_GB\" \/>\n<meta property=\"og:type\" content=\"article\" \/>\n<meta property=\"og:title\" content=\"Megadeth \u2013 The Sick, The Dying... And The Dead! 2LP Vinilin\u0117 Plok\u0161tel\u0117 | Vinilozona.lt\" \/>\n<meta property=\"og:description\" content=\"Label: UMe \u2013 00602445124992, T-Boy Records \u2013 00602445124992, Tradecraft \u2013 00602445124992 Format: 2 x Vinyl, LP, Album, Stereo, Gatefold, 180g Country: Europe Released: Sep 2, 2022\" \/>\n<meta property=\"og:url\" content=\"https:\/\/vinilozona.lt\/en\/parduotuve\/naujos-lp\/megadeth-the-sick-the-dying-and-the-dead-2lp\/\" \/>\n<meta property=\"og:site_name\" content=\"Vinilo Zona\" \/>\n<meta property=\"article:modified_time\" content=\"2026-01-27T11:11:00+00:00\" \/>\n<meta property=\"og:image\" content=\"https:\/\/vinilozona.lt\/wp-content\/uploads\/2022\/12\/R-24377324-1663243486-2562.jpg\" \/>\n\t<meta property=\"og:image:width\" content=\"599\" \/>\n\t<meta property=\"og:image:height\" content=\"599\" \/>\n\t<meta property=\"og:image:type\" content=\"image\/jpeg\" \/>\n<meta name=\"twitter:card\" content=\"summary_large_image\" \/>\n<script type=\"application\/ld+json\" class=\"yoast-schema-graph\">{\"@context\":\"https:\/\/schema.org\",\"@graph\":[{\"@type\":\"WebPage\",\"@id\":\"https:\/\/vinilozona.lt\/parduotuve\/naujos-lp\/megadeth-the-sick-the-dying-and-the-dead-2lp\/\",\"url\":\"https:\/\/vinilozona.lt\/parduotuve\/naujos-lp\/megadeth-the-sick-the-dying-and-the-dead-2lp\/\",\"name\":\"Megadeth \u2013 The Sick, The Dying... And The Dead! 2LP Vinilin\u0117 Plok\u0161tel\u0117 | Vinilozona.lt\",\"isPartOf\":{\"@id\":\"https:\/\/vinilozona.lt\/#website\"},\"primaryImageOfPage\":{\"@id\":\"https:\/\/vinilozona.lt\/parduotuve\/naujos-lp\/megadeth-the-sick-the-dying-and-the-dead-2lp\/#primaryimage\"},\"image\":{\"@id\":\"https:\/\/vinilozona.lt\/parduotuve\/naujos-lp\/megadeth-the-sick-the-dying-and-the-dead-2lp\/#primaryimage\"},\"thumbnailUrl\":\"https:\/\/vinilozona.lt\/wp-content\/uploads\/2022\/12\/R-24377324-1663243486-2562.jpg\",\"datePublished\":\"2025-08-30T17:00:27+00:00\",\"dateModified\":\"2026-01-27T11:11:00+00:00\",\"breadcrumb\":{\"@id\":\"https:\/\/vinilozona.lt\/parduotuve\/naujos-lp\/megadeth-the-sick-the-dying-and-the-dead-2lp\/#breadcrumb\"},\"inLanguage\":\"en-GB\",\"potentialAction\":[{\"@type\":\"ReadAction\",\"target\":[\"https:\/\/vinilozona.lt\/parduotuve\/naujos-lp\/megadeth-the-sick-the-dying-and-the-dead-2lp\/\"]}]},{\"@type\":\"ImageObject\",\"inLanguage\":\"en-GB\",\"@id\":\"https:\/\/vinilozona.lt\/parduotuve\/naujos-lp\/megadeth-the-sick-the-dying-and-the-dead-2lp\/#primaryimage\",\"url\":\"https:\/\/vinilozona.lt\/wp-content\/uploads\/2022\/12\/R-24377324-1663243486-2562.jpg\",\"contentUrl\":\"https:\/\/vinilozona.lt\/wp-content\/uploads\/2022\/12\/R-24377324-1663243486-2562.jpg\",\"width\":599,\"height\":599},{\"@type\":\"BreadcrumbList\",\"@id\":\"https:\/\/vinilozona.lt\/parduotuve\/naujos-lp\/megadeth-the-sick-the-dying-and-the-dead-2lp\/#breadcrumb\",\"itemListElement\":[{\"@type\":\"ListItem\",\"position\":1,\"name\":\"Home\",\"item\":\"https:\/\/vinilozona.lt\/\"},{\"@type\":\"ListItem\",\"position\":2,\"name\":\"Parduotuv\u0117\",\"item\":\"https:\/\/vinilozona.lt\/parduotuve\/\"},{\"@type\":\"ListItem\",\"position\":3,\"name\":\"Megadeth \u2013 The Sick, The Dying&#8230; And The Dead! 2LP\"}]},{\"@type\":\"WebSite\",\"@id\":\"https:\/\/vinilozona.lt\/#website\",\"url\":\"https:\/\/vinilozona.lt\/\",\"name\":\"Vinilo Zona\",\"description\":\"Nup\u016bsk dulkes ir klausyk LP\",\"potentialAction\":[{\"@type\":\"SearchAction\",\"target\":{\"@type\":\"EntryPoint\",\"urlTemplate\":\"https:\/\/vinilozona.lt\/?s={search_term_string}\"},\"query-input\":{\"@type\":\"PropertyValueSpecification\",\"valueRequired\":true,\"valueName\":\"search_term_string\"}}],\"inLanguage\":\"en-GB\"}]}<\/script>\n<!-- \/ Yoast SEO plugin. -->","yoast_head_json":{"title":"Megadeth \u2013 The Sick, The Dying... And The Dead! 2LP Vinilin\u0117 Plok\u0161tel\u0117 | Vinilozona.lt","robots":{"index":"index","follow":"follow","max-snippet":"max-snippet:-1","max-image-preview":"max-image-preview:large","max-video-preview":"max-video-preview:-1"},"canonical":"https:\/\/vinilozona.lt\/en\/parduotuve\/naujos-lp\/megadeth-the-sick-the-dying-and-the-dead-2lp\/","og_locale":"en_GB","og_type":"article","og_title":"Megadeth \u2013 The Sick, The Dying... And The Dead! 2LP Vinilin\u0117 Plok\u0161tel\u0117 | Vinilozona.lt","og_description":"Label: UMe \u2013 00602445124992, T-Boy Records \u2013 00602445124992, Tradecraft \u2013 00602445124992 Format: 2 x Vinyl, LP, Album, Stereo, Gatefold, 180g Country: Europe Released: Sep 2, 2022","og_url":"https:\/\/vinilozona.lt\/en\/parduotuve\/naujos-lp\/megadeth-the-sick-the-dying-and-the-dead-2lp\/","og_site_name":"Vinilo Zona","article_modified_time":"2026-01-27T11:11:00+00:00","og_image":[{"width":599,"height":599,"url":"https:\/\/vinilozona.lt\/wp-content\/uploads\/2022\/12\/R-24377324-1663243486-2562.jpg","type":"image\/jpeg"}],"twitter_card":"summary_large_image","schema":{"@context":"https:\/\/schema.org","@graph":[{"@type":"WebPage","@id":"https:\/\/vinilozona.lt\/parduotuve\/naujos-lp\/megadeth-the-sick-the-dying-and-the-dead-2lp\/","url":"https:\/\/vinilozona.lt\/parduotuve\/naujos-lp\/megadeth-the-sick-the-dying-and-the-dead-2lp\/","name":"Megadeth \u2013 The Sick, The Dying... And The Dead! 2LP Vinilin\u0117 Plok\u0161tel\u0117 | Vinilozona.lt","isPartOf":{"@id":"https:\/\/vinilozona.lt\/#website"},"primaryImageOfPage":{"@id":"https:\/\/vinilozona.lt\/parduotuve\/naujos-lp\/megadeth-the-sick-the-dying-and-the-dead-2lp\/#primaryimage"},"image":{"@id":"https:\/\/vinilozona.lt\/parduotuve\/naujos-lp\/megadeth-the-sick-the-dying-and-the-dead-2lp\/#primaryimage"},"thumbnailUrl":"https:\/\/vinilozona.lt\/wp-content\/uploads\/2022\/12\/R-24377324-1663243486-2562.jpg","datePublished":"2025-08-30T17:00:27+00:00","dateModified":"2026-01-27T11:11:00+00:00","breadcrumb":{"@id":"https:\/\/vinilozona.lt\/parduotuve\/naujos-lp\/megadeth-the-sick-the-dying-and-the-dead-2lp\/#breadcrumb"},"inLanguage":"en-GB","potentialAction":[{"@type":"ReadAction","target":["https:\/\/vinilozona.lt\/parduotuve\/naujos-lp\/megadeth-the-sick-the-dying-and-the-dead-2lp\/"]}]},{"@type":"ImageObject","inLanguage":"en-GB","@id":"https:\/\/vinilozona.lt\/parduotuve\/naujos-lp\/megadeth-the-sick-the-dying-and-the-dead-2lp\/#primaryimage","url":"https:\/\/vinilozona.lt\/wp-content\/uploads\/2022\/12\/R-24377324-1663243486-2562.jpg","contentUrl":"https:\/\/vinilozona.lt\/wp-content\/uploads\/2022\/12\/R-24377324-1663243486-2562.jpg","width":599,"height":599},{"@type":"BreadcrumbList","@id":"https:\/\/vinilozona.lt\/parduotuve\/naujos-lp\/megadeth-the-sick-the-dying-and-the-dead-2lp\/#breadcrumb","itemListElement":[{"@type":"ListItem","position":1,"name":"Home","item":"https:\/\/vinilozona.lt\/"},{"@type":"ListItem","position":2,"name":"Parduotuv\u0117","item":"https:\/\/vinilozona.lt\/parduotuve\/"},{"@type":"ListItem","position":3,"name":"Megadeth \u2013 The Sick, The Dying&#8230; And The Dead! 2LP"}]},{"@type":"WebSite","@id":"https:\/\/vinilozona.lt\/#website","url":"https:\/\/vinilozona.lt\/","name":"Vinilo Zona","description":"Nup\u016bsk dulkes ir klausyk LP","potentialAction":[{"@type":"SearchAction","target":{"@type":"EntryPoint","urlTemplate":"https:\/\/vinilozona.lt\/?s={search_term_string}"},"query-input":{"@type":"PropertyValueSpecification","valueRequired":true,"valueName":"search_term_string"}}],"inLanguage":"en-GB"}]}},"_links":{"self":[{"href":"https:\/\/vinilozona.lt\/en\/wp-json\/wp\/v2\/product\/20982"}],"collection":[{"href":"https:\/\/vinilozona.lt\/en\/wp-json\/wp\/v2\/product"}],"about":[{"href":"https:\/\/vinilozona.lt\/en\/wp-json\/wp\/v2\/types\/product"}],"wp:featuredmedia":[{"embeddable":true,"href":"https:\/\/vinilozona.lt\/en\/wp-json\/wp\/v2\/media\/20983"}],"wp:attachment":[{"href":"https:\/\/vinilozona.lt\/en\/wp-json\/wp\/v2\/media?parent=20982"}],"wp:term":[{"taxonomy":"product_cat","embeddable":true,"href":"https:\/\/vinilozona.lt\/en\/wp-json\/wp\/v2\/product_cat?post=20982"},{"taxonomy":"product_tag","embeddable":true,"href":"https:\/\/vinilozona.lt\/en\/wp-json\/wp\/v2\/product_tag?post=20982"}],"curies":[{"name":"wp","href":"https:\/\/api.w.org\/{rel}","templated":true}]}}